{"id":90,"date":"2023-09-05T13:44:47","date_gmt":"2023-09-05T13:44:47","guid":{"rendered":"https:\/\/delta5sim.com\/website\/?post_type=product&#038;p=90"},"modified":"2025-02-14T09:28:03","modified_gmt":"2025-02-14T12:28:03","slug":"diferencas-entre-aeronaves-beech-king-air","status":"publish","type":"product","link":"https:\/\/delta5sim.com\/website\/produto\/diferencas-entre-aeronaves-beech-king-air\/","title":{"rendered":"Diferen\u00e7as entre Aeronaves Beech King Air"},"content":{"rendered":"<p>Curso para Pilotos de Beechcraft King Air entre Diferen\u00e7as Basicas\u00a0 s\u00e9ries 90 e 200<\/p>\n<p>A Delta 5 Simuladores remodelou e atualizou o curso de Formac\u0327a\u0303o e Atualizac\u0327a\u0303o de Pilotos de Beechcraft King Air B200 e C90.<\/p>\n<p>Agora com a qualifica\u00e7\u00e3o do simulador <strong>ANAC<\/strong> <strong>FTD-BE20-001<\/strong> <strong>N\u00edvel 4 e ANAC FTD-BE90-001 N\u00edvel 4<\/strong> para garantir que o equipamento atenda ao padra\u0303o de operac\u0327a\u0303o das aeronaves reais que ele representa.<\/p>\n<h3>VIS\u00c3O GERAL DO CURSO DE DIFEREN\u00c7AS\u00a0 entre s\u00e9ries 90 e 200<\/h3>\n<p>O curso de diferen\u00e7as tem como prop\u00f3sito a adapta\u00e7\u00e3o de transi\u00e7\u00e3o entre os modelos King Air 90 e 200, onde s\u00e3o apresentados os principais aspectos das diferen\u00e7as relevantes a opera\u00e7\u00e3o.<\/p>\n<p>A programa\u00e7\u00e3o do curso constar\u00e1 de 04 horas de explana\u00e7\u00e3o te\u00f3rica em sala de aula, dos principais diferen\u00e7as particulares entre os modelos e suas vers\u00f5es em sua opera\u00e7\u00e3o normal, anormal e emerg\u00eancias onde ser\u00e3o apresentados os respectivos checks de sistemas, acionamento; perfis de opera\u00e7\u00e3o na decolagem, subida, voo nivelado, descida, pressuriza\u00e7\u00e3o e aproxima\u00e7\u00e3o para pouso; Power Settings; Pilot Checklist, Performance, Planejamento de Voo e parte pr\u00e1tica em simulador com total de 06 horas sendo 03 sess\u00f5es de 02 horas cada.<\/p>\n<p>*Obs: O curso ora apresentado n\u00e3o habilita os pilotos com endosso requerido pela autoridade aeron\u00e1utica. Trata-se apenas de um treinamento de familiariza\u00e7\u00e3o da aeronave que visa a desenvolver e treinar habilidades m\u00ednimas necess\u00e1rias \u00e0 opera\u00e7\u00e3o segura das aeronaves King Air s\u00e9ries 200 e 90.<\/p>\n<h3>CONTE\u00daDO PROGRAM\u00c1TICO<\/h3>\n<ul>\n<li>\u00a0Aircraft General<\/li>\n<li>\u00a0Electrical Power Systems<\/li>\n<li>\u00a0Master Warning System<\/li>\n<li>\u00a0Fuel System<\/li>\n<li>\u00a0Powerplant<\/li>\n<li>\u00a0Fire Protection<\/li>\n<li>\u00a0Pneumatics<\/li>\n<li>\u00a0Ice and Rain Protection<\/li>\n<li>\u00a0Air Conditioning<\/li>\n<li>\u00a0Pressurization<\/li>\n<li>\u00a0Landing Gear and Brakes<\/li>\n<li>\u00a0Flight Controls<\/li>\n<li>\u00a0Avionics<\/li>\n<li>\u00a0Oxygen Systems<\/li>\n<li>\u00a0Flight Planning \/ Performance \/ Weight and Balance<\/li>\n<\/ul>\n<p>O treinamento de Diferen\u00e7as ser\u00e1 aplicado compulsoriamente ap\u00f3s o aluno ter conclu\u00eddo o Ground School inicial, o qual servir\u00e1 de referencia para aplica\u00e7\u00e3o da transi\u00e7\u00e3o pretendida entre os modelos de King Air.<\/p>\n<p>Est\u00e1 incluso:<\/p>\n<ul>\n<li>Manual de Diferen\u00e7as Basicas;<\/li>\n<li>Ground School (aulas te\u00f3ricas) e;<\/li>\n<li>Treinamento em Simulador (aulas pr\u00e1ticas).<\/li>\n<\/ul>\n<p>&nbsp;<\/p>\n<div id=\"jig1\" class=\"justified-image-grid jig-6ecfdd465872981c547fc1b263e8c7ab jig-preset-global jig-source-wp-gallery\"><div class=\"jig-clearfix\"><\/div><noscript id=\"jig1-html\" class=\"justified-image-grid-html\" data-lazy-src=\"skiplazyload\" data-src=\"skipunveillazyload\"><ul><li><a href=\"https:\/\/delta5sim.com\/website\/wp-content\/uploads\/2023\/09\/Diferencasentre-Aeronaves-Beech-King-Air-delta-5-simulador-voo-1.jpg\"><img fetchpriority=\"high\" decoding=\"async\" src=\"https:\/\/delta5sim.com\/website\/wp-content\/uploads\/2023\/09\/Diferencasentre-Aeronaves-Beech-King-Air-delta-5-simulador-voo-1.jpg\" alt=\"\" width=\"750\" height=\"500\" \/><\/a><\/li><li><a href=\"https:\/\/delta5sim.com\/website\/wp-content\/uploads\/2023\/09\/Diferencasentre-Aeronaves-Beech-King-Air-delta-5-simulador-voo-2-scaled.jpg\"><img decoding=\"async\" src=\"https:\/\/delta5sim.com\/website\/wp-content\/uploads\/2023\/09\/Diferencasentre-Aeronaves-Beech-King-Air-delta-5-simulador-voo-2-scaled.jpg\" alt=\"\" width=\"1452\" height=\"500\" \/><\/a><\/li><li><a href=\"https:\/\/delta5sim.com\/website\/wp-content\/uploads\/2023\/09\/Diferencasentre-Aeronaves-Beech-King-Air-delta-5-simulador-voo-3.jpg\"><img decoding=\"async\" src=\"https:\/\/delta5sim.com\/website\/wp-content\/uploads\/2023\/09\/Diferencasentre-Aeronaves-Beech-King-Air-delta-5-simulador-voo-3.jpg\" alt=\"\" width=\"750\" height=\"500\" \/><\/a><\/li><li><a href=\"https:\/\/delta5sim.com\/website\/wp-content\/uploads\/2023\/09\/Diferencasentre-Aeronaves-Beech-King-Air-delta-5-simulador-voo-4.jpg\"><img loading=\"lazy\" decoding=\"async\" src=\"https:\/\/delta5sim.com\/website\/wp-content\/uploads\/2023\/09\/Diferencasentre-Aeronaves-Beech-King-Air-delta-5-simulador-voo-4.jpg\" alt=\"\" width=\"750\" height=\"500\" \/><\/a><\/li><li><a href=\"https:\/\/delta5sim.com\/website\/wp-content\/uploads\/2023\/09\/Diferencasentre-Aeronaves-Beech-King-Air-delta-5-simulador-voo-5.jpg\"><img loading=\"lazy\" decoding=\"async\" src=\"https:\/\/delta5sim.com\/website\/wp-content\/uploads\/2023\/09\/Diferencasentre-Aeronaves-Beech-King-Air-delta-5-simulador-voo-5.jpg\" alt=\"\" width=\"666\" height=\"500\" \/><\/a><\/li><li><a href=\"https:\/\/delta5sim.com\/website\/wp-content\/uploads\/2023\/09\/Diferencasentre-Aeronaves-Beech-King-Air-delta-5-simulador-voo-6.jpg\"><img loading=\"lazy\" decoding=\"async\" src=\"https:\/\/delta5sim.com\/website\/wp-content\/uploads\/2023\/09\/Diferencasentre-Aeronaves-Beech-King-Air-delta-5-simulador-voo-6.jpg\" alt=\"\" width=\"666\" height=\"500\" \/><\/a><\/li><li><a href=\"https:\/\/delta5sim.com\/website\/wp-content\/uploads\/2023\/09\/Diferencasentre-Aeronaves-Beech-King-Air-delta-5-simulador-voo-7.jpg\"><img loading=\"lazy\" decoding=\"async\" src=\"https:\/\/delta5sim.com\/website\/wp-content\/uploads\/2023\/09\/Diferencasentre-Aeronaves-Beech-King-Air-delta-5-simulador-voo-7.jpg\" alt=\"\" width=\"666\" height=\"500\" \/><\/a><\/li><li><a href=\"https:\/\/delta5sim.com\/website\/wp-content\/uploads\/2023\/09\/Diferencasentre-Aeronaves-Beech-King-Air-delta-5-simulador-voo-8.jpg\"><img loading=\"lazy\" decoding=\"async\" src=\"https:\/\/delta5sim.com\/website\/wp-content\/uploads\/2023\/09\/Diferencasentre-Aeronaves-Beech-King-Air-delta-5-simulador-voo-8.jpg\" alt=\"\" width=\"666\" height=\"500\" \/><\/a><\/li><li><a href=\"https:\/\/delta5sim.com\/website\/wp-content\/uploads\/2023\/09\/Diferencasentre-Aeronaves-Beech-King-Air-delta-5-simulador-voo-9.jpg\"><img loading=\"lazy\" decoding=\"async\" src=\"https:\/\/delta5sim.com\/website\/wp-content\/uploads\/2023\/09\/Diferencasentre-Aeronaves-Beech-King-Air-delta-5-simulador-voo-9.jpg\" alt=\"\" width=\"750\" height=\"500\" \/><\/a><\/li><\/ul><\/noscript><\/div>\n","protected":false},"excerpt":{"rendered":"<h2>Reserve sua vaga<\/h2>\n<p>Via <a href=\"https:\/\/wa.me\/5511961572175?text=Oi%20por%20favor%20acessei%20o%20site%20da%20Delta5%20e%20quero%20saber%20mais%20para%20me%20matricular%20no%20Jet%20Training\" target=\"_blank\" rel=\"noopener\">WhatsApp (11) 96157-2175<\/a> e para verificar as datas.<\/p>\n<p>Para efetivar sua matr\u00edcula voc\u00ea dever\u00e1 preencher a <a href=\"https:\/\/delta5sim.com\/website\/inscricao\/\">FICHA DE INSCRI\u00c7\u00c3O<\/a> e tamb\u00e9m <a href=\"https:\/\/delta5sim.com\/inscricao\/?add-to-cart=45\">PAGAR A TAXA DE MATR\u00cdCULA (R$ 250,00)<\/a>.<\/p>\n<p>Antes de iniciar o curso voc\u00ea pagar\u00e1 o valor restante.<\/p>\n<p>Aceitamos o pagamento em dinheiro, PIX, cart\u00e3o de cr\u00e9dito ou d\u00e9bito (aceitamos VISA, MasterCard, American Express e as principais bandeiras de cart\u00f5es, confirme conosco se necess\u00e1rio) e transfer\u00eancia banc\u00e1ria.<\/p>\n<p><strong>Cancelamento de Inscri\u00e7\u00e3o:<\/strong> Para cancelamento at\u00e9 07 dias uteis antes da data do in\u00edcio do curso, efetuaremos devolu\u00e7\u00e3o da Taxa de Inscri\u00e7\u00e3o. Cancelamentos ap\u00f3s esta data, o valor da Taxa de Inscri\u00e7\u00e3o ser\u00e1 retido para cobertura das nossas despesas administrativas.<\/p>\n<p>Mais informa\u00e7\u00f5es? <a href=\"https:\/\/api.whatsapp.com\/send?phone=5511961572175&amp;text=Ol%C3%A1!%20Gostaria%20de%20mais%20informa%C3%A7%C3%B5es%20sobre%20o%20curso%20%22Diferen%C3%A7as%20entre%20Aeronaves%20Beech%20King%20Air%22.\" target=\"_blank\" rel=\"noopener\">Envie uma mensagem!<\/a><a href=\"https:\/\/delta5sim.com\/website\/wp-content\/uploads\/2023\/09\/whatsapp-icone-30.png\"><img loading=\"lazy\" decoding=\"async\" class=\"alignnone size-full wp-image-3645\" src=\"https:\/\/delta5sim.com\/website\/wp-content\/uploads\/2023\/09\/whatsapp-icone-30.png\" alt=\"\" width=\"30\" height=\"30\" \/><\/a><\/p>\n","protected":false},"featured_media":2214,"template":"","meta":[],"product_brand":[],"product_cat":[63,17],"product_tag":[64,65,66,67,68,69],"class_list":{"0":"post-90","1":"product","2":"type-product","3":"status-publish","4":"has-post-thumbnail","6":"product_cat-produtos","7":"product_cat-profissionais","8":"product_tag-b200","9":"product_tag-beechcraft","10":"product_tag-c90","11":"product_tag-king-air","12":"product_tag-mlte","13":"product_tag-multimotor","15":"first","16":"instock","17":"shipping-taxable","18":"product-type-simple"},"yoast_head":"<!-- This site is optimized with the Yoast SEO plugin v27.2 - https:\/\/yoast.com\/product\/yoast-seo-wordpress\/ -->\n<title>Diferen\u00e7as entre Aeronaves Beech King Air - Delta 5<\/title>\n<meta name=\"robots\" content=\"index, follow, max-snippet:-1, max-image-preview:large, max-video-preview:-1\" \/>\n<link rel=\"canonical\" href=\"https:\/\/delta5sim.com\/website\/produto\/diferencas-entre-aeronaves-beech-king-air\/\" \/>\n<meta property=\"og:locale\" content=\"pt_BR\" \/>\n<meta property=\"og:type\" content=\"article\" \/>\n<meta property=\"og:title\" content=\"Diferen\u00e7as entre Aeronaves Beech King Air - Delta 5\" \/>\n<meta property=\"og:description\" content=\"Reserve sua vaga Via WhatsApp (11) 96157-2175 e para verificar as datas.  Para efetivar sua matr\u00edcula voc\u00ea dever\u00e1 preencher a FICHA DE INSCRI\u00c7\u00c3O e tamb\u00e9m PAGAR A TAXA DE MATR\u00cdCULA (R$ 250,00).  Antes de iniciar o curso voc\u00ea pagar\u00e1 o valor restante.  Aceitamos o pagamento em dinheiro, PIX, cart\u00e3o de cr\u00e9dito ou d\u00e9bito (aceitamos VISA, MasterCard, American Express e as principais bandeiras de cart\u00f5es, confirme conosco se necess\u00e1rio) e transfer\u00eancia banc\u00e1ria.  Cancelamento de Inscri\u00e7\u00e3o: Para cancelamento at\u00e9 07 dias uteis antes da data do in\u00edcio do curso, efetuaremos devolu\u00e7\u00e3o da Taxa de Inscri\u00e7\u00e3o. Cancelamentos ap\u00f3s esta data, o valor da Taxa de Inscri\u00e7\u00e3o ser\u00e1 retido para cobertura das nossas despesas administrativas.  Mais informa\u00e7\u00f5es? Envie uma mensagem!\" \/>\n<meta property=\"og:url\" content=\"https:\/\/delta5sim.com\/website\/produto\/diferencas-entre-aeronaves-beech-king-air\/\" \/>\n<meta property=\"og:site_name\" content=\"Delta 5\" \/>\n<meta property=\"article:modified_time\" content=\"2025-02-14T12:28:03+00:00\" \/>\n<meta property=\"og:image\" content=\"https:\/\/delta5sim.com\/website\/wp-content\/uploads\/2023\/09\/dest-delta-5-deferenciais.jpg\" \/>\n\t<meta property=\"og:image:width\" content=\"1200\" \/>\n\t<meta property=\"og:image:height\" content=\"675\" \/>\n\t<meta property=\"og:image:type\" content=\"image\/jpeg\" \/>\n<meta name=\"twitter:card\" content=\"summary_large_image\" \/>\n<meta name=\"twitter:label1\" content=\"Est. tempo de leitura\" \/>\n\t<meta name=\"twitter:data1\" content=\"2 minutos\" \/>\n<script type=\"application\/ld+json\" class=\"yoast-schema-graph\">{\"@context\":\"https:\/\/schema.org\",\"@graph\":[{\"@type\":\"WebPage\",\"@id\":\"https:\/\/delta5sim.com\/website\/produto\/diferencas-entre-aeronaves-beech-king-air\/\",\"url\":\"https:\/\/delta5sim.com\/website\/produto\/diferencas-entre-aeronaves-beech-king-air\/\",\"name\":\"Diferen\u00e7as entre Aeronaves Beech King Air - Delta 5\",\"isPartOf\":{\"@id\":\"https:\/\/delta5sim.com\/website\/#website\"},\"primaryImageOfPage\":{\"@id\":\"https:\/\/delta5sim.com\/website\/produto\/diferencas-entre-aeronaves-beech-king-air\/#primaryimage\"},\"image\":{\"@id\":\"https:\/\/delta5sim.com\/website\/produto\/diferencas-entre-aeronaves-beech-king-air\/#primaryimage\"},\"thumbnailUrl\":\"https:\/\/delta5sim.com\/website\/wp-content\/uploads\/2023\/09\/dest-delta-5-deferenciais.jpg\",\"datePublished\":\"2023-09-05T13:44:47+00:00\",\"dateModified\":\"2025-02-14T12:28:03+00:00\",\"breadcrumb\":{\"@id\":\"https:\/\/delta5sim.com\/website\/produto\/diferencas-entre-aeronaves-beech-king-air\/#breadcrumb\"},\"inLanguage\":\"pt-BR\",\"potentialAction\":[{\"@type\":\"ReadAction\",\"target\":[\"https:\/\/delta5sim.com\/website\/produto\/diferencas-entre-aeronaves-beech-king-air\/\"]}]},{\"@type\":\"ImageObject\",\"inLanguage\":\"pt-BR\",\"@id\":\"https:\/\/delta5sim.com\/website\/produto\/diferencas-entre-aeronaves-beech-king-air\/#primaryimage\",\"url\":\"https:\/\/delta5sim.com\/website\/wp-content\/uploads\/2023\/09\/dest-delta-5-deferenciais.jpg\",\"contentUrl\":\"https:\/\/delta5sim.com\/website\/wp-content\/uploads\/2023\/09\/dest-delta-5-deferenciais.jpg\",\"width\":1200,\"height\":675},{\"@type\":\"BreadcrumbList\",\"@id\":\"https:\/\/delta5sim.com\/website\/produto\/diferencas-entre-aeronaves-beech-king-air\/#breadcrumb\",\"itemListElement\":[{\"@type\":\"ListItem\",\"position\":1,\"name\":\"In\u00edcio\",\"item\":\"https:\/\/delta5sim.com\/website\/\"},{\"@type\":\"ListItem\",\"position\":2,\"name\":\"Loja-3\",\"item\":\"https:\/\/delta5sim.com\/website\/loja3\/\"},{\"@type\":\"ListItem\",\"position\":3,\"name\":\"Diferen\u00e7as entre Aeronaves Beech King Air\"}]},{\"@type\":\"WebSite\",\"@id\":\"https:\/\/delta5sim.com\/website\/#website\",\"url\":\"https:\/\/delta5sim.com\/website\/\",\"name\":\"Delta 5\",\"description\":\"&quot;Treine antes de voar&quot;\",\"publisher\":{\"@id\":\"https:\/\/delta5sim.com\/website\/#organization\"},\"potentialAction\":[{\"@type\":\"SearchAction\",\"target\":{\"@type\":\"EntryPoint\",\"urlTemplate\":\"https:\/\/delta5sim.com\/website\/?s={search_term_string}\"},\"query-input\":{\"@type\":\"PropertyValueSpecification\",\"valueRequired\":true,\"valueName\":\"search_term_string\"}}],\"inLanguage\":\"pt-BR\"},{\"@type\":\"Organization\",\"@id\":\"https:\/\/delta5sim.com\/website\/#organization\",\"name\":\"Delta 5\",\"url\":\"https:\/\/delta5sim.com\/website\/\",\"logo\":{\"@type\":\"ImageObject\",\"inLanguage\":\"pt-BR\",\"@id\":\"https:\/\/delta5sim.com\/website\/#\/schema\/logo\/image\/\",\"url\":\"https:\/\/delta5sim.com\/website\/wp-content\/uploads\/2023\/09\/Delta5_CIAC.png\",\"contentUrl\":\"https:\/\/delta5sim.com\/website\/wp-content\/uploads\/2023\/09\/Delta5_CIAC.png\",\"width\":2463,\"height\":783,\"caption\":\"Delta 5\"},\"image\":{\"@id\":\"https:\/\/delta5sim.com\/website\/#\/schema\/logo\/image\/\"}}]}<\/script>\n<!-- \/ Yoast SEO plugin. -->","yoast_head_json":{"title":"Diferen\u00e7as entre Aeronaves Beech King Air - Delta 5","robots":{"index":"index","follow":"follow","max-snippet":"max-snippet:-1","max-image-preview":"max-image-preview:large","max-video-preview":"max-video-preview:-1"},"canonical":"https:\/\/delta5sim.com\/website\/produto\/diferencas-entre-aeronaves-beech-king-air\/","og_locale":"pt_BR","og_type":"article","og_title":"Diferen\u00e7as entre Aeronaves Beech King Air - Delta 5","og_description":"Reserve sua vaga Via WhatsApp (11) 96157-2175 e para verificar as datas.  Para efetivar sua matr\u00edcula voc\u00ea dever\u00e1 preencher a FICHA DE INSCRI\u00c7\u00c3O e tamb\u00e9m PAGAR A TAXA DE MATR\u00cdCULA (R$ 250,00).  Antes de iniciar o curso voc\u00ea pagar\u00e1 o valor restante.  Aceitamos o pagamento em dinheiro, PIX, cart\u00e3o de cr\u00e9dito ou d\u00e9bito (aceitamos VISA, MasterCard, American Express e as principais bandeiras de cart\u00f5es, confirme conosco se necess\u00e1rio) e transfer\u00eancia banc\u00e1ria.  Cancelamento de Inscri\u00e7\u00e3o: Para cancelamento at\u00e9 07 dias uteis antes da data do in\u00edcio do curso, efetuaremos devolu\u00e7\u00e3o da Taxa de Inscri\u00e7\u00e3o. Cancelamentos ap\u00f3s esta data, o valor da Taxa de Inscri\u00e7\u00e3o ser\u00e1 retido para cobertura das nossas despesas administrativas.  Mais informa\u00e7\u00f5es? Envie uma mensagem!","og_url":"https:\/\/delta5sim.com\/website\/produto\/diferencas-entre-aeronaves-beech-king-air\/","og_site_name":"Delta 5","article_modified_time":"2025-02-14T12:28:03+00:00","og_image":[{"width":1200,"height":675,"url":"https:\/\/delta5sim.com\/website\/wp-content\/uploads\/2023\/09\/dest-delta-5-deferenciais.jpg","type":"image\/jpeg"}],"twitter_card":"summary_large_image","twitter_misc":{"Est. tempo de leitura":"2 minutos"},"schema":{"@context":"https:\/\/schema.org","@graph":[{"@type":"WebPage","@id":"https:\/\/delta5sim.com\/website\/produto\/diferencas-entre-aeronaves-beech-king-air\/","url":"https:\/\/delta5sim.com\/website\/produto\/diferencas-entre-aeronaves-beech-king-air\/","name":"Diferen\u00e7as entre Aeronaves Beech King Air - Delta 5","isPartOf":{"@id":"https:\/\/delta5sim.com\/website\/#website"},"primaryImageOfPage":{"@id":"https:\/\/delta5sim.com\/website\/produto\/diferencas-entre-aeronaves-beech-king-air\/#primaryimage"},"image":{"@id":"https:\/\/delta5sim.com\/website\/produto\/diferencas-entre-aeronaves-beech-king-air\/#primaryimage"},"thumbnailUrl":"https:\/\/delta5sim.com\/website\/wp-content\/uploads\/2023\/09\/dest-delta-5-deferenciais.jpg","datePublished":"2023-09-05T13:44:47+00:00","dateModified":"2025-02-14T12:28:03+00:00","breadcrumb":{"@id":"https:\/\/delta5sim.com\/website\/produto\/diferencas-entre-aeronaves-beech-king-air\/#breadcrumb"},"inLanguage":"pt-BR","potentialAction":[{"@type":"ReadAction","target":["https:\/\/delta5sim.com\/website\/produto\/diferencas-entre-aeronaves-beech-king-air\/"]}]},{"@type":"ImageObject","inLanguage":"pt-BR","@id":"https:\/\/delta5sim.com\/website\/produto\/diferencas-entre-aeronaves-beech-king-air\/#primaryimage","url":"https:\/\/delta5sim.com\/website\/wp-content\/uploads\/2023\/09\/dest-delta-5-deferenciais.jpg","contentUrl":"https:\/\/delta5sim.com\/website\/wp-content\/uploads\/2023\/09\/dest-delta-5-deferenciais.jpg","width":1200,"height":675},{"@type":"BreadcrumbList","@id":"https:\/\/delta5sim.com\/website\/produto\/diferencas-entre-aeronaves-beech-king-air\/#breadcrumb","itemListElement":[{"@type":"ListItem","position":1,"name":"In\u00edcio","item":"https:\/\/delta5sim.com\/website\/"},{"@type":"ListItem","position":2,"name":"Loja-3","item":"https:\/\/delta5sim.com\/website\/loja3\/"},{"@type":"ListItem","position":3,"name":"Diferen\u00e7as entre Aeronaves Beech King Air"}]},{"@type":"WebSite","@id":"https:\/\/delta5sim.com\/website\/#website","url":"https:\/\/delta5sim.com\/website\/","name":"Delta 5","description":"&quot;Treine antes de voar&quot;","publisher":{"@id":"https:\/\/delta5sim.com\/website\/#organization"},"potentialAction":[{"@type":"SearchAction","target":{"@type":"EntryPoint","urlTemplate":"https:\/\/delta5sim.com\/website\/?s={search_term_string}"},"query-input":{"@type":"PropertyValueSpecification","valueRequired":true,"valueName":"search_term_string"}}],"inLanguage":"pt-BR"},{"@type":"Organization","@id":"https:\/\/delta5sim.com\/website\/#organization","name":"Delta 5","url":"https:\/\/delta5sim.com\/website\/","logo":{"@type":"ImageObject","inLanguage":"pt-BR","@id":"https:\/\/delta5sim.com\/website\/#\/schema\/logo\/image\/","url":"https:\/\/delta5sim.com\/website\/wp-content\/uploads\/2023\/09\/Delta5_CIAC.png","contentUrl":"https:\/\/delta5sim.com\/website\/wp-content\/uploads\/2023\/09\/Delta5_CIAC.png","width":2463,"height":783,"caption":"Delta 5"},"image":{"@id":"https:\/\/delta5sim.com\/website\/#\/schema\/logo\/image\/"}}]}},"_links":{"self":[{"href":"https:\/\/delta5sim.com\/website\/wp-json\/wp\/v2\/product\/90","targetHints":{"allow":["GET"]}}],"collection":[{"href":"https:\/\/delta5sim.com\/website\/wp-json\/wp\/v2\/product"}],"about":[{"href":"https:\/\/delta5sim.com\/website\/wp-json\/wp\/v2\/types\/product"}],"version-history":[{"count":16,"href":"https:\/\/delta5sim.com\/website\/wp-json\/wp\/v2\/product\/90\/revisions"}],"predecessor-version":[{"id":469355,"href":"https:\/\/delta5sim.com\/website\/wp-json\/wp\/v2\/product\/90\/revisions\/469355"}],"wp:featuredmedia":[{"embeddable":true,"href":"https:\/\/delta5sim.com\/website\/wp-json\/wp\/v2\/media\/2214"}],"wp:attachment":[{"href":"https:\/\/delta5sim.com\/website\/wp-json\/wp\/v2\/media?parent=90"}],"wp:term":[{"taxonomy":"product_brand","embeddable":true,"href":"https:\/\/delta5sim.com\/website\/wp-json\/wp\/v2\/product_brand?post=90"},{"taxonomy":"product_cat","embeddable":true,"href":"https:\/\/delta5sim.com\/website\/wp-json\/wp\/v2\/product_cat?post=90"},{"taxonomy":"product_tag","embeddable":true,"href":"https:\/\/delta5sim.com\/website\/wp-json\/wp\/v2\/product_tag?post=90"}],"curies":[{"name":"wp","href":"https:\/\/api.w.org\/{rel}","templated":true}]}}