{"id":88,"date":"2023-09-05T13:44:46","date_gmt":"2023-09-05T13:44:46","guid":{"rendered":"https:\/\/delta5sim.com\/website\/?post_type=product&#038;p=88"},"modified":"2025-02-14T09:40:12","modified_gmt":"2025-02-14T12:40:12","slug":"curso-de-g1000-com-refresh-ifr","status":"publish","type":"product","link":"https:\/\/delta5sim.com\/website\/produto\/curso-de-g1000-com-refresh-ifr\/","title":{"rendered":"Curso de G1000 com Refresh IFR"},"content":{"rendered":"<p><strong>DESCRI\u00c7\u00c3O CURSO G1000 IFR<\/strong><br \/>\nO curso do G1000 IFR visa trazer ao piloto uma vis\u00e3o mais detalhada e direcionada das boas pr\u00e1ticas de voo do sistema Garmin G1000, a partir de uma plataforma de simulador do Beechcraft G58, permitindo compreender os fundamentos de sua arquitetura, caracter\u00edsticas, limita\u00e7\u00f5es, conceitos associados a integra\u00e7\u00e3o entre os instrumentos de voo, navega\u00e7\u00e3o, vigil\u00e2ncia, prote\u00e7\u00f5es\/alertas contra amea\u00e7as al\u00e9m de rever os conhecimentos relacionados ao voo por instrumentos e diferentes procedimentos de sa\u00edda, rota ou chegada.<br \/>\nNossos instrutores ir\u00e3o lhe ajudar de maneira pr\u00e1tica, focando em quest\u00f5es como:<br \/>\nSistema Glass Cockpit, estrutura e formato de arquitetura do sistema, apresenta\u00e7\u00e3o de controles, indica\u00e7\u00f5es essenciais nos displays e pain\u00e9is como PFD, MFD, \u00c1udio Panel, Standby Instrument, Softkeys e Flight Planning.<br \/>\nLeitura de cartas, briefings, diferentes tipos de procedimentos de chegada e sa\u00edda com NDB, VOR, ILS e RNAV, gerenciamento de cabine, carga de trabalho, uso do piloto autom\u00e1tico, voo manual, entre outros aspectos importantes visando facilitar a execu\u00e7\u00e3o do voo e o entendimento das manobras.<br \/>\nO curso \u00e9 composto de 8 (oito) horas em sala de aula com instrutor, realizar\u00e1 1 (uma) hora de mock up, com o objetivo de se familiarizar com o cockpit, Scan flow, padroniza\u00e7\u00e3o, check list etc<br \/>\n12 (quatorze) Horas Pr\u00e1ticas em Simulador sendo 06 sess\u00f5es de 02 horas.<br \/>\nCertificado de Conclus\u00e3o com Carga-Hor\u00e1ria e Conte\u00fado Program\u00e1tico.<\/p>\n<p><strong>Investimento<\/strong><br \/>\nO investimento que ser\u00e1 realizado inclui:<\/p>\n<ul>\n<li>Matr\u00edcula<\/li>\n<li>Apostila de Estudos e briefing orientado (planejamento da sess\u00e3o).<\/li>\n<li>Guia do Piloto<\/li>\n<li>Bloco de Anota\u00e7\u00f5es<\/li>\n<li>Mockup de Papel da Aeronave<\/li>\n<\/ul>\n<p>Nossa did\u00e1tica certamente ir\u00e1 lhe ajudar a rever conceitos e construir conhecimentos com abordagens mais modernas e baseadas nas melhores pr\u00e1ticas de ensino.<\/p>\n<p>&nbsp;<\/p>\n<div id=\"jig1\" class=\"justified-image-grid jig-9b0f759add371e4bfbaeb35765e88d92 jig-preset-global jig-source-wp-gallery\"><div class=\"jig-clearfix\"><\/div><noscript id=\"jig1-html\" class=\"justified-image-grid-html\" data-lazy-src=\"skiplazyload\" data-src=\"skipunveillazyload\"><ul><li><a href=\"https:\/\/delta5sim.com\/website\/wp-content\/uploads\/2023\/09\/dest-curso-de-g1000-com-refresh-ifr-delta5-1.jpg\"><img fetchpriority=\"high\" decoding=\"async\" src=\"https:\/\/delta5sim.com\/website\/wp-content\/uploads\/2023\/09\/dest-curso-de-g1000-com-refresh-ifr-delta5-1.jpg\" alt=\"\" width=\"890\" height=\"500\" \/><\/a><\/li><li><a href=\"https:\/\/delta5sim.com\/website\/wp-content\/uploads\/2023\/09\/curso-de-g1000-com-refresh-ifr-delta5-1.jpg\"><img decoding=\"async\" src=\"https:\/\/delta5sim.com\/website\/wp-content\/uploads\/2023\/09\/curso-de-g1000-com-refresh-ifr-delta5-1.jpg\" alt=\"\" width=\"666\" height=\"500\" \/><\/a><\/li><li><a href=\"https:\/\/delta5sim.com\/website\/wp-content\/uploads\/2023\/09\/ground-school-beech-baron-g1000-delta5-3.jpg\"><img decoding=\"async\" src=\"https:\/\/delta5sim.com\/website\/wp-content\/uploads\/2023\/09\/ground-school-beech-baron-g1000-delta5-3.jpg\" alt=\"\" width=\"666\" height=\"500\" \/><\/a><\/li><li><a href=\"https:\/\/delta5sim.com\/website\/wp-content\/uploads\/2023\/09\/curso-de-g1000-com-refresh-ifr-delta5-2.jpg\"><img loading=\"lazy\" decoding=\"async\" src=\"https:\/\/delta5sim.com\/website\/wp-content\/uploads\/2023\/09\/curso-de-g1000-com-refresh-ifr-delta5-2.jpg\" alt=\"\" width=\"666\" height=\"500\" \/><\/a><\/li><\/ul><\/noscript><\/div>\n<p>&nbsp;<\/p>\n","protected":false},"excerpt":{"rendered":"<h2>Reserve sua vaga<\/h2>\n<p>Via <a href=\"https:\/\/wa.me\/5511961572175?text=Oi%20por%20favor%20acessei%20o%20site%20da%20Delta5%20e%20quero%20saber%20mais%20para%20me%20matricular%20no%20Jet%20Training\" target=\"_blank\" rel=\"noopener\">WhatsApp (11) 96157-2175<\/a> e para verificar as datas de pr\u00f3ximas turmas.<\/p>\n<p>Para efetivar sua matr\u00edcula voc\u00ea dever\u00e1 preencher a <a href=\"https:\/\/delta5sim.com\/website\/inscricao\/\">FICHA DE INSCRI\u00c7\u00c3O<\/a> e tamb\u00e9m <a href=\"https:\/\/delta5sim.com\/inscricao\/?add-to-cart=45\">PAGAR A TAXA DE MATR\u00cdCULA (R$ 250,00)<\/a>.<\/p>\n<p>Antes de iniciar o curso voc\u00ea pagar\u00e1 o valor restante.<\/p>\n<p>Aceitamos o pagamento em dinheiro, PIX, cart\u00e3o de cr\u00e9dito ou d\u00e9bito (aceitamos VISA, MasterCard, American Express e as principais bandeiras de cart\u00f5es, confirme conosco se necess\u00e1rio) e transfer\u00eancia banc\u00e1ria.<\/p>\n<p><strong>Cancelamento de Inscri\u00e7\u00e3o:<\/strong> Para cancelamento at\u00e9 07 dias uteis antes da data do in\u00edcio do curso, efetuaremos devolu\u00e7\u00e3o da Taxa de Inscri\u00e7\u00e3o. Cancelamentos ap\u00f3s esta data, o valor da Taxa de Inscri\u00e7\u00e3o ser\u00e1 retido para cobertura das nossas despesas administrativas.<\/p>\n<p>Mais informa\u00e7\u00f5es? <a href=\"https:\/\/api.whatsapp.com\/send?phone=5511961572175&amp;text=Ol%C3%A1!%20Gostaria%20de%20mais%20informa%C3%A7%C3%B5es%20sobre%20o%20curso%20%22Curso%20de%20G1000%20com%20Refresh%20IFR%22.\" target=\"_blank\" rel=\"noopener\">Envie uma mensagem!<\/a><a href=\"https:\/\/delta5sim.com\/website\/wp-content\/uploads\/2023\/09\/whatsapp-icone-30.png\"><img loading=\"lazy\" decoding=\"async\" class=\"alignnone size-full wp-image-3645\" src=\"https:\/\/delta5sim.com\/website\/wp-content\/uploads\/2023\/09\/whatsapp-icone-30.png\" alt=\"\" width=\"30\" height=\"30\" \/><\/a><\/p>\n","protected":false},"featured_media":2254,"template":"","meta":[],"product_brand":[],"product_cat":[71,72,70,45],"product_tag":[],"class_list":{"0":"post-88","1":"product","2":"type-product","3":"status-publish","4":"has-post-thumbnail","6":"product_cat-curso-g1000","7":"product_cat-curso-refresh-ifr","8":"product_cat-ifr","9":"product_cat-refresh-ifr","11":"first","12":"instock","13":"shipping-taxable","14":"product-type-simple"},"yoast_head":"<!-- This site is optimized with the Yoast SEO plugin v27.2 - https:\/\/yoast.com\/product\/yoast-seo-wordpress\/ -->\n<title>Curso de G1000 com Refresh IFR - Delta 5<\/title>\n<meta name=\"robots\" content=\"index, follow, max-snippet:-1, max-image-preview:large, max-video-preview:-1\" \/>\n<link rel=\"canonical\" href=\"https:\/\/delta5sim.com\/website\/produto\/curso-de-g1000-com-refresh-ifr\/\" \/>\n<meta property=\"og:locale\" content=\"pt_BR\" \/>\n<meta property=\"og:type\" content=\"article\" \/>\n<meta property=\"og:title\" content=\"Curso de G1000 com Refresh IFR - Delta 5\" \/>\n<meta property=\"og:description\" content=\"Reserve sua vaga Via WhatsApp (11) 96157-2175 e para verificar as datas de pr\u00f3ximas turmas.  Para efetivar sua matr\u00edcula voc\u00ea dever\u00e1 preencher a FICHA DE INSCRI\u00c7\u00c3O e tamb\u00e9m PAGAR A TAXA DE MATR\u00cdCULA (R$ 250,00).  Antes de iniciar o curso voc\u00ea pagar\u00e1 o valor restante.  Aceitamos o pagamento em dinheiro, PIX, cart\u00e3o de cr\u00e9dito ou d\u00e9bito (aceitamos VISA, MasterCard, American Express e as principais bandeiras de cart\u00f5es, confirme conosco se necess\u00e1rio) e transfer\u00eancia banc\u00e1ria.  Cancelamento de Inscri\u00e7\u00e3o: Para cancelamento at\u00e9 07 dias uteis antes da data do in\u00edcio do curso, efetuaremos devolu\u00e7\u00e3o da Taxa de Inscri\u00e7\u00e3o. Cancelamentos ap\u00f3s esta data, o valor da Taxa de Inscri\u00e7\u00e3o ser\u00e1 retido para cobertura das nossas despesas administrativas.  Mais informa\u00e7\u00f5es? Envie uma mensagem!\" \/>\n<meta property=\"og:url\" content=\"https:\/\/delta5sim.com\/website\/produto\/curso-de-g1000-com-refresh-ifr\/\" \/>\n<meta property=\"og:site_name\" content=\"Delta 5\" \/>\n<meta property=\"article:modified_time\" content=\"2025-02-14T12:40:12+00:00\" \/>\n<meta property=\"og:image\" content=\"https:\/\/delta5sim.com\/website\/wp-content\/uploads\/2023\/09\/dest-curso-de-g1000-com-refresh-ifr-delta5-1.jpg\" \/>\n\t<meta property=\"og:image:width\" content=\"1602\" \/>\n\t<meta property=\"og:image:height\" content=\"900\" \/>\n\t<meta property=\"og:image:type\" content=\"image\/jpeg\" \/>\n<meta name=\"twitter:card\" content=\"summary_large_image\" \/>\n<meta name=\"twitter:label1\" content=\"Est. tempo de leitura\" \/>\n\t<meta name=\"twitter:data1\" content=\"2 minutos\" \/>\n<script type=\"application\/ld+json\" class=\"yoast-schema-graph\">{\"@context\":\"https:\/\/schema.org\",\"@graph\":[{\"@type\":\"WebPage\",\"@id\":\"https:\/\/delta5sim.com\/website\/produto\/curso-de-g1000-com-refresh-ifr\/\",\"url\":\"https:\/\/delta5sim.com\/website\/produto\/curso-de-g1000-com-refresh-ifr\/\",\"name\":\"Curso de G1000 com Refresh IFR - Delta 5\",\"isPartOf\":{\"@id\":\"https:\/\/delta5sim.com\/website\/#website\"},\"primaryImageOfPage\":{\"@id\":\"https:\/\/delta5sim.com\/website\/produto\/curso-de-g1000-com-refresh-ifr\/#primaryimage\"},\"image\":{\"@id\":\"https:\/\/delta5sim.com\/website\/produto\/curso-de-g1000-com-refresh-ifr\/#primaryimage\"},\"thumbnailUrl\":\"https:\/\/delta5sim.com\/website\/wp-content\/uploads\/2023\/09\/dest-curso-de-g1000-com-refresh-ifr-delta5-1.jpg\",\"datePublished\":\"2023-09-05T13:44:46+00:00\",\"dateModified\":\"2025-02-14T12:40:12+00:00\",\"breadcrumb\":{\"@id\":\"https:\/\/delta5sim.com\/website\/produto\/curso-de-g1000-com-refresh-ifr\/#breadcrumb\"},\"inLanguage\":\"pt-BR\",\"potentialAction\":[{\"@type\":\"ReadAction\",\"target\":[\"https:\/\/delta5sim.com\/website\/produto\/curso-de-g1000-com-refresh-ifr\/\"]}]},{\"@type\":\"ImageObject\",\"inLanguage\":\"pt-BR\",\"@id\":\"https:\/\/delta5sim.com\/website\/produto\/curso-de-g1000-com-refresh-ifr\/#primaryimage\",\"url\":\"https:\/\/delta5sim.com\/website\/wp-content\/uploads\/2023\/09\/dest-curso-de-g1000-com-refresh-ifr-delta5-1.jpg\",\"contentUrl\":\"https:\/\/delta5sim.com\/website\/wp-content\/uploads\/2023\/09\/dest-curso-de-g1000-com-refresh-ifr-delta5-1.jpg\",\"width\":1602,\"height\":900},{\"@type\":\"BreadcrumbList\",\"@id\":\"https:\/\/delta5sim.com\/website\/produto\/curso-de-g1000-com-refresh-ifr\/#breadcrumb\",\"itemListElement\":[{\"@type\":\"ListItem\",\"position\":1,\"name\":\"In\u00edcio\",\"item\":\"https:\/\/delta5sim.com\/website\/\"},{\"@type\":\"ListItem\",\"position\":2,\"name\":\"Loja-3\",\"item\":\"https:\/\/delta5sim.com\/website\/loja3\/\"},{\"@type\":\"ListItem\",\"position\":3,\"name\":\"Curso de G1000 com Refresh IFR\"}]},{\"@type\":\"WebSite\",\"@id\":\"https:\/\/delta5sim.com\/website\/#website\",\"url\":\"https:\/\/delta5sim.com\/website\/\",\"name\":\"Delta 5\",\"description\":\"&quot;Treine antes de voar&quot;\",\"publisher\":{\"@id\":\"https:\/\/delta5sim.com\/website\/#organization\"},\"potentialAction\":[{\"@type\":\"SearchAction\",\"target\":{\"@type\":\"EntryPoint\",\"urlTemplate\":\"https:\/\/delta5sim.com\/website\/?s={search_term_string}\"},\"query-input\":{\"@type\":\"PropertyValueSpecification\",\"valueRequired\":true,\"valueName\":\"search_term_string\"}}],\"inLanguage\":\"pt-BR\"},{\"@type\":\"Organization\",\"@id\":\"https:\/\/delta5sim.com\/website\/#organization\",\"name\":\"Delta 5\",\"url\":\"https:\/\/delta5sim.com\/website\/\",\"logo\":{\"@type\":\"ImageObject\",\"inLanguage\":\"pt-BR\",\"@id\":\"https:\/\/delta5sim.com\/website\/#\/schema\/logo\/image\/\",\"url\":\"https:\/\/delta5sim.com\/website\/wp-content\/uploads\/2023\/09\/Delta5_CIAC.png\",\"contentUrl\":\"https:\/\/delta5sim.com\/website\/wp-content\/uploads\/2023\/09\/Delta5_CIAC.png\",\"width\":2463,\"height\":783,\"caption\":\"Delta 5\"},\"image\":{\"@id\":\"https:\/\/delta5sim.com\/website\/#\/schema\/logo\/image\/\"}}]}<\/script>\n<!-- \/ Yoast SEO plugin. -->","yoast_head_json":{"title":"Curso de G1000 com Refresh IFR - Delta 5","robots":{"index":"index","follow":"follow","max-snippet":"max-snippet:-1","max-image-preview":"max-image-preview:large","max-video-preview":"max-video-preview:-1"},"canonical":"https:\/\/delta5sim.com\/website\/produto\/curso-de-g1000-com-refresh-ifr\/","og_locale":"pt_BR","og_type":"article","og_title":"Curso de G1000 com Refresh IFR - Delta 5","og_description":"Reserve sua vaga Via WhatsApp (11) 96157-2175 e para verificar as datas de pr\u00f3ximas turmas.  Para efetivar sua matr\u00edcula voc\u00ea dever\u00e1 preencher a FICHA DE INSCRI\u00c7\u00c3O e tamb\u00e9m PAGAR A TAXA DE MATR\u00cdCULA (R$ 250,00).  Antes de iniciar o curso voc\u00ea pagar\u00e1 o valor restante.  Aceitamos o pagamento em dinheiro, PIX, cart\u00e3o de cr\u00e9dito ou d\u00e9bito (aceitamos VISA, MasterCard, American Express e as principais bandeiras de cart\u00f5es, confirme conosco se necess\u00e1rio) e transfer\u00eancia banc\u00e1ria.  Cancelamento de Inscri\u00e7\u00e3o: Para cancelamento at\u00e9 07 dias uteis antes da data do in\u00edcio do curso, efetuaremos devolu\u00e7\u00e3o da Taxa de Inscri\u00e7\u00e3o. Cancelamentos ap\u00f3s esta data, o valor da Taxa de Inscri\u00e7\u00e3o ser\u00e1 retido para cobertura das nossas despesas administrativas.  Mais informa\u00e7\u00f5es? Envie uma mensagem!","og_url":"https:\/\/delta5sim.com\/website\/produto\/curso-de-g1000-com-refresh-ifr\/","og_site_name":"Delta 5","article_modified_time":"2025-02-14T12:40:12+00:00","og_image":[{"width":1602,"height":900,"url":"https:\/\/delta5sim.com\/website\/wp-content\/uploads\/2023\/09\/dest-curso-de-g1000-com-refresh-ifr-delta5-1.jpg","type":"image\/jpeg"}],"twitter_card":"summary_large_image","twitter_misc":{"Est. tempo de leitura":"2 minutos"},"schema":{"@context":"https:\/\/schema.org","@graph":[{"@type":"WebPage","@id":"https:\/\/delta5sim.com\/website\/produto\/curso-de-g1000-com-refresh-ifr\/","url":"https:\/\/delta5sim.com\/website\/produto\/curso-de-g1000-com-refresh-ifr\/","name":"Curso de G1000 com Refresh IFR - Delta 5","isPartOf":{"@id":"https:\/\/delta5sim.com\/website\/#website"},"primaryImageOfPage":{"@id":"https:\/\/delta5sim.com\/website\/produto\/curso-de-g1000-com-refresh-ifr\/#primaryimage"},"image":{"@id":"https:\/\/delta5sim.com\/website\/produto\/curso-de-g1000-com-refresh-ifr\/#primaryimage"},"thumbnailUrl":"https:\/\/delta5sim.com\/website\/wp-content\/uploads\/2023\/09\/dest-curso-de-g1000-com-refresh-ifr-delta5-1.jpg","datePublished":"2023-09-05T13:44:46+00:00","dateModified":"2025-02-14T12:40:12+00:00","breadcrumb":{"@id":"https:\/\/delta5sim.com\/website\/produto\/curso-de-g1000-com-refresh-ifr\/#breadcrumb"},"inLanguage":"pt-BR","potentialAction":[{"@type":"ReadAction","target":["https:\/\/delta5sim.com\/website\/produto\/curso-de-g1000-com-refresh-ifr\/"]}]},{"@type":"ImageObject","inLanguage":"pt-BR","@id":"https:\/\/delta5sim.com\/website\/produto\/curso-de-g1000-com-refresh-ifr\/#primaryimage","url":"https:\/\/delta5sim.com\/website\/wp-content\/uploads\/2023\/09\/dest-curso-de-g1000-com-refresh-ifr-delta5-1.jpg","contentUrl":"https:\/\/delta5sim.com\/website\/wp-content\/uploads\/2023\/09\/dest-curso-de-g1000-com-refresh-ifr-delta5-1.jpg","width":1602,"height":900},{"@type":"BreadcrumbList","@id":"https:\/\/delta5sim.com\/website\/produto\/curso-de-g1000-com-refresh-ifr\/#breadcrumb","itemListElement":[{"@type":"ListItem","position":1,"name":"In\u00edcio","item":"https:\/\/delta5sim.com\/website\/"},{"@type":"ListItem","position":2,"name":"Loja-3","item":"https:\/\/delta5sim.com\/website\/loja3\/"},{"@type":"ListItem","position":3,"name":"Curso de G1000 com Refresh IFR"}]},{"@type":"WebSite","@id":"https:\/\/delta5sim.com\/website\/#website","url":"https:\/\/delta5sim.com\/website\/","name":"Delta 5","description":"&quot;Treine antes de voar&quot;","publisher":{"@id":"https:\/\/delta5sim.com\/website\/#organization"},"potentialAction":[{"@type":"SearchAction","target":{"@type":"EntryPoint","urlTemplate":"https:\/\/delta5sim.com\/website\/?s={search_term_string}"},"query-input":{"@type":"PropertyValueSpecification","valueRequired":true,"valueName":"search_term_string"}}],"inLanguage":"pt-BR"},{"@type":"Organization","@id":"https:\/\/delta5sim.com\/website\/#organization","name":"Delta 5","url":"https:\/\/delta5sim.com\/website\/","logo":{"@type":"ImageObject","inLanguage":"pt-BR","@id":"https:\/\/delta5sim.com\/website\/#\/schema\/logo\/image\/","url":"https:\/\/delta5sim.com\/website\/wp-content\/uploads\/2023\/09\/Delta5_CIAC.png","contentUrl":"https:\/\/delta5sim.com\/website\/wp-content\/uploads\/2023\/09\/Delta5_CIAC.png","width":2463,"height":783,"caption":"Delta 5"},"image":{"@id":"https:\/\/delta5sim.com\/website\/#\/schema\/logo\/image\/"}}]}},"_links":{"self":[{"href":"https:\/\/delta5sim.com\/website\/wp-json\/wp\/v2\/product\/88","targetHints":{"allow":["GET"]}}],"collection":[{"href":"https:\/\/delta5sim.com\/website\/wp-json\/wp\/v2\/product"}],"about":[{"href":"https:\/\/delta5sim.com\/website\/wp-json\/wp\/v2\/types\/product"}],"version-history":[{"count":14,"href":"https:\/\/delta5sim.com\/website\/wp-json\/wp\/v2\/product\/88\/revisions"}],"predecessor-version":[{"id":469361,"href":"https:\/\/delta5sim.com\/website\/wp-json\/wp\/v2\/product\/88\/revisions\/469361"}],"wp:featuredmedia":[{"embeddable":true,"href":"https:\/\/delta5sim.com\/website\/wp-json\/wp\/v2\/media\/2254"}],"wp:attachment":[{"href":"https:\/\/delta5sim.com\/website\/wp-json\/wp\/v2\/media?parent=88"}],"wp:term":[{"taxonomy":"product_brand","embeddable":true,"href":"https:\/\/delta5sim.com\/website\/wp-json\/wp\/v2\/product_brand?post=88"},{"taxonomy":"product_cat","embeddable":true,"href":"https:\/\/delta5sim.com\/website\/wp-json\/wp\/v2\/product_cat?post=88"},{"taxonomy":"product_tag","embeddable":true,"href":"https:\/\/delta5sim.com\/website\/wp-json\/wp\/v2\/product_tag?post=88"}],"curies":[{"name":"wp","href":"https:\/\/api.w.org\/{rel}","templated":true}]}}