{"id":54,"date":"2023-09-05T13:44:21","date_gmt":"2023-09-05T13:44:21","guid":{"rendered":"https:\/\/delta5sim.com\/website\/?post_type=product&#038;p=54"},"modified":"2025-02-14T09:36:13","modified_gmt":"2025-02-14T12:36:13","slug":"curso-garmin-g1000","status":"publish","type":"product","link":"https:\/\/delta5sim.com\/website\/produto\/curso-garmin-g1000\/","title":{"rendered":"Curso Garmin G1000"},"content":{"rendered":"<p>O <strong>Garmin G1000<\/strong>, \u00e9\u00a0 um sistema de avi\u00f4nicos que permite uma integra\u00e7\u00e3o diversos sistemas em um conjunto de telas de indica\u00e7\u00e3o, unidades de processamento, m\u00faltiplos sensores e pain\u00e9is de controle com m\u00faltiplas fun\u00e7\u00f5es trabalhando em conjunto ampliando as capacidades de gerenciamento de voo, precis\u00e3o, consci\u00eancia situacional e seguran\u00e7a.<\/p>\n<p>Quer ter maior compreens\u00e3o sobre indica\u00e7\u00f5es , controles, ajustes de fun\u00e7\u00f5es e configura\u00e7\u00f5es necess\u00e1rias a cada voo e muito mais&#8230;<\/p>\n<p>Esse curso visa trazer ao piloto uma vis\u00e3o mais detalhada e direcionada das boas pr\u00e1ticas operacionais do voo do sistema Garmin G1000, a partir de uma plataforma de simulador do Beechcraft Baron G58, permitindo compreender os fundamentos de sua arquitetura, caracter\u00edsticas, limita\u00e7\u00f5es e conceitos associados a integra\u00e7\u00e3o entre os instrumentos de voo, navega\u00e7\u00e3o, comunica\u00e7\u00e3o, vigil\u00e2ncia, prote\u00e7\u00f5es\/alertas contra amea\u00e7as entre outros e tamb\u00e9m como trabalhar de forma mais proficiente e pr\u00e1tica durante as sess\u00f5es de simulador de voo e t\u00e9cnicas aplicadas ao voo sob condi\u00e7\u00f5es meteorol\u00f3gicas de instrumentos.<\/p>\n<h3><strong>Investimento<\/strong><\/h3>\n<p>O investimento que ser\u00e1 realizado inclui:<\/p>\n<ul>\n<li>Matr\u00edcula<\/li>\n<li>Apostila de Estudos<\/li>\n<li><em>Mock-up<\/em>\u00a0do Painel da Aeronave<\/li>\n<li>Guia do Piloto<\/li>\n<li>Bloco de Anota\u00e7\u00f5es<\/li>\n<li>05 Horas-aula de Curso Te\u00f3rico + 01 hora Mock up<\/li>\n<li>10 Horas Pr\u00e1ticas em Simulador<\/li>\n<li>Certificado de Conclus\u00e3o com Carga-Hor\u00e1ria e Conte\u00fado Did\u00e1tico<\/li>\n<\/ul>\n<p>&nbsp;<\/p>\n<div id=\"jig1\" class=\"justified-image-grid jig-94e66962854b4921cd6e5e3a11a8d7df jig-preset-global jig-source-wp-gallery\"><div class=\"jig-clearfix\"><\/div><noscript id=\"jig1-html\" class=\"justified-image-grid-html\" data-lazy-src=\"skiplazyload\" data-src=\"skipunveillazyload\"><ul><li><a href=\"https:\/\/delta5sim.com\/website\/wp-content\/uploads\/2023\/09\/ground-school-beech-baron-g1000-delta5-5.jpg\"><img fetchpriority=\"high\" decoding=\"async\" src=\"https:\/\/delta5sim.com\/website\/wp-content\/uploads\/2023\/09\/ground-school-beech-baron-g1000-delta5-5.jpg\" alt=\"\" width=\"666\" height=\"500\" \/><\/a><\/li><li><a href=\"https:\/\/delta5sim.com\/website\/wp-content\/uploads\/2023\/09\/ground-school-beech-baron-g1000-delta5-dest-1.jpg\"><img decoding=\"async\" src=\"https:\/\/delta5sim.com\/website\/wp-content\/uploads\/2023\/09\/ground-school-beech-baron-g1000-delta5-dest-1.jpg\" alt=\"\" width=\"888\" height=\"500\" \/><\/a><\/li><li><a href=\"https:\/\/delta5sim.com\/website\/wp-content\/uploads\/2023\/09\/ground-school-beech-baron-g1000-delta5-3.jpg\"><img decoding=\"async\" src=\"https:\/\/delta5sim.com\/website\/wp-content\/uploads\/2023\/09\/ground-school-beech-baron-g1000-delta5-3.jpg\" alt=\"\" width=\"666\" height=\"500\" \/><\/a><\/li><li><a href=\"https:\/\/delta5sim.com\/website\/wp-content\/uploads\/2023\/09\/WhatsApp-Image-2020-09-03-at-12.11.51-2.jpeg\"><img loading=\"lazy\" decoding=\"async\" src=\"https:\/\/delta5sim.com\/website\/wp-content\/uploads\/2023\/09\/WhatsApp-Image-2020-09-03-at-12.11.51-2.jpeg\" alt=\"\" width=\"500\" height=\"500\" \/><\/a><\/li><\/ul><\/noscript><\/div>\n","protected":false},"excerpt":{"rendered":"<h2>Reserve sua vaga<\/h2>\n<p>Via <a href=\"https:\/\/wa.me\/5511961572175?text=Oi%20por%20favor%20acessei%20o%20site%20da%20Delta5%20e%20quero%20saber%20mais%20para%20me%20matricular%20no%20Jet%20Training\" target=\"_blank\" rel=\"noopener\">WhatsApp (11) 96157-2175<\/a> e para verificar as datas de pr\u00f3ximas turmas.<\/p>\n<p>Para efetivar sua matr\u00edcula voc\u00ea dever\u00e1 preencher a <a href=\"https:\/\/delta5sim.com\/website\/inscricao\/\">FICHA DE INSCRI\u00c7\u00c3O<\/a> e tamb\u00e9m <a href=\"https:\/\/delta5sim.com\/inscricao\/?add-to-cart=45\">PAGAR A TAXA DE MATR\u00cdCULA (R$ 250,00)<\/a>.<\/p>\n<p>Antes de iniciar o curso voc\u00ea pagar\u00e1 o valor restante.<\/p>\n<p>Aceitamos o pagamento em dinheiro, PIX, cart\u00e3o de cr\u00e9dito ou d\u00e9bito (aceitamos VISA, MasterCard, American Express e as principais bandeiras de cart\u00f5es, confirme conosco se necess\u00e1rio) e transfer\u00eancia banc\u00e1ria.<\/p>\n<p><strong>Cancelamento de Inscri\u00e7\u00e3o:<\/strong> Para cancelamento at\u00e9 07 dias uteis antes da data do in\u00edcio do curso, efetuaremos devolu\u00e7\u00e3o da Taxa de Inscri\u00e7\u00e3o. Cancelamentos ap\u00f3s esta data, o valor da Taxa de Inscri\u00e7\u00e3o ser\u00e1 retido para cobertura das nossas despesas administrativas.<\/p>\n<p>Mais informa\u00e7\u00f5es? <a href=\"https:\/\/api.whatsapp.com\/send?phone=5511961572175&amp;text=Ol%C3%A1!%20Gostaria%20de%20mais%20informa%C3%A7%C3%B5es%20sobre%20o%20curso%20%22Curso%20Garmin%20G1000%22.\" target=\"_blank\" rel=\"noopener\">Envie uma mensagem!<\/a><a href=\"https:\/\/delta5sim.com\/website\/wp-content\/uploads\/2023\/09\/whatsapp-icone-30.png\"><img loading=\"lazy\" decoding=\"async\" class=\"alignnone size-full wp-image-3645\" src=\"https:\/\/delta5sim.com\/website\/wp-content\/uploads\/2023\/09\/whatsapp-icone-30.png\" alt=\"\" width=\"30\" height=\"30\" \/><\/a><\/p>\n","protected":false},"featured_media":2608,"template":"","meta":[],"product_brand":[],"product_cat":[18,17],"product_tag":[41,42,43,46,44],"class_list":{"0":"post-54","1":"product","2":"type-product","3":"status-publish","4":"has-post-thumbnail","6":"product_cat-familiarizacao","7":"product_cat-profissionais","8":"product_tag-g1000","9":"product_tag-garmin","10":"product_tag-glass-cockpit","11":"product_tag-ifr","12":"product_tag-integrated-flight-deck","14":"first","15":"instock","16":"shipping-taxable","17":"product-type-simple"},"yoast_head":"<!-- This site is optimized with the Yoast SEO plugin v27.2 - https:\/\/yoast.com\/product\/yoast-seo-wordpress\/ -->\n<title>Curso Garmin G1000 - Delta 5<\/title>\n<meta name=\"robots\" content=\"index, follow, max-snippet:-1, max-image-preview:large, max-video-preview:-1\" \/>\n<link rel=\"canonical\" href=\"https:\/\/delta5sim.com\/website\/produto\/curso-garmin-g1000\/\" \/>\n<meta property=\"og:locale\" content=\"pt_BR\" \/>\n<meta property=\"og:type\" content=\"article\" \/>\n<meta property=\"og:title\" content=\"Curso Garmin G1000 - Delta 5\" \/>\n<meta property=\"og:description\" content=\"Reserve sua vaga Via WhatsApp (11) 96157-2175 e para verificar as datas de pr\u00f3ximas turmas.  Para efetivar sua matr\u00edcula voc\u00ea dever\u00e1 preencher a FICHA DE INSCRI\u00c7\u00c3O e tamb\u00e9m PAGAR A TAXA DE MATR\u00cdCULA (R$ 250,00).  Antes de iniciar o curso voc\u00ea pagar\u00e1 o valor restante.  Aceitamos o pagamento em dinheiro, PIX, cart\u00e3o de cr\u00e9dito ou d\u00e9bito (aceitamos VISA, MasterCard, American Express e as principais bandeiras de cart\u00f5es, confirme conosco se necess\u00e1rio) e transfer\u00eancia banc\u00e1ria.  Cancelamento de Inscri\u00e7\u00e3o: Para cancelamento at\u00e9 07 dias uteis antes da data do in\u00edcio do curso, efetuaremos devolu\u00e7\u00e3o da Taxa de Inscri\u00e7\u00e3o. Cancelamentos ap\u00f3s esta data, o valor da Taxa de Inscri\u00e7\u00e3o ser\u00e1 retido para cobertura das nossas despesas administrativas.  Mais informa\u00e7\u00f5es? Envie uma mensagem!\" \/>\n<meta property=\"og:url\" content=\"https:\/\/delta5sim.com\/website\/produto\/curso-garmin-g1000\/\" \/>\n<meta property=\"og:site_name\" content=\"Delta 5\" \/>\n<meta property=\"article:modified_time\" content=\"2025-02-14T12:36:13+00:00\" \/>\n<meta property=\"og:image\" content=\"https:\/\/delta5sim.com\/website\/wp-content\/uploads\/2023\/09\/garmin-g-1000-delta5.jpg\" \/>\n\t<meta property=\"og:image:width\" content=\"1601\" \/>\n\t<meta property=\"og:image:height\" content=\"900\" \/>\n\t<meta property=\"og:image:type\" content=\"image\/jpeg\" \/>\n<meta name=\"twitter:card\" content=\"summary_large_image\" \/>\n<meta name=\"twitter:label1\" content=\"Est. tempo de leitura\" \/>\n\t<meta name=\"twitter:data1\" content=\"2 minutos\" \/>\n<script type=\"application\/ld+json\" class=\"yoast-schema-graph\">{\"@context\":\"https:\/\/schema.org\",\"@graph\":[{\"@type\":\"WebPage\",\"@id\":\"https:\/\/delta5sim.com\/website\/produto\/curso-garmin-g1000\/\",\"url\":\"https:\/\/delta5sim.com\/website\/produto\/curso-garmin-g1000\/\",\"name\":\"Curso Garmin G1000 - Delta 5\",\"isPartOf\":{\"@id\":\"https:\/\/delta5sim.com\/website\/#website\"},\"primaryImageOfPage\":{\"@id\":\"https:\/\/delta5sim.com\/website\/produto\/curso-garmin-g1000\/#primaryimage\"},\"image\":{\"@id\":\"https:\/\/delta5sim.com\/website\/produto\/curso-garmin-g1000\/#primaryimage\"},\"thumbnailUrl\":\"https:\/\/delta5sim.com\/website\/wp-content\/uploads\/2023\/09\/garmin-g-1000-delta5.jpg\",\"datePublished\":\"2023-09-05T13:44:21+00:00\",\"dateModified\":\"2025-02-14T12:36:13+00:00\",\"breadcrumb\":{\"@id\":\"https:\/\/delta5sim.com\/website\/produto\/curso-garmin-g1000\/#breadcrumb\"},\"inLanguage\":\"pt-BR\",\"potentialAction\":[{\"@type\":\"ReadAction\",\"target\":[\"https:\/\/delta5sim.com\/website\/produto\/curso-garmin-g1000\/\"]}]},{\"@type\":\"ImageObject\",\"inLanguage\":\"pt-BR\",\"@id\":\"https:\/\/delta5sim.com\/website\/produto\/curso-garmin-g1000\/#primaryimage\",\"url\":\"https:\/\/delta5sim.com\/website\/wp-content\/uploads\/2023\/09\/garmin-g-1000-delta5.jpg\",\"contentUrl\":\"https:\/\/delta5sim.com\/website\/wp-content\/uploads\/2023\/09\/garmin-g-1000-delta5.jpg\",\"width\":1601,\"height\":900},{\"@type\":\"BreadcrumbList\",\"@id\":\"https:\/\/delta5sim.com\/website\/produto\/curso-garmin-g1000\/#breadcrumb\",\"itemListElement\":[{\"@type\":\"ListItem\",\"position\":1,\"name\":\"In\u00edcio\",\"item\":\"https:\/\/delta5sim.com\/website\/\"},{\"@type\":\"ListItem\",\"position\":2,\"name\":\"Loja-3\",\"item\":\"https:\/\/delta5sim.com\/website\/loja3\/\"},{\"@type\":\"ListItem\",\"position\":3,\"name\":\"Curso Garmin G1000\"}]},{\"@type\":\"WebSite\",\"@id\":\"https:\/\/delta5sim.com\/website\/#website\",\"url\":\"https:\/\/delta5sim.com\/website\/\",\"name\":\"Delta 5\",\"description\":\"&quot;Treine antes de voar&quot;\",\"publisher\":{\"@id\":\"https:\/\/delta5sim.com\/website\/#organization\"},\"potentialAction\":[{\"@type\":\"SearchAction\",\"target\":{\"@type\":\"EntryPoint\",\"urlTemplate\":\"https:\/\/delta5sim.com\/website\/?s={search_term_string}\"},\"query-input\":{\"@type\":\"PropertyValueSpecification\",\"valueRequired\":true,\"valueName\":\"search_term_string\"}}],\"inLanguage\":\"pt-BR\"},{\"@type\":\"Organization\",\"@id\":\"https:\/\/delta5sim.com\/website\/#organization\",\"name\":\"Delta 5\",\"url\":\"https:\/\/delta5sim.com\/website\/\",\"logo\":{\"@type\":\"ImageObject\",\"inLanguage\":\"pt-BR\",\"@id\":\"https:\/\/delta5sim.com\/website\/#\/schema\/logo\/image\/\",\"url\":\"https:\/\/delta5sim.com\/website\/wp-content\/uploads\/2023\/09\/Delta5_CIAC.png\",\"contentUrl\":\"https:\/\/delta5sim.com\/website\/wp-content\/uploads\/2023\/09\/Delta5_CIAC.png\",\"width\":2463,\"height\":783,\"caption\":\"Delta 5\"},\"image\":{\"@id\":\"https:\/\/delta5sim.com\/website\/#\/schema\/logo\/image\/\"}}]}<\/script>\n<!-- \/ Yoast SEO plugin. -->","yoast_head_json":{"title":"Curso Garmin G1000 - Delta 5","robots":{"index":"index","follow":"follow","max-snippet":"max-snippet:-1","max-image-preview":"max-image-preview:large","max-video-preview":"max-video-preview:-1"},"canonical":"https:\/\/delta5sim.com\/website\/produto\/curso-garmin-g1000\/","og_locale":"pt_BR","og_type":"article","og_title":"Curso Garmin G1000 - Delta 5","og_description":"Reserve sua vaga Via WhatsApp (11) 96157-2175 e para verificar as datas de pr\u00f3ximas turmas.  Para efetivar sua matr\u00edcula voc\u00ea dever\u00e1 preencher a FICHA DE INSCRI\u00c7\u00c3O e tamb\u00e9m PAGAR A TAXA DE MATR\u00cdCULA (R$ 250,00).  Antes de iniciar o curso voc\u00ea pagar\u00e1 o valor restante.  Aceitamos o pagamento em dinheiro, PIX, cart\u00e3o de cr\u00e9dito ou d\u00e9bito (aceitamos VISA, MasterCard, American Express e as principais bandeiras de cart\u00f5es, confirme conosco se necess\u00e1rio) e transfer\u00eancia banc\u00e1ria.  Cancelamento de Inscri\u00e7\u00e3o: Para cancelamento at\u00e9 07 dias uteis antes da data do in\u00edcio do curso, efetuaremos devolu\u00e7\u00e3o da Taxa de Inscri\u00e7\u00e3o. Cancelamentos ap\u00f3s esta data, o valor da Taxa de Inscri\u00e7\u00e3o ser\u00e1 retido para cobertura das nossas despesas administrativas.  Mais informa\u00e7\u00f5es? Envie uma mensagem!","og_url":"https:\/\/delta5sim.com\/website\/produto\/curso-garmin-g1000\/","og_site_name":"Delta 5","article_modified_time":"2025-02-14T12:36:13+00:00","og_image":[{"width":1601,"height":900,"url":"https:\/\/delta5sim.com\/website\/wp-content\/uploads\/2023\/09\/garmin-g-1000-delta5.jpg","type":"image\/jpeg"}],"twitter_card":"summary_large_image","twitter_misc":{"Est. tempo de leitura":"2 minutos"},"schema":{"@context":"https:\/\/schema.org","@graph":[{"@type":"WebPage","@id":"https:\/\/delta5sim.com\/website\/produto\/curso-garmin-g1000\/","url":"https:\/\/delta5sim.com\/website\/produto\/curso-garmin-g1000\/","name":"Curso Garmin G1000 - Delta 5","isPartOf":{"@id":"https:\/\/delta5sim.com\/website\/#website"},"primaryImageOfPage":{"@id":"https:\/\/delta5sim.com\/website\/produto\/curso-garmin-g1000\/#primaryimage"},"image":{"@id":"https:\/\/delta5sim.com\/website\/produto\/curso-garmin-g1000\/#primaryimage"},"thumbnailUrl":"https:\/\/delta5sim.com\/website\/wp-content\/uploads\/2023\/09\/garmin-g-1000-delta5.jpg","datePublished":"2023-09-05T13:44:21+00:00","dateModified":"2025-02-14T12:36:13+00:00","breadcrumb":{"@id":"https:\/\/delta5sim.com\/website\/produto\/curso-garmin-g1000\/#breadcrumb"},"inLanguage":"pt-BR","potentialAction":[{"@type":"ReadAction","target":["https:\/\/delta5sim.com\/website\/produto\/curso-garmin-g1000\/"]}]},{"@type":"ImageObject","inLanguage":"pt-BR","@id":"https:\/\/delta5sim.com\/website\/produto\/curso-garmin-g1000\/#primaryimage","url":"https:\/\/delta5sim.com\/website\/wp-content\/uploads\/2023\/09\/garmin-g-1000-delta5.jpg","contentUrl":"https:\/\/delta5sim.com\/website\/wp-content\/uploads\/2023\/09\/garmin-g-1000-delta5.jpg","width":1601,"height":900},{"@type":"BreadcrumbList","@id":"https:\/\/delta5sim.com\/website\/produto\/curso-garmin-g1000\/#breadcrumb","itemListElement":[{"@type":"ListItem","position":1,"name":"In\u00edcio","item":"https:\/\/delta5sim.com\/website\/"},{"@type":"ListItem","position":2,"name":"Loja-3","item":"https:\/\/delta5sim.com\/website\/loja3\/"},{"@type":"ListItem","position":3,"name":"Curso Garmin G1000"}]},{"@type":"WebSite","@id":"https:\/\/delta5sim.com\/website\/#website","url":"https:\/\/delta5sim.com\/website\/","name":"Delta 5","description":"&quot;Treine antes de voar&quot;","publisher":{"@id":"https:\/\/delta5sim.com\/website\/#organization"},"potentialAction":[{"@type":"SearchAction","target":{"@type":"EntryPoint","urlTemplate":"https:\/\/delta5sim.com\/website\/?s={search_term_string}"},"query-input":{"@type":"PropertyValueSpecification","valueRequired":true,"valueName":"search_term_string"}}],"inLanguage":"pt-BR"},{"@type":"Organization","@id":"https:\/\/delta5sim.com\/website\/#organization","name":"Delta 5","url":"https:\/\/delta5sim.com\/website\/","logo":{"@type":"ImageObject","inLanguage":"pt-BR","@id":"https:\/\/delta5sim.com\/website\/#\/schema\/logo\/image\/","url":"https:\/\/delta5sim.com\/website\/wp-content\/uploads\/2023\/09\/Delta5_CIAC.png","contentUrl":"https:\/\/delta5sim.com\/website\/wp-content\/uploads\/2023\/09\/Delta5_CIAC.png","width":2463,"height":783,"caption":"Delta 5"},"image":{"@id":"https:\/\/delta5sim.com\/website\/#\/schema\/logo\/image\/"}}]}},"_links":{"self":[{"href":"https:\/\/delta5sim.com\/website\/wp-json\/wp\/v2\/product\/54","targetHints":{"allow":["GET"]}}],"collection":[{"href":"https:\/\/delta5sim.com\/website\/wp-json\/wp\/v2\/product"}],"about":[{"href":"https:\/\/delta5sim.com\/website\/wp-json\/wp\/v2\/types\/product"}],"version-history":[{"count":12,"href":"https:\/\/delta5sim.com\/website\/wp-json\/wp\/v2\/product\/54\/revisions"}],"predecessor-version":[{"id":469359,"href":"https:\/\/delta5sim.com\/website\/wp-json\/wp\/v2\/product\/54\/revisions\/469359"}],"wp:featuredmedia":[{"embeddable":true,"href":"https:\/\/delta5sim.com\/website\/wp-json\/wp\/v2\/media\/2608"}],"wp:attachment":[{"href":"https:\/\/delta5sim.com\/website\/wp-json\/wp\/v2\/media?parent=54"}],"wp:term":[{"taxonomy":"product_brand","embeddable":true,"href":"https:\/\/delta5sim.com\/website\/wp-json\/wp\/v2\/product_brand?post=54"},{"taxonomy":"product_cat","embeddable":true,"href":"https:\/\/delta5sim.com\/website\/wp-json\/wp\/v2\/product_cat?post=54"},{"taxonomy":"product_tag","embeddable":true,"href":"https:\/\/delta5sim.com\/website\/wp-json\/wp\/v2\/product_tag?post=54"}],"curies":[{"name":"wp","href":"https:\/\/api.w.org\/{rel}","templated":true}]}}