{"id":50,"date":"2023-09-05T13:44:20","date_gmt":"2023-09-05T13:44:20","guid":{"rendered":"https:\/\/delta5sim.com\/website\/?post_type=product&#038;p=50"},"modified":"2026-04-29T18:46:21","modified_gmt":"2026-04-29T21:46:21","slug":"poster-mockup-beech-king-air-b200","status":"publish","type":"product","link":"https:\/\/delta5sim.com\/website\/produto\/poster-mockup-beech-king-air-b200\/","title":{"rendered":"P\u00f4ster MockUp &#8211; Beech King Air B200 ou C90"},"content":{"rendered":"<p>Tenha em sua casa um belo p\u00f4ster desse painel cl\u00e1ssico do Rei dos Ares!<\/p>\n<p>Al\u00e9m do uso decorativo, esse p\u00f4ster \u00e9 uma excelente ferramenta de treinamento para familiariza\u00e7\u00e3o com o painel da aeronave. Esse produto \u00e9 o mesmo utilizado em nosso curso do King Air, agora aqui voc\u00ea pode comprar um s\u00f3 para voc\u00ea ou presentear algu\u00e9m!<br \/>\nEste p\u00f4ster \u00e9 uma impress\u00e3o em papel ideal para uso de treinamento ou para emoldurar. Se voc\u00ea precisar de um material mais resistente pode adquirir um de nossos banners, veja mais abaixo nos produtos relacionados.<br \/>\nMedidas 1.20 x 0.90<\/p>\n<p><em><strong>Dispon\u00edvel para retirada em nossa recep\u00e7\u00e3o ou consulte-nos para saber valor do frete.<\/strong><\/em><\/p>\n","protected":false},"excerpt":{"rendered":"<p>Mais informa\u00e7\u00f5es? <a href=\"https:\/\/api.whatsapp.com\/send?phone=5511961572175&amp;text=Ol%C3%A1!%20Acessei%20o%20site%20Delta5%20e%20gostaria%20de%20mais%20detalhes%20sobre%20o%20Jet%20Training%20Delta5\" target=\"_blank\" rel=\"noopener\">Envie uma mensagem!<\/a><a href=\"https:\/\/delta5sim.com\/website\/wp-content\/uploads\/2023\/09\/whatsapp-icone-30.png\"><img decoding=\"async\" class=\"alignnone size-full wp-image-3645\" src=\"https:\/\/delta5sim.com\/website\/wp-content\/uploads\/2023\/09\/whatsapp-icone-30.png\" alt=\"\" width=\"30\" height=\"30\" \/><\/a><\/p>\n","protected":false},"featured_media":116,"template":"","meta":[],"product_brand":[],"product_cat":[63],"product_tag":[],"class_list":{"0":"post-50","1":"product","2":"type-product","3":"status-publish","4":"has-post-thumbnail","6":"product_cat-produtos","8":"first","9":"instock","10":"shipping-taxable","11":"product-type-simple"},"yoast_head":"<!-- This site is optimized with the Yoast SEO plugin v27.2 - https:\/\/yoast.com\/product\/yoast-seo-wordpress\/ -->\n<title>P\u00f4ster MockUp - Beech King Air B200 ou C90 - Delta 5<\/title>\n<meta name=\"robots\" content=\"index, follow, max-snippet:-1, max-image-preview:large, max-video-preview:-1\" \/>\n<link rel=\"canonical\" href=\"https:\/\/delta5sim.com\/website\/produto\/poster-mockup-beech-king-air-b200\/\" \/>\n<meta property=\"og:locale\" content=\"pt_BR\" \/>\n<meta property=\"og:type\" content=\"article\" \/>\n<meta property=\"og:title\" content=\"P\u00f4ster MockUp - Beech King Air B200 ou C90 - Delta 5\" \/>\n<meta property=\"og:description\" content=\"Mais informa\u00e7\u00f5es? Envie uma mensagem!\" \/>\n<meta property=\"og:url\" content=\"https:\/\/delta5sim.com\/website\/produto\/poster-mockup-beech-king-air-b200\/\" \/>\n<meta property=\"og:site_name\" content=\"Delta 5\" \/>\n<meta property=\"article:modified_time\" content=\"2026-04-29T21:46:21+00:00\" \/>\n<meta property=\"og:image\" content=\"https:\/\/delta5sim.com\/website\/wp-content\/uploads\/2023\/09\/Poster_1-King-Delta5-scaled-1.jpg\" \/>\n\t<meta property=\"og:image:width\" content=\"1807\" \/>\n\t<meta property=\"og:image:height\" content=\"2560\" \/>\n\t<meta property=\"og:image:type\" content=\"image\/jpeg\" \/>\n<meta name=\"twitter:card\" content=\"summary_large_image\" \/>\n<meta name=\"twitter:label1\" content=\"Est. tempo de leitura\" \/>\n\t<meta name=\"twitter:data1\" content=\"1 minuto\" \/>\n<script type=\"application\/ld+json\" class=\"yoast-schema-graph\">{\"@context\":\"https:\/\/schema.org\",\"@graph\":[{\"@type\":\"WebPage\",\"@id\":\"https:\/\/delta5sim.com\/website\/produto\/poster-mockup-beech-king-air-b200\/\",\"url\":\"https:\/\/delta5sim.com\/website\/produto\/poster-mockup-beech-king-air-b200\/\",\"name\":\"P\u00f4ster MockUp - Beech King Air B200 ou C90 - Delta 5\",\"isPartOf\":{\"@id\":\"https:\/\/delta5sim.com\/website\/#website\"},\"primaryImageOfPage\":{\"@id\":\"https:\/\/delta5sim.com\/website\/produto\/poster-mockup-beech-king-air-b200\/#primaryimage\"},\"image\":{\"@id\":\"https:\/\/delta5sim.com\/website\/produto\/poster-mockup-beech-king-air-b200\/#primaryimage\"},\"thumbnailUrl\":\"https:\/\/delta5sim.com\/website\/wp-content\/uploads\/2023\/09\/Poster_1-King-Delta5-scaled-1.jpg\",\"datePublished\":\"2023-09-05T13:44:20+00:00\",\"dateModified\":\"2026-04-29T21:46:21+00:00\",\"breadcrumb\":{\"@id\":\"https:\/\/delta5sim.com\/website\/produto\/poster-mockup-beech-king-air-b200\/#breadcrumb\"},\"inLanguage\":\"pt-BR\",\"potentialAction\":[{\"@type\":\"ReadAction\",\"target\":[\"https:\/\/delta5sim.com\/website\/produto\/poster-mockup-beech-king-air-b200\/\"]}]},{\"@type\":\"ImageObject\",\"inLanguage\":\"pt-BR\",\"@id\":\"https:\/\/delta5sim.com\/website\/produto\/poster-mockup-beech-king-air-b200\/#primaryimage\",\"url\":\"https:\/\/delta5sim.com\/website\/wp-content\/uploads\/2023\/09\/Poster_1-King-Delta5-scaled-1.jpg\",\"contentUrl\":\"https:\/\/delta5sim.com\/website\/wp-content\/uploads\/2023\/09\/Poster_1-King-Delta5-scaled-1.jpg\",\"width\":1807,\"height\":2560},{\"@type\":\"BreadcrumbList\",\"@id\":\"https:\/\/delta5sim.com\/website\/produto\/poster-mockup-beech-king-air-b200\/#breadcrumb\",\"itemListElement\":[{\"@type\":\"ListItem\",\"position\":1,\"name\":\"In\u00edcio\",\"item\":\"https:\/\/delta5sim.com\/website\/\"},{\"@type\":\"ListItem\",\"position\":2,\"name\":\"Loja-3\",\"item\":\"https:\/\/delta5sim.com\/website\/loja3\/\"},{\"@type\":\"ListItem\",\"position\":3,\"name\":\"P\u00f4ster MockUp &#8211; Beech King Air B200 ou C90\"}]},{\"@type\":\"WebSite\",\"@id\":\"https:\/\/delta5sim.com\/website\/#website\",\"url\":\"https:\/\/delta5sim.com\/website\/\",\"name\":\"Delta 5\",\"description\":\"&quot;Treine antes de voar&quot;\",\"publisher\":{\"@id\":\"https:\/\/delta5sim.com\/website\/#organization\"},\"potentialAction\":[{\"@type\":\"SearchAction\",\"target\":{\"@type\":\"EntryPoint\",\"urlTemplate\":\"https:\/\/delta5sim.com\/website\/?s={search_term_string}\"},\"query-input\":{\"@type\":\"PropertyValueSpecification\",\"valueRequired\":true,\"valueName\":\"search_term_string\"}}],\"inLanguage\":\"pt-BR\"},{\"@type\":\"Organization\",\"@id\":\"https:\/\/delta5sim.com\/website\/#organization\",\"name\":\"Delta 5\",\"url\":\"https:\/\/delta5sim.com\/website\/\",\"logo\":{\"@type\":\"ImageObject\",\"inLanguage\":\"pt-BR\",\"@id\":\"https:\/\/delta5sim.com\/website\/#\/schema\/logo\/image\/\",\"url\":\"https:\/\/delta5sim.com\/website\/wp-content\/uploads\/2023\/09\/Delta5_CIAC.png\",\"contentUrl\":\"https:\/\/delta5sim.com\/website\/wp-content\/uploads\/2023\/09\/Delta5_CIAC.png\",\"width\":2463,\"height\":783,\"caption\":\"Delta 5\"},\"image\":{\"@id\":\"https:\/\/delta5sim.com\/website\/#\/schema\/logo\/image\/\"}}]}<\/script>\n<!-- \/ Yoast SEO plugin. -->","yoast_head_json":{"title":"P\u00f4ster MockUp - Beech King Air B200 ou C90 - Delta 5","robots":{"index":"index","follow":"follow","max-snippet":"max-snippet:-1","max-image-preview":"max-image-preview:large","max-video-preview":"max-video-preview:-1"},"canonical":"https:\/\/delta5sim.com\/website\/produto\/poster-mockup-beech-king-air-b200\/","og_locale":"pt_BR","og_type":"article","og_title":"P\u00f4ster MockUp - Beech King Air B200 ou C90 - Delta 5","og_description":"Mais informa\u00e7\u00f5es? Envie uma mensagem!","og_url":"https:\/\/delta5sim.com\/website\/produto\/poster-mockup-beech-king-air-b200\/","og_site_name":"Delta 5","article_modified_time":"2026-04-29T21:46:21+00:00","og_image":[{"width":1807,"height":2560,"url":"https:\/\/delta5sim.com\/website\/wp-content\/uploads\/2023\/09\/Poster_1-King-Delta5-scaled-1.jpg","type":"image\/jpeg"}],"twitter_card":"summary_large_image","twitter_misc":{"Est. tempo de leitura":"1 minuto"},"schema":{"@context":"https:\/\/schema.org","@graph":[{"@type":"WebPage","@id":"https:\/\/delta5sim.com\/website\/produto\/poster-mockup-beech-king-air-b200\/","url":"https:\/\/delta5sim.com\/website\/produto\/poster-mockup-beech-king-air-b200\/","name":"P\u00f4ster MockUp - Beech King Air B200 ou C90 - Delta 5","isPartOf":{"@id":"https:\/\/delta5sim.com\/website\/#website"},"primaryImageOfPage":{"@id":"https:\/\/delta5sim.com\/website\/produto\/poster-mockup-beech-king-air-b200\/#primaryimage"},"image":{"@id":"https:\/\/delta5sim.com\/website\/produto\/poster-mockup-beech-king-air-b200\/#primaryimage"},"thumbnailUrl":"https:\/\/delta5sim.com\/website\/wp-content\/uploads\/2023\/09\/Poster_1-King-Delta5-scaled-1.jpg","datePublished":"2023-09-05T13:44:20+00:00","dateModified":"2026-04-29T21:46:21+00:00","breadcrumb":{"@id":"https:\/\/delta5sim.com\/website\/produto\/poster-mockup-beech-king-air-b200\/#breadcrumb"},"inLanguage":"pt-BR","potentialAction":[{"@type":"ReadAction","target":["https:\/\/delta5sim.com\/website\/produto\/poster-mockup-beech-king-air-b200\/"]}]},{"@type":"ImageObject","inLanguage":"pt-BR","@id":"https:\/\/delta5sim.com\/website\/produto\/poster-mockup-beech-king-air-b200\/#primaryimage","url":"https:\/\/delta5sim.com\/website\/wp-content\/uploads\/2023\/09\/Poster_1-King-Delta5-scaled-1.jpg","contentUrl":"https:\/\/delta5sim.com\/website\/wp-content\/uploads\/2023\/09\/Poster_1-King-Delta5-scaled-1.jpg","width":1807,"height":2560},{"@type":"BreadcrumbList","@id":"https:\/\/delta5sim.com\/website\/produto\/poster-mockup-beech-king-air-b200\/#breadcrumb","itemListElement":[{"@type":"ListItem","position":1,"name":"In\u00edcio","item":"https:\/\/delta5sim.com\/website\/"},{"@type":"ListItem","position":2,"name":"Loja-3","item":"https:\/\/delta5sim.com\/website\/loja3\/"},{"@type":"ListItem","position":3,"name":"P\u00f4ster MockUp &#8211; Beech King Air B200 ou C90"}]},{"@type":"WebSite","@id":"https:\/\/delta5sim.com\/website\/#website","url":"https:\/\/delta5sim.com\/website\/","name":"Delta 5","description":"&quot;Treine antes de voar&quot;","publisher":{"@id":"https:\/\/delta5sim.com\/website\/#organization"},"potentialAction":[{"@type":"SearchAction","target":{"@type":"EntryPoint","urlTemplate":"https:\/\/delta5sim.com\/website\/?s={search_term_string}"},"query-input":{"@type":"PropertyValueSpecification","valueRequired":true,"valueName":"search_term_string"}}],"inLanguage":"pt-BR"},{"@type":"Organization","@id":"https:\/\/delta5sim.com\/website\/#organization","name":"Delta 5","url":"https:\/\/delta5sim.com\/website\/","logo":{"@type":"ImageObject","inLanguage":"pt-BR","@id":"https:\/\/delta5sim.com\/website\/#\/schema\/logo\/image\/","url":"https:\/\/delta5sim.com\/website\/wp-content\/uploads\/2023\/09\/Delta5_CIAC.png","contentUrl":"https:\/\/delta5sim.com\/website\/wp-content\/uploads\/2023\/09\/Delta5_CIAC.png","width":2463,"height":783,"caption":"Delta 5"},"image":{"@id":"https:\/\/delta5sim.com\/website\/#\/schema\/logo\/image\/"}}]}},"_links":{"self":[{"href":"https:\/\/delta5sim.com\/website\/wp-json\/wp\/v2\/product\/50","targetHints":{"allow":["GET"]}}],"collection":[{"href":"https:\/\/delta5sim.com\/website\/wp-json\/wp\/v2\/product"}],"about":[{"href":"https:\/\/delta5sim.com\/website\/wp-json\/wp\/v2\/types\/product"}],"version-history":[{"count":7,"href":"https:\/\/delta5sim.com\/website\/wp-json\/wp\/v2\/product\/50\/revisions"}],"predecessor-version":[{"id":469485,"href":"https:\/\/delta5sim.com\/website\/wp-json\/wp\/v2\/product\/50\/revisions\/469485"}],"wp:featuredmedia":[{"embeddable":true,"href":"https:\/\/delta5sim.com\/website\/wp-json\/wp\/v2\/media\/116"}],"wp:attachment":[{"href":"https:\/\/delta5sim.com\/website\/wp-json\/wp\/v2\/media?parent=50"}],"wp:term":[{"taxonomy":"product_brand","embeddable":true,"href":"https:\/\/delta5sim.com\/website\/wp-json\/wp\/v2\/product_brand?post=50"},{"taxonomy":"product_cat","embeddable":true,"href":"https:\/\/delta5sim.com\/website\/wp-json\/wp\/v2\/product_cat?post=50"},{"taxonomy":"product_tag","embeddable":true,"href":"https:\/\/delta5sim.com\/website\/wp-json\/wp\/v2\/product_tag?post=50"}],"curies":[{"name":"wp","href":"https:\/\/api.w.org\/{rel}","templated":true}]}}