{"id":48,"date":"2023-09-05T13:44:20","date_gmt":"2023-09-05T13:44:20","guid":{"rendered":"https:\/\/delta5sim.com\/website\/?post_type=product&#038;p=48"},"modified":"2026-05-01T08:38:59","modified_gmt":"2026-05-01T11:38:59","slug":"poster-mockup-boeing-737ng","status":"publish","type":"product","link":"https:\/\/delta5sim.com\/website\/produto\/poster-mockup-boeing-737ng\/","title":{"rendered":"P\u00f4ster MockUp &#8211; Boeing 737NG"},"content":{"rendered":"<p>Tenha em sua casa um belo p\u00f4ster de uma das aeronaves comerciais mais vendidas da hist\u00f3ria!<\/p>\n<p>Al\u00e9m do uso decorativo, esse p\u00f4ster \u00e9 uma excelente ferramenta de treinamento para familiariza\u00e7\u00e3o com o painel da aeronave. Esse produto \u00e9 o mesmo utilizado em nosso conhecido curso de Jet Training e aqui voc\u00ea pode comprar um s\u00f3 para voc\u00ea ou presentear algu\u00e9m!<br \/>\nEste p\u00f4ster \u00e9 uma impress\u00e3o em papel ideal para uso de treinamento ou para emoldurar. Se voc\u00ea precisar de um material mais resistente pode adquirir um de nossos banners, veja mais abaixo nos produtos relacionados.<br \/>\nMedidas: 1.65 x 0.90<\/p>\n<p><strong><em>Dispon\u00edvel para retirada em nossa recep\u00e7\u00e3o ou consulte-nos para saber valor do frete.<\/em><\/strong><\/p>\n<p>&nbsp;<\/p>\n<p><a href=\"https:\/\/delta5sim.com\/website\/wp-content\/uploads\/2023\/09\/737-NG-poster-DELTA5-MP1.jpg\"><img fetchpriority=\"high\" decoding=\"async\" class=\"alignnone size-full wp-image-2281\" src=\"https:\/\/delta5sim.com\/website\/wp-content\/uploads\/2023\/09\/737-NG-poster-DELTA5-MP1.jpg\" alt=\"\" width=\"436\" height=\"800\" srcset=\"https:\/\/delta5sim.com\/website\/wp-content\/uploads\/2023\/09\/737-NG-poster-DELTA5-MP1.jpg 436w, https:\/\/delta5sim.com\/website\/wp-content\/uploads\/2023\/09\/737-NG-poster-DELTA5-MP1-218x400.jpg 218w\" sizes=\"(max-width: 436px) 100vw, 436px\" \/><\/a><\/p>\n","protected":false},"excerpt":{"rendered":"<p>Mais informa\u00e7\u00f5es? <a href=\"https:\/\/api.whatsapp.com\/send?phone=5511961572175&amp;text=Ol%C3%A1!%20Acessei%20o%20site%20Delta5%20e%20gostaria%20de%20mais%20detalhes%20sobre%20o%20Jet%20Training%20Delta5\" target=\"_blank\" rel=\"noopener\">Envie uma mensagem!<\/a><a href=\"https:\/\/delta5sim.com\/website\/wp-content\/uploads\/2023\/09\/whatsapp-icone-30.png\"><img decoding=\"async\" class=\"alignnone size-full wp-image-3645\" src=\"https:\/\/delta5sim.com\/website\/wp-content\/uploads\/2023\/09\/whatsapp-icone-30.png\" alt=\"\" width=\"30\" height=\"30\" \/><\/a><\/p>\n","protected":false},"featured_media":2289,"template":"","meta":[],"product_brand":[],"product_cat":[63],"product_tag":[112,114,113],"class_list":{"0":"post-48","1":"product","2":"type-product","3":"status-publish","4":"has-post-thumbnail","6":"product_cat-produtos","7":"product_tag-boeing-737ng","8":"product_tag-mockup","9":"product_tag-poster","11":"first","12":"onbackorder","13":"shipping-taxable","14":"product-type-simple"},"yoast_head":"<!-- This site is optimized with the Yoast SEO plugin v27.2 - https:\/\/yoast.com\/product\/yoast-seo-wordpress\/ -->\n<title>P\u00f4ster MockUp - Boeing 737NG - Delta 5<\/title>\n<meta name=\"robots\" content=\"index, follow, max-snippet:-1, max-image-preview:large, max-video-preview:-1\" \/>\n<link rel=\"canonical\" href=\"https:\/\/delta5sim.com\/website\/produto\/poster-mockup-boeing-737ng\/\" \/>\n<meta property=\"og:locale\" content=\"pt_BR\" \/>\n<meta property=\"og:type\" content=\"article\" \/>\n<meta property=\"og:title\" content=\"P\u00f4ster MockUp - Boeing 737NG - Delta 5\" \/>\n<meta property=\"og:description\" content=\"Mais informa\u00e7\u00f5es? Envie uma mensagem!\" \/>\n<meta property=\"og:url\" content=\"https:\/\/delta5sim.com\/website\/produto\/poster-mockup-boeing-737ng\/\" \/>\n<meta property=\"og:site_name\" content=\"Delta 5\" \/>\n<meta property=\"article:modified_time\" content=\"2026-05-01T11:38:59+00:00\" \/>\n<meta property=\"og:image\" content=\"https:\/\/delta5sim.com\/website\/wp-content\/uploads\/2023\/09\/737-NG-poster-DELTA5-MP1-dest.jpg\" \/>\n\t<meta property=\"og:image:width\" content=\"1599\" \/>\n\t<meta property=\"og:image:height\" content=\"900\" \/>\n\t<meta property=\"og:image:type\" content=\"image\/jpeg\" \/>\n<meta name=\"twitter:card\" content=\"summary_large_image\" \/>\n<meta name=\"twitter:label1\" content=\"Est. tempo de leitura\" \/>\n\t<meta name=\"twitter:data1\" content=\"2 minutos\" \/>\n<script type=\"application\/ld+json\" class=\"yoast-schema-graph\">{\"@context\":\"https:\/\/schema.org\",\"@graph\":[{\"@type\":\"WebPage\",\"@id\":\"https:\/\/delta5sim.com\/website\/produto\/poster-mockup-boeing-737ng\/\",\"url\":\"https:\/\/delta5sim.com\/website\/produto\/poster-mockup-boeing-737ng\/\",\"name\":\"P\u00f4ster MockUp - Boeing 737NG - Delta 5\",\"isPartOf\":{\"@id\":\"https:\/\/delta5sim.com\/website\/#website\"},\"primaryImageOfPage\":{\"@id\":\"https:\/\/delta5sim.com\/website\/produto\/poster-mockup-boeing-737ng\/#primaryimage\"},\"image\":{\"@id\":\"https:\/\/delta5sim.com\/website\/produto\/poster-mockup-boeing-737ng\/#primaryimage\"},\"thumbnailUrl\":\"https:\/\/delta5sim.com\/website\/wp-content\/uploads\/2023\/09\/737-NG-poster-DELTA5-MP1-dest.jpg\",\"datePublished\":\"2023-09-05T13:44:20+00:00\",\"dateModified\":\"2026-05-01T11:38:59+00:00\",\"breadcrumb\":{\"@id\":\"https:\/\/delta5sim.com\/website\/produto\/poster-mockup-boeing-737ng\/#breadcrumb\"},\"inLanguage\":\"pt-BR\",\"potentialAction\":[{\"@type\":\"ReadAction\",\"target\":[\"https:\/\/delta5sim.com\/website\/produto\/poster-mockup-boeing-737ng\/\"]}]},{\"@type\":\"ImageObject\",\"inLanguage\":\"pt-BR\",\"@id\":\"https:\/\/delta5sim.com\/website\/produto\/poster-mockup-boeing-737ng\/#primaryimage\",\"url\":\"https:\/\/delta5sim.com\/website\/wp-content\/uploads\/2023\/09\/737-NG-poster-DELTA5-MP1-dest.jpg\",\"contentUrl\":\"https:\/\/delta5sim.com\/website\/wp-content\/uploads\/2023\/09\/737-NG-poster-DELTA5-MP1-dest.jpg\",\"width\":1599,\"height\":900},{\"@type\":\"BreadcrumbList\",\"@id\":\"https:\/\/delta5sim.com\/website\/produto\/poster-mockup-boeing-737ng\/#breadcrumb\",\"itemListElement\":[{\"@type\":\"ListItem\",\"position\":1,\"name\":\"In\u00edcio\",\"item\":\"https:\/\/delta5sim.com\/website\/\"},{\"@type\":\"ListItem\",\"position\":2,\"name\":\"Loja-3\",\"item\":\"https:\/\/delta5sim.com\/website\/loja3\/\"},{\"@type\":\"ListItem\",\"position\":3,\"name\":\"P\u00f4ster MockUp &#8211; Boeing 737NG\"}]},{\"@type\":\"WebSite\",\"@id\":\"https:\/\/delta5sim.com\/website\/#website\",\"url\":\"https:\/\/delta5sim.com\/website\/\",\"name\":\"Delta 5\",\"description\":\"&quot;Treine antes de voar&quot;\",\"publisher\":{\"@id\":\"https:\/\/delta5sim.com\/website\/#organization\"},\"potentialAction\":[{\"@type\":\"SearchAction\",\"target\":{\"@type\":\"EntryPoint\",\"urlTemplate\":\"https:\/\/delta5sim.com\/website\/?s={search_term_string}\"},\"query-input\":{\"@type\":\"PropertyValueSpecification\",\"valueRequired\":true,\"valueName\":\"search_term_string\"}}],\"inLanguage\":\"pt-BR\"},{\"@type\":\"Organization\",\"@id\":\"https:\/\/delta5sim.com\/website\/#organization\",\"name\":\"Delta 5\",\"url\":\"https:\/\/delta5sim.com\/website\/\",\"logo\":{\"@type\":\"ImageObject\",\"inLanguage\":\"pt-BR\",\"@id\":\"https:\/\/delta5sim.com\/website\/#\/schema\/logo\/image\/\",\"url\":\"https:\/\/delta5sim.com\/website\/wp-content\/uploads\/2023\/09\/Delta5_CIAC.png\",\"contentUrl\":\"https:\/\/delta5sim.com\/website\/wp-content\/uploads\/2023\/09\/Delta5_CIAC.png\",\"width\":2463,\"height\":783,\"caption\":\"Delta 5\"},\"image\":{\"@id\":\"https:\/\/delta5sim.com\/website\/#\/schema\/logo\/image\/\"}}]}<\/script>\n<!-- \/ Yoast SEO plugin. -->","yoast_head_json":{"title":"P\u00f4ster MockUp - Boeing 737NG - Delta 5","robots":{"index":"index","follow":"follow","max-snippet":"max-snippet:-1","max-image-preview":"max-image-preview:large","max-video-preview":"max-video-preview:-1"},"canonical":"https:\/\/delta5sim.com\/website\/produto\/poster-mockup-boeing-737ng\/","og_locale":"pt_BR","og_type":"article","og_title":"P\u00f4ster MockUp - Boeing 737NG - Delta 5","og_description":"Mais informa\u00e7\u00f5es? Envie uma mensagem!","og_url":"https:\/\/delta5sim.com\/website\/produto\/poster-mockup-boeing-737ng\/","og_site_name":"Delta 5","article_modified_time":"2026-05-01T11:38:59+00:00","og_image":[{"width":1599,"height":900,"url":"https:\/\/delta5sim.com\/website\/wp-content\/uploads\/2023\/09\/737-NG-poster-DELTA5-MP1-dest.jpg","type":"image\/jpeg"}],"twitter_card":"summary_large_image","twitter_misc":{"Est. tempo de leitura":"2 minutos"},"schema":{"@context":"https:\/\/schema.org","@graph":[{"@type":"WebPage","@id":"https:\/\/delta5sim.com\/website\/produto\/poster-mockup-boeing-737ng\/","url":"https:\/\/delta5sim.com\/website\/produto\/poster-mockup-boeing-737ng\/","name":"P\u00f4ster MockUp - Boeing 737NG - Delta 5","isPartOf":{"@id":"https:\/\/delta5sim.com\/website\/#website"},"primaryImageOfPage":{"@id":"https:\/\/delta5sim.com\/website\/produto\/poster-mockup-boeing-737ng\/#primaryimage"},"image":{"@id":"https:\/\/delta5sim.com\/website\/produto\/poster-mockup-boeing-737ng\/#primaryimage"},"thumbnailUrl":"https:\/\/delta5sim.com\/website\/wp-content\/uploads\/2023\/09\/737-NG-poster-DELTA5-MP1-dest.jpg","datePublished":"2023-09-05T13:44:20+00:00","dateModified":"2026-05-01T11:38:59+00:00","breadcrumb":{"@id":"https:\/\/delta5sim.com\/website\/produto\/poster-mockup-boeing-737ng\/#breadcrumb"},"inLanguage":"pt-BR","potentialAction":[{"@type":"ReadAction","target":["https:\/\/delta5sim.com\/website\/produto\/poster-mockup-boeing-737ng\/"]}]},{"@type":"ImageObject","inLanguage":"pt-BR","@id":"https:\/\/delta5sim.com\/website\/produto\/poster-mockup-boeing-737ng\/#primaryimage","url":"https:\/\/delta5sim.com\/website\/wp-content\/uploads\/2023\/09\/737-NG-poster-DELTA5-MP1-dest.jpg","contentUrl":"https:\/\/delta5sim.com\/website\/wp-content\/uploads\/2023\/09\/737-NG-poster-DELTA5-MP1-dest.jpg","width":1599,"height":900},{"@type":"BreadcrumbList","@id":"https:\/\/delta5sim.com\/website\/produto\/poster-mockup-boeing-737ng\/#breadcrumb","itemListElement":[{"@type":"ListItem","position":1,"name":"In\u00edcio","item":"https:\/\/delta5sim.com\/website\/"},{"@type":"ListItem","position":2,"name":"Loja-3","item":"https:\/\/delta5sim.com\/website\/loja3\/"},{"@type":"ListItem","position":3,"name":"P\u00f4ster MockUp &#8211; Boeing 737NG"}]},{"@type":"WebSite","@id":"https:\/\/delta5sim.com\/website\/#website","url":"https:\/\/delta5sim.com\/website\/","name":"Delta 5","description":"&quot;Treine antes de voar&quot;","publisher":{"@id":"https:\/\/delta5sim.com\/website\/#organization"},"potentialAction":[{"@type":"SearchAction","target":{"@type":"EntryPoint","urlTemplate":"https:\/\/delta5sim.com\/website\/?s={search_term_string}"},"query-input":{"@type":"PropertyValueSpecification","valueRequired":true,"valueName":"search_term_string"}}],"inLanguage":"pt-BR"},{"@type":"Organization","@id":"https:\/\/delta5sim.com\/website\/#organization","name":"Delta 5","url":"https:\/\/delta5sim.com\/website\/","logo":{"@type":"ImageObject","inLanguage":"pt-BR","@id":"https:\/\/delta5sim.com\/website\/#\/schema\/logo\/image\/","url":"https:\/\/delta5sim.com\/website\/wp-content\/uploads\/2023\/09\/Delta5_CIAC.png","contentUrl":"https:\/\/delta5sim.com\/website\/wp-content\/uploads\/2023\/09\/Delta5_CIAC.png","width":2463,"height":783,"caption":"Delta 5"},"image":{"@id":"https:\/\/delta5sim.com\/website\/#\/schema\/logo\/image\/"}}]}},"_links":{"self":[{"href":"https:\/\/delta5sim.com\/website\/wp-json\/wp\/v2\/product\/48","targetHints":{"allow":["GET"]}}],"collection":[{"href":"https:\/\/delta5sim.com\/website\/wp-json\/wp\/v2\/product"}],"about":[{"href":"https:\/\/delta5sim.com\/website\/wp-json\/wp\/v2\/types\/product"}],"version-history":[{"count":10,"href":"https:\/\/delta5sim.com\/website\/wp-json\/wp\/v2\/product\/48\/revisions"}],"predecessor-version":[{"id":472602,"href":"https:\/\/delta5sim.com\/website\/wp-json\/wp\/v2\/product\/48\/revisions\/472602"}],"wp:featuredmedia":[{"embeddable":true,"href":"https:\/\/delta5sim.com\/website\/wp-json\/wp\/v2\/media\/2289"}],"wp:attachment":[{"href":"https:\/\/delta5sim.com\/website\/wp-json\/wp\/v2\/media?parent=48"}],"wp:term":[{"taxonomy":"product_brand","embeddable":true,"href":"https:\/\/delta5sim.com\/website\/wp-json\/wp\/v2\/product_brand?post=48"},{"taxonomy":"product_cat","embeddable":true,"href":"https:\/\/delta5sim.com\/website\/wp-json\/wp\/v2\/product_cat?post=48"},{"taxonomy":"product_tag","embeddable":true,"href":"https:\/\/delta5sim.com\/website\/wp-json\/wp\/v2\/product_tag?post=48"}],"curies":[{"name":"wp","href":"https:\/\/api.w.org\/{rel}","templated":true}]}}