{"id":471221,"date":"2026-03-14T17:24:13","date_gmt":"2026-03-14T20:24:13","guid":{"rendered":"https:\/\/delta5sim.com\/?post_type=product&#038;p=471221"},"modified":"2026-03-14T17:45:59","modified_gmt":"2026-03-14T20:45:59","slug":"briefing","status":"publish","type":"product","link":"https:\/\/delta5sim.com\/website\/produto\/briefing\/","title":{"rendered":"Briefing"},"content":{"rendered":"\t\t<div data-elementor-type=\"product-post\" data-elementor-id=\"471221\" class=\"elementor elementor-471221\" data-elementor-post-type=\"product\">\n\t\t\t\t\t\t<\/div>\n\t\t","protected":false},"excerpt":{"rendered":"<p>&#8220;N\u00e3o venda apenas horas de simulador; venda resultados. Nosso processo de briefing exclusivo transforma cada minuto dentro da cabine em aprendizado real. Ao alinhar cen\u00e1rios, metas e expectativas antes mesmo de entrar no cockpit, garantimos que o aluno chegue ao simulador pronto para executar, e n\u00e3o para hesitar. \u00c9 a ferramenta que maximiza o aproveitamento t\u00e9cnico e reduz a necessidade de re-treinamento.&#8221;<\/p>\n<p>Mais informa\u00e7\u00f5es? <a href=\"https:\/\/api.whatsapp.com\/send?phone=5511961572175&amp;text=Ol%C3%A1!%20Acessei%20o%20site%20Delta5%20e%20gostaria%20de%20mais%20detalhes%20sobre%20o%20Jet%20Training%20Delta5\" target=\"_blank\" rel=\"noopener\">Envie uma mensagem!<\/a><a href=\"https:\/\/delta5sim.com\/website\/wp-content\/uploads\/2023\/09\/whatsapp-icone-30.png\"><img decoding=\"async\" class=\"alignnone size-full wp-image-3645\" src=\"https:\/\/delta5sim.com\/website\/wp-content\/uploads\/2023\/09\/whatsapp-icone-30.png\" alt=\"\" width=\"30\" height=\"30\" \/><\/a><\/p>\n","protected":false},"featured_media":470903,"template":"","meta":[],"product_brand":[],"product_cat":[49],"product_tag":[21,23,50,51,52,53],"class_list":{"0":"post-471221","1":"product","2":"type-product","3":"status-publish","4":"has-post-thumbnail","6":"product_cat-jet-training","7":"product_tag-airbus-a320","8":"product_tag-boeing-737","9":"product_tag-crm","10":"product_tag-jet-training","11":"product_tag-sop","12":"product_tag-treinamento-requerido","14":"first","15":"instock","16":"virtual","17":"purchasable","18":"product-type-simple"},"yoast_head":"<!-- This site is optimized with the Yoast SEO plugin v27.2 - https:\/\/yoast.com\/product\/yoast-seo-wordpress\/ -->\n<title>Briefing - Delta 5<\/title>\n<meta name=\"description\" content=\"Reconhecido pela sua excel\u00eancia, o curso de Jet Training Delta5 permite ao aluno adquirir diversas compet\u00eancias exigidas para o voo em empresas \u00e1reas.\" \/>\n<meta name=\"robots\" content=\"index, follow, max-snippet:-1, max-image-preview:large, max-video-preview:-1\" \/>\n<link rel=\"canonical\" href=\"https:\/\/delta5sim.com\/website\/produto\/briefing\/\" \/>\n<meta property=\"og:locale\" content=\"pt_BR\" \/>\n<meta property=\"og:type\" content=\"article\" \/>\n<meta property=\"og:title\" content=\"Briefing - Delta 5\" \/>\n<meta property=\"og:description\" content=\"Reconhecido pela sua excel\u00eancia, o curso de Jet Training Delta5 permite ao aluno adquirir diversas compet\u00eancias exigidas para o voo em empresas \u00e1reas.\" \/>\n<meta property=\"og:url\" content=\"https:\/\/delta5sim.com\/website\/produto\/briefing\/\" \/>\n<meta property=\"og:site_name\" content=\"Delta 5\" \/>\n<meta property=\"article:modified_time\" content=\"2026-03-14T20:45:59+00:00\" \/>\n<meta property=\"og:image\" content=\"https:\/\/delta5sim.com\/website\/wp-content\/uploads\/2026\/01\/WhatsApp-Image-2024-06-05-at-14.08.14-1.jpeg\" \/>\n\t<meta property=\"og:image:width\" content=\"1600\" \/>\n\t<meta property=\"og:image:height\" content=\"900\" \/>\n\t<meta property=\"og:image:type\" content=\"image\/jpeg\" \/>\n<meta name=\"twitter:card\" content=\"summary_large_image\" \/>\n<meta name=\"twitter:label1\" content=\"Est. tempo de leitura\" \/>\n\t<meta name=\"twitter:data1\" content=\"1 minuto\" \/>\n<script type=\"application\/ld+json\" class=\"yoast-schema-graph\">{\"@context\":\"https:\/\/schema.org\",\"@graph\":[{\"@type\":\"WebPage\",\"@id\":\"https:\/\/delta5sim.com\/website\/produto\/briefing\/\",\"url\":\"https:\/\/delta5sim.com\/website\/produto\/briefing\/\",\"name\":\"Briefing - Delta 5\",\"isPartOf\":{\"@id\":\"https:\/\/delta5sim.com\/website\/#website\"},\"primaryImageOfPage\":{\"@id\":\"https:\/\/delta5sim.com\/website\/produto\/briefing\/#primaryimage\"},\"image\":{\"@id\":\"https:\/\/delta5sim.com\/website\/produto\/briefing\/#primaryimage\"},\"thumbnailUrl\":\"https:\/\/delta5sim.com\/website\/wp-content\/uploads\/2026\/01\/WhatsApp-Image-2024-06-05-at-14.08.14-1.jpeg\",\"datePublished\":\"2026-03-14T20:24:13+00:00\",\"dateModified\":\"2026-03-14T20:45:59+00:00\",\"description\":\"Reconhecido pela sua excel\u00eancia, o curso de Jet Training Delta5 permite ao aluno adquirir diversas compet\u00eancias exigidas para o voo em empresas \u00e1reas.\",\"breadcrumb\":{\"@id\":\"https:\/\/delta5sim.com\/website\/produto\/briefing\/#breadcrumb\"},\"inLanguage\":\"pt-BR\",\"potentialAction\":[{\"@type\":\"ReadAction\",\"target\":[\"https:\/\/delta5sim.com\/website\/produto\/briefing\/\"]}]},{\"@type\":\"ImageObject\",\"inLanguage\":\"pt-BR\",\"@id\":\"https:\/\/delta5sim.com\/website\/produto\/briefing\/#primaryimage\",\"url\":\"https:\/\/delta5sim.com\/website\/wp-content\/uploads\/2026\/01\/WhatsApp-Image-2024-06-05-at-14.08.14-1.jpeg\",\"contentUrl\":\"https:\/\/delta5sim.com\/website\/wp-content\/uploads\/2026\/01\/WhatsApp-Image-2024-06-05-at-14.08.14-1.jpeg\",\"width\":1600,\"height\":900},{\"@type\":\"BreadcrumbList\",\"@id\":\"https:\/\/delta5sim.com\/website\/produto\/briefing\/#breadcrumb\",\"itemListElement\":[{\"@type\":\"ListItem\",\"position\":1,\"name\":\"In\u00edcio\",\"item\":\"https:\/\/delta5sim.com\/website\/\"},{\"@type\":\"ListItem\",\"position\":2,\"name\":\"Loja-3\",\"item\":\"https:\/\/delta5sim.com\/website\/loja3\/\"},{\"@type\":\"ListItem\",\"position\":3,\"name\":\"Briefing\"}]},{\"@type\":\"WebSite\",\"@id\":\"https:\/\/delta5sim.com\/website\/#website\",\"url\":\"https:\/\/delta5sim.com\/website\/\",\"name\":\"Delta 5\",\"description\":\"&quot;Treine antes de voar&quot;\",\"publisher\":{\"@id\":\"https:\/\/delta5sim.com\/website\/#organization\"},\"potentialAction\":[{\"@type\":\"SearchAction\",\"target\":{\"@type\":\"EntryPoint\",\"urlTemplate\":\"https:\/\/delta5sim.com\/website\/?s={search_term_string}\"},\"query-input\":{\"@type\":\"PropertyValueSpecification\",\"valueRequired\":true,\"valueName\":\"search_term_string\"}}],\"inLanguage\":\"pt-BR\"},{\"@type\":\"Organization\",\"@id\":\"https:\/\/delta5sim.com\/website\/#organization\",\"name\":\"Delta 5\",\"url\":\"https:\/\/delta5sim.com\/website\/\",\"logo\":{\"@type\":\"ImageObject\",\"inLanguage\":\"pt-BR\",\"@id\":\"https:\/\/delta5sim.com\/website\/#\/schema\/logo\/image\/\",\"url\":\"https:\/\/delta5sim.com\/website\/wp-content\/uploads\/2023\/09\/Delta5_CIAC.png\",\"contentUrl\":\"https:\/\/delta5sim.com\/website\/wp-content\/uploads\/2023\/09\/Delta5_CIAC.png\",\"width\":2463,\"height\":783,\"caption\":\"Delta 5\"},\"image\":{\"@id\":\"https:\/\/delta5sim.com\/website\/#\/schema\/logo\/image\/\"}}]}<\/script>\n<!-- \/ Yoast SEO plugin. -->","yoast_head_json":{"title":"Briefing - Delta 5","description":"Reconhecido pela sua excel\u00eancia, o curso de Jet Training Delta5 permite ao aluno adquirir diversas compet\u00eancias exigidas para o voo em empresas \u00e1reas.","robots":{"index":"index","follow":"follow","max-snippet":"max-snippet:-1","max-image-preview":"max-image-preview:large","max-video-preview":"max-video-preview:-1"},"canonical":"https:\/\/delta5sim.com\/website\/produto\/briefing\/","og_locale":"pt_BR","og_type":"article","og_title":"Briefing - Delta 5","og_description":"Reconhecido pela sua excel\u00eancia, o curso de Jet Training Delta5 permite ao aluno adquirir diversas compet\u00eancias exigidas para o voo em empresas \u00e1reas.","og_url":"https:\/\/delta5sim.com\/website\/produto\/briefing\/","og_site_name":"Delta 5","article_modified_time":"2026-03-14T20:45:59+00:00","og_image":[{"width":1600,"height":900,"url":"https:\/\/delta5sim.com\/website\/wp-content\/uploads\/2026\/01\/WhatsApp-Image-2024-06-05-at-14.08.14-1.jpeg","type":"image\/jpeg"}],"twitter_card":"summary_large_image","twitter_misc":{"Est. tempo de leitura":"1 minuto"},"schema":{"@context":"https:\/\/schema.org","@graph":[{"@type":"WebPage","@id":"https:\/\/delta5sim.com\/website\/produto\/briefing\/","url":"https:\/\/delta5sim.com\/website\/produto\/briefing\/","name":"Briefing - Delta 5","isPartOf":{"@id":"https:\/\/delta5sim.com\/website\/#website"},"primaryImageOfPage":{"@id":"https:\/\/delta5sim.com\/website\/produto\/briefing\/#primaryimage"},"image":{"@id":"https:\/\/delta5sim.com\/website\/produto\/briefing\/#primaryimage"},"thumbnailUrl":"https:\/\/delta5sim.com\/website\/wp-content\/uploads\/2026\/01\/WhatsApp-Image-2024-06-05-at-14.08.14-1.jpeg","datePublished":"2026-03-14T20:24:13+00:00","dateModified":"2026-03-14T20:45:59+00:00","description":"Reconhecido pela sua excel\u00eancia, o curso de Jet Training Delta5 permite ao aluno adquirir diversas compet\u00eancias exigidas para o voo em empresas \u00e1reas.","breadcrumb":{"@id":"https:\/\/delta5sim.com\/website\/produto\/briefing\/#breadcrumb"},"inLanguage":"pt-BR","potentialAction":[{"@type":"ReadAction","target":["https:\/\/delta5sim.com\/website\/produto\/briefing\/"]}]},{"@type":"ImageObject","inLanguage":"pt-BR","@id":"https:\/\/delta5sim.com\/website\/produto\/briefing\/#primaryimage","url":"https:\/\/delta5sim.com\/website\/wp-content\/uploads\/2026\/01\/WhatsApp-Image-2024-06-05-at-14.08.14-1.jpeg","contentUrl":"https:\/\/delta5sim.com\/website\/wp-content\/uploads\/2026\/01\/WhatsApp-Image-2024-06-05-at-14.08.14-1.jpeg","width":1600,"height":900},{"@type":"BreadcrumbList","@id":"https:\/\/delta5sim.com\/website\/produto\/briefing\/#breadcrumb","itemListElement":[{"@type":"ListItem","position":1,"name":"In\u00edcio","item":"https:\/\/delta5sim.com\/website\/"},{"@type":"ListItem","position":2,"name":"Loja-3","item":"https:\/\/delta5sim.com\/website\/loja3\/"},{"@type":"ListItem","position":3,"name":"Briefing"}]},{"@type":"WebSite","@id":"https:\/\/delta5sim.com\/website\/#website","url":"https:\/\/delta5sim.com\/website\/","name":"Delta 5","description":"&quot;Treine antes de voar&quot;","publisher":{"@id":"https:\/\/delta5sim.com\/website\/#organization"},"potentialAction":[{"@type":"SearchAction","target":{"@type":"EntryPoint","urlTemplate":"https:\/\/delta5sim.com\/website\/?s={search_term_string}"},"query-input":{"@type":"PropertyValueSpecification","valueRequired":true,"valueName":"search_term_string"}}],"inLanguage":"pt-BR"},{"@type":"Organization","@id":"https:\/\/delta5sim.com\/website\/#organization","name":"Delta 5","url":"https:\/\/delta5sim.com\/website\/","logo":{"@type":"ImageObject","inLanguage":"pt-BR","@id":"https:\/\/delta5sim.com\/website\/#\/schema\/logo\/image\/","url":"https:\/\/delta5sim.com\/website\/wp-content\/uploads\/2023\/09\/Delta5_CIAC.png","contentUrl":"https:\/\/delta5sim.com\/website\/wp-content\/uploads\/2023\/09\/Delta5_CIAC.png","width":2463,"height":783,"caption":"Delta 5"},"image":{"@id":"https:\/\/delta5sim.com\/website\/#\/schema\/logo\/image\/"}}]}},"_links":{"self":[{"href":"https:\/\/delta5sim.com\/website\/wp-json\/wp\/v2\/product\/471221","targetHints":{"allow":["GET"]}}],"collection":[{"href":"https:\/\/delta5sim.com\/website\/wp-json\/wp\/v2\/product"}],"about":[{"href":"https:\/\/delta5sim.com\/website\/wp-json\/wp\/v2\/types\/product"}],"version-history":[{"count":5,"href":"https:\/\/delta5sim.com\/website\/wp-json\/wp\/v2\/product\/471221\/revisions"}],"predecessor-version":[{"id":471223,"href":"https:\/\/delta5sim.com\/website\/wp-json\/wp\/v2\/product\/471221\/revisions\/471223"}],"wp:featuredmedia":[{"embeddable":true,"href":"https:\/\/delta5sim.com\/website\/wp-json\/wp\/v2\/media\/470903"}],"wp:attachment":[{"href":"https:\/\/delta5sim.com\/website\/wp-json\/wp\/v2\/media?parent=471221"}],"wp:term":[{"taxonomy":"product_brand","embeddable":true,"href":"https:\/\/delta5sim.com\/website\/wp-json\/wp\/v2\/product_brand?post=471221"},{"taxonomy":"product_cat","embeddable":true,"href":"https:\/\/delta5sim.com\/website\/wp-json\/wp\/v2\/product_cat?post=471221"},{"taxonomy":"product_tag","embeddable":true,"href":"https:\/\/delta5sim.com\/website\/wp-json\/wp\/v2\/product_tag?post=471221"}],"curies":[{"name":"wp","href":"https:\/\/api.w.org\/{rel}","templated":true}]}}