{"id":47,"date":"2023-12-03T13:44:20","date_gmt":"2023-12-03T16:44:20","guid":{"rendered":"https:\/\/delta5sim.com\/website\/?post_type=product&#038;p=47"},"modified":"2025-02-14T09:25:22","modified_gmt":"2025-02-14T12:25:22","slug":"ground-school-beech-king-air-b200-e-c90","status":"publish","type":"product","link":"https:\/\/delta5sim.com\/website\/produto\/ground-school-beech-king-air-b200-e-c90\/","title":{"rendered":"Ground School Beech King Air B200 e C90"},"content":{"rendered":"<p>Simulador homologado <strong>ANAC<\/strong>\u00a0<strong>FTD-BE20-001<\/strong><strong> e ANAC FTD-BE90-001 e certificado reconhecido pelas seguradoras.<\/strong><\/p>\n<p>A Delta 5 remodelou e atualizou o curso de formac\u0327a\u0303o e atualizac\u0327a\u0303o de pilotos de Beechcraft King Air B200 e C90. Agora com a qualifica\u00e7\u00e3o do simulador <strong>ANAC<\/strong> <strong>FTD-BE20-001<\/strong> <strong>N\u00edvel 4 e ANAC FTD-BE90-001 N\u00edvel 4<\/strong> para garantir que o equipamento atenda ao padra\u0303o de operac\u0327a\u0303o das aeronaves reais que ele representa.<\/p>\n<h2>O nosso compromisso e\u0301 treinar pilotos dentro dos melhores padro\u0303es internacionais de operac\u0327a\u0303o com seguranc\u0327a.<\/h2>\n<p>Embora os King Air B200 e C90 sejam classificadas como aeronaves \u201cClasse\u201d do ponto de vista de habilitac\u0327a\u0303o, qualquer piloto com habilitac\u0327a\u0303o multimotor pode voar estas aeronaves. Na pra\u0301tica, considerando a elevada performance do King Air, a realidade tem nos mostrado, atrave\u0301s dos acidentes recentes que, a simples habilitac\u0327a\u0303o multimotor na\u0303o e\u0301 suficiente para garantir a seguranc\u0327a dos voos em King Air, valendo o ditado que \u201cO principal item de seguranc\u0327a e\u0301 um piloto bem treinado\u201d.<\/p>\n<p>Normalmente o curso e\u0301 feito em<strong> 9 dias.<\/strong><\/p>\n<ul>\n<li>Tr\u00eas dias de treinamento em sala de aula, totalizando <strong>24 horas<\/strong> de treinamento;<\/li>\n<li>Seis sess\u00f5es com 2 horas cada, totalizando <strong>12 horas<\/strong> de treinamento.<\/li>\n<\/ul>\n<h2>Conte\u00fados<\/h2>\n<p><strong>Ground School<\/strong><\/p>\n<p>Apresenta\u00e7\u00e3o de todos os sistemas, checks de sistemas, acionamento, perfis de operac\u0327a\u0303o na decolagem, subida, voo nivelado, descida, pressurizac\u0327a\u0303o, aproximac\u0327a\u0303o para pouso, power settings, checklist, performance, planejamento de voo e as diferenc\u0327as ba\u0301sicas de sistemas e operac\u0327a\u0303o existentes entre os modelos.<\/p>\n<p><strong>Aulas Pr\u00e1ticas em Simulador<\/strong><\/p>\n<p>Nas sesso\u0303es de treinamento no simulador sera\u0303o treinadas <strong>normal<\/strong>,<strong> abnormal<\/strong> e<strong> emergency procedures<\/strong> ems todas as fases da operac\u0327a\u0303o da aeronave, apresentadas no Ground School de modo a tornar o piloto capaz de operar, com seguranc\u0327a um King Air.<\/p>\n<p><strong>Aten\u00e7\u00e3o:<\/strong> note que o curso ora apresentado na\u0303o habilita os pilotos. Trata-se apenas de um treinamento que visa a desenvolver e treinar os pilotos nas habilidades mi\u0301nimas necessa\u0301rias a\u0300 operac\u0327a\u0303o das aeronaves King Air B200 e C90.<\/p>\n<p>Est\u00e1 incluso:<\/p>\n<ul>\n<li>Manuais;<\/li>\n<li>Mockup do painel;<\/li>\n<li>Ground School (aulas te\u00f3ricas);<\/li>\n<li>Treinamento no Simulador (aulas pr\u00e1ticas);<\/li>\n<li>Certificado de Conclus\u00e3o com Carga-Hor\u00e1ria e Conte\u00fado Program\u00e1tico.<\/li>\n<\/ul>\n<p>O treinamento no simulador e\u0301 feito individualmente.<\/p>\n<p>&nbsp;<\/p>\n<div id=\"jig1\" class=\"justified-image-grid jig-9863809280f40d7bc260dd2fd9aec791 jig-preset-global jig-source-wp-gallery\"><div class=\"jig-clearfix\"><\/div><noscript id=\"jig1-html\" class=\"justified-image-grid-html\" data-lazy-src=\"skiplazyload\" data-src=\"skipunveillazyload\"><ul><li><a href=\"https:\/\/delta5sim.com\/website\/wp-content\/uploads\/2023\/09\/delta5-simulador.jpg\"><img fetchpriority=\"high\" decoding=\"async\" src=\"https:\/\/delta5sim.com\/website\/wp-content\/uploads\/2023\/09\/delta5-simulador.jpg\" alt=\"\" width=\"750\" height=\"500\" \/><\/a><\/li><li><a href=\"https:\/\/delta5sim.com\/website\/wp-content\/uploads\/2023\/09\/Diferencasentre-Aeronaves-Beech-King-Air-delta-5-simulador-voo-3.jpg\"><img decoding=\"async\" src=\"https:\/\/delta5sim.com\/website\/wp-content\/uploads\/2023\/09\/Diferencasentre-Aeronaves-Beech-King-Air-delta-5-simulador-voo-3.jpg\" alt=\"\" width=\"750\" height=\"500\" \/><\/a><\/li><li><a href=\"https:\/\/delta5sim.com\/website\/wp-content\/uploads\/2023\/09\/Diferencasentre-Aeronaves-Beech-King-Air-delta-5-simulador-voo-4.jpg\"><img decoding=\"async\" src=\"https:\/\/delta5sim.com\/website\/wp-content\/uploads\/2023\/09\/Diferencasentre-Aeronaves-Beech-King-Air-delta-5-simulador-voo-4.jpg\" alt=\"\" width=\"750\" height=\"500\" \/><\/a><\/li><li><a href=\"https:\/\/delta5sim.com\/website\/wp-content\/uploads\/2023\/09\/dest-delta-5-deferenciais.jpg\"><img loading=\"lazy\" decoding=\"async\" src=\"https:\/\/delta5sim.com\/website\/wp-content\/uploads\/2023\/09\/dest-delta-5-deferenciais.jpg\" alt=\"\" width=\"888\" height=\"500\" \/><\/a><\/li><li><a href=\"https:\/\/delta5sim.com\/website\/wp-content\/uploads\/2023\/09\/Diferencasentre-Aeronaves-Beech-King-Air-delta-5-simulador-voo-6.jpg\"><img loading=\"lazy\" decoding=\"async\" src=\"https:\/\/delta5sim.com\/website\/wp-content\/uploads\/2023\/09\/Diferencasentre-Aeronaves-Beech-King-Air-delta-5-simulador-voo-6.jpg\" alt=\"\" width=\"666\" height=\"500\" \/><\/a><\/li><li><a href=\"https:\/\/delta5sim.com\/website\/wp-content\/uploads\/2023\/09\/Diferencasentre-Aeronaves-Beech-King-Air-delta-5-simulador-voo-9.jpg\"><img loading=\"lazy\" decoding=\"async\" src=\"https:\/\/delta5sim.com\/website\/wp-content\/uploads\/2023\/09\/Diferencasentre-Aeronaves-Beech-King-Air-delta-5-simulador-voo-9.jpg\" alt=\"\" width=\"750\" height=\"500\" \/><\/a><\/li><li><a href=\"https:\/\/delta5sim.com\/website\/wp-content\/uploads\/2023\/09\/Diferencasentre-Aeronaves-Beech-King-Air-delta-5-simulador-voo-8.jpg\"><img loading=\"lazy\" decoding=\"async\" src=\"https:\/\/delta5sim.com\/website\/wp-content\/uploads\/2023\/09\/Diferencasentre-Aeronaves-Beech-King-Air-delta-5-simulador-voo-8.jpg\" alt=\"\" width=\"666\" height=\"500\" \/><\/a><\/li><li><a href=\"https:\/\/delta5sim.com\/website\/wp-content\/uploads\/2023\/09\/Diferencasentre-Aeronaves-Beech-King-Air-delta-5-simulador-voo-7.jpg\"><img loading=\"lazy\" decoding=\"async\" src=\"https:\/\/delta5sim.com\/website\/wp-content\/uploads\/2023\/09\/Diferencasentre-Aeronaves-Beech-King-Air-delta-5-simulador-voo-7.jpg\" alt=\"\" width=\"666\" height=\"500\" \/><\/a><\/li><li><a href=\"https:\/\/delta5sim.com\/website\/wp-content\/uploads\/2023\/09\/Diferencasentre-Aeronaves-Beech-King-Air-delta-5-simulador-voo-5.jpg\"><img loading=\"lazy\" decoding=\"async\" src=\"https:\/\/delta5sim.com\/website\/wp-content\/uploads\/2023\/09\/Diferencasentre-Aeronaves-Beech-King-Air-delta-5-simulador-voo-5.jpg\" alt=\"\" width=\"666\" height=\"500\" \/><\/a><\/li><li><a href=\"https:\/\/delta5sim.com\/website\/wp-content\/uploads\/2023\/09\/Diferencasentre-Aeronaves-Beech-King-Air-delta-5-simulador-voo-1.jpg\"><img loading=\"lazy\" decoding=\"async\" src=\"https:\/\/delta5sim.com\/website\/wp-content\/uploads\/2023\/09\/Diferencasentre-Aeronaves-Beech-King-Air-delta-5-simulador-voo-1.jpg\" alt=\"\" width=\"750\" height=\"500\" \/><\/a><\/li><li><a href=\"https:\/\/delta5sim.com\/website\/wp-content\/uploads\/2023\/09\/Diferencasentre-Aeronaves-Beech-King-Air-delta-5-simulador-voo-2-scaled.jpg\"><img loading=\"lazy\" decoding=\"async\" src=\"https:\/\/delta5sim.com\/website\/wp-content\/uploads\/2023\/09\/Diferencasentre-Aeronaves-Beech-King-Air-delta-5-simulador-voo-2-scaled.jpg\" alt=\"\" width=\"1452\" height=\"500\" \/><\/a><\/li><\/ul><\/noscript><\/div>\n","protected":false},"excerpt":{"rendered":"<h2>Reserve sua vaga<\/h2>\n<p>Via <a href=\"https:\/\/wa.me\/5511961572175?text=Oi%20por%20favor%20acessei%20o%20site%20da%20Delta5%20e%20quero%20saber%20mais%20para%20me%20matricular%20no%20Jet%20Training\" target=\"_blank\" rel=\"noopener\">WhatsApp (11) 96157-2175<\/a> e para verificar as datas de pr\u00f3ximas turmas.<\/p>\n<p>Para efetivar sua matr\u00edcula voc\u00ea dever\u00e1 preencher a <a href=\"https:\/\/delta5sim.com\/website\/inscricao\/\">FICHA DE INSCRI\u00c7\u00c3O<\/a> e tamb\u00e9m <a href=\"https:\/\/delta5sim.com\/inscricao\/?add-to-cart=45\">PAGAR A TAXA DE MATR\u00cdCULA (R$ 250,00)<\/a>.<\/p>\n<p>Antes de iniciar o curso voc\u00ea pagar\u00e1 o valor restante.<\/p>\n<p>Aceitamos o pagamento em dinheiro, PIX, cart\u00e3o de cr\u00e9dito ou d\u00e9bito (aceitamos VISA, MasterCard, American Express e as principais bandeiras de cart\u00f5es, confirme conosco se necess\u00e1rio) e transfer\u00eancia banc\u00e1ria.<\/p>\n<p><strong>Cancelamento de Inscri\u00e7\u00e3o:<\/strong> Para cancelamento at\u00e9 07 dias uteis antes da data do in\u00edcio do curso, efetuaremos devolu\u00e7\u00e3o da Taxa de Inscri\u00e7\u00e3o. Cancelamentos ap\u00f3s esta data, o valor da Taxa de Inscri\u00e7\u00e3o ser\u00e1 retido para cobertura das nossas despesas administrativas.<\/p>\n<p>Mais informa\u00e7\u00f5es? <a href=\"https:\/\/api.whatsapp.com\/send?phone=5511961572175&amp;text=Ol%C3%A1!%20Gostaria%20de%20mais%20informa%C3%A7%C3%B5es%20sobre%20o%20curso%20%22Ground%20School%20Beech%20King%20Air%20B200%20e%20C90%22.\" target=\"_blank\" rel=\"noopener\">Envie uma mensagem!<\/a><a href=\"https:\/\/delta5sim.com\/website\/wp-content\/uploads\/2023\/09\/whatsapp-icone-30.png\"><img loading=\"lazy\" decoding=\"async\" class=\"alignnone size-full wp-image-3645\" src=\"https:\/\/delta5sim.com\/website\/wp-content\/uploads\/2023\/09\/whatsapp-icone-30.png\" alt=\"\" width=\"30\" height=\"30\" \/><\/a><\/p>\n","protected":false},"featured_media":2315,"template":"","meta":[],"product_brand":[],"product_cat":[63,17],"product_tag":[64,65,66,67,68,69],"class_list":{"0":"post-47","1":"product","2":"type-product","3":"status-publish","4":"has-post-thumbnail","6":"product_cat-produtos","7":"product_cat-profissionais","8":"product_tag-b200","9":"product_tag-beechcraft","10":"product_tag-c90","11":"product_tag-king-air","12":"product_tag-mlte","13":"product_tag-multimotor","15":"first","16":"instock","17":"shipping-taxable","18":"product-type-simple"},"yoast_head":"<!-- This site is optimized with the Yoast SEO plugin v27.2 - https:\/\/yoast.com\/product\/yoast-seo-wordpress\/ -->\n<title>Ground School Beech King Air B200 e C90 - Delta 5<\/title>\n<meta name=\"robots\" content=\"index, follow, max-snippet:-1, max-image-preview:large, max-video-preview:-1\" \/>\n<link rel=\"canonical\" href=\"https:\/\/delta5sim.com\/website\/produto\/ground-school-beech-king-air-b200-e-c90\/\" \/>\n<meta property=\"og:locale\" content=\"pt_BR\" \/>\n<meta property=\"og:type\" content=\"article\" \/>\n<meta property=\"og:title\" content=\"Ground School Beech King Air B200 e C90 - Delta 5\" \/>\n<meta property=\"og:description\" content=\"Reserve sua vaga Via WhatsApp (11) 96157-2175 e para verificar as datas de pr\u00f3ximas turmas.  Para efetivar sua matr\u00edcula voc\u00ea dever\u00e1 preencher a FICHA DE INSCRI\u00c7\u00c3O e tamb\u00e9m PAGAR A TAXA DE MATR\u00cdCULA (R$ 250,00).  Antes de iniciar o curso voc\u00ea pagar\u00e1 o valor restante.  Aceitamos o pagamento em dinheiro, PIX, cart\u00e3o de cr\u00e9dito ou d\u00e9bito (aceitamos VISA, MasterCard, American Express e as principais bandeiras de cart\u00f5es, confirme conosco se necess\u00e1rio) e transfer\u00eancia banc\u00e1ria.  Cancelamento de Inscri\u00e7\u00e3o: Para cancelamento at\u00e9 07 dias uteis antes da data do in\u00edcio do curso, efetuaremos devolu\u00e7\u00e3o da Taxa de Inscri\u00e7\u00e3o. Cancelamentos ap\u00f3s esta data, o valor da Taxa de Inscri\u00e7\u00e3o ser\u00e1 retido para cobertura das nossas despesas administrativas.  Mais informa\u00e7\u00f5es? Envie uma mensagem!\" \/>\n<meta property=\"og:url\" content=\"https:\/\/delta5sim.com\/website\/produto\/ground-school-beech-king-air-b200-e-c90\/\" \/>\n<meta property=\"og:site_name\" content=\"Delta 5\" \/>\n<meta property=\"article:modified_time\" content=\"2025-02-14T12:25:22+00:00\" \/>\n<meta property=\"og:image\" content=\"https:\/\/delta5sim.com\/website\/wp-content\/uploads\/2023\/09\/delta5-simulador-dest.jpg\" \/>\n\t<meta property=\"og:image:width\" content=\"1601\" \/>\n\t<meta property=\"og:image:height\" content=\"900\" \/>\n\t<meta property=\"og:image:type\" content=\"image\/jpeg\" \/>\n<meta name=\"twitter:card\" content=\"summary_large_image\" \/>\n<meta name=\"twitter:label1\" content=\"Est. tempo de leitura\" \/>\n\t<meta name=\"twitter:data1\" content=\"3 minutos\" \/>\n<script type=\"application\/ld+json\" class=\"yoast-schema-graph\">{\"@context\":\"https:\/\/schema.org\",\"@graph\":[{\"@type\":\"WebPage\",\"@id\":\"https:\/\/delta5sim.com\/website\/produto\/ground-school-beech-king-air-b200-e-c90\/\",\"url\":\"https:\/\/delta5sim.com\/website\/produto\/ground-school-beech-king-air-b200-e-c90\/\",\"name\":\"Ground School Beech King Air B200 e C90 - Delta 5\",\"isPartOf\":{\"@id\":\"https:\/\/delta5sim.com\/website\/#website\"},\"primaryImageOfPage\":{\"@id\":\"https:\/\/delta5sim.com\/website\/produto\/ground-school-beech-king-air-b200-e-c90\/#primaryimage\"},\"image\":{\"@id\":\"https:\/\/delta5sim.com\/website\/produto\/ground-school-beech-king-air-b200-e-c90\/#primaryimage\"},\"thumbnailUrl\":\"https:\/\/delta5sim.com\/website\/wp-content\/uploads\/2023\/09\/delta5-simulador-dest.jpg\",\"datePublished\":\"2023-12-03T16:44:20+00:00\",\"dateModified\":\"2025-02-14T12:25:22+00:00\",\"breadcrumb\":{\"@id\":\"https:\/\/delta5sim.com\/website\/produto\/ground-school-beech-king-air-b200-e-c90\/#breadcrumb\"},\"inLanguage\":\"pt-BR\",\"potentialAction\":[{\"@type\":\"ReadAction\",\"target\":[\"https:\/\/delta5sim.com\/website\/produto\/ground-school-beech-king-air-b200-e-c90\/\"]}]},{\"@type\":\"ImageObject\",\"inLanguage\":\"pt-BR\",\"@id\":\"https:\/\/delta5sim.com\/website\/produto\/ground-school-beech-king-air-b200-e-c90\/#primaryimage\",\"url\":\"https:\/\/delta5sim.com\/website\/wp-content\/uploads\/2023\/09\/delta5-simulador-dest.jpg\",\"contentUrl\":\"https:\/\/delta5sim.com\/website\/wp-content\/uploads\/2023\/09\/delta5-simulador-dest.jpg\",\"width\":1601,\"height\":900},{\"@type\":\"BreadcrumbList\",\"@id\":\"https:\/\/delta5sim.com\/website\/produto\/ground-school-beech-king-air-b200-e-c90\/#breadcrumb\",\"itemListElement\":[{\"@type\":\"ListItem\",\"position\":1,\"name\":\"In\u00edcio\",\"item\":\"https:\/\/delta5sim.com\/website\/\"},{\"@type\":\"ListItem\",\"position\":2,\"name\":\"Loja-3\",\"item\":\"https:\/\/delta5sim.com\/website\/loja3\/\"},{\"@type\":\"ListItem\",\"position\":3,\"name\":\"Ground School Beech King Air B200 e C90\"}]},{\"@type\":\"WebSite\",\"@id\":\"https:\/\/delta5sim.com\/website\/#website\",\"url\":\"https:\/\/delta5sim.com\/website\/\",\"name\":\"Delta 5\",\"description\":\"&quot;Treine antes de voar&quot;\",\"publisher\":{\"@id\":\"https:\/\/delta5sim.com\/website\/#organization\"},\"potentialAction\":[{\"@type\":\"SearchAction\",\"target\":{\"@type\":\"EntryPoint\",\"urlTemplate\":\"https:\/\/delta5sim.com\/website\/?s={search_term_string}\"},\"query-input\":{\"@type\":\"PropertyValueSpecification\",\"valueRequired\":true,\"valueName\":\"search_term_string\"}}],\"inLanguage\":\"pt-BR\"},{\"@type\":\"Organization\",\"@id\":\"https:\/\/delta5sim.com\/website\/#organization\",\"name\":\"Delta 5\",\"url\":\"https:\/\/delta5sim.com\/website\/\",\"logo\":{\"@type\":\"ImageObject\",\"inLanguage\":\"pt-BR\",\"@id\":\"https:\/\/delta5sim.com\/website\/#\/schema\/logo\/image\/\",\"url\":\"https:\/\/delta5sim.com\/website\/wp-content\/uploads\/2023\/09\/Delta5_CIAC.png\",\"contentUrl\":\"https:\/\/delta5sim.com\/website\/wp-content\/uploads\/2023\/09\/Delta5_CIAC.png\",\"width\":2463,\"height\":783,\"caption\":\"Delta 5\"},\"image\":{\"@id\":\"https:\/\/delta5sim.com\/website\/#\/schema\/logo\/image\/\"}}]}<\/script>\n<!-- \/ Yoast SEO plugin. -->","yoast_head_json":{"title":"Ground School Beech King Air B200 e C90 - Delta 5","robots":{"index":"index","follow":"follow","max-snippet":"max-snippet:-1","max-image-preview":"max-image-preview:large","max-video-preview":"max-video-preview:-1"},"canonical":"https:\/\/delta5sim.com\/website\/produto\/ground-school-beech-king-air-b200-e-c90\/","og_locale":"pt_BR","og_type":"article","og_title":"Ground School Beech King Air B200 e C90 - Delta 5","og_description":"Reserve sua vaga Via WhatsApp (11) 96157-2175 e para verificar as datas de pr\u00f3ximas turmas.  Para efetivar sua matr\u00edcula voc\u00ea dever\u00e1 preencher a FICHA DE INSCRI\u00c7\u00c3O e tamb\u00e9m PAGAR A TAXA DE MATR\u00cdCULA (R$ 250,00).  Antes de iniciar o curso voc\u00ea pagar\u00e1 o valor restante.  Aceitamos o pagamento em dinheiro, PIX, cart\u00e3o de cr\u00e9dito ou d\u00e9bito (aceitamos VISA, MasterCard, American Express e as principais bandeiras de cart\u00f5es, confirme conosco se necess\u00e1rio) e transfer\u00eancia banc\u00e1ria.  Cancelamento de Inscri\u00e7\u00e3o: Para cancelamento at\u00e9 07 dias uteis antes da data do in\u00edcio do curso, efetuaremos devolu\u00e7\u00e3o da Taxa de Inscri\u00e7\u00e3o. Cancelamentos ap\u00f3s esta data, o valor da Taxa de Inscri\u00e7\u00e3o ser\u00e1 retido para cobertura das nossas despesas administrativas.  Mais informa\u00e7\u00f5es? Envie uma mensagem!","og_url":"https:\/\/delta5sim.com\/website\/produto\/ground-school-beech-king-air-b200-e-c90\/","og_site_name":"Delta 5","article_modified_time":"2025-02-14T12:25:22+00:00","og_image":[{"width":1601,"height":900,"url":"https:\/\/delta5sim.com\/website\/wp-content\/uploads\/2023\/09\/delta5-simulador-dest.jpg","type":"image\/jpeg"}],"twitter_card":"summary_large_image","twitter_misc":{"Est. tempo de leitura":"3 minutos"},"schema":{"@context":"https:\/\/schema.org","@graph":[{"@type":"WebPage","@id":"https:\/\/delta5sim.com\/website\/produto\/ground-school-beech-king-air-b200-e-c90\/","url":"https:\/\/delta5sim.com\/website\/produto\/ground-school-beech-king-air-b200-e-c90\/","name":"Ground School Beech King Air B200 e C90 - Delta 5","isPartOf":{"@id":"https:\/\/delta5sim.com\/website\/#website"},"primaryImageOfPage":{"@id":"https:\/\/delta5sim.com\/website\/produto\/ground-school-beech-king-air-b200-e-c90\/#primaryimage"},"image":{"@id":"https:\/\/delta5sim.com\/website\/produto\/ground-school-beech-king-air-b200-e-c90\/#primaryimage"},"thumbnailUrl":"https:\/\/delta5sim.com\/website\/wp-content\/uploads\/2023\/09\/delta5-simulador-dest.jpg","datePublished":"2023-12-03T16:44:20+00:00","dateModified":"2025-02-14T12:25:22+00:00","breadcrumb":{"@id":"https:\/\/delta5sim.com\/website\/produto\/ground-school-beech-king-air-b200-e-c90\/#breadcrumb"},"inLanguage":"pt-BR","potentialAction":[{"@type":"ReadAction","target":["https:\/\/delta5sim.com\/website\/produto\/ground-school-beech-king-air-b200-e-c90\/"]}]},{"@type":"ImageObject","inLanguage":"pt-BR","@id":"https:\/\/delta5sim.com\/website\/produto\/ground-school-beech-king-air-b200-e-c90\/#primaryimage","url":"https:\/\/delta5sim.com\/website\/wp-content\/uploads\/2023\/09\/delta5-simulador-dest.jpg","contentUrl":"https:\/\/delta5sim.com\/website\/wp-content\/uploads\/2023\/09\/delta5-simulador-dest.jpg","width":1601,"height":900},{"@type":"BreadcrumbList","@id":"https:\/\/delta5sim.com\/website\/produto\/ground-school-beech-king-air-b200-e-c90\/#breadcrumb","itemListElement":[{"@type":"ListItem","position":1,"name":"In\u00edcio","item":"https:\/\/delta5sim.com\/website\/"},{"@type":"ListItem","position":2,"name":"Loja-3","item":"https:\/\/delta5sim.com\/website\/loja3\/"},{"@type":"ListItem","position":3,"name":"Ground School Beech King Air B200 e C90"}]},{"@type":"WebSite","@id":"https:\/\/delta5sim.com\/website\/#website","url":"https:\/\/delta5sim.com\/website\/","name":"Delta 5","description":"&quot;Treine antes de voar&quot;","publisher":{"@id":"https:\/\/delta5sim.com\/website\/#organization"},"potentialAction":[{"@type":"SearchAction","target":{"@type":"EntryPoint","urlTemplate":"https:\/\/delta5sim.com\/website\/?s={search_term_string}"},"query-input":{"@type":"PropertyValueSpecification","valueRequired":true,"valueName":"search_term_string"}}],"inLanguage":"pt-BR"},{"@type":"Organization","@id":"https:\/\/delta5sim.com\/website\/#organization","name":"Delta 5","url":"https:\/\/delta5sim.com\/website\/","logo":{"@type":"ImageObject","inLanguage":"pt-BR","@id":"https:\/\/delta5sim.com\/website\/#\/schema\/logo\/image\/","url":"https:\/\/delta5sim.com\/website\/wp-content\/uploads\/2023\/09\/Delta5_CIAC.png","contentUrl":"https:\/\/delta5sim.com\/website\/wp-content\/uploads\/2023\/09\/Delta5_CIAC.png","width":2463,"height":783,"caption":"Delta 5"},"image":{"@id":"https:\/\/delta5sim.com\/website\/#\/schema\/logo\/image\/"}}]}},"_links":{"self":[{"href":"https:\/\/delta5sim.com\/website\/wp-json\/wp\/v2\/product\/47","targetHints":{"allow":["GET"]}}],"collection":[{"href":"https:\/\/delta5sim.com\/website\/wp-json\/wp\/v2\/product"}],"about":[{"href":"https:\/\/delta5sim.com\/website\/wp-json\/wp\/v2\/types\/product"}],"version-history":[{"count":11,"href":"https:\/\/delta5sim.com\/website\/wp-json\/wp\/v2\/product\/47\/revisions"}],"predecessor-version":[{"id":469354,"href":"https:\/\/delta5sim.com\/website\/wp-json\/wp\/v2\/product\/47\/revisions\/469354"}],"wp:featuredmedia":[{"embeddable":true,"href":"https:\/\/delta5sim.com\/website\/wp-json\/wp\/v2\/media\/2315"}],"wp:attachment":[{"href":"https:\/\/delta5sim.com\/website\/wp-json\/wp\/v2\/media?parent=47"}],"wp:term":[{"taxonomy":"product_brand","embeddable":true,"href":"https:\/\/delta5sim.com\/website\/wp-json\/wp\/v2\/product_brand?post=47"},{"taxonomy":"product_cat","embeddable":true,"href":"https:\/\/delta5sim.com\/website\/wp-json\/wp\/v2\/product_cat?post=47"},{"taxonomy":"product_tag","embeddable":true,"href":"https:\/\/delta5sim.com\/website\/wp-json\/wp\/v2\/product_tag?post=47"}],"curies":[{"name":"wp","href":"https:\/\/api.w.org\/{rel}","templated":true}]}}