{"id":469283,"date":"2025-02-11T17:07:56","date_gmt":"2025-02-11T20:07:56","guid":{"rendered":"https:\/\/delta5sim.com\/?post_type=product&#038;p=469283"},"modified":"2026-01-29T11:05:24","modified_gmt":"2026-01-29T14:05:24","slug":"ground-school-cessna-caravan","status":"publish","type":"product","link":"https:\/\/delta5sim.com\/website\/produto\/ground-school-cessna-caravan\/","title":{"rendered":"Ground School Cessna Caravan"},"content":{"rendered":"<p>A Delta 5 est\u00e1 disponibilizando ao mercado, seu novo simulador de Cessna Caravan para curso de Formac\u0327a\u0303o e Atualizac\u0327a\u0303o de Pilotos.<\/p>\n<p>Certificado\u00a0 <strong>ANAC FTD-C28B-001 &#8211;<\/strong>\u00a0<strong>N\u00edvel 4<\/strong> para garantir que o equipamento atenda ao padra\u0303o de operac\u0327a\u0303o da aeronave real que ele representa.<\/p>\n<h2>O nosso compromisso e\u0301 treinar pilotos dentro dos melhores padro\u0303es internacionais de operac\u0327a\u0303o com seguranc\u0327a.<\/h2>\n<p>O curso inicial do Cessna Caravan fornece uma vis\u00e3o geral dos sistemas, desempenho e procedimentos da aeronave. Voc\u00ea ter\u00e1 a oportunidade de obter conhecimento e profici\u00eancia em procedimentos normais e de emerg\u00eancia. A combina\u00e7\u00e3o de nossos simuladores de alta fidelidade, turmas pequenas e instrutores experientes fornece o ambiente de aprendizagem ideal.<\/p>\n<p>Normalmente o curso e\u0301 feito em<strong> 5 a 8 dias.<\/strong><\/p>\n<ul>\n<li>Dois dias de treinamento em sala de aula, totalizando <strong>16 horas<\/strong> de treinamento;<\/li>\n<li>Cinco sess\u00f5es com 2 horas cada, totalizando <strong>10 horas<\/strong> de treinamento.<\/li>\n<\/ul>\n<h2>Conte\u00fados<\/h2>\n<p><strong>Ground School<\/strong><\/p>\n<p>Apresenta\u00e7\u00e3o de todos os sistemas, checks de sistemas, acionamento, perfis de operac\u0327a\u0303o na decolagem, subida, voo nivelado, descida e aproximac\u0327a\u0303o para pouso, power settings, pilot checklist, performance e planejamento de voo.<\/p>\n<p><strong>Aulas Pr\u00e1ticas no Simulador<\/strong><\/p>\n<p>Durante o treinamento no simulador, ocorrem os procedimentos <strong>normal, abnormal\u00a0 e emergency procedures<\/strong> em todas as fases da operac\u0327a\u0303o da aeronave, apresentadas no Ground School de modo a tornar o piloto capaz de operar, com seguranc\u0327a um Cessna Caravan.<\/p>\n<p><strong>Aten\u00e7\u00e3o:<\/strong> note que o curso ora apresentado na\u0303o habilita os pilotos. Trata-se apenas de um treinamento que visa a desenvolver e treinar os pilotos nas habilidades mi\u0301nimas necessa\u0301rias a\u0300 operac\u0327a\u0303o da aeronave Cessna Caravan.<\/p>\n<p>Est\u00e1 incluso no Curso:<\/p>\n<ul>\n<li>Mockup do painel;<\/li>\n<li>O Ground School (aulas te\u00f3ricas);<\/li>\n<li>O Treinamento no Simulador (aulas pr\u00e1ticas);<\/li>\n<li>Certificado de Conclus\u00e3o com Carga-Hor\u00e1ria e Conte\u00fado Program\u00e1tico.<\/li>\n<\/ul>\n<p>&nbsp;<\/p>\n<p>O treinamento em simulador e\u0301 feito individualmente.<\/p>\n<p>&nbsp;<\/p>\n<div id=\"jig1\" class=\"justified-image-grid jig-125e6713ba89f213c3b10c4bfa8e3201 jig-preset-global jig-source-wp-gallery\"><div class=\"jig-clearfix\"><\/div><noscript id=\"jig1-html\" class=\"justified-image-grid-html\" data-lazy-src=\"skiplazyload\" data-src=\"skipunveillazyload\"><ul><li><a href=\"https:\/\/delta5sim.com\/website\/wp-content\/uploads\/2025\/02\/20250206_171705-scaled-e1776959866476.jpg\"><img fetchpriority=\"high\" decoding=\"async\" src=\"https:\/\/delta5sim.com\/website\/wp-content\/uploads\/2025\/02\/20250206_171705-scaled-e1776959866476.jpg\" alt=\"\" width=\"666\" height=\"500\" \/><\/a><\/li><li><a href=\"https:\/\/delta5sim.com\/website\/wp-content\/uploads\/2025\/02\/20250206_171722-scaled.jpg\"><img decoding=\"async\" src=\"https:\/\/delta5sim.com\/website\/wp-content\/uploads\/2025\/02\/20250206_171722-scaled.jpg\" alt=\"\" width=\"375\" height=\"500\" \/><\/a><\/li><li><a href=\"https:\/\/delta5sim.com\/website\/wp-content\/uploads\/2025\/02\/20250206_171714-scaled.jpg\"><img decoding=\"async\" src=\"https:\/\/delta5sim.com\/website\/wp-content\/uploads\/2025\/02\/20250206_171714-scaled.jpg\" alt=\"\" width=\"375\" height=\"500\" \/><\/a><\/li><li><a href=\"https:\/\/delta5sim.com\/website\/wp-content\/uploads\/2025\/02\/20250211_181842-scaled.jpg\"><img loading=\"lazy\" decoding=\"async\" src=\"https:\/\/delta5sim.com\/website\/wp-content\/uploads\/2025\/02\/20250211_181842-scaled.jpg\" alt=\"\" width=\"666\" height=\"500\" \/><\/a><\/li><li><a href=\"https:\/\/delta5sim.com\/website\/wp-content\/uploads\/2025\/02\/20250211_181903-scaled.jpg\"><img loading=\"lazy\" decoding=\"async\" src=\"https:\/\/delta5sim.com\/website\/wp-content\/uploads\/2025\/02\/20250211_181903-scaled.jpg\" alt=\"\" width=\"666\" height=\"500\" \/><\/a><\/li><li><a href=\"https:\/\/delta5sim.com\/website\/wp-content\/uploads\/2025\/02\/20250211_181912-scaled.jpg\"><img loading=\"lazy\" decoding=\"async\" src=\"https:\/\/delta5sim.com\/website\/wp-content\/uploads\/2025\/02\/20250211_181912-scaled.jpg\" alt=\"\" width=\"375\" height=\"500\" \/><\/a><\/li><li><a href=\"https:\/\/delta5sim.com\/website\/wp-content\/uploads\/2025\/02\/20250211_181933-scaled.jpg\"><img loading=\"lazy\" decoding=\"async\" src=\"https:\/\/delta5sim.com\/website\/wp-content\/uploads\/2025\/02\/20250211_181933-scaled.jpg\" alt=\"\" width=\"375\" height=\"500\" \/><\/a><\/li><li><a href=\"https:\/\/delta5sim.com\/website\/wp-content\/uploads\/2025\/02\/20250211_181940-scaled.jpg\"><img loading=\"lazy\" decoding=\"async\" src=\"https:\/\/delta5sim.com\/website\/wp-content\/uploads\/2025\/02\/20250211_181940-scaled.jpg\" alt=\"\" width=\"375\" height=\"500\" \/><\/a><\/li><li><a href=\"https:\/\/delta5sim.com\/website\/wp-content\/uploads\/2025\/02\/20250211_181954-scaled.jpg\"><img loading=\"lazy\" decoding=\"async\" src=\"https:\/\/delta5sim.com\/website\/wp-content\/uploads\/2025\/02\/20250211_181954-scaled.jpg\" alt=\"\" width=\"666\" height=\"500\" \/><\/a><\/li><li><a href=\"https:\/\/delta5sim.com\/website\/wp-content\/uploads\/2025\/02\/20250211_182011-scaled.jpg\"><img loading=\"lazy\" decoding=\"async\" src=\"https:\/\/delta5sim.com\/website\/wp-content\/uploads\/2025\/02\/20250211_182011-scaled.jpg\" alt=\"\" width=\"666\" height=\"500\" \/><\/a><\/li><li><a href=\"https:\/\/delta5sim.com\/website\/wp-content\/uploads\/2025\/02\/20250211_182057-scaled-e1777410832412.jpg\"><img loading=\"lazy\" decoding=\"async\" src=\"https:\/\/delta5sim.com\/website\/wp-content\/uploads\/2025\/02\/20250211_182057-scaled-e1777410832412.jpg\" alt=\"\" width=\"666\" height=\"500\" \/><\/a><\/li><li><a href=\"https:\/\/delta5sim.com\/website\/wp-content\/uploads\/2025\/02\/20250211_182108-scaled.jpg\"><img loading=\"lazy\" decoding=\"async\" src=\"https:\/\/delta5sim.com\/website\/wp-content\/uploads\/2025\/02\/20250211_182108-scaled.jpg\" alt=\"\" width=\"666\" height=\"500\" \/><\/a><\/li><li><a href=\"https:\/\/delta5sim.com\/website\/wp-content\/uploads\/2025\/02\/20250211_182130-scaled.jpg\"><img loading=\"lazy\" decoding=\"async\" src=\"https:\/\/delta5sim.com\/website\/wp-content\/uploads\/2025\/02\/20250211_182130-scaled.jpg\" alt=\"\" width=\"666\" height=\"500\" \/><\/a><\/li><li><a href=\"https:\/\/delta5sim.com\/website\/wp-content\/uploads\/2025\/02\/20250211_182138-scaled.jpg\"><img loading=\"lazy\" decoding=\"async\" src=\"https:\/\/delta5sim.com\/website\/wp-content\/uploads\/2025\/02\/20250211_182138-scaled.jpg\" alt=\"\" width=\"666\" height=\"500\" \/><\/a><\/li><li><a href=\"https:\/\/delta5sim.com\/website\/wp-content\/uploads\/2025\/02\/20250204_124217-scaled.jpg\"><img loading=\"lazy\" decoding=\"async\" src=\"https:\/\/delta5sim.com\/website\/wp-content\/uploads\/2025\/02\/20250204_124217-scaled.jpg\" alt=\"\" width=\"666\" height=\"500\" \/><\/a><\/li><\/ul><\/noscript><\/div>\n","protected":false},"excerpt":{"rendered":"<h2>Reserve sua vaga<\/h2>\n<p>Via <a href=\"https:\/\/wa.me\/5511961572175?text=Oi%20por%20favor%20acessei%20o%20site%20da%20Delta5%20e%20quero%20saber%20mais%20para%20me%20matricular%20no%20Jet%20Training\" target=\"_blank\" rel=\"noopener\">WhatsApp (11) 96157-2175<\/a> e para verificar as datas de pr\u00f3ximas turmas.<\/p>\n<p>Para efetivar sua matr\u00edcula voc\u00ea dever\u00e1 preencher a <a href=\"https:\/\/delta5sim.com\/website\/inscricao\/\">FICHA DE INSCRI\u00c7\u00c3O<\/a> e tamb\u00e9m <a href=\"https:\/\/delta5sim.com\/inscricao\/?add-to-cart=45\">PAGAR A TAXA DE MATR\u00cdCULA (R$ 250,00)<\/a>.<\/p>\n<p>Antes de iniciar o curso voc\u00ea pagar\u00e1 o valor restante.<\/p>\n<p>Aceitamos o pagamento em dinheiro, PIX, cart\u00e3o de cr\u00e9dito ou d\u00e9bito (aceitamos VISA, MasterCard, American Express e as principais bandeiras de cart\u00f5es, confirme conosco se necess\u00e1rio) e transfer\u00eancia banc\u00e1ria.<\/p>\n<p><strong>Cancelamento de Inscri\u00e7\u00e3o:<\/strong> Para cancelamento at\u00e9 07 dias uteis antes da data do in\u00edcio do curso, efetuaremos devolu\u00e7\u00e3o da Taxa de Inscri\u00e7\u00e3o. Cancelamentos ap\u00f3s esta data, o valor da Taxa de Inscri\u00e7\u00e3o ser\u00e1 retido para cobertura das nossas despesas administrativas.<\/p>\n<p>Mais informa\u00e7\u00f5es? <a href=\"https:\/\/api.whatsapp.com\/send?phone=5511961572175&amp;text=Ol%C3%A1!%20Gostaria%20de%20mais%20informa%C3%A7%C3%B5es%20sobre%20o%20curso%20%22Ground%20School%20Cessna%20Gran%20Caravan%22.\" target=\"_blank\" rel=\"noopener\">Envie uma mensagem!<\/a><a href=\"https:\/\/delta5sim.com\/website\/wp-content\/uploads\/2023\/09\/whatsapp-icone-30.png\"><img loading=\"lazy\" decoding=\"async\" class=\"alignnone size-full wp-image-3645\" src=\"https:\/\/delta5sim.com\/website\/wp-content\/uploads\/2023\/09\/whatsapp-icone-30.png\" alt=\"\" width=\"30\" height=\"30\" \/><\/a><\/p>\n","protected":false},"featured_media":470150,"template":"","meta":[],"product_brand":[],"product_cat":[63,17],"product_tag":[64,65,66,67,68,69],"class_list":{"0":"post-469283","1":"product","2":"type-product","3":"status-publish","4":"has-post-thumbnail","6":"product_cat-produtos","7":"product_cat-profissionais","8":"product_tag-b200","9":"product_tag-beechcraft","10":"product_tag-c90","11":"product_tag-king-air","12":"product_tag-mlte","13":"product_tag-multimotor","15":"first","16":"instock","17":"shipping-taxable","18":"product-type-simple"},"yoast_head":"<!-- This site is optimized with the Yoast SEO plugin v27.2 - https:\/\/yoast.com\/product\/yoast-seo-wordpress\/ -->\n<title>Ground School Cessna Caravan - Delta 5<\/title>\n<meta name=\"robots\" content=\"index, follow, max-snippet:-1, max-image-preview:large, max-video-preview:-1\" \/>\n<link rel=\"canonical\" href=\"https:\/\/delta5sim.com\/website\/produto\/ground-school-cessna-caravan\/\" \/>\n<meta property=\"og:locale\" content=\"pt_BR\" \/>\n<meta property=\"og:type\" content=\"article\" \/>\n<meta property=\"og:title\" content=\"Ground School Cessna Caravan - Delta 5\" \/>\n<meta property=\"og:description\" content=\"Reserve sua vaga Via WhatsApp (11) 96157-2175 e para verificar as datas de pr\u00f3ximas turmas.  Para efetivar sua matr\u00edcula voc\u00ea dever\u00e1 preencher a FICHA DE INSCRI\u00c7\u00c3O e tamb\u00e9m PAGAR A TAXA DE MATR\u00cdCULA (R$ 250,00).  Antes de iniciar o curso voc\u00ea pagar\u00e1 o valor restante.  Aceitamos o pagamento em dinheiro, PIX, cart\u00e3o de cr\u00e9dito ou d\u00e9bito (aceitamos VISA, MasterCard, American Express e as principais bandeiras de cart\u00f5es, confirme conosco se necess\u00e1rio) e transfer\u00eancia banc\u00e1ria.  Cancelamento de Inscri\u00e7\u00e3o: Para cancelamento at\u00e9 07 dias uteis antes da data do in\u00edcio do curso, efetuaremos devolu\u00e7\u00e3o da Taxa de Inscri\u00e7\u00e3o. Cancelamentos ap\u00f3s esta data, o valor da Taxa de Inscri\u00e7\u00e3o ser\u00e1 retido para cobertura das nossas despesas administrativas.  Mais informa\u00e7\u00f5es? Envie uma mensagem!\" \/>\n<meta property=\"og:url\" content=\"https:\/\/delta5sim.com\/website\/produto\/ground-school-cessna-caravan\/\" \/>\n<meta property=\"og:site_name\" content=\"Delta 5\" \/>\n<meta property=\"article:modified_time\" content=\"2026-01-29T14:05:24+00:00\" \/>\n<meta property=\"og:image\" content=\"https:\/\/delta5sim.com\/website\/wp-content\/uploads\/2025\/02\/ground-school-delta5.jpg\" \/>\n\t<meta property=\"og:image:width\" content=\"1600\" \/>\n\t<meta property=\"og:image:height\" content=\"900\" \/>\n\t<meta property=\"og:image:type\" content=\"image\/jpeg\" \/>\n<meta name=\"twitter:card\" content=\"summary_large_image\" \/>\n<meta name=\"twitter:label1\" content=\"Est. tempo de leitura\" \/>\n\t<meta name=\"twitter:data1\" content=\"2 minutos\" \/>\n<script type=\"application\/ld+json\" class=\"yoast-schema-graph\">{\"@context\":\"https:\/\/schema.org\",\"@graph\":[{\"@type\":\"WebPage\",\"@id\":\"https:\/\/delta5sim.com\/website\/produto\/ground-school-cessna-caravan\/\",\"url\":\"https:\/\/delta5sim.com\/website\/produto\/ground-school-cessna-caravan\/\",\"name\":\"Ground School Cessna Caravan - Delta 5\",\"isPartOf\":{\"@id\":\"https:\/\/delta5sim.com\/website\/#website\"},\"primaryImageOfPage\":{\"@id\":\"https:\/\/delta5sim.com\/website\/produto\/ground-school-cessna-caravan\/#primaryimage\"},\"image\":{\"@id\":\"https:\/\/delta5sim.com\/website\/produto\/ground-school-cessna-caravan\/#primaryimage\"},\"thumbnailUrl\":\"https:\/\/delta5sim.com\/website\/wp-content\/uploads\/2025\/02\/ground-school-delta5-e1776960184663.jpg\",\"datePublished\":\"2025-02-11T20:07:56+00:00\",\"dateModified\":\"2026-01-29T14:05:24+00:00\",\"breadcrumb\":{\"@id\":\"https:\/\/delta5sim.com\/website\/produto\/ground-school-cessna-caravan\/#breadcrumb\"},\"inLanguage\":\"pt-BR\",\"potentialAction\":[{\"@type\":\"ReadAction\",\"target\":[\"https:\/\/delta5sim.com\/website\/produto\/ground-school-cessna-caravan\/\"]}]},{\"@type\":\"ImageObject\",\"inLanguage\":\"pt-BR\",\"@id\":\"https:\/\/delta5sim.com\/website\/produto\/ground-school-cessna-caravan\/#primaryimage\",\"url\":\"https:\/\/delta5sim.com\/website\/wp-content\/uploads\/2025\/02\/ground-school-delta5-e1776960184663.jpg\",\"contentUrl\":\"https:\/\/delta5sim.com\/website\/wp-content\/uploads\/2025\/02\/ground-school-delta5-e1776960184663.jpg\",\"width\":924,\"height\":300},{\"@type\":\"BreadcrumbList\",\"@id\":\"https:\/\/delta5sim.com\/website\/produto\/ground-school-cessna-caravan\/#breadcrumb\",\"itemListElement\":[{\"@type\":\"ListItem\",\"position\":1,\"name\":\"In\u00edcio\",\"item\":\"https:\/\/delta5sim.com\/website\/\"},{\"@type\":\"ListItem\",\"position\":2,\"name\":\"Loja-3\",\"item\":\"https:\/\/delta5sim.com\/website\/loja3\/\"},{\"@type\":\"ListItem\",\"position\":3,\"name\":\"Ground School Cessna Caravan\"}]},{\"@type\":\"WebSite\",\"@id\":\"https:\/\/delta5sim.com\/website\/#website\",\"url\":\"https:\/\/delta5sim.com\/website\/\",\"name\":\"Delta 5\",\"description\":\"&quot;Treine antes de voar&quot;\",\"publisher\":{\"@id\":\"https:\/\/delta5sim.com\/website\/#organization\"},\"potentialAction\":[{\"@type\":\"SearchAction\",\"target\":{\"@type\":\"EntryPoint\",\"urlTemplate\":\"https:\/\/delta5sim.com\/website\/?s={search_term_string}\"},\"query-input\":{\"@type\":\"PropertyValueSpecification\",\"valueRequired\":true,\"valueName\":\"search_term_string\"}}],\"inLanguage\":\"pt-BR\"},{\"@type\":\"Organization\",\"@id\":\"https:\/\/delta5sim.com\/website\/#organization\",\"name\":\"Delta 5\",\"url\":\"https:\/\/delta5sim.com\/website\/\",\"logo\":{\"@type\":\"ImageObject\",\"inLanguage\":\"pt-BR\",\"@id\":\"https:\/\/delta5sim.com\/website\/#\/schema\/logo\/image\/\",\"url\":\"https:\/\/delta5sim.com\/website\/wp-content\/uploads\/2023\/09\/Delta5_CIAC.png\",\"contentUrl\":\"https:\/\/delta5sim.com\/website\/wp-content\/uploads\/2023\/09\/Delta5_CIAC.png\",\"width\":2463,\"height\":783,\"caption\":\"Delta 5\"},\"image\":{\"@id\":\"https:\/\/delta5sim.com\/website\/#\/schema\/logo\/image\/\"}}]}<\/script>\n<!-- \/ Yoast SEO plugin. -->","yoast_head_json":{"title":"Ground School Cessna Caravan - Delta 5","robots":{"index":"index","follow":"follow","max-snippet":"max-snippet:-1","max-image-preview":"max-image-preview:large","max-video-preview":"max-video-preview:-1"},"canonical":"https:\/\/delta5sim.com\/website\/produto\/ground-school-cessna-caravan\/","og_locale":"pt_BR","og_type":"article","og_title":"Ground School Cessna Caravan - Delta 5","og_description":"Reserve sua vaga Via WhatsApp (11) 96157-2175 e para verificar as datas de pr\u00f3ximas turmas.  Para efetivar sua matr\u00edcula voc\u00ea dever\u00e1 preencher a FICHA DE INSCRI\u00c7\u00c3O e tamb\u00e9m PAGAR A TAXA DE MATR\u00cdCULA (R$ 250,00).  Antes de iniciar o curso voc\u00ea pagar\u00e1 o valor restante.  Aceitamos o pagamento em dinheiro, PIX, cart\u00e3o de cr\u00e9dito ou d\u00e9bito (aceitamos VISA, MasterCard, American Express e as principais bandeiras de cart\u00f5es, confirme conosco se necess\u00e1rio) e transfer\u00eancia banc\u00e1ria.  Cancelamento de Inscri\u00e7\u00e3o: Para cancelamento at\u00e9 07 dias uteis antes da data do in\u00edcio do curso, efetuaremos devolu\u00e7\u00e3o da Taxa de Inscri\u00e7\u00e3o. Cancelamentos ap\u00f3s esta data, o valor da Taxa de Inscri\u00e7\u00e3o ser\u00e1 retido para cobertura das nossas despesas administrativas.  Mais informa\u00e7\u00f5es? Envie uma mensagem!","og_url":"https:\/\/delta5sim.com\/website\/produto\/ground-school-cessna-caravan\/","og_site_name":"Delta 5","article_modified_time":"2026-01-29T14:05:24+00:00","og_image":[{"width":1600,"height":900,"url":"https:\/\/delta5sim.com\/website\/wp-content\/uploads\/2025\/02\/ground-school-delta5.jpg","type":"image\/jpeg"}],"twitter_card":"summary_large_image","twitter_misc":{"Est. tempo de leitura":"2 minutos"},"schema":{"@context":"https:\/\/schema.org","@graph":[{"@type":"WebPage","@id":"https:\/\/delta5sim.com\/website\/produto\/ground-school-cessna-caravan\/","url":"https:\/\/delta5sim.com\/website\/produto\/ground-school-cessna-caravan\/","name":"Ground School Cessna Caravan - Delta 5","isPartOf":{"@id":"https:\/\/delta5sim.com\/website\/#website"},"primaryImageOfPage":{"@id":"https:\/\/delta5sim.com\/website\/produto\/ground-school-cessna-caravan\/#primaryimage"},"image":{"@id":"https:\/\/delta5sim.com\/website\/produto\/ground-school-cessna-caravan\/#primaryimage"},"thumbnailUrl":"https:\/\/delta5sim.com\/website\/wp-content\/uploads\/2025\/02\/ground-school-delta5-e1776960184663.jpg","datePublished":"2025-02-11T20:07:56+00:00","dateModified":"2026-01-29T14:05:24+00:00","breadcrumb":{"@id":"https:\/\/delta5sim.com\/website\/produto\/ground-school-cessna-caravan\/#breadcrumb"},"inLanguage":"pt-BR","potentialAction":[{"@type":"ReadAction","target":["https:\/\/delta5sim.com\/website\/produto\/ground-school-cessna-caravan\/"]}]},{"@type":"ImageObject","inLanguage":"pt-BR","@id":"https:\/\/delta5sim.com\/website\/produto\/ground-school-cessna-caravan\/#primaryimage","url":"https:\/\/delta5sim.com\/website\/wp-content\/uploads\/2025\/02\/ground-school-delta5-e1776960184663.jpg","contentUrl":"https:\/\/delta5sim.com\/website\/wp-content\/uploads\/2025\/02\/ground-school-delta5-e1776960184663.jpg","width":924,"height":300},{"@type":"BreadcrumbList","@id":"https:\/\/delta5sim.com\/website\/produto\/ground-school-cessna-caravan\/#breadcrumb","itemListElement":[{"@type":"ListItem","position":1,"name":"In\u00edcio","item":"https:\/\/delta5sim.com\/website\/"},{"@type":"ListItem","position":2,"name":"Loja-3","item":"https:\/\/delta5sim.com\/website\/loja3\/"},{"@type":"ListItem","position":3,"name":"Ground School Cessna Caravan"}]},{"@type":"WebSite","@id":"https:\/\/delta5sim.com\/website\/#website","url":"https:\/\/delta5sim.com\/website\/","name":"Delta 5","description":"&quot;Treine antes de voar&quot;","publisher":{"@id":"https:\/\/delta5sim.com\/website\/#organization"},"potentialAction":[{"@type":"SearchAction","target":{"@type":"EntryPoint","urlTemplate":"https:\/\/delta5sim.com\/website\/?s={search_term_string}"},"query-input":{"@type":"PropertyValueSpecification","valueRequired":true,"valueName":"search_term_string"}}],"inLanguage":"pt-BR"},{"@type":"Organization","@id":"https:\/\/delta5sim.com\/website\/#organization","name":"Delta 5","url":"https:\/\/delta5sim.com\/website\/","logo":{"@type":"ImageObject","inLanguage":"pt-BR","@id":"https:\/\/delta5sim.com\/website\/#\/schema\/logo\/image\/","url":"https:\/\/delta5sim.com\/website\/wp-content\/uploads\/2023\/09\/Delta5_CIAC.png","contentUrl":"https:\/\/delta5sim.com\/website\/wp-content\/uploads\/2023\/09\/Delta5_CIAC.png","width":2463,"height":783,"caption":"Delta 5"},"image":{"@id":"https:\/\/delta5sim.com\/website\/#\/schema\/logo\/image\/"}}]}},"_links":{"self":[{"href":"https:\/\/delta5sim.com\/website\/wp-json\/wp\/v2\/product\/469283","targetHints":{"allow":["GET"]}}],"collection":[{"href":"https:\/\/delta5sim.com\/website\/wp-json\/wp\/v2\/product"}],"about":[{"href":"https:\/\/delta5sim.com\/website\/wp-json\/wp\/v2\/types\/product"}],"version-history":[{"count":25,"href":"https:\/\/delta5sim.com\/website\/wp-json\/wp\/v2\/product\/469283\/revisions"}],"predecessor-version":[{"id":470890,"href":"https:\/\/delta5sim.com\/website\/wp-json\/wp\/v2\/product\/469283\/revisions\/470890"}],"wp:featuredmedia":[{"embeddable":true,"href":"https:\/\/delta5sim.com\/website\/wp-json\/wp\/v2\/media\/470150"}],"wp:attachment":[{"href":"https:\/\/delta5sim.com\/website\/wp-json\/wp\/v2\/media?parent=469283"}],"wp:term":[{"taxonomy":"product_brand","embeddable":true,"href":"https:\/\/delta5sim.com\/website\/wp-json\/wp\/v2\/product_brand?post=469283"},{"taxonomy":"product_cat","embeddable":true,"href":"https:\/\/delta5sim.com\/website\/wp-json\/wp\/v2\/product_cat?post=469283"},{"taxonomy":"product_tag","embeddable":true,"href":"https:\/\/delta5sim.com\/website\/wp-json\/wp\/v2\/product_tag?post=469283"}],"curies":[{"name":"wp","href":"https:\/\/api.w.org\/{rel}","templated":true}]}}