{"id":33,"date":"2023-09-05T13:44:19","date_gmt":"2023-09-05T13:44:19","guid":{"rendered":"https:\/\/delta5sim.com\/website\/?post_type=product&#038;p=33"},"modified":"2026-01-02T12:39:37","modified_gmt":"2026-01-02T15:39:37","slug":"boeing-737-ng","status":"publish","type":"product","link":"https:\/\/delta5sim.com\/website\/produto\/boeing-737-ng\/","title":{"rendered":"Boeing 737 NG"},"content":{"rendered":"<p><strong><em>*valor por hora de simulador&#8221;<\/em><\/strong><\/p>\n<p>Compre aqui suas horas de voo em nosso simulador Boeing 737 NG.<\/p>\n<p><strong>Pilotos Profissionais<\/strong> devem escolher o tipo de treinamento que desejam realizar, marcando a op\u00e7\u00e3o Outros Treinamentos se n\u00e3o souberem informar.<\/p>\n<p>Todas as informa\u00e7\u00f5es sobre nosso simulador est\u00e3o dispon\u00edveis <a href=\"https:\/\/delta5sim.com\/website\/boeing-737-ng\/\">nesta p\u00e1gina<\/a>.<\/p>\n<p>O site Simulator Review publicou uma avalia\u00e7\u00e3o sobre nossos simuladores.<br \/>\n<em>&#8220;Delta 5 is a business that has a real passion for flight training and provides a quality, excellent value for money, choice for those wanting to further their career through jet training, IR training, or someone just wanting to further their interest in flight simulation. It\u2019s a business we can recommend to our readers and look forward to seeing the business grow and visiting it again when back in Brazil\u2019s most populous city, S\u00e3o Paulo.&#8221;\u00a0<\/em><\/p>\n<p>Para adquirir o <strong>Vale Presente Piloto por Um Dia<\/strong>, <a href=\"https:\/\/delta5sim.com\/produto\/vale-presente-piloto-por-um-dia-delta-5\/\">acesse aqui [+]<\/a><\/p>\n<p>&nbsp;<\/p>\n<div id=\"jig1\" class=\"justified-image-grid jig-360b3f783220a38cdfb0c2db317565fe jig-preset-global jig-source-wp-gallery\"><div class=\"jig-clearfix\"><\/div><noscript id=\"jig1-html\" class=\"justified-image-grid-html\" data-lazy-src=\"skiplazyload\" data-src=\"skipunveillazyload\"><ul><li><a href=\"https:\/\/delta5sim.com\/website\/wp-content\/uploads\/2023\/09\/destacada-delta5.jpg\"><img fetchpriority=\"high\" decoding=\"async\" src=\"https:\/\/delta5sim.com\/website\/wp-content\/uploads\/2023\/09\/destacada-delta5.jpg\" alt=\"\" width=\"888\" height=\"500\" \/><\/a><\/li><li><a href=\"https:\/\/delta5sim.com\/website\/wp-content\/uploads\/2023\/09\/377_over.jpg\" title=\"377_over\"><img decoding=\"async\" src=\"https:\/\/delta5sim.com\/website\/wp-content\/uploads\/2023\/09\/377_over.jpg\" alt=\"377_over\" width=\"900\" height=\"500\" \/><\/a><p class=\"jig-HTMLdescription\">377_over<\/p><\/li><li><a href=\"https:\/\/delta5sim.com\/website\/wp-content\/uploads\/2023\/09\/cat-entretenimento-delta-5.jpg\"><img decoding=\"async\" src=\"https:\/\/delta5sim.com\/website\/wp-content\/uploads\/2023\/09\/cat-entretenimento-delta-5.jpg\" alt=\"\" width=\"1125\" height=\"500\" \/><\/a><\/li><li><a href=\"https:\/\/delta5sim.com\/website\/wp-content\/uploads\/2023\/09\/treinamento-lvre-delta-5-e1694633020110.jpg\"><img loading=\"lazy\" decoding=\"async\" src=\"https:\/\/delta5sim.com\/website\/wp-content\/uploads\/2023\/09\/treinamento-lvre-delta-5-e1694633020110.jpg\" alt=\"\" width=\"750\" height=\"500\" \/><\/a><\/li><li><a href=\"https:\/\/delta5sim.com\/website\/wp-content\/uploads\/2023\/09\/Boeing-737-NG-delta5-.jpg\"><img loading=\"lazy\" decoding=\"async\" src=\"https:\/\/delta5sim.com\/website\/wp-content\/uploads\/2023\/09\/Boeing-737-NG-delta5-.jpg\" alt=\"\" width=\"750\" height=\"500\" \/><\/a><\/li><li><a href=\"https:\/\/delta5sim.com\/website\/wp-content\/uploads\/2023\/09\/Boeing-737-NG-delta5-3.jpg\"><img loading=\"lazy\" decoding=\"async\" src=\"https:\/\/delta5sim.com\/website\/wp-content\/uploads\/2023\/09\/Boeing-737-NG-delta5-3.jpg\" alt=\"\" width=\"1125\" height=\"500\" \/><\/a><\/li><li><a href=\"https:\/\/delta5sim.com\/website\/wp-content\/uploads\/2023\/09\/Boeing-737-NG-delta5-4.jpg\"><img loading=\"lazy\" decoding=\"async\" src=\"https:\/\/delta5sim.com\/website\/wp-content\/uploads\/2023\/09\/Boeing-737-NG-delta5-4.jpg\" alt=\"\" width=\"923\" height=\"500\" \/><\/a><\/li><li><a href=\"https:\/\/delta5sim.com\/website\/wp-content\/uploads\/2023\/09\/Boeing-737-NG-delta5-5.jpg\"><img loading=\"lazy\" decoding=\"async\" src=\"https:\/\/delta5sim.com\/website\/wp-content\/uploads\/2023\/09\/Boeing-737-NG-delta5-5.jpg\" alt=\"\" width=\"1190\" height=\"500\" \/><\/a><\/li><\/ul><\/noscript><\/div>\n<p>&nbsp;<\/p>\n","protected":false},"excerpt":{"rendered":"<h2>Reserve sua vaga<\/h2>\n<p>Via <a href=\"https:\/\/wa.me\/5511961572175?text=Oi%20por%20favor%20acessei%20o%20site%20da%20Delta5%20e%20quero%20saber%20mais%20para%20me%20matricular%20no%20Jet%20Training\" target=\"_blank\" rel=\"noopener\">WhatsApp (11) 96157-2175<\/a> e para verificar as datas de pr\u00f3ximas turmas.<\/p>\n<p>Para efetivar sua matr\u00edcula voc\u00ea dever\u00e1 preencher a <a href=\"https:\/\/delta5sim.com\/website\/inscricao\/\">FICHA DE INSCRI\u00c7\u00c3O<\/a> e tamb\u00e9m <a href=\"https:\/\/delta5sim.com\/website\/produto\/taxa-de-matricula-jet-training-delta5\/\">PAGAR A TAXA DE MATR\u00cdCULA (R$ 250,00)<\/a>.<\/p>\n<p>Antes de iniciar o curso voc\u00ea pagar\u00e1 o valor restante.<\/p>\n<p>Aceitamos o pagamento em PIX, cart\u00e3o de cr\u00e9dito ou d\u00e9bito (aceitamos VISA, MasterCard, American Express e as principais bandeiras de cart\u00f5es, confirme conosco se necess\u00e1rio) e transfer\u00eancia banc\u00e1ria.<\/p>\n<p><strong>Cancelamento de Inscri\u00e7\u00e3o:<\/strong> Para cancelamento at\u00e9 07 dias uteis antes da data do in\u00edcio do curso, efetuaremos devolu\u00e7\u00e3o da Taxa de Inscri\u00e7\u00e3o. Cancelamentos ap\u00f3s esta data, o valor da Taxa de Inscri\u00e7\u00e3o ser\u00e1 retido para cobertura das nossas despesas administrativas.<\/p>\n<p>Mais informa\u00e7\u00f5es? <a href=\"https:\/\/api.whatsapp.com\/send?phone=5511961572175&amp;text=Ol%C3%A1!%20Gostaria%20de%20mais%20informa%C3%A7%C3%B5es%20sobre%20o%20simulador%20%22Boeing%20737%20NG%22.\" target=\"_blank\" rel=\"noopener\">Envie uma mensagem!<\/a><a href=\"https:\/\/delta5sim.com\/website\/wp-content\/uploads\/2023\/09\/whatsapp-icone-30.png\"><img loading=\"lazy\" decoding=\"async\" class=\"alignnone size-full wp-image-3645\" src=\"https:\/\/delta5sim.com\/website\/wp-content\/uploads\/2023\/09\/whatsapp-icone-30.png\" alt=\"\" width=\"30\" height=\"30\" \/><\/a><\/p>\n","protected":false},"featured_media":2388,"template":"","meta":[],"product_brand":[],"product_cat":[54],"product_tag":[22,55,23,46],"class_list":{"0":"post-33","1":"product","2":"type-product","3":"status-publish","4":"has-post-thumbnail","6":"product_cat-grande-porte","7":"product_tag-b737","8":"product_tag-b738","9":"product_tag-boeing-737","10":"product_tag-ifr","12":"first","13":"instock","14":"shipping-taxable","15":"purchasable","16":"product-type-variable"},"yoast_head":"<!-- This site is optimized with the Yoast SEO plugin v27.2 - https:\/\/yoast.com\/product\/yoast-seo-wordpress\/ -->\n<title>Boeing 737 NG - Delta 5<\/title>\n<meta name=\"robots\" content=\"index, follow, max-snippet:-1, max-image-preview:large, max-video-preview:-1\" \/>\n<link rel=\"canonical\" href=\"https:\/\/delta5sim.com\/website\/produto\/boeing-737-ng\/\" \/>\n<meta property=\"og:locale\" content=\"pt_BR\" \/>\n<meta property=\"og:type\" content=\"article\" \/>\n<meta property=\"og:title\" content=\"Boeing 737 NG - Delta 5\" \/>\n<meta property=\"og:description\" content=\"Reserve sua vaga Via WhatsApp (11) 96157-2175 e para verificar as datas de pr\u00f3ximas turmas.  Para efetivar sua matr\u00edcula voc\u00ea dever\u00e1 preencher a FICHA DE INSCRI\u00c7\u00c3O e tamb\u00e9m PAGAR A TAXA DE MATR\u00cdCULA (R$ 250,00).  Antes de iniciar o curso voc\u00ea pagar\u00e1 o valor restante.  Aceitamos o pagamento em PIX, cart\u00e3o de cr\u00e9dito ou d\u00e9bito (aceitamos VISA, MasterCard, American Express e as principais bandeiras de cart\u00f5es, confirme conosco se necess\u00e1rio) e transfer\u00eancia banc\u00e1ria.  Cancelamento de Inscri\u00e7\u00e3o: Para cancelamento at\u00e9 07 dias uteis antes da data do in\u00edcio do curso, efetuaremos devolu\u00e7\u00e3o da Taxa de Inscri\u00e7\u00e3o. Cancelamentos ap\u00f3s esta data, o valor da Taxa de Inscri\u00e7\u00e3o ser\u00e1 retido para cobertura das nossas despesas administrativas.  Mais informa\u00e7\u00f5es? Envie uma mensagem!\" \/>\n<meta property=\"og:url\" content=\"https:\/\/delta5sim.com\/website\/produto\/boeing-737-ng\/\" \/>\n<meta property=\"og:site_name\" content=\"Delta 5\" \/>\n<meta property=\"article:modified_time\" content=\"2026-01-02T15:39:37+00:00\" \/>\n<meta property=\"og:image\" content=\"https:\/\/delta5sim.com\/website\/wp-content\/uploads\/2023\/09\/Boeing-737-NG-delta5-dest-2.jpg\" \/>\n\t<meta property=\"og:image:width\" content=\"1600\" \/>\n\t<meta property=\"og:image:height\" content=\"900\" \/>\n\t<meta property=\"og:image:type\" content=\"image\/jpeg\" \/>\n<meta name=\"twitter:card\" content=\"summary_large_image\" \/>\n<meta name=\"twitter:label1\" content=\"Est. tempo de leitura\" \/>\n\t<meta name=\"twitter:data1\" content=\"2 minutos\" \/>\n<script type=\"application\/ld+json\" class=\"yoast-schema-graph\">{\"@context\":\"https:\/\/schema.org\",\"@graph\":[{\"@type\":\"WebPage\",\"@id\":\"https:\/\/delta5sim.com\/website\/produto\/boeing-737-ng\/\",\"url\":\"https:\/\/delta5sim.com\/website\/produto\/boeing-737-ng\/\",\"name\":\"Boeing 737 NG - Delta 5\",\"isPartOf\":{\"@id\":\"https:\/\/delta5sim.com\/website\/#website\"},\"primaryImageOfPage\":{\"@id\":\"https:\/\/delta5sim.com\/website\/produto\/boeing-737-ng\/#primaryimage\"},\"image\":{\"@id\":\"https:\/\/delta5sim.com\/website\/produto\/boeing-737-ng\/#primaryimage\"},\"thumbnailUrl\":\"https:\/\/delta5sim.com\/website\/wp-content\/uploads\/2023\/09\/Boeing-737-NG-delta5-dest-2.jpg\",\"datePublished\":\"2023-09-05T13:44:19+00:00\",\"dateModified\":\"2026-01-02T15:39:37+00:00\",\"breadcrumb\":{\"@id\":\"https:\/\/delta5sim.com\/website\/produto\/boeing-737-ng\/#breadcrumb\"},\"inLanguage\":\"pt-BR\",\"potentialAction\":[{\"@type\":\"ReadAction\",\"target\":[\"https:\/\/delta5sim.com\/website\/produto\/boeing-737-ng\/\"]}]},{\"@type\":\"ImageObject\",\"inLanguage\":\"pt-BR\",\"@id\":\"https:\/\/delta5sim.com\/website\/produto\/boeing-737-ng\/#primaryimage\",\"url\":\"https:\/\/delta5sim.com\/website\/wp-content\/uploads\/2023\/09\/Boeing-737-NG-delta5-dest-2.jpg\",\"contentUrl\":\"https:\/\/delta5sim.com\/website\/wp-content\/uploads\/2023\/09\/Boeing-737-NG-delta5-dest-2.jpg\",\"width\":1600,\"height\":900},{\"@type\":\"BreadcrumbList\",\"@id\":\"https:\/\/delta5sim.com\/website\/produto\/boeing-737-ng\/#breadcrumb\",\"itemListElement\":[{\"@type\":\"ListItem\",\"position\":1,\"name\":\"In\u00edcio\",\"item\":\"https:\/\/delta5sim.com\/website\/\"},{\"@type\":\"ListItem\",\"position\":2,\"name\":\"Loja-3\",\"item\":\"https:\/\/delta5sim.com\/website\/loja3\/\"},{\"@type\":\"ListItem\",\"position\":3,\"name\":\"Boeing 737 NG\"}]},{\"@type\":\"WebSite\",\"@id\":\"https:\/\/delta5sim.com\/website\/#website\",\"url\":\"https:\/\/delta5sim.com\/website\/\",\"name\":\"Delta 5\",\"description\":\"&quot;Treine antes de voar&quot;\",\"publisher\":{\"@id\":\"https:\/\/delta5sim.com\/website\/#organization\"},\"potentialAction\":[{\"@type\":\"SearchAction\",\"target\":{\"@type\":\"EntryPoint\",\"urlTemplate\":\"https:\/\/delta5sim.com\/website\/?s={search_term_string}\"},\"query-input\":{\"@type\":\"PropertyValueSpecification\",\"valueRequired\":true,\"valueName\":\"search_term_string\"}}],\"inLanguage\":\"pt-BR\"},{\"@type\":\"Organization\",\"@id\":\"https:\/\/delta5sim.com\/website\/#organization\",\"name\":\"Delta 5\",\"url\":\"https:\/\/delta5sim.com\/website\/\",\"logo\":{\"@type\":\"ImageObject\",\"inLanguage\":\"pt-BR\",\"@id\":\"https:\/\/delta5sim.com\/website\/#\/schema\/logo\/image\/\",\"url\":\"https:\/\/delta5sim.com\/website\/wp-content\/uploads\/2023\/09\/Delta5_CIAC.png\",\"contentUrl\":\"https:\/\/delta5sim.com\/website\/wp-content\/uploads\/2023\/09\/Delta5_CIAC.png\",\"width\":2463,\"height\":783,\"caption\":\"Delta 5\"},\"image\":{\"@id\":\"https:\/\/delta5sim.com\/website\/#\/schema\/logo\/image\/\"}}]}<\/script>\n<!-- \/ Yoast SEO plugin. -->","yoast_head_json":{"title":"Boeing 737 NG - Delta 5","robots":{"index":"index","follow":"follow","max-snippet":"max-snippet:-1","max-image-preview":"max-image-preview:large","max-video-preview":"max-video-preview:-1"},"canonical":"https:\/\/delta5sim.com\/website\/produto\/boeing-737-ng\/","og_locale":"pt_BR","og_type":"article","og_title":"Boeing 737 NG - Delta 5","og_description":"Reserve sua vaga Via WhatsApp (11) 96157-2175 e para verificar as datas de pr\u00f3ximas turmas.  Para efetivar sua matr\u00edcula voc\u00ea dever\u00e1 preencher a FICHA DE INSCRI\u00c7\u00c3O e tamb\u00e9m PAGAR A TAXA DE MATR\u00cdCULA (R$ 250,00).  Antes de iniciar o curso voc\u00ea pagar\u00e1 o valor restante.  Aceitamos o pagamento em PIX, cart\u00e3o de cr\u00e9dito ou d\u00e9bito (aceitamos VISA, MasterCard, American Express e as principais bandeiras de cart\u00f5es, confirme conosco se necess\u00e1rio) e transfer\u00eancia banc\u00e1ria.  Cancelamento de Inscri\u00e7\u00e3o: Para cancelamento at\u00e9 07 dias uteis antes da data do in\u00edcio do curso, efetuaremos devolu\u00e7\u00e3o da Taxa de Inscri\u00e7\u00e3o. Cancelamentos ap\u00f3s esta data, o valor da Taxa de Inscri\u00e7\u00e3o ser\u00e1 retido para cobertura das nossas despesas administrativas.  Mais informa\u00e7\u00f5es? Envie uma mensagem!","og_url":"https:\/\/delta5sim.com\/website\/produto\/boeing-737-ng\/","og_site_name":"Delta 5","article_modified_time":"2026-01-02T15:39:37+00:00","og_image":[{"width":1600,"height":900,"url":"https:\/\/delta5sim.com\/website\/wp-content\/uploads\/2023\/09\/Boeing-737-NG-delta5-dest-2.jpg","type":"image\/jpeg"}],"twitter_card":"summary_large_image","twitter_misc":{"Est. tempo de leitura":"2 minutos"},"schema":{"@context":"https:\/\/schema.org","@graph":[{"@type":"WebPage","@id":"https:\/\/delta5sim.com\/website\/produto\/boeing-737-ng\/","url":"https:\/\/delta5sim.com\/website\/produto\/boeing-737-ng\/","name":"Boeing 737 NG - Delta 5","isPartOf":{"@id":"https:\/\/delta5sim.com\/website\/#website"},"primaryImageOfPage":{"@id":"https:\/\/delta5sim.com\/website\/produto\/boeing-737-ng\/#primaryimage"},"image":{"@id":"https:\/\/delta5sim.com\/website\/produto\/boeing-737-ng\/#primaryimage"},"thumbnailUrl":"https:\/\/delta5sim.com\/website\/wp-content\/uploads\/2023\/09\/Boeing-737-NG-delta5-dest-2.jpg","datePublished":"2023-09-05T13:44:19+00:00","dateModified":"2026-01-02T15:39:37+00:00","breadcrumb":{"@id":"https:\/\/delta5sim.com\/website\/produto\/boeing-737-ng\/#breadcrumb"},"inLanguage":"pt-BR","potentialAction":[{"@type":"ReadAction","target":["https:\/\/delta5sim.com\/website\/produto\/boeing-737-ng\/"]}]},{"@type":"ImageObject","inLanguage":"pt-BR","@id":"https:\/\/delta5sim.com\/website\/produto\/boeing-737-ng\/#primaryimage","url":"https:\/\/delta5sim.com\/website\/wp-content\/uploads\/2023\/09\/Boeing-737-NG-delta5-dest-2.jpg","contentUrl":"https:\/\/delta5sim.com\/website\/wp-content\/uploads\/2023\/09\/Boeing-737-NG-delta5-dest-2.jpg","width":1600,"height":900},{"@type":"BreadcrumbList","@id":"https:\/\/delta5sim.com\/website\/produto\/boeing-737-ng\/#breadcrumb","itemListElement":[{"@type":"ListItem","position":1,"name":"In\u00edcio","item":"https:\/\/delta5sim.com\/website\/"},{"@type":"ListItem","position":2,"name":"Loja-3","item":"https:\/\/delta5sim.com\/website\/loja3\/"},{"@type":"ListItem","position":3,"name":"Boeing 737 NG"}]},{"@type":"WebSite","@id":"https:\/\/delta5sim.com\/website\/#website","url":"https:\/\/delta5sim.com\/website\/","name":"Delta 5","description":"&quot;Treine antes de voar&quot;","publisher":{"@id":"https:\/\/delta5sim.com\/website\/#organization"},"potentialAction":[{"@type":"SearchAction","target":{"@type":"EntryPoint","urlTemplate":"https:\/\/delta5sim.com\/website\/?s={search_term_string}"},"query-input":{"@type":"PropertyValueSpecification","valueRequired":true,"valueName":"search_term_string"}}],"inLanguage":"pt-BR"},{"@type":"Organization","@id":"https:\/\/delta5sim.com\/website\/#organization","name":"Delta 5","url":"https:\/\/delta5sim.com\/website\/","logo":{"@type":"ImageObject","inLanguage":"pt-BR","@id":"https:\/\/delta5sim.com\/website\/#\/schema\/logo\/image\/","url":"https:\/\/delta5sim.com\/website\/wp-content\/uploads\/2023\/09\/Delta5_CIAC.png","contentUrl":"https:\/\/delta5sim.com\/website\/wp-content\/uploads\/2023\/09\/Delta5_CIAC.png","width":2463,"height":783,"caption":"Delta 5"},"image":{"@id":"https:\/\/delta5sim.com\/website\/#\/schema\/logo\/image\/"}}]}},"_links":{"self":[{"href":"https:\/\/delta5sim.com\/website\/wp-json\/wp\/v2\/product\/33","targetHints":{"allow":["GET"]}}],"collection":[{"href":"https:\/\/delta5sim.com\/website\/wp-json\/wp\/v2\/product"}],"about":[{"href":"https:\/\/delta5sim.com\/website\/wp-json\/wp\/v2\/types\/product"}],"version-history":[{"count":15,"href":"https:\/\/delta5sim.com\/website\/wp-json\/wp\/v2\/product\/33\/revisions"}],"predecessor-version":[{"id":470758,"href":"https:\/\/delta5sim.com\/website\/wp-json\/wp\/v2\/product\/33\/revisions\/470758"}],"wp:featuredmedia":[{"embeddable":true,"href":"https:\/\/delta5sim.com\/website\/wp-json\/wp\/v2\/media\/2388"}],"wp:attachment":[{"href":"https:\/\/delta5sim.com\/website\/wp-json\/wp\/v2\/media?parent=33"}],"wp:term":[{"taxonomy":"product_brand","embeddable":true,"href":"https:\/\/delta5sim.com\/website\/wp-json\/wp\/v2\/product_brand?post=33"},{"taxonomy":"product_cat","embeddable":true,"href":"https:\/\/delta5sim.com\/website\/wp-json\/wp\/v2\/product_cat?post=33"},{"taxonomy":"product_tag","embeddable":true,"href":"https:\/\/delta5sim.com\/website\/wp-json\/wp\/v2\/product_tag?post=33"}],"curies":[{"name":"wp","href":"https:\/\/api.w.org\/{rel}","templated":true}]}}