{"id":3221,"date":"2023-11-16T15:56:57","date_gmt":"2023-11-16T15:56:57","guid":{"rendered":"https:\/\/delta5sim.com\/website\/?post_type=product&#038;p=3221"},"modified":"2026-05-15T14:01:43","modified_gmt":"2026-05-15T17:01:43","slug":"vale-presente-piloto-por-um-dia-delta-5","status":"publish","type":"product","link":"https:\/\/delta5sim.com\/website\/produto\/vale-presente-piloto-por-um-dia-delta-5\/","title":{"rendered":"Vale-Presente: Piloto por Um Dia"},"content":{"rendered":"<p>O Vale Presente \u00e9 um produto de entretenimento da Delta5 para permitir que entusiastas e pessoas apaixonadas pela avia\u00e7\u00e3o possam conhecer um simulador que tem as mesmas caracter\u00edsticas dos principais avi\u00f5es de empresas a\u00e9reas do mundo e ter a experi\u00eancia de fazer um voo, e conhecer os procedimentos usados por pilotos da avia\u00e7\u00e3o comercial.<\/p>\n<div data-id=\"8a9740a\" data-element_type=\"widget\" data-widget_type=\"text-editor.default\">\n<p>Sinta toda a emo\u00e7\u00e3o e a responsabilidade de pilotar um grande jato, voando em S\u00e3o Paulo, Rio de Janeiro ou Curitiba. Durante a sess\u00e3o, voc\u00ea ser\u00e1 orientado e auxiliado por um Monitor para uma melhor experi\u00eancia.<\/p>\n<p>Essa experi\u00eancia esta dispon\u00edvel para pessoas a partir de 10 anos de idade e acompanhado de um adulto. As pessoas com estatura inferior a 1,50m podem ter dificuldade para alcan\u00e7ar os pedais, mas podem ser auxiliadas pelo seu \u201ccopiloto\u201d. E ser\u00e1 acompanhado por um de nossos pilotos.<\/p>\n<\/div>\n","protected":false},"excerpt":{"rendered":"<h4><span style=\"color: #72bbff;\">Compre este presente para algu\u00e9m que \u00e9 apaixonado por avia\u00e7\u00e3o viver <\/span><span style=\"color: #72bbff;\">uma experi\u00eancia \u00fanica!<\/span><\/h4>\n<p>Na Delta5 Simuladores de Voo as pessoas apaixonadas pela avia\u00e7\u00e3o podem realizar sess\u00f5es de Piloto Por Um Dia e conhecer as rotinas e procedimentos dos pilotos de companhias a\u00e9reas em nossos simuladores.<\/p>\n","protected":false},"featured_media":3388,"template":"","meta":[],"product_brand":[],"product_cat":[123],"product_tag":[],"class_list":{"0":"post-3221","1":"product","2":"type-product","3":"status-publish","4":"has-post-thumbnail","6":"product_cat-wps_wgm_giftcard","8":"first","9":"instock","10":"sale","11":"downloadable","12":"virtual","13":"sold-individually","14":"purchasable","15":"product-type-simple"},"yoast_head":"<!-- This site is optimized with the Yoast SEO plugin v27.2 - https:\/\/yoast.com\/product\/yoast-seo-wordpress\/ -->\n<title>Vale-Presente: Piloto por Um Dia - Delta 5<\/title>\n<meta name=\"robots\" content=\"index, follow, max-snippet:-1, max-image-preview:large, max-video-preview:-1\" \/>\n<link rel=\"canonical\" href=\"https:\/\/delta5sim.com\/website\/produto\/vale-presente-piloto-por-um-dia-delta-5\/\" \/>\n<meta property=\"og:locale\" content=\"pt_BR\" \/>\n<meta property=\"og:type\" content=\"article\" \/>\n<meta property=\"og:title\" content=\"Vale-Presente: Piloto por Um Dia - Delta 5\" \/>\n<meta property=\"og:description\" content=\"Compre este presente para algu\u00e9m que \u00e9 apaixonado por avia\u00e7\u00e3o viver uma experi\u00eancia \u00fanica! Na Delta5 Simuladores de Voo as pessoas apaixonadas pela avia\u00e7\u00e3o podem realizar sess\u00f5es de Piloto Por Um Dia e conhecer as rotinas e procedimentos dos pilotos de companhias a\u00e9reas em nossos simuladores.\" \/>\n<meta property=\"og:url\" content=\"https:\/\/delta5sim.com\/website\/produto\/vale-presente-piloto-por-um-dia-delta-5\/\" \/>\n<meta property=\"og:site_name\" content=\"Delta 5\" \/>\n<meta property=\"article:modified_time\" content=\"2026-05-15T17:01:43+00:00\" \/>\n<meta property=\"og:image\" content=\"https:\/\/delta5sim.com\/website\/wp-content\/uploads\/2023\/11\/Vale-presente-23-delta-5-1.jpg\" \/>\n\t<meta property=\"og:image:width\" content=\"1350\" \/>\n\t<meta property=\"og:image:height\" content=\"900\" \/>\n\t<meta property=\"og:image:type\" content=\"image\/jpeg\" \/>\n<meta name=\"twitter:card\" content=\"summary_large_image\" \/>\n<meta name=\"twitter:label1\" content=\"Est. tempo de leitura\" \/>\n\t<meta name=\"twitter:data1\" content=\"1 minuto\" \/>\n<script type=\"application\/ld+json\" class=\"yoast-schema-graph\">{\"@context\":\"https:\/\/schema.org\",\"@graph\":[{\"@type\":\"WebPage\",\"@id\":\"https:\/\/delta5sim.com\/website\/produto\/vale-presente-piloto-por-um-dia-delta-5\/\",\"url\":\"https:\/\/delta5sim.com\/website\/produto\/vale-presente-piloto-por-um-dia-delta-5\/\",\"name\":\"Vale-Presente: Piloto por Um Dia - Delta 5\",\"isPartOf\":{\"@id\":\"https:\/\/delta5sim.com\/website\/#website\"},\"primaryImageOfPage\":{\"@id\":\"https:\/\/delta5sim.com\/website\/produto\/vale-presente-piloto-por-um-dia-delta-5\/#primaryimage\"},\"image\":{\"@id\":\"https:\/\/delta5sim.com\/website\/produto\/vale-presente-piloto-por-um-dia-delta-5\/#primaryimage\"},\"thumbnailUrl\":\"https:\/\/delta5sim.com\/website\/wp-content\/uploads\/2023\/11\/Vale-presente-23-delta-5-1.jpg\",\"datePublished\":\"2023-11-16T15:56:57+00:00\",\"dateModified\":\"2026-05-15T17:01:43+00:00\",\"breadcrumb\":{\"@id\":\"https:\/\/delta5sim.com\/website\/produto\/vale-presente-piloto-por-um-dia-delta-5\/#breadcrumb\"},\"inLanguage\":\"pt-BR\",\"potentialAction\":[{\"@type\":\"ReadAction\",\"target\":[\"https:\/\/delta5sim.com\/website\/produto\/vale-presente-piloto-por-um-dia-delta-5\/\"]}]},{\"@type\":\"ImageObject\",\"inLanguage\":\"pt-BR\",\"@id\":\"https:\/\/delta5sim.com\/website\/produto\/vale-presente-piloto-por-um-dia-delta-5\/#primaryimage\",\"url\":\"https:\/\/delta5sim.com\/website\/wp-content\/uploads\/2023\/11\/Vale-presente-23-delta-5-1.jpg\",\"contentUrl\":\"https:\/\/delta5sim.com\/website\/wp-content\/uploads\/2023\/11\/Vale-presente-23-delta-5-1.jpg\",\"width\":1350,\"height\":900},{\"@type\":\"BreadcrumbList\",\"@id\":\"https:\/\/delta5sim.com\/website\/produto\/vale-presente-piloto-por-um-dia-delta-5\/#breadcrumb\",\"itemListElement\":[{\"@type\":\"ListItem\",\"position\":1,\"name\":\"In\u00edcio\",\"item\":\"https:\/\/delta5sim.com\/website\/\"},{\"@type\":\"ListItem\",\"position\":2,\"name\":\"Loja-3\",\"item\":\"https:\/\/delta5sim.com\/website\/loja3\/\"},{\"@type\":\"ListItem\",\"position\":3,\"name\":\"Vale-Presente: Piloto por Um Dia\"}]},{\"@type\":\"WebSite\",\"@id\":\"https:\/\/delta5sim.com\/website\/#website\",\"url\":\"https:\/\/delta5sim.com\/website\/\",\"name\":\"Delta 5\",\"description\":\"&quot;Treine antes de voar&quot;\",\"publisher\":{\"@id\":\"https:\/\/delta5sim.com\/website\/#organization\"},\"potentialAction\":[{\"@type\":\"SearchAction\",\"target\":{\"@type\":\"EntryPoint\",\"urlTemplate\":\"https:\/\/delta5sim.com\/website\/?s={search_term_string}\"},\"query-input\":{\"@type\":\"PropertyValueSpecification\",\"valueRequired\":true,\"valueName\":\"search_term_string\"}}],\"inLanguage\":\"pt-BR\"},{\"@type\":\"Organization\",\"@id\":\"https:\/\/delta5sim.com\/website\/#organization\",\"name\":\"Delta 5\",\"url\":\"https:\/\/delta5sim.com\/website\/\",\"logo\":{\"@type\":\"ImageObject\",\"inLanguage\":\"pt-BR\",\"@id\":\"https:\/\/delta5sim.com\/website\/#\/schema\/logo\/image\/\",\"url\":\"https:\/\/delta5sim.com\/website\/wp-content\/uploads\/2023\/09\/Delta5_CIAC.png\",\"contentUrl\":\"https:\/\/delta5sim.com\/website\/wp-content\/uploads\/2023\/09\/Delta5_CIAC.png\",\"width\":2463,\"height\":783,\"caption\":\"Delta 5\"},\"image\":{\"@id\":\"https:\/\/delta5sim.com\/website\/#\/schema\/logo\/image\/\"}}]}<\/script>\n<!-- \/ Yoast SEO plugin. -->","yoast_head_json":{"title":"Vale-Presente: Piloto por Um Dia - Delta 5","robots":{"index":"index","follow":"follow","max-snippet":"max-snippet:-1","max-image-preview":"max-image-preview:large","max-video-preview":"max-video-preview:-1"},"canonical":"https:\/\/delta5sim.com\/website\/produto\/vale-presente-piloto-por-um-dia-delta-5\/","og_locale":"pt_BR","og_type":"article","og_title":"Vale-Presente: Piloto por Um Dia - Delta 5","og_description":"Compre este presente para algu\u00e9m que \u00e9 apaixonado por avia\u00e7\u00e3o viver uma experi\u00eancia \u00fanica! Na Delta5 Simuladores de Voo as pessoas apaixonadas pela avia\u00e7\u00e3o podem realizar sess\u00f5es de Piloto Por Um Dia e conhecer as rotinas e procedimentos dos pilotos de companhias a\u00e9reas em nossos simuladores.","og_url":"https:\/\/delta5sim.com\/website\/produto\/vale-presente-piloto-por-um-dia-delta-5\/","og_site_name":"Delta 5","article_modified_time":"2026-05-15T17:01:43+00:00","og_image":[{"width":1350,"height":900,"url":"https:\/\/delta5sim.com\/website\/wp-content\/uploads\/2023\/11\/Vale-presente-23-delta-5-1.jpg","type":"image\/jpeg"}],"twitter_card":"summary_large_image","twitter_misc":{"Est. tempo de leitura":"1 minuto"},"schema":{"@context":"https:\/\/schema.org","@graph":[{"@type":"WebPage","@id":"https:\/\/delta5sim.com\/website\/produto\/vale-presente-piloto-por-um-dia-delta-5\/","url":"https:\/\/delta5sim.com\/website\/produto\/vale-presente-piloto-por-um-dia-delta-5\/","name":"Vale-Presente: Piloto por Um Dia - Delta 5","isPartOf":{"@id":"https:\/\/delta5sim.com\/website\/#website"},"primaryImageOfPage":{"@id":"https:\/\/delta5sim.com\/website\/produto\/vale-presente-piloto-por-um-dia-delta-5\/#primaryimage"},"image":{"@id":"https:\/\/delta5sim.com\/website\/produto\/vale-presente-piloto-por-um-dia-delta-5\/#primaryimage"},"thumbnailUrl":"https:\/\/delta5sim.com\/website\/wp-content\/uploads\/2023\/11\/Vale-presente-23-delta-5-1.jpg","datePublished":"2023-11-16T15:56:57+00:00","dateModified":"2026-05-15T17:01:43+00:00","breadcrumb":{"@id":"https:\/\/delta5sim.com\/website\/produto\/vale-presente-piloto-por-um-dia-delta-5\/#breadcrumb"},"inLanguage":"pt-BR","potentialAction":[{"@type":"ReadAction","target":["https:\/\/delta5sim.com\/website\/produto\/vale-presente-piloto-por-um-dia-delta-5\/"]}]},{"@type":"ImageObject","inLanguage":"pt-BR","@id":"https:\/\/delta5sim.com\/website\/produto\/vale-presente-piloto-por-um-dia-delta-5\/#primaryimage","url":"https:\/\/delta5sim.com\/website\/wp-content\/uploads\/2023\/11\/Vale-presente-23-delta-5-1.jpg","contentUrl":"https:\/\/delta5sim.com\/website\/wp-content\/uploads\/2023\/11\/Vale-presente-23-delta-5-1.jpg","width":1350,"height":900},{"@type":"BreadcrumbList","@id":"https:\/\/delta5sim.com\/website\/produto\/vale-presente-piloto-por-um-dia-delta-5\/#breadcrumb","itemListElement":[{"@type":"ListItem","position":1,"name":"In\u00edcio","item":"https:\/\/delta5sim.com\/website\/"},{"@type":"ListItem","position":2,"name":"Loja-3","item":"https:\/\/delta5sim.com\/website\/loja3\/"},{"@type":"ListItem","position":3,"name":"Vale-Presente: Piloto por Um Dia"}]},{"@type":"WebSite","@id":"https:\/\/delta5sim.com\/website\/#website","url":"https:\/\/delta5sim.com\/website\/","name":"Delta 5","description":"&quot;Treine antes de voar&quot;","publisher":{"@id":"https:\/\/delta5sim.com\/website\/#organization"},"potentialAction":[{"@type":"SearchAction","target":{"@type":"EntryPoint","urlTemplate":"https:\/\/delta5sim.com\/website\/?s={search_term_string}"},"query-input":{"@type":"PropertyValueSpecification","valueRequired":true,"valueName":"search_term_string"}}],"inLanguage":"pt-BR"},{"@type":"Organization","@id":"https:\/\/delta5sim.com\/website\/#organization","name":"Delta 5","url":"https:\/\/delta5sim.com\/website\/","logo":{"@type":"ImageObject","inLanguage":"pt-BR","@id":"https:\/\/delta5sim.com\/website\/#\/schema\/logo\/image\/","url":"https:\/\/delta5sim.com\/website\/wp-content\/uploads\/2023\/09\/Delta5_CIAC.png","contentUrl":"https:\/\/delta5sim.com\/website\/wp-content\/uploads\/2023\/09\/Delta5_CIAC.png","width":2463,"height":783,"caption":"Delta 5"},"image":{"@id":"https:\/\/delta5sim.com\/website\/#\/schema\/logo\/image\/"}}]}},"_links":{"self":[{"href":"https:\/\/delta5sim.com\/website\/wp-json\/wp\/v2\/product\/3221","targetHints":{"allow":["GET"]}}],"collection":[{"href":"https:\/\/delta5sim.com\/website\/wp-json\/wp\/v2\/product"}],"about":[{"href":"https:\/\/delta5sim.com\/website\/wp-json\/wp\/v2\/types\/product"}],"version-history":[{"count":20,"href":"https:\/\/delta5sim.com\/website\/wp-json\/wp\/v2\/product\/3221\/revisions"}],"predecessor-version":[{"id":468209,"href":"https:\/\/delta5sim.com\/website\/wp-json\/wp\/v2\/product\/3221\/revisions\/468209"}],"wp:featuredmedia":[{"embeddable":true,"href":"https:\/\/delta5sim.com\/website\/wp-json\/wp\/v2\/media\/3388"}],"wp:attachment":[{"href":"https:\/\/delta5sim.com\/website\/wp-json\/wp\/v2\/media?parent=3221"}],"wp:term":[{"taxonomy":"product_brand","embeddable":true,"href":"https:\/\/delta5sim.com\/website\/wp-json\/wp\/v2\/product_brand?post=3221"},{"taxonomy":"product_cat","embeddable":true,"href":"https:\/\/delta5sim.com\/website\/wp-json\/wp\/v2\/product_cat?post=3221"},{"taxonomy":"product_tag","embeddable":true,"href":"https:\/\/delta5sim.com\/website\/wp-json\/wp\/v2\/product_tag?post=3221"}],"curies":[{"name":"wp","href":"https:\/\/api.w.org\/{rel}","templated":true}]}}