{"id":30,"date":"2023-09-05T13:44:18","date_gmt":"2023-09-05T13:44:18","guid":{"rendered":"https:\/\/delta5sim.com\/website\/?post_type=product&#038;p=30"},"modified":"2026-05-01T08:41:45","modified_gmt":"2026-05-01T11:41:45","slug":"refresh-garmin-g1000","status":"publish","type":"product","link":"https:\/\/delta5sim.com\/website\/produto\/refresh-garmin-g1000\/","title":{"rendered":"Refresh Garmin G1000"},"content":{"rendered":"<p><strong><em>*Sess\u00e3o com 02 horas de simulador&#8221;<\/em><\/strong><\/p>\n<p>Voc\u00ea se sente preparado para estar no comando de uma aeronave com <em>glass cockpit<\/em> e extrair todos os recursos e benef\u00edcios que uma avi\u00f4nica moderna tem a oferecer? Agende uma sess\u00e3o em nosso simulador Baron G1000.<\/p>\n<p>Com a evolu\u00e7\u00e3o das tecnologias de avi\u00f4nicos, o bom aviador deve dominar o entendimento das informa\u00e7\u00f5es e recursos existentes nos pain\u00e9is digitais das aeronaves modernas. Conhecer profundamente os dados apresentados e as funcionalidades dispon\u00edveis \u00e9 fundamental para reduzir a carga de trabalho e aumentar a seguran\u00e7a de voo, al\u00e9m de desenvolver compet\u00eancias que demonstram seguran\u00e7a e dom\u00ednio na pilotagem.<\/p>\n<p>Nos treinamentos o aluno ser\u00e1 familiarizado com os conceitos e funcionalidades das plataformas de avi\u00f4nicos Garmin G1000, conhecendo as principais diferen\u00e7as entre aeronaves de diferentes fabricantes, o seu uso em voo e poder\u00e1 adquirir conhecimentos sobre o cuidado e atualiza\u00e7\u00e3o destes equipamentos.<\/p>\n<p>&nbsp;<\/p>\n<div id=\"jig1\" class=\"justified-image-grid jig-1adf9c5b9ded48b09bed56a1293c4042 jig-preset-global jig-source-wp-gallery\"><div class=\"jig-clearfix\"><\/div><noscript id=\"jig1-html\" class=\"justified-image-grid-html\" data-lazy-src=\"skiplazyload\" data-src=\"skipunveillazyload\"><ul><li><a href=\"https:\/\/delta5sim.com\/website\/wp-content\/uploads\/2023\/09\/ground-school-beech-baron-g1000-delta5-2-1.jpg\"><img fetchpriority=\"high\" decoding=\"async\" src=\"https:\/\/delta5sim.com\/website\/wp-content\/uploads\/2023\/09\/ground-school-beech-baron-g1000-delta5-2-1.jpg\" alt=\"\" width=\"666\" height=\"500\" \/><\/a><\/li><li><a href=\"https:\/\/delta5sim.com\/website\/wp-content\/uploads\/2023\/09\/curso-de-g1000-com-refresh-ifr-delta5-1-1.jpg\"><img decoding=\"async\" src=\"https:\/\/delta5sim.com\/website\/wp-content\/uploads\/2023\/09\/curso-de-g1000-com-refresh-ifr-delta5-1-1.jpg\" alt=\"\" width=\"666\" height=\"500\" \/><\/a><\/li><li><a href=\"https:\/\/delta5sim.com\/website\/wp-content\/uploads\/2023\/09\/ground-school-beech-baron-g1000-delta5-1.jpg\"><img decoding=\"async\" src=\"https:\/\/delta5sim.com\/website\/wp-content\/uploads\/2023\/09\/ground-school-beech-baron-g1000-delta5-1.jpg\" alt=\"\" width=\"666\" height=\"500\" \/><\/a><\/li><li><a href=\"https:\/\/delta5sim.com\/website\/wp-content\/uploads\/2023\/09\/delta-5-1.jpg\"><img loading=\"lazy\" decoding=\"async\" src=\"https:\/\/delta5sim.com\/website\/wp-content\/uploads\/2023\/09\/delta-5-1.jpg\" alt=\"\" width=\"643\" height=\"500\" \/><\/a><\/li><li><a href=\"https:\/\/delta5sim.com\/website\/wp-content\/uploads\/2023\/09\/ground-school-beech-baron-g1000-delta5-3.jpg\"><img loading=\"lazy\" decoding=\"async\" src=\"https:\/\/delta5sim.com\/website\/wp-content\/uploads\/2023\/09\/ground-school-beech-baron-g1000-delta5-3.jpg\" alt=\"\" width=\"666\" height=\"500\" \/><\/a><\/li><\/ul><\/noscript><\/div>\n<p>&nbsp;<\/p>\n","protected":false},"excerpt":{"rendered":"<h2>Reserve sua vaga<\/h2>\n<p>Via <a href=\"https:\/\/wa.me\/5511961572175?text=Oi%20por%20favor%20acessei%20o%20site%20da%20Delta5%20e%20quero%20saber%20mais%20para%20me%20matricular%20no%20Jet%20Training\" target=\"_blank\" rel=\"noopener\">WhatsApp (11) 96157-2175<\/a> e para verificar as datas de pr\u00f3ximas turmas.<\/p>\n<p>Para efetivar sua matr\u00edcula voc\u00ea dever\u00e1 preencher a <a href=\"https:\/\/delta5sim.com\/website\/inscricao\/\">FICHA DE INSCRI\u00c7\u00c3O<\/a> e tamb\u00e9m <a href=\"https:\/\/delta5sim.com\/website\/produto\/taxa-de-matricula-jet-training-delta5\/\">PAGAR A TAXA DE MATR\u00cdCULA (R$ 250,00)<\/a>.<\/p>\n<p>Antes de iniciar o curso voc\u00ea pagar\u00e1 o valor restante.<\/p>\n<p>Aceitamos o pagamento PIX, cart\u00e3o de cr\u00e9dito ou d\u00e9bito (aceitamos VISA, MasterCard, American Express e as principais bandeiras de cart\u00f5es, confirme conosco se necess\u00e1rio) e transfer\u00eancia banc\u00e1ria.<\/p>\n<p><strong>Cancelamento de Inscri\u00e7\u00e3o:<\/strong> Para cancelamento at\u00e9 07 dias uteis antes da data do in\u00edcio do curso, efetuaremos devolu\u00e7\u00e3o da Taxa de Inscri\u00e7\u00e3o. Cancelamentos ap\u00f3s esta data, o valor da Taxa de Inscri\u00e7\u00e3o ser\u00e1 retido para cobertura das nossas despesas administrativas.<\/p>\n<p>Mais informa\u00e7\u00f5es? <a href=\"https:\/\/api.whatsapp.com\/send?phone=5511961572175&amp;text=Ol%C3%A1!%20Acessei%20o%20site%20Delta5%20e%20gostaria%20de%20mais%20detalhes%20sobre%20o%20Jet%20Training%20Delta5\" target=\"_blank\" rel=\"noopener\">Envie uma mensagem!<\/a><a href=\"https:\/\/delta5sim.com\/website\/wp-content\/uploads\/2023\/09\/whatsapp-icone-30.png\"><img loading=\"lazy\" decoding=\"async\" class=\"alignnone size-full wp-image-3645\" src=\"https:\/\/delta5sim.com\/website\/wp-content\/uploads\/2023\/09\/whatsapp-icone-30.png\" alt=\"\" width=\"30\" height=\"30\" \/><\/a><\/p>\n","protected":false},"featured_media":2610,"template":"","meta":[],"product_brand":[],"product_cat":[18],"product_tag":[41,42,43,44],"class_list":{"0":"post-30","1":"product","2":"type-product","3":"status-publish","4":"has-post-thumbnail","6":"product_cat-familiarizacao","7":"product_tag-g1000","8":"product_tag-garmin","9":"product_tag-glass-cockpit","10":"product_tag-integrated-flight-deck","12":"first","13":"instock","14":"virtual","15":"product-type-simple"},"yoast_head":"<!-- This site is optimized with the Yoast SEO plugin v27.2 - https:\/\/yoast.com\/product\/yoast-seo-wordpress\/ -->\n<title>Refresh Garmin G1000 - Delta 5<\/title>\n<meta name=\"robots\" content=\"index, follow, max-snippet:-1, max-image-preview:large, max-video-preview:-1\" \/>\n<link rel=\"canonical\" href=\"https:\/\/delta5sim.com\/website\/produto\/refresh-garmin-g1000\/\" \/>\n<meta property=\"og:locale\" content=\"pt_BR\" \/>\n<meta property=\"og:type\" content=\"article\" \/>\n<meta property=\"og:title\" content=\"Refresh Garmin G1000 - Delta 5\" \/>\n<meta property=\"og:description\" content=\"Reserve sua vaga Via WhatsApp (11) 96157-2175 e para verificar as datas de pr\u00f3ximas turmas.  Para efetivar sua matr\u00edcula voc\u00ea dever\u00e1 preencher a FICHA DE INSCRI\u00c7\u00c3O e tamb\u00e9m PAGAR A TAXA DE MATR\u00cdCULA (R$ 250,00).  Antes de iniciar o curso voc\u00ea pagar\u00e1 o valor restante.  Aceitamos o pagamento PIX, cart\u00e3o de cr\u00e9dito ou d\u00e9bito (aceitamos VISA, MasterCard, American Express e as principais bandeiras de cart\u00f5es, confirme conosco se necess\u00e1rio) e transfer\u00eancia banc\u00e1ria.  Cancelamento de Inscri\u00e7\u00e3o: Para cancelamento at\u00e9 07 dias uteis antes da data do in\u00edcio do curso, efetuaremos devolu\u00e7\u00e3o da Taxa de Inscri\u00e7\u00e3o. Cancelamentos ap\u00f3s esta data, o valor da Taxa de Inscri\u00e7\u00e3o ser\u00e1 retido para cobertura das nossas despesas administrativas.  Mais informa\u00e7\u00f5es? Envie uma mensagem!\" \/>\n<meta property=\"og:url\" content=\"https:\/\/delta5sim.com\/website\/produto\/refresh-garmin-g1000\/\" \/>\n<meta property=\"og:site_name\" content=\"Delta 5\" \/>\n<meta property=\"article:modified_time\" content=\"2026-05-01T11:41:45+00:00\" \/>\n<meta property=\"og:image\" content=\"https:\/\/delta5sim.com\/website\/wp-content\/uploads\/2023\/09\/delta-5-2.jpg\" \/>\n\t<meta property=\"og:image:width\" content=\"1599\" \/>\n\t<meta property=\"og:image:height\" content=\"900\" \/>\n\t<meta property=\"og:image:type\" content=\"image\/jpeg\" \/>\n<meta name=\"twitter:card\" content=\"summary_large_image\" \/>\n<meta name=\"twitter:label1\" content=\"Est. tempo de leitura\" \/>\n\t<meta name=\"twitter:data1\" content=\"2 minutos\" \/>\n<script type=\"application\/ld+json\" class=\"yoast-schema-graph\">{\"@context\":\"https:\/\/schema.org\",\"@graph\":[{\"@type\":\"WebPage\",\"@id\":\"https:\/\/delta5sim.com\/website\/produto\/refresh-garmin-g1000\/\",\"url\":\"https:\/\/delta5sim.com\/website\/produto\/refresh-garmin-g1000\/\",\"name\":\"Refresh Garmin G1000 - Delta 5\",\"isPartOf\":{\"@id\":\"https:\/\/delta5sim.com\/website\/#website\"},\"primaryImageOfPage\":{\"@id\":\"https:\/\/delta5sim.com\/website\/produto\/refresh-garmin-g1000\/#primaryimage\"},\"image\":{\"@id\":\"https:\/\/delta5sim.com\/website\/produto\/refresh-garmin-g1000\/#primaryimage\"},\"thumbnailUrl\":\"https:\/\/delta5sim.com\/website\/wp-content\/uploads\/2023\/09\/delta-5-2.jpg\",\"datePublished\":\"2023-09-05T13:44:18+00:00\",\"dateModified\":\"2026-05-01T11:41:45+00:00\",\"breadcrumb\":{\"@id\":\"https:\/\/delta5sim.com\/website\/produto\/refresh-garmin-g1000\/#breadcrumb\"},\"inLanguage\":\"pt-BR\",\"potentialAction\":[{\"@type\":\"ReadAction\",\"target\":[\"https:\/\/delta5sim.com\/website\/produto\/refresh-garmin-g1000\/\"]}]},{\"@type\":\"ImageObject\",\"inLanguage\":\"pt-BR\",\"@id\":\"https:\/\/delta5sim.com\/website\/produto\/refresh-garmin-g1000\/#primaryimage\",\"url\":\"https:\/\/delta5sim.com\/website\/wp-content\/uploads\/2023\/09\/delta-5-2.jpg\",\"contentUrl\":\"https:\/\/delta5sim.com\/website\/wp-content\/uploads\/2023\/09\/delta-5-2.jpg\",\"width\":1599,\"height\":900},{\"@type\":\"BreadcrumbList\",\"@id\":\"https:\/\/delta5sim.com\/website\/produto\/refresh-garmin-g1000\/#breadcrumb\",\"itemListElement\":[{\"@type\":\"ListItem\",\"position\":1,\"name\":\"In\u00edcio\",\"item\":\"https:\/\/delta5sim.com\/website\/\"},{\"@type\":\"ListItem\",\"position\":2,\"name\":\"Loja-3\",\"item\":\"https:\/\/delta5sim.com\/website\/loja3\/\"},{\"@type\":\"ListItem\",\"position\":3,\"name\":\"Refresh Garmin G1000\"}]},{\"@type\":\"WebSite\",\"@id\":\"https:\/\/delta5sim.com\/website\/#website\",\"url\":\"https:\/\/delta5sim.com\/website\/\",\"name\":\"Delta 5\",\"description\":\"&quot;Treine antes de voar&quot;\",\"publisher\":{\"@id\":\"https:\/\/delta5sim.com\/website\/#organization\"},\"potentialAction\":[{\"@type\":\"SearchAction\",\"target\":{\"@type\":\"EntryPoint\",\"urlTemplate\":\"https:\/\/delta5sim.com\/website\/?s={search_term_string}\"},\"query-input\":{\"@type\":\"PropertyValueSpecification\",\"valueRequired\":true,\"valueName\":\"search_term_string\"}}],\"inLanguage\":\"pt-BR\"},{\"@type\":\"Organization\",\"@id\":\"https:\/\/delta5sim.com\/website\/#organization\",\"name\":\"Delta 5\",\"url\":\"https:\/\/delta5sim.com\/website\/\",\"logo\":{\"@type\":\"ImageObject\",\"inLanguage\":\"pt-BR\",\"@id\":\"https:\/\/delta5sim.com\/website\/#\/schema\/logo\/image\/\",\"url\":\"https:\/\/delta5sim.com\/website\/wp-content\/uploads\/2023\/09\/Delta5_CIAC.png\",\"contentUrl\":\"https:\/\/delta5sim.com\/website\/wp-content\/uploads\/2023\/09\/Delta5_CIAC.png\",\"width\":2463,\"height\":783,\"caption\":\"Delta 5\"},\"image\":{\"@id\":\"https:\/\/delta5sim.com\/website\/#\/schema\/logo\/image\/\"}}]}<\/script>\n<!-- \/ Yoast SEO plugin. -->","yoast_head_json":{"title":"Refresh Garmin G1000 - Delta 5","robots":{"index":"index","follow":"follow","max-snippet":"max-snippet:-1","max-image-preview":"max-image-preview:large","max-video-preview":"max-video-preview:-1"},"canonical":"https:\/\/delta5sim.com\/website\/produto\/refresh-garmin-g1000\/","og_locale":"pt_BR","og_type":"article","og_title":"Refresh Garmin G1000 - Delta 5","og_description":"Reserve sua vaga Via WhatsApp (11) 96157-2175 e para verificar as datas de pr\u00f3ximas turmas.  Para efetivar sua matr\u00edcula voc\u00ea dever\u00e1 preencher a FICHA DE INSCRI\u00c7\u00c3O e tamb\u00e9m PAGAR A TAXA DE MATR\u00cdCULA (R$ 250,00).  Antes de iniciar o curso voc\u00ea pagar\u00e1 o valor restante.  Aceitamos o pagamento PIX, cart\u00e3o de cr\u00e9dito ou d\u00e9bito (aceitamos VISA, MasterCard, American Express e as principais bandeiras de cart\u00f5es, confirme conosco se necess\u00e1rio) e transfer\u00eancia banc\u00e1ria.  Cancelamento de Inscri\u00e7\u00e3o: Para cancelamento at\u00e9 07 dias uteis antes da data do in\u00edcio do curso, efetuaremos devolu\u00e7\u00e3o da Taxa de Inscri\u00e7\u00e3o. Cancelamentos ap\u00f3s esta data, o valor da Taxa de Inscri\u00e7\u00e3o ser\u00e1 retido para cobertura das nossas despesas administrativas.  Mais informa\u00e7\u00f5es? Envie uma mensagem!","og_url":"https:\/\/delta5sim.com\/website\/produto\/refresh-garmin-g1000\/","og_site_name":"Delta 5","article_modified_time":"2026-05-01T11:41:45+00:00","og_image":[{"width":1599,"height":900,"url":"https:\/\/delta5sim.com\/website\/wp-content\/uploads\/2023\/09\/delta-5-2.jpg","type":"image\/jpeg"}],"twitter_card":"summary_large_image","twitter_misc":{"Est. tempo de leitura":"2 minutos"},"schema":{"@context":"https:\/\/schema.org","@graph":[{"@type":"WebPage","@id":"https:\/\/delta5sim.com\/website\/produto\/refresh-garmin-g1000\/","url":"https:\/\/delta5sim.com\/website\/produto\/refresh-garmin-g1000\/","name":"Refresh Garmin G1000 - Delta 5","isPartOf":{"@id":"https:\/\/delta5sim.com\/website\/#website"},"primaryImageOfPage":{"@id":"https:\/\/delta5sim.com\/website\/produto\/refresh-garmin-g1000\/#primaryimage"},"image":{"@id":"https:\/\/delta5sim.com\/website\/produto\/refresh-garmin-g1000\/#primaryimage"},"thumbnailUrl":"https:\/\/delta5sim.com\/website\/wp-content\/uploads\/2023\/09\/delta-5-2.jpg","datePublished":"2023-09-05T13:44:18+00:00","dateModified":"2026-05-01T11:41:45+00:00","breadcrumb":{"@id":"https:\/\/delta5sim.com\/website\/produto\/refresh-garmin-g1000\/#breadcrumb"},"inLanguage":"pt-BR","potentialAction":[{"@type":"ReadAction","target":["https:\/\/delta5sim.com\/website\/produto\/refresh-garmin-g1000\/"]}]},{"@type":"ImageObject","inLanguage":"pt-BR","@id":"https:\/\/delta5sim.com\/website\/produto\/refresh-garmin-g1000\/#primaryimage","url":"https:\/\/delta5sim.com\/website\/wp-content\/uploads\/2023\/09\/delta-5-2.jpg","contentUrl":"https:\/\/delta5sim.com\/website\/wp-content\/uploads\/2023\/09\/delta-5-2.jpg","width":1599,"height":900},{"@type":"BreadcrumbList","@id":"https:\/\/delta5sim.com\/website\/produto\/refresh-garmin-g1000\/#breadcrumb","itemListElement":[{"@type":"ListItem","position":1,"name":"In\u00edcio","item":"https:\/\/delta5sim.com\/website\/"},{"@type":"ListItem","position":2,"name":"Loja-3","item":"https:\/\/delta5sim.com\/website\/loja3\/"},{"@type":"ListItem","position":3,"name":"Refresh Garmin G1000"}]},{"@type":"WebSite","@id":"https:\/\/delta5sim.com\/website\/#website","url":"https:\/\/delta5sim.com\/website\/","name":"Delta 5","description":"&quot;Treine antes de voar&quot;","publisher":{"@id":"https:\/\/delta5sim.com\/website\/#organization"},"potentialAction":[{"@type":"SearchAction","target":{"@type":"EntryPoint","urlTemplate":"https:\/\/delta5sim.com\/website\/?s={search_term_string}"},"query-input":{"@type":"PropertyValueSpecification","valueRequired":true,"valueName":"search_term_string"}}],"inLanguage":"pt-BR"},{"@type":"Organization","@id":"https:\/\/delta5sim.com\/website\/#organization","name":"Delta 5","url":"https:\/\/delta5sim.com\/website\/","logo":{"@type":"ImageObject","inLanguage":"pt-BR","@id":"https:\/\/delta5sim.com\/website\/#\/schema\/logo\/image\/","url":"https:\/\/delta5sim.com\/website\/wp-content\/uploads\/2023\/09\/Delta5_CIAC.png","contentUrl":"https:\/\/delta5sim.com\/website\/wp-content\/uploads\/2023\/09\/Delta5_CIAC.png","width":2463,"height":783,"caption":"Delta 5"},"image":{"@id":"https:\/\/delta5sim.com\/website\/#\/schema\/logo\/image\/"}}]}},"_links":{"self":[{"href":"https:\/\/delta5sim.com\/website\/wp-json\/wp\/v2\/product\/30","targetHints":{"allow":["GET"]}}],"collection":[{"href":"https:\/\/delta5sim.com\/website\/wp-json\/wp\/v2\/product"}],"about":[{"href":"https:\/\/delta5sim.com\/website\/wp-json\/wp\/v2\/types\/product"}],"version-history":[{"count":7,"href":"https:\/\/delta5sim.com\/website\/wp-json\/wp\/v2\/product\/30\/revisions"}],"predecessor-version":[{"id":470762,"href":"https:\/\/delta5sim.com\/website\/wp-json\/wp\/v2\/product\/30\/revisions\/470762"}],"wp:featuredmedia":[{"embeddable":true,"href":"https:\/\/delta5sim.com\/website\/wp-json\/wp\/v2\/media\/2610"}],"wp:attachment":[{"href":"https:\/\/delta5sim.com\/website\/wp-json\/wp\/v2\/media?parent=30"}],"wp:term":[{"taxonomy":"product_brand","embeddable":true,"href":"https:\/\/delta5sim.com\/website\/wp-json\/wp\/v2\/product_brand?post=30"},{"taxonomy":"product_cat","embeddable":true,"href":"https:\/\/delta5sim.com\/website\/wp-json\/wp\/v2\/product_cat?post=30"},{"taxonomy":"product_tag","embeddable":true,"href":"https:\/\/delta5sim.com\/website\/wp-json\/wp\/v2\/product_tag?post=30"}],"curies":[{"name":"wp","href":"https:\/\/api.w.org\/{rel}","templated":true}]}}