{"id":29,"date":"2023-09-05T13:44:18","date_gmt":"2023-09-05T13:44:18","guid":{"rendered":"https:\/\/delta5sim.com\/website\/?post_type=product&#038;p=29"},"modified":"2026-04-23T12:13:48","modified_gmt":"2026-04-23T15:13:48","slug":"treinamento-livre","status":"publish","type":"product","link":"https:\/\/delta5sim.com\/website\/produto\/treinamento-livre\/","title":{"rendered":"Treinamento Livre"},"content":{"rendered":"<h2 style=\"text-align: justify;\">Alugue nossos simuladores para fazer seu treinamento como preferir.<\/h2>\n<p style=\"text-align: justify;\">Quer utilizar nossos simuladores do Boeing 737 ou Airbus A320 para fazer treinamentos livres a seu crit\u00e9rio? Estamos \u00e0 sua disposi\u00e7\u00e3o.<\/p>\n<p style=\"text-align: justify;\">A Delta5 possui simuladores de <a href=\"https:\/\/delta5sim.com\/website\/boeing-737-ng\/\">Boeing 737<\/a> e <a href=\"https:\/\/delta5sim.com\/website\/airbus-a320\/\">Airbus A320<\/a> no padr\u00e3o FTD n\u00edvel 4 que permitem treinar opera\u00e7\u00f5es padr\u00f5es, exatamente como os pilotos profissionais.<\/p>\n<p>Seja\u00a0 voc\u00ea um piloto que gostaria de realizar manobras especificas para sua sess\u00e3o de simulador ou \u00e9 um aficionado por avia\u00e7\u00e3o, que usa um simulador em casa e quer saber como \u00e9 pilotar um jato comercial,\u00a0 aperfei\u00e7oar seus conhecimentos como:<\/p>\n<p>\u2022 Prepara\u00e7\u00e3o do cockpit,<br \/>\n\u2022 Check list,<br \/>\n\u2022 Preenchimento FMGS,<br \/>\n\u2022 Leitura de carta,<br \/>\n\u2022 &#8220;Cold and Dark&#8221;<\/p>\n<p>Aproveite essa experi\u00eancia! Fa\u00e7a a compra pelo site e agende agora mesmo.<\/p>\n<p>Em geral, segundo nossa experi\u00eancia h\u00e1 um maior aproveitamento em sess\u00f5es com dura\u00e7\u00e3o de pelo menos 2 horas e no m\u00e1ximo 4, mas fica a seu crit\u00e9rio a reserva do simulador.<\/p>\n<p>Voc\u00ea poder\u00e1 chamar um amigo para ser seu ala e aperfei\u00e7oar seu treinamento com nosso instrutor.<\/p>\n<p>Quer saber mais condi\u00e7\u00f5es e detalhes sobre os simuladores? Acesse as p\u00e1ginas sobre nosso <a href=\"https:\/\/delta5sim.com\/website\/boeing-737-ng\/\">Boeing<\/a> e nosso <a href=\"https:\/\/delta5sim.com\/website\/airbus-a320\/\">Airbus<\/a>.<\/p>\n<p>*Consulte <a href=\"https:\/\/delta5sim.com\/website\/termos-e-condicoes\/\" target=\"_blank\" rel=\"noopener\">Termos e Condi\u00e7\u00f5es*<\/a><\/p>\n<div id=\"jig1\" class=\"justified-image-grid jig-a8c6979ca23f836bb8bb90390e65209d jig-preset-global jig-source-wp-gallery\"><div class=\"jig-clearfix\"><\/div><noscript id=\"jig1-html\" class=\"justified-image-grid-html\" data-lazy-src=\"skiplazyload\" data-src=\"skipunveillazyload\"><ul><li><a href=\"https:\/\/delta5sim.com\/website\/wp-content\/uploads\/2023\/09\/378_banner-delta-5-treinamento-livre.jpg\"><img fetchpriority=\"high\" decoding=\"async\" src=\"https:\/\/delta5sim.com\/website\/wp-content\/uploads\/2023\/09\/378_banner-delta-5-treinamento-livre.jpg\" alt=\"\" width=\"1125\" height=\"500\" \/><\/a><\/li><li><a href=\"https:\/\/delta5sim.com\/website\/wp-content\/uploads\/2023\/09\/delta-5-matricula-Jet-training.jpg\"><img decoding=\"async\" src=\"https:\/\/delta5sim.com\/website\/wp-content\/uploads\/2023\/09\/delta-5-matricula-Jet-training.jpg\" alt=\"\" width=\"889\" height=\"500\" \/><\/a><\/li><li><a href=\"https:\/\/delta5sim.com\/website\/wp-content\/uploads\/2023\/09\/treinamento-lvre-delta-5-e1694633020110.jpg\"><img decoding=\"async\" src=\"https:\/\/delta5sim.com\/website\/wp-content\/uploads\/2023\/09\/treinamento-lvre-delta-5-e1694633020110.jpg\" alt=\"\" width=\"750\" height=\"500\" \/><\/a><\/li><li><a href=\"https:\/\/delta5sim.com\/website\/wp-content\/uploads\/2023\/09\/simulador-airbus-320-a-delta-5.jpg\"><img loading=\"lazy\" decoding=\"async\" src=\"https:\/\/delta5sim.com\/website\/wp-content\/uploads\/2023\/09\/simulador-airbus-320-a-delta-5.jpg\" alt=\"\" width=\"889\" height=\"500\" \/><\/a><\/li><li><a href=\"https:\/\/delta5sim.com\/website\/wp-content\/uploads\/2023\/09\/eficiencia-delta5.jpg\"><img loading=\"lazy\" decoding=\"async\" src=\"https:\/\/delta5sim.com\/website\/wp-content\/uploads\/2023\/09\/eficiencia-delta5.jpg\" alt=\"\" width=\"888\" height=\"500\" \/><\/a><\/li><li><a href=\"https:\/\/delta5sim.com\/website\/wp-content\/uploads\/2023\/09\/stacks-delta-5.jpg\"><img loading=\"lazy\" decoding=\"async\" src=\"https:\/\/delta5sim.com\/website\/wp-content\/uploads\/2023\/09\/stacks-delta-5.jpg\" alt=\"\" width=\"1546\" height=\"500\" \/><\/a><\/li><\/ul><\/noscript><\/div>\n","protected":false},"excerpt":{"rendered":"<h1>Informa\u00e7\u00f5es Adicionais<\/h1>\n<p>Via <a href=\"https:\/\/wa.me\/5511961572175?text=Oi%20por%20favor%20acessei%20o%20site%20da%20Delta5%20e%20quero%20saber%20mais%20para%20me%20matricular%20no%20Jet%20Training\" target=\"_blank\" rel=\"noopener\">WhatsApp (11) 96157-2175<\/a><\/p>\n<p><a href=\"https:\/\/api.whatsapp.com\/send?phone=5511961572175&amp;text=Ol%C3%A1!%20Acessei%20o%20site%20Delta5%20e%20gostaria%20de%20mais%20detalhes%20sobre%20o%20Jet%20Training%20Delta5\" target=\"_blank\" rel=\"noopener\">Envie uma mensagem!<\/a><a href=\"https:\/\/delta5sim.com\/website\/wp-content\/uploads\/2023\/09\/whatsapp-icone-30.png\"><img loading=\"lazy\" decoding=\"async\" class=\"alignnone size-full wp-image-3645\" src=\"https:\/\/delta5sim.com\/website\/wp-content\/uploads\/2023\/09\/whatsapp-icone-30.png\" alt=\"\" width=\"30\" height=\"30\" \/><\/a><\/p>\n<h4 style=\"text-align: right;\"><em>*Valor por hora de simulador*\u00a0<\/em> <strong>R$ 505,00<\/strong><\/h4>\n<h2 style=\"text-align: right;\"><a href=\"https:\/\/delta5sim.com\/website\/agendamento-delta-5\/\"><strong>Agende sua sess\u00e3o aqui<\/strong><\/a><\/h2>\n","protected":false},"featured_media":2382,"template":"","meta":[],"product_brand":[],"product_cat":[117,38],"product_tag":[21,39,23,40,35],"class_list":{"0":"post-29","1":"product","2":"type-product","3":"status-publish","4":"has-post-thumbnail","6":"product_cat-treinamentos","7":"product_cat-treinamentos-livres","8":"product_tag-airbus-a320","9":"product_tag-aluguel-de-simulador","10":"product_tag-boeing-737","11":"product_tag-ftd","12":"product_tag-simulador-de-voo","14":"first","15":"instock","16":"shipping-taxable","17":"product-type-external"},"yoast_head":"<!-- This site is optimized with the Yoast SEO plugin v27.2 - https:\/\/yoast.com\/product\/yoast-seo-wordpress\/ -->\n<title>Treinamento Livre - Delta 5<\/title>\n<meta name=\"robots\" content=\"index, follow, max-snippet:-1, max-image-preview:large, max-video-preview:-1\" \/>\n<link rel=\"canonical\" href=\"https:\/\/delta5sim.com\/website\/produto\/treinamento-livre\/\" \/>\n<meta property=\"og:locale\" content=\"pt_BR\" \/>\n<meta property=\"og:type\" content=\"article\" \/>\n<meta property=\"og:title\" content=\"Treinamento Livre - Delta 5\" \/>\n<meta property=\"og:description\" content=\"Informa\u00e7\u00f5es Adicionais Via WhatsApp (11) 96157-2175  Envie uma mensagem! *Valor por hora de simulador*\u00a0 R$ 505,00 Agende sua sess\u00e3o aqui\" \/>\n<meta property=\"og:url\" content=\"https:\/\/delta5sim.com\/website\/produto\/treinamento-livre\/\" \/>\n<meta property=\"og:site_name\" content=\"Delta 5\" \/>\n<meta property=\"article:modified_time\" content=\"2026-04-23T15:13:48+00:00\" \/>\n<meta property=\"og:image\" content=\"https:\/\/delta5sim.com\/website\/wp-content\/uploads\/2023\/09\/Boeing-737-NG-delta5.jpg\" \/>\n\t<meta property=\"og:image:width\" content=\"1601\" \/>\n\t<meta property=\"og:image:height\" content=\"900\" \/>\n\t<meta property=\"og:image:type\" content=\"image\/jpeg\" \/>\n<meta name=\"twitter:card\" content=\"summary_large_image\" \/>\n<meta name=\"twitter:label1\" content=\"Est. tempo de leitura\" \/>\n\t<meta name=\"twitter:data1\" content=\"2 minutos\" \/>\n<script type=\"application\/ld+json\" class=\"yoast-schema-graph\">{\"@context\":\"https:\/\/schema.org\",\"@graph\":[{\"@type\":\"WebPage\",\"@id\":\"https:\/\/delta5sim.com\/website\/produto\/treinamento-livre\/\",\"url\":\"https:\/\/delta5sim.com\/website\/produto\/treinamento-livre\/\",\"name\":\"Treinamento Livre - Delta 5\",\"isPartOf\":{\"@id\":\"https:\/\/delta5sim.com\/website\/#website\"},\"primaryImageOfPage\":{\"@id\":\"https:\/\/delta5sim.com\/website\/produto\/treinamento-livre\/#primaryimage\"},\"image\":{\"@id\":\"https:\/\/delta5sim.com\/website\/produto\/treinamento-livre\/#primaryimage\"},\"thumbnailUrl\":\"https:\/\/delta5sim.com\/website\/wp-content\/uploads\/2023\/09\/Boeing-737-NG-delta5.jpg\",\"datePublished\":\"2023-09-05T13:44:18+00:00\",\"dateModified\":\"2026-04-23T15:13:48+00:00\",\"breadcrumb\":{\"@id\":\"https:\/\/delta5sim.com\/website\/produto\/treinamento-livre\/#breadcrumb\"},\"inLanguage\":\"pt-BR\",\"potentialAction\":[{\"@type\":\"ReadAction\",\"target\":[\"https:\/\/delta5sim.com\/website\/produto\/treinamento-livre\/\"]}]},{\"@type\":\"ImageObject\",\"inLanguage\":\"pt-BR\",\"@id\":\"https:\/\/delta5sim.com\/website\/produto\/treinamento-livre\/#primaryimage\",\"url\":\"https:\/\/delta5sim.com\/website\/wp-content\/uploads\/2023\/09\/Boeing-737-NG-delta5.jpg\",\"contentUrl\":\"https:\/\/delta5sim.com\/website\/wp-content\/uploads\/2023\/09\/Boeing-737-NG-delta5.jpg\",\"width\":1601,\"height\":900},{\"@type\":\"BreadcrumbList\",\"@id\":\"https:\/\/delta5sim.com\/website\/produto\/treinamento-livre\/#breadcrumb\",\"itemListElement\":[{\"@type\":\"ListItem\",\"position\":1,\"name\":\"In\u00edcio\",\"item\":\"https:\/\/delta5sim.com\/website\/\"},{\"@type\":\"ListItem\",\"position\":2,\"name\":\"Loja-3\",\"item\":\"https:\/\/delta5sim.com\/website\/loja3\/\"},{\"@type\":\"ListItem\",\"position\":3,\"name\":\"Treinamento Livre\"}]},{\"@type\":\"WebSite\",\"@id\":\"https:\/\/delta5sim.com\/website\/#website\",\"url\":\"https:\/\/delta5sim.com\/website\/\",\"name\":\"Delta 5\",\"description\":\"&quot;Treine antes de voar&quot;\",\"publisher\":{\"@id\":\"https:\/\/delta5sim.com\/website\/#organization\"},\"potentialAction\":[{\"@type\":\"SearchAction\",\"target\":{\"@type\":\"EntryPoint\",\"urlTemplate\":\"https:\/\/delta5sim.com\/website\/?s={search_term_string}\"},\"query-input\":{\"@type\":\"PropertyValueSpecification\",\"valueRequired\":true,\"valueName\":\"search_term_string\"}}],\"inLanguage\":\"pt-BR\"},{\"@type\":\"Organization\",\"@id\":\"https:\/\/delta5sim.com\/website\/#organization\",\"name\":\"Delta 5\",\"url\":\"https:\/\/delta5sim.com\/website\/\",\"logo\":{\"@type\":\"ImageObject\",\"inLanguage\":\"pt-BR\",\"@id\":\"https:\/\/delta5sim.com\/website\/#\/schema\/logo\/image\/\",\"url\":\"https:\/\/delta5sim.com\/website\/wp-content\/uploads\/2023\/09\/Delta5_CIAC.png\",\"contentUrl\":\"https:\/\/delta5sim.com\/website\/wp-content\/uploads\/2023\/09\/Delta5_CIAC.png\",\"width\":2463,\"height\":783,\"caption\":\"Delta 5\"},\"image\":{\"@id\":\"https:\/\/delta5sim.com\/website\/#\/schema\/logo\/image\/\"}}]}<\/script>\n<!-- \/ Yoast SEO plugin. -->","yoast_head_json":{"title":"Treinamento Livre - Delta 5","robots":{"index":"index","follow":"follow","max-snippet":"max-snippet:-1","max-image-preview":"max-image-preview:large","max-video-preview":"max-video-preview:-1"},"canonical":"https:\/\/delta5sim.com\/website\/produto\/treinamento-livre\/","og_locale":"pt_BR","og_type":"article","og_title":"Treinamento Livre - Delta 5","og_description":"Informa\u00e7\u00f5es Adicionais Via WhatsApp (11) 96157-2175  Envie uma mensagem! *Valor por hora de simulador*\u00a0 R$ 505,00 Agende sua sess\u00e3o aqui","og_url":"https:\/\/delta5sim.com\/website\/produto\/treinamento-livre\/","og_site_name":"Delta 5","article_modified_time":"2026-04-23T15:13:48+00:00","og_image":[{"width":1601,"height":900,"url":"https:\/\/delta5sim.com\/website\/wp-content\/uploads\/2023\/09\/Boeing-737-NG-delta5.jpg","type":"image\/jpeg"}],"twitter_card":"summary_large_image","twitter_misc":{"Est. tempo de leitura":"2 minutos"},"schema":{"@context":"https:\/\/schema.org","@graph":[{"@type":"WebPage","@id":"https:\/\/delta5sim.com\/website\/produto\/treinamento-livre\/","url":"https:\/\/delta5sim.com\/website\/produto\/treinamento-livre\/","name":"Treinamento Livre - Delta 5","isPartOf":{"@id":"https:\/\/delta5sim.com\/website\/#website"},"primaryImageOfPage":{"@id":"https:\/\/delta5sim.com\/website\/produto\/treinamento-livre\/#primaryimage"},"image":{"@id":"https:\/\/delta5sim.com\/website\/produto\/treinamento-livre\/#primaryimage"},"thumbnailUrl":"https:\/\/delta5sim.com\/website\/wp-content\/uploads\/2023\/09\/Boeing-737-NG-delta5.jpg","datePublished":"2023-09-05T13:44:18+00:00","dateModified":"2026-04-23T15:13:48+00:00","breadcrumb":{"@id":"https:\/\/delta5sim.com\/website\/produto\/treinamento-livre\/#breadcrumb"},"inLanguage":"pt-BR","potentialAction":[{"@type":"ReadAction","target":["https:\/\/delta5sim.com\/website\/produto\/treinamento-livre\/"]}]},{"@type":"ImageObject","inLanguage":"pt-BR","@id":"https:\/\/delta5sim.com\/website\/produto\/treinamento-livre\/#primaryimage","url":"https:\/\/delta5sim.com\/website\/wp-content\/uploads\/2023\/09\/Boeing-737-NG-delta5.jpg","contentUrl":"https:\/\/delta5sim.com\/website\/wp-content\/uploads\/2023\/09\/Boeing-737-NG-delta5.jpg","width":1601,"height":900},{"@type":"BreadcrumbList","@id":"https:\/\/delta5sim.com\/website\/produto\/treinamento-livre\/#breadcrumb","itemListElement":[{"@type":"ListItem","position":1,"name":"In\u00edcio","item":"https:\/\/delta5sim.com\/website\/"},{"@type":"ListItem","position":2,"name":"Loja-3","item":"https:\/\/delta5sim.com\/website\/loja3\/"},{"@type":"ListItem","position":3,"name":"Treinamento Livre"}]},{"@type":"WebSite","@id":"https:\/\/delta5sim.com\/website\/#website","url":"https:\/\/delta5sim.com\/website\/","name":"Delta 5","description":"&quot;Treine antes de voar&quot;","publisher":{"@id":"https:\/\/delta5sim.com\/website\/#organization"},"potentialAction":[{"@type":"SearchAction","target":{"@type":"EntryPoint","urlTemplate":"https:\/\/delta5sim.com\/website\/?s={search_term_string}"},"query-input":{"@type":"PropertyValueSpecification","valueRequired":true,"valueName":"search_term_string"}}],"inLanguage":"pt-BR"},{"@type":"Organization","@id":"https:\/\/delta5sim.com\/website\/#organization","name":"Delta 5","url":"https:\/\/delta5sim.com\/website\/","logo":{"@type":"ImageObject","inLanguage":"pt-BR","@id":"https:\/\/delta5sim.com\/website\/#\/schema\/logo\/image\/","url":"https:\/\/delta5sim.com\/website\/wp-content\/uploads\/2023\/09\/Delta5_CIAC.png","contentUrl":"https:\/\/delta5sim.com\/website\/wp-content\/uploads\/2023\/09\/Delta5_CIAC.png","width":2463,"height":783,"caption":"Delta 5"},"image":{"@id":"https:\/\/delta5sim.com\/website\/#\/schema\/logo\/image\/"}}]}},"_links":{"self":[{"href":"https:\/\/delta5sim.com\/website\/wp-json\/wp\/v2\/product\/29","targetHints":{"allow":["GET"]}}],"collection":[{"href":"https:\/\/delta5sim.com\/website\/wp-json\/wp\/v2\/product"}],"about":[{"href":"https:\/\/delta5sim.com\/website\/wp-json\/wp\/v2\/types\/product"}],"version-history":[{"count":37,"href":"https:\/\/delta5sim.com\/website\/wp-json\/wp\/v2\/product\/29\/revisions"}],"predecessor-version":[{"id":468486,"href":"https:\/\/delta5sim.com\/website\/wp-json\/wp\/v2\/product\/29\/revisions\/468486"}],"wp:featuredmedia":[{"embeddable":true,"href":"https:\/\/delta5sim.com\/website\/wp-json\/wp\/v2\/media\/2382"}],"wp:attachment":[{"href":"https:\/\/delta5sim.com\/website\/wp-json\/wp\/v2\/media?parent=29"}],"wp:term":[{"taxonomy":"product_brand","embeddable":true,"href":"https:\/\/delta5sim.com\/website\/wp-json\/wp\/v2\/product_brand?post=29"},{"taxonomy":"product_cat","embeddable":true,"href":"https:\/\/delta5sim.com\/website\/wp-json\/wp\/v2\/product_cat?post=29"},{"taxonomy":"product_tag","embeddable":true,"href":"https:\/\/delta5sim.com\/website\/wp-json\/wp\/v2\/product_tag?post=29"}],"curies":[{"name":"wp","href":"https:\/\/api.w.org\/{rel}","templated":true}]}}