{"id":27,"date":"2023-12-01T13:44:18","date_gmt":"2023-12-01T16:44:18","guid":{"rendered":"https:\/\/delta5sim.com\/website\/?post_type=product&#038;p=27"},"modified":"2026-04-23T12:21:29","modified_gmt":"2026-04-23T15:21:29","slug":"preparatorio-para-selecao","status":"publish","type":"product","link":"https:\/\/delta5sim.com\/website\/produto\/preparatorio-para-selecao\/","title":{"rendered":"Preparat\u00f3rio para Sele\u00e7\u00e3o"},"content":{"rendered":"<h2 style=\"text-align: left;\">Voc\u00ea est\u00e1 apto para os processos de sele\u00e7\u00e3o de empresas a\u00e9reas?<\/h2>\n<p style=\"text-align: left;\">Quer se familiarizar com o Boeing 737 ou Airbus A320 para participar de um processo de sele\u00e7\u00e3o e treinar as manobras que ter\u00e1 que executar em uma prova de simulador? Na Delta5 ajudamos voc\u00ea.<\/p>\n<p style=\"text-align: left;\">A Delta5 possui simuladores de <a href=\"https:\/\/delta5sim.com\/website\/boeing-737-ng\/\">Boeing 737<\/a> e <a href=\"https:\/\/delta5sim.com\/website\/airbus-a320\/\">Airbus A320<\/a> e um time de instrutores capacitados em orientar voc\u00ea para usar o melhor de suas compet\u00eancias nas manobras de simulador exigidas pelas companhias em processos de sele\u00e7\u00e3o.<\/p>\n<p style=\"text-align: left;\">Voc\u00ea realizar\u00e1 uma sess\u00e3o de simulador que inclui familiariza\u00e7\u00e3o r\u00e1pida na aeronave e realiza\u00e7\u00e3o dos procedimentos previstos nas instru\u00e7\u00f5es de candidato.<\/p>\n<p style=\"text-align: left;\">Para melhor aproveitamento, sugerimos que o tempo da sess\u00e3o seja de no m\u00ednimo 2 horas e no m\u00e1ximo 4. Voc\u00ea poder\u00e1 agendar mais horas de treinamento conforme sua necessidade e sua percep\u00e7\u00e3o de seu desempenho.<\/p>\n<p style=\"text-align: left;\">Podemos oferecer uma capacita\u00e7\u00e3o te\u00f3rica adicional em sala de aula\u00a0 <em><strong><a href=\"https:\/\/delta5sim.com\/produto\/briefing\/\">(Briefing)<\/a>\u00a0<\/strong><\/em> para que voc\u00ea conhe\u00e7a aspectos comportamentais e t\u00e9cnicos dos processos de sele\u00e7\u00e3o ao custo de R$198,00 por hora.<\/p>\n<p style=\"text-align: left;\">Nossos alunos tiveram sucesso na aprova\u00e7\u00e3o em processos de sele\u00e7\u00e3o de empresas brasileiras e internacionais.<\/p>\n<p style=\"text-align: left;\">J\u00e1 oferecemos treinamentos para candidatos \u00e0 sele\u00e7\u00e3o de empresas como Latam, Gol, Emirates, Qatar, Cathay Pacific, RyanAir, Flydubai, Spring China, Hainan, Hong Kong Express, IndiGo, entre outras.<\/p>\n<p style=\"text-align: left;\">Realizamos avalia\u00e7\u00e3o (check n\u00e3o homologado) no mesmo formato do CAAC (Civil Aviation Administration of China) para identifica\u00e7\u00e3o das melhorias necess\u00e1rias aos candidatos.<\/p>\n<p>*Consulte <a href=\"https:\/\/delta5sim.com\/website\/termos-e-condicoes\/\" target=\"_blank\" rel=\"noopener\">Termos e Condi\u00e7\u00f5es*<\/a><\/p>\n<p>&nbsp;<\/p>\n<p>&nbsp;<\/p>\n<div id=\"jig1\" class=\"justified-image-grid jig-dc7219fad9b8b43efc3ec4370cfb2d63 jig-preset-global jig-source-wp-gallery\"><div class=\"jig-clearfix\"><\/div><noscript id=\"jig1-html\" class=\"justified-image-grid-html\" data-lazy-src=\"skiplazyload\" data-src=\"skipunveillazyload\"><ul><li><a href=\"https:\/\/delta5sim.com\/website\/wp-content\/uploads\/2023\/09\/delta-5-matricula-Jet-training.jpg\"><img fetchpriority=\"high\" decoding=\"async\" src=\"https:\/\/delta5sim.com\/website\/wp-content\/uploads\/2023\/09\/delta-5-matricula-Jet-training.jpg\" alt=\"\" width=\"889\" height=\"500\" \/><\/a><\/li><li><a href=\"https:\/\/delta5sim.com\/website\/wp-content\/uploads\/2023\/09\/378_banner-delta-5-treinamento-livre.jpg\"><img decoding=\"async\" src=\"https:\/\/delta5sim.com\/website\/wp-content\/uploads\/2023\/09\/378_banner-delta-5-treinamento-livre.jpg\" alt=\"\" width=\"1125\" height=\"500\" \/><\/a><\/li><li><a href=\"https:\/\/delta5sim.com\/website\/wp-content\/uploads\/2023\/09\/treinamento-lvre-delta-5-e1694633020110.jpg\"><img decoding=\"async\" src=\"https:\/\/delta5sim.com\/website\/wp-content\/uploads\/2023\/09\/treinamento-lvre-delta-5-e1694633020110.jpg\" alt=\"\" width=\"750\" height=\"500\" \/><\/a><\/li><li><a href=\"https:\/\/delta5sim.com\/website\/wp-content\/uploads\/2023\/09\/b_ovbanner-delta5.jpg\"><img loading=\"lazy\" decoding=\"async\" src=\"https:\/\/delta5sim.com\/website\/wp-content\/uploads\/2023\/09\/b_ovbanner-delta5.jpg\" alt=\"\" width=\"1125\" height=\"500\" \/><\/a><\/li><li><a href=\"https:\/\/delta5sim.com\/website\/wp-content\/uploads\/2023\/09\/simulador-airbus-320-a-delta-5.jpg\"><img loading=\"lazy\" decoding=\"async\" src=\"https:\/\/delta5sim.com\/website\/wp-content\/uploads\/2023\/09\/simulador-airbus-320-a-delta-5.jpg\" alt=\"\" width=\"889\" height=\"500\" \/><\/a><\/li><li><a href=\"https:\/\/delta5sim.com\/website\/wp-content\/uploads\/2023\/09\/stacks-delta-5.jpg\"><img loading=\"lazy\" decoding=\"async\" src=\"https:\/\/delta5sim.com\/website\/wp-content\/uploads\/2023\/09\/stacks-delta-5.jpg\" alt=\"\" width=\"1546\" height=\"500\" \/><\/a><\/li><\/ul><\/noscript><\/div>\n","protected":false},"excerpt":{"rendered":"<h1>Informa\u00e7\u00f5es Adicionais<\/h1>\n<p>Via <a href=\"https:\/\/wa.me\/5511961572175?text=Oi%20por%20favor%20acessei%20o%20site%20da%20Delta5%20e%20quero%20saber%20mais%20para%20me%20matricular%20no%20Jet%20Training\" target=\"_blank\" rel=\"noopener\">WhatsApp (11) 96157-2175<\/a><\/p>\n<p><a href=\"https:\/\/api.whatsapp.com\/send?phone=5511961572175&amp;text=Ol%C3%A1!%20Acessei%20o%20site%20Delta5%20e%20gostaria%20de%20mais%20detalhes%20sobre%20o%20Jet%20Training%20Delta5\" target=\"_blank\" rel=\"noopener\">Envie uma mensagem!<\/a><a href=\"https:\/\/delta5sim.com\/website\/wp-content\/uploads\/2023\/09\/whatsapp-icone-30.png\"><img loading=\"lazy\" decoding=\"async\" class=\"alignnone size-full wp-image-3645\" src=\"https:\/\/delta5sim.com\/website\/wp-content\/uploads\/2023\/09\/whatsapp-icone-30.png\" alt=\"\" width=\"30\" height=\"30\" \/><\/a><\/p>\n<h4 style=\"text-align: right;\"><em>*Valor por 02 horas de simulador*\u00a0<\/em> <strong>R$ 955,00<\/strong><\/h4>\n<h2 style=\"text-align: right;\"><a href=\"https:\/\/delta5sim.com\/website\/agendamento-delta-5\/\"><strong>Agende sua sess\u00e3o aqui<\/strong><\/a><\/h2>\n","protected":false},"featured_media":70,"template":"","meta":[],"product_brand":[],"product_cat":[24,117],"product_tag":[25,26,27,28],"class_list":{"0":"post-27","1":"product","2":"type-product","3":"status-publish","4":"has-post-thumbnail","6":"product_cat-selecao-nacional","7":"product_cat-treinamentos","8":"product_tag-selecao-avianca","9":"product_tag-selecao-azul","10":"product_tag-selecao-gol","11":"product_tag-selecao-latam","13":"first","14":"instock","15":"sale","16":"shipping-taxable","17":"product-type-external"},"yoast_head":"<!-- This site is optimized with the Yoast SEO plugin v27.2 - https:\/\/yoast.com\/product\/yoast-seo-wordpress\/ -->\n<title>Preparat\u00f3rio para Sele\u00e7\u00e3o - Delta 5<\/title>\n<meta name=\"robots\" content=\"index, follow, max-snippet:-1, max-image-preview:large, max-video-preview:-1\" \/>\n<link rel=\"canonical\" href=\"https:\/\/delta5sim.com\/website\/produto\/preparatorio-para-selecao\/\" \/>\n<meta property=\"og:locale\" content=\"pt_BR\" \/>\n<meta property=\"og:type\" content=\"article\" \/>\n<meta property=\"og:title\" content=\"Preparat\u00f3rio para Sele\u00e7\u00e3o - Delta 5\" \/>\n<meta property=\"og:description\" content=\"Informa\u00e7\u00f5es Adicionais Via WhatsApp (11) 96157-2175  Envie uma mensagem! *Valor por 02 horas de simulador*\u00a0 R$ 955,00 Agende sua sess\u00e3o aqui\" \/>\n<meta property=\"og:url\" content=\"https:\/\/delta5sim.com\/website\/produto\/preparatorio-para-selecao\/\" \/>\n<meta property=\"og:site_name\" content=\"Delta 5\" \/>\n<meta property=\"article:modified_time\" content=\"2026-04-23T15:21:29+00:00\" \/>\n<meta property=\"og:image\" content=\"https:\/\/delta5sim.com\/website\/wp-content\/uploads\/2023\/09\/a320_1-1.jpg\" \/>\n\t<meta property=\"og:image:width\" content=\"1800\" \/>\n\t<meta property=\"og:image:height\" content=\"984\" \/>\n\t<meta property=\"og:image:type\" content=\"image\/jpeg\" \/>\n<meta name=\"twitter:card\" content=\"summary_large_image\" \/>\n<meta name=\"twitter:label1\" content=\"Est. tempo de leitura\" \/>\n\t<meta name=\"twitter:data1\" content=\"2 minutos\" \/>\n<script type=\"application\/ld+json\" class=\"yoast-schema-graph\">{\"@context\":\"https:\/\/schema.org\",\"@graph\":[{\"@type\":\"WebPage\",\"@id\":\"https:\/\/delta5sim.com\/website\/produto\/preparatorio-para-selecao\/\",\"url\":\"https:\/\/delta5sim.com\/website\/produto\/preparatorio-para-selecao\/\",\"name\":\"Preparat\u00f3rio para Sele\u00e7\u00e3o - Delta 5\",\"isPartOf\":{\"@id\":\"https:\/\/delta5sim.com\/website\/#website\"},\"primaryImageOfPage\":{\"@id\":\"https:\/\/delta5sim.com\/website\/produto\/preparatorio-para-selecao\/#primaryimage\"},\"image\":{\"@id\":\"https:\/\/delta5sim.com\/website\/produto\/preparatorio-para-selecao\/#primaryimage\"},\"thumbnailUrl\":\"https:\/\/delta5sim.com\/website\/wp-content\/uploads\/2023\/09\/a320_1-1.jpg\",\"datePublished\":\"2023-12-01T16:44:18+00:00\",\"dateModified\":\"2026-04-23T15:21:29+00:00\",\"breadcrumb\":{\"@id\":\"https:\/\/delta5sim.com\/website\/produto\/preparatorio-para-selecao\/#breadcrumb\"},\"inLanguage\":\"pt-BR\",\"potentialAction\":[{\"@type\":\"ReadAction\",\"target\":[\"https:\/\/delta5sim.com\/website\/produto\/preparatorio-para-selecao\/\"]}]},{\"@type\":\"ImageObject\",\"inLanguage\":\"pt-BR\",\"@id\":\"https:\/\/delta5sim.com\/website\/produto\/preparatorio-para-selecao\/#primaryimage\",\"url\":\"https:\/\/delta5sim.com\/website\/wp-content\/uploads\/2023\/09\/a320_1-1.jpg\",\"contentUrl\":\"https:\/\/delta5sim.com\/website\/wp-content\/uploads\/2023\/09\/a320_1-1.jpg\",\"width\":1800,\"height\":984},{\"@type\":\"BreadcrumbList\",\"@id\":\"https:\/\/delta5sim.com\/website\/produto\/preparatorio-para-selecao\/#breadcrumb\",\"itemListElement\":[{\"@type\":\"ListItem\",\"position\":1,\"name\":\"In\u00edcio\",\"item\":\"https:\/\/delta5sim.com\/website\/\"},{\"@type\":\"ListItem\",\"position\":2,\"name\":\"Loja-3\",\"item\":\"https:\/\/delta5sim.com\/website\/loja3\/\"},{\"@type\":\"ListItem\",\"position\":3,\"name\":\"Preparat\u00f3rio para Sele\u00e7\u00e3o\"}]},{\"@type\":\"WebSite\",\"@id\":\"https:\/\/delta5sim.com\/website\/#website\",\"url\":\"https:\/\/delta5sim.com\/website\/\",\"name\":\"Delta 5\",\"description\":\"&quot;Treine antes de voar&quot;\",\"publisher\":{\"@id\":\"https:\/\/delta5sim.com\/website\/#organization\"},\"potentialAction\":[{\"@type\":\"SearchAction\",\"target\":{\"@type\":\"EntryPoint\",\"urlTemplate\":\"https:\/\/delta5sim.com\/website\/?s={search_term_string}\"},\"query-input\":{\"@type\":\"PropertyValueSpecification\",\"valueRequired\":true,\"valueName\":\"search_term_string\"}}],\"inLanguage\":\"pt-BR\"},{\"@type\":\"Organization\",\"@id\":\"https:\/\/delta5sim.com\/website\/#organization\",\"name\":\"Delta 5\",\"url\":\"https:\/\/delta5sim.com\/website\/\",\"logo\":{\"@type\":\"ImageObject\",\"inLanguage\":\"pt-BR\",\"@id\":\"https:\/\/delta5sim.com\/website\/#\/schema\/logo\/image\/\",\"url\":\"https:\/\/delta5sim.com\/website\/wp-content\/uploads\/2023\/09\/Delta5_CIAC.png\",\"contentUrl\":\"https:\/\/delta5sim.com\/website\/wp-content\/uploads\/2023\/09\/Delta5_CIAC.png\",\"width\":2463,\"height\":783,\"caption\":\"Delta 5\"},\"image\":{\"@id\":\"https:\/\/delta5sim.com\/website\/#\/schema\/logo\/image\/\"}}]}<\/script>\n<!-- \/ Yoast SEO plugin. -->","yoast_head_json":{"title":"Preparat\u00f3rio para Sele\u00e7\u00e3o - Delta 5","robots":{"index":"index","follow":"follow","max-snippet":"max-snippet:-1","max-image-preview":"max-image-preview:large","max-video-preview":"max-video-preview:-1"},"canonical":"https:\/\/delta5sim.com\/website\/produto\/preparatorio-para-selecao\/","og_locale":"pt_BR","og_type":"article","og_title":"Preparat\u00f3rio para Sele\u00e7\u00e3o - Delta 5","og_description":"Informa\u00e7\u00f5es Adicionais Via WhatsApp (11) 96157-2175  Envie uma mensagem! *Valor por 02 horas de simulador*\u00a0 R$ 955,00 Agende sua sess\u00e3o aqui","og_url":"https:\/\/delta5sim.com\/website\/produto\/preparatorio-para-selecao\/","og_site_name":"Delta 5","article_modified_time":"2026-04-23T15:21:29+00:00","og_image":[{"width":1800,"height":984,"url":"https:\/\/delta5sim.com\/website\/wp-content\/uploads\/2023\/09\/a320_1-1.jpg","type":"image\/jpeg"}],"twitter_card":"summary_large_image","twitter_misc":{"Est. tempo de leitura":"2 minutos"},"schema":{"@context":"https:\/\/schema.org","@graph":[{"@type":"WebPage","@id":"https:\/\/delta5sim.com\/website\/produto\/preparatorio-para-selecao\/","url":"https:\/\/delta5sim.com\/website\/produto\/preparatorio-para-selecao\/","name":"Preparat\u00f3rio para Sele\u00e7\u00e3o - Delta 5","isPartOf":{"@id":"https:\/\/delta5sim.com\/website\/#website"},"primaryImageOfPage":{"@id":"https:\/\/delta5sim.com\/website\/produto\/preparatorio-para-selecao\/#primaryimage"},"image":{"@id":"https:\/\/delta5sim.com\/website\/produto\/preparatorio-para-selecao\/#primaryimage"},"thumbnailUrl":"https:\/\/delta5sim.com\/website\/wp-content\/uploads\/2023\/09\/a320_1-1.jpg","datePublished":"2023-12-01T16:44:18+00:00","dateModified":"2026-04-23T15:21:29+00:00","breadcrumb":{"@id":"https:\/\/delta5sim.com\/website\/produto\/preparatorio-para-selecao\/#breadcrumb"},"inLanguage":"pt-BR","potentialAction":[{"@type":"ReadAction","target":["https:\/\/delta5sim.com\/website\/produto\/preparatorio-para-selecao\/"]}]},{"@type":"ImageObject","inLanguage":"pt-BR","@id":"https:\/\/delta5sim.com\/website\/produto\/preparatorio-para-selecao\/#primaryimage","url":"https:\/\/delta5sim.com\/website\/wp-content\/uploads\/2023\/09\/a320_1-1.jpg","contentUrl":"https:\/\/delta5sim.com\/website\/wp-content\/uploads\/2023\/09\/a320_1-1.jpg","width":1800,"height":984},{"@type":"BreadcrumbList","@id":"https:\/\/delta5sim.com\/website\/produto\/preparatorio-para-selecao\/#breadcrumb","itemListElement":[{"@type":"ListItem","position":1,"name":"In\u00edcio","item":"https:\/\/delta5sim.com\/website\/"},{"@type":"ListItem","position":2,"name":"Loja-3","item":"https:\/\/delta5sim.com\/website\/loja3\/"},{"@type":"ListItem","position":3,"name":"Preparat\u00f3rio para Sele\u00e7\u00e3o"}]},{"@type":"WebSite","@id":"https:\/\/delta5sim.com\/website\/#website","url":"https:\/\/delta5sim.com\/website\/","name":"Delta 5","description":"&quot;Treine antes de voar&quot;","publisher":{"@id":"https:\/\/delta5sim.com\/website\/#organization"},"potentialAction":[{"@type":"SearchAction","target":{"@type":"EntryPoint","urlTemplate":"https:\/\/delta5sim.com\/website\/?s={search_term_string}"},"query-input":{"@type":"PropertyValueSpecification","valueRequired":true,"valueName":"search_term_string"}}],"inLanguage":"pt-BR"},{"@type":"Organization","@id":"https:\/\/delta5sim.com\/website\/#organization","name":"Delta 5","url":"https:\/\/delta5sim.com\/website\/","logo":{"@type":"ImageObject","inLanguage":"pt-BR","@id":"https:\/\/delta5sim.com\/website\/#\/schema\/logo\/image\/","url":"https:\/\/delta5sim.com\/website\/wp-content\/uploads\/2023\/09\/Delta5_CIAC.png","contentUrl":"https:\/\/delta5sim.com\/website\/wp-content\/uploads\/2023\/09\/Delta5_CIAC.png","width":2463,"height":783,"caption":"Delta 5"},"image":{"@id":"https:\/\/delta5sim.com\/website\/#\/schema\/logo\/image\/"}}]}},"_links":{"self":[{"href":"https:\/\/delta5sim.com\/website\/wp-json\/wp\/v2\/product\/27","targetHints":{"allow":["GET"]}}],"collection":[{"href":"https:\/\/delta5sim.com\/website\/wp-json\/wp\/v2\/product"}],"about":[{"href":"https:\/\/delta5sim.com\/website\/wp-json\/wp\/v2\/types\/product"}],"version-history":[{"count":31,"href":"https:\/\/delta5sim.com\/website\/wp-json\/wp\/v2\/product\/27\/revisions"}],"predecessor-version":[{"id":470518,"href":"https:\/\/delta5sim.com\/website\/wp-json\/wp\/v2\/product\/27\/revisions\/470518"}],"wp:featuredmedia":[{"embeddable":true,"href":"https:\/\/delta5sim.com\/website\/wp-json\/wp\/v2\/media\/70"}],"wp:attachment":[{"href":"https:\/\/delta5sim.com\/website\/wp-json\/wp\/v2\/media?parent=27"}],"wp:term":[{"taxonomy":"product_brand","embeddable":true,"href":"https:\/\/delta5sim.com\/website\/wp-json\/wp\/v2\/product_brand?post=27"},{"taxonomy":"product_cat","embeddable":true,"href":"https:\/\/delta5sim.com\/website\/wp-json\/wp\/v2\/product_cat?post=27"},{"taxonomy":"product_tag","embeddable":true,"href":"https:\/\/delta5sim.com\/website\/wp-json\/wp\/v2\/product_tag?post=27"}],"curies":[{"name":"wp","href":"https:\/\/api.w.org\/{rel}","templated":true}]}}