{"id":26,"date":"2023-09-05T13:44:18","date_gmt":"2023-09-05T13:44:18","guid":{"rendered":"https:\/\/delta5sim.com\/website\/?post_type=product&#038;p=26"},"modified":"2026-04-18T12:56:56","modified_gmt":"2026-04-18T15:56:56","slug":"familiarizacao","status":"publish","type":"product","link":"https:\/\/delta5sim.com\/website\/produto\/familiarizacao\/","title":{"rendered":"Familiariza\u00e7\u00e3o"},"content":{"rendered":"<p>Treinamento ideal para pilotos que desejam ter uma familiariza\u00e7\u00e3o r\u00e1pida com os principais modelos de jatos comerciais do mundo. Este programa tem como objetivo a apresenta\u00e7\u00e3o aos pilotos dos principais sistemas dessas aeronave (Airbus A320 ou Boeing 737).\u00a0\u00a0A familiariza\u00e7\u00e3o \u00e9 feita diretamente em nossos simuladores e o <strong>programa recomendado de no m\u00ednimo 2 horas<\/strong>, sendo o conte\u00fado:<\/p>\n<ul>\n<li>&#8211; Prepara\u00e7\u00e3o da cabine para voo<\/li>\n<li>&#8211; Procedimento de partida<\/li>\n<li>&#8211; Decolagem<\/li>\n<li>&#8211; Procedimento de subida<\/li>\n<li>&#8211; Familiariza\u00e7\u00e3o com o Computador de Voo, Piloto Autom\u00e1tico, Pain\u00e9is e <em>Displays <\/em>(PFD, ND e outros)<\/li>\n<li>&#8211; Procedimento de Descida<\/li>\n<li>&#8211; Aproxima\u00e7\u00f5es ILS<\/li>\n<\/ul>\n<p>Principais aeroportos utilizados: SBCT, SBGR, SBSP, SBGL e SBRJ.\u00a0O valor de aquisi\u00e7\u00e3o \u00e9 relativo a 02 horas em simulador. As sess\u00f5es podem ser reservadas para at\u00e9 2 participantes.<\/p>\n<p>Este curso \u00e9 um meio r\u00e1pido de conhecer conceitos e a opera\u00e7\u00e3o b\u00e1sica dessas aeronaves.\u00a0*Consulte\u00a0<a href=\"https:\/\/delta5sim.com\/website\/termos-e-condicoes\/\" target=\"_blank\" rel=\"noopener\">Termos e Condi\u00e7\u00f5es*<\/a><\/p>\n<p>Se quiser realizar um curso mais completo e pr\u00f3ximo de um <em>Ground School<\/em> considere fazer nosso curso de <a href=\"https:\/\/delta5sim.com\/website\/produto\/jet-training-delta5\/\">Jet Training<\/a>.<\/p>\n<p><strong>Aten\u00e7\u00e3o: Sua compra ter\u00e1 validade de 6 meses.<\/strong><\/p>\n<p>&nbsp;<\/p>\n<div id=\"jig1\" class=\"justified-image-grid jig-ea6a3b8af53a5b61648f635d010334ba jig-preset-global jig-source-wp-gallery\"><div class=\"jig-clearfix\"><\/div><noscript id=\"jig1-html\" class=\"justified-image-grid-html\" data-lazy-src=\"skiplazyload\" data-src=\"skipunveillazyload\"><ul><li><a href=\"https:\/\/delta5sim.com\/website\/wp-content\/uploads\/2023\/09\/Boeing-737-NG-delta5-3.jpg\"><img fetchpriority=\"high\" decoding=\"async\" src=\"https:\/\/delta5sim.com\/website\/wp-content\/uploads\/2023\/09\/Boeing-737-NG-delta5-3.jpg\" alt=\"\" width=\"1125\" height=\"500\" \/><\/a><\/li><li><a href=\"https:\/\/delta5sim.com\/website\/wp-content\/uploads\/2023\/09\/inovacao-delta5-1.jpg\"><img decoding=\"async\" src=\"https:\/\/delta5sim.com\/website\/wp-content\/uploads\/2023\/09\/inovacao-delta5-1.jpg\" alt=\"\" width=\"1125\" height=\"500\" \/><\/a><\/li><li><a href=\"https:\/\/delta5sim.com\/website\/wp-content\/uploads\/2023\/09\/treinamento-lvre-delta-5-e1694633020110.jpg\"><img decoding=\"async\" src=\"https:\/\/delta5sim.com\/website\/wp-content\/uploads\/2023\/09\/treinamento-lvre-delta-5-e1694633020110.jpg\" alt=\"\" width=\"750\" height=\"500\" \/><\/a><\/li><li><a href=\"https:\/\/delta5sim.com\/website\/wp-content\/uploads\/2023\/09\/Airbus-A320-delta5-dest-1.jpg\"><img loading=\"lazy\" decoding=\"async\" src=\"https:\/\/delta5sim.com\/website\/wp-content\/uploads\/2023\/09\/Airbus-A320-delta5-dest-1.jpg\" alt=\"\" width=\"889\" height=\"500\" \/><\/a><\/li><li><a href=\"https:\/\/delta5sim.com\/website\/wp-content\/uploads\/2023\/09\/feedback-delta5.jpg\"><img loading=\"lazy\" decoding=\"async\" src=\"https:\/\/delta5sim.com\/website\/wp-content\/uploads\/2023\/09\/feedback-delta5.jpg\" alt=\"\" width=\"1125\" height=\"500\" \/><\/a><\/li><li><a href=\"https:\/\/delta5sim.com\/website\/wp-content\/uploads\/2023\/09\/stacks-image-3f6dabe.jpg\"><img loading=\"lazy\" decoding=\"async\" src=\"https:\/\/delta5sim.com\/website\/wp-content\/uploads\/2023\/09\/stacks-image-3f6dabe.jpg\" alt=\"\" width=\"750\" height=\"500\" \/><\/a><\/li><li><a href=\"https:\/\/delta5sim.com\/website\/wp-content\/uploads\/2023\/09\/stacks-image-640faff-1.jpg\"><img loading=\"lazy\" decoding=\"async\" src=\"https:\/\/delta5sim.com\/website\/wp-content\/uploads\/2023\/09\/stacks-image-640faff-1.jpg\" alt=\"\" width=\"1666\" height=\"500\" \/><\/a><\/li><li><a href=\"https:\/\/delta5sim.com\/website\/wp-content\/uploads\/2023\/09\/eficiencia-delta5.jpg\"><img loading=\"lazy\" decoding=\"async\" src=\"https:\/\/delta5sim.com\/website\/wp-content\/uploads\/2023\/09\/eficiencia-delta5.jpg\" alt=\"\" width=\"888\" height=\"500\" \/><\/a><\/li><\/ul><\/noscript><\/div>\n","protected":false},"excerpt":{"rendered":"<h1>Informa\u00e7\u00f5es Adicionais<\/h1>\n<p>Via <a href=\"https:\/\/wa.me\/5511961572175?text=Oi%20por%20favor%20acessei%20o%20site%20da%20Delta5%20e%20quero%20saber%20mais%20para%20me%20matricular%20no%20Jet%20Training\" target=\"_blank\" rel=\"noopener\">WhatsApp (11) 96157-2175<\/a><\/p>\n<p><a href=\"https:\/\/api.whatsapp.com\/send?phone=5511961572175&amp;text=Ol%C3%A1!%20Acessei%20o%20site%20Delta5%20e%20gostaria%20de%20mais%20detalhes%20sobre%20o%20Jet%20Training%20Delta5\" target=\"_blank\" rel=\"noopener\">Envie uma mensagem!<\/a><a href=\"https:\/\/delta5sim.com\/website\/wp-content\/uploads\/2023\/09\/whatsapp-icone-30.png\"><img loading=\"lazy\" decoding=\"async\" class=\"alignnone size-full wp-image-3645\" src=\"https:\/\/delta5sim.com\/website\/wp-content\/uploads\/2023\/09\/whatsapp-icone-30.png\" alt=\"\" width=\"30\" height=\"30\" \/><\/a><\/p>\n<h4 style=\"text-align: right;\"><em>*Valor por 02 horas de simulador*\u00a0<\/em> <strong>R$ 955,00<\/strong><\/h4>\n<h2 style=\"text-align: right;\"><a href=\"https:\/\/delta5sim.com\/website\/agendamento-delta-5\/\"><strong>Agende sua sess\u00e3o aqui<\/strong><\/a><\/h2>\n","protected":false},"featured_media":2417,"template":"","meta":[],"product_brand":[],"product_cat":[18,117],"product_tag":[19,20,21,22,23],"class_list":{"0":"post-26","1":"product","2":"type-product","3":"status-publish","4":"has-post-thumbnail","6":"product_cat-familiarizacao","7":"product_cat-treinamentos","8":"product_tag-737ng","9":"product_tag-a320","10":"product_tag-airbus-a320","11":"product_tag-b737","12":"product_tag-boeing-737","14":"first","15":"instock","16":"virtual","17":"product-type-simple"},"yoast_head":"<!-- This site is optimized with the Yoast SEO plugin v27.2 - https:\/\/yoast.com\/product\/yoast-seo-wordpress\/ -->\n<title>Familiariza\u00e7\u00e3o - Delta 5<\/title>\n<meta name=\"robots\" content=\"index, follow, max-snippet:-1, max-image-preview:large, max-video-preview:-1\" \/>\n<link rel=\"canonical\" href=\"https:\/\/delta5sim.com\/website\/produto\/familiarizacao\/\" \/>\n<meta property=\"og:locale\" content=\"pt_BR\" \/>\n<meta property=\"og:type\" content=\"article\" \/>\n<meta property=\"og:title\" content=\"Familiariza\u00e7\u00e3o - Delta 5\" \/>\n<meta property=\"og:description\" content=\"Informa\u00e7\u00f5es Adicionais Via WhatsApp (11) 96157-2175  Envie uma mensagem! *Valor por 02 horas de simulador*\u00a0 R$ 955,00 Agende sua sess\u00e3o aqui\" \/>\n<meta property=\"og:url\" content=\"https:\/\/delta5sim.com\/website\/produto\/familiarizacao\/\" \/>\n<meta property=\"og:site_name\" content=\"Delta 5\" \/>\n<meta property=\"article:modified_time\" content=\"2026-04-18T15:56:56+00:00\" \/>\n<meta property=\"og:image\" content=\"https:\/\/delta5sim.com\/website\/wp-content\/uploads\/2023\/09\/Familiarizacao-delta5-simuladores-dest.jpg\" \/>\n\t<meta property=\"og:image:width\" content=\"1600\" \/>\n\t<meta property=\"og:image:height\" content=\"900\" \/>\n\t<meta property=\"og:image:type\" content=\"image\/jpeg\" \/>\n<meta name=\"twitter:card\" content=\"summary_large_image\" \/>\n<meta name=\"twitter:label1\" content=\"Est. tempo de leitura\" \/>\n\t<meta name=\"twitter:data1\" content=\"2 minutos\" \/>\n<script type=\"application\/ld+json\" class=\"yoast-schema-graph\">{\"@context\":\"https:\/\/schema.org\",\"@graph\":[{\"@type\":\"WebPage\",\"@id\":\"https:\/\/delta5sim.com\/website\/produto\/familiarizacao\/\",\"url\":\"https:\/\/delta5sim.com\/website\/produto\/familiarizacao\/\",\"name\":\"Familiariza\u00e7\u00e3o - Delta 5\",\"isPartOf\":{\"@id\":\"https:\/\/delta5sim.com\/website\/#website\"},\"primaryImageOfPage\":{\"@id\":\"https:\/\/delta5sim.com\/website\/produto\/familiarizacao\/#primaryimage\"},\"image\":{\"@id\":\"https:\/\/delta5sim.com\/website\/produto\/familiarizacao\/#primaryimage\"},\"thumbnailUrl\":\"https:\/\/delta5sim.com\/website\/wp-content\/uploads\/2023\/09\/Familiarizacao-delta5-simuladores-dest.jpg\",\"datePublished\":\"2023-09-05T13:44:18+00:00\",\"dateModified\":\"2026-04-18T15:56:56+00:00\",\"breadcrumb\":{\"@id\":\"https:\/\/delta5sim.com\/website\/produto\/familiarizacao\/#breadcrumb\"},\"inLanguage\":\"pt-BR\",\"potentialAction\":[{\"@type\":\"ReadAction\",\"target\":[\"https:\/\/delta5sim.com\/website\/produto\/familiarizacao\/\"]}]},{\"@type\":\"ImageObject\",\"inLanguage\":\"pt-BR\",\"@id\":\"https:\/\/delta5sim.com\/website\/produto\/familiarizacao\/#primaryimage\",\"url\":\"https:\/\/delta5sim.com\/website\/wp-content\/uploads\/2023\/09\/Familiarizacao-delta5-simuladores-dest.jpg\",\"contentUrl\":\"https:\/\/delta5sim.com\/website\/wp-content\/uploads\/2023\/09\/Familiarizacao-delta5-simuladores-dest.jpg\",\"width\":1600,\"height\":900},{\"@type\":\"BreadcrumbList\",\"@id\":\"https:\/\/delta5sim.com\/website\/produto\/familiarizacao\/#breadcrumb\",\"itemListElement\":[{\"@type\":\"ListItem\",\"position\":1,\"name\":\"In\u00edcio\",\"item\":\"https:\/\/delta5sim.com\/website\/\"},{\"@type\":\"ListItem\",\"position\":2,\"name\":\"Loja-3\",\"item\":\"https:\/\/delta5sim.com\/website\/loja3\/\"},{\"@type\":\"ListItem\",\"position\":3,\"name\":\"Familiariza\u00e7\u00e3o\"}]},{\"@type\":\"WebSite\",\"@id\":\"https:\/\/delta5sim.com\/website\/#website\",\"url\":\"https:\/\/delta5sim.com\/website\/\",\"name\":\"Delta 5\",\"description\":\"&quot;Treine antes de voar&quot;\",\"publisher\":{\"@id\":\"https:\/\/delta5sim.com\/website\/#organization\"},\"potentialAction\":[{\"@type\":\"SearchAction\",\"target\":{\"@type\":\"EntryPoint\",\"urlTemplate\":\"https:\/\/delta5sim.com\/website\/?s={search_term_string}\"},\"query-input\":{\"@type\":\"PropertyValueSpecification\",\"valueRequired\":true,\"valueName\":\"search_term_string\"}}],\"inLanguage\":\"pt-BR\"},{\"@type\":\"Organization\",\"@id\":\"https:\/\/delta5sim.com\/website\/#organization\",\"name\":\"Delta 5\",\"url\":\"https:\/\/delta5sim.com\/website\/\",\"logo\":{\"@type\":\"ImageObject\",\"inLanguage\":\"pt-BR\",\"@id\":\"https:\/\/delta5sim.com\/website\/#\/schema\/logo\/image\/\",\"url\":\"https:\/\/delta5sim.com\/website\/wp-content\/uploads\/2023\/09\/Delta5_CIAC.png\",\"contentUrl\":\"https:\/\/delta5sim.com\/website\/wp-content\/uploads\/2023\/09\/Delta5_CIAC.png\",\"width\":2463,\"height\":783,\"caption\":\"Delta 5\"},\"image\":{\"@id\":\"https:\/\/delta5sim.com\/website\/#\/schema\/logo\/image\/\"}}]}<\/script>\n<!-- \/ Yoast SEO plugin. -->","yoast_head_json":{"title":"Familiariza\u00e7\u00e3o - Delta 5","robots":{"index":"index","follow":"follow","max-snippet":"max-snippet:-1","max-image-preview":"max-image-preview:large","max-video-preview":"max-video-preview:-1"},"canonical":"https:\/\/delta5sim.com\/website\/produto\/familiarizacao\/","og_locale":"pt_BR","og_type":"article","og_title":"Familiariza\u00e7\u00e3o - Delta 5","og_description":"Informa\u00e7\u00f5es Adicionais Via WhatsApp (11) 96157-2175  Envie uma mensagem! *Valor por 02 horas de simulador*\u00a0 R$ 955,00 Agende sua sess\u00e3o aqui","og_url":"https:\/\/delta5sim.com\/website\/produto\/familiarizacao\/","og_site_name":"Delta 5","article_modified_time":"2026-04-18T15:56:56+00:00","og_image":[{"width":1600,"height":900,"url":"https:\/\/delta5sim.com\/website\/wp-content\/uploads\/2023\/09\/Familiarizacao-delta5-simuladores-dest.jpg","type":"image\/jpeg"}],"twitter_card":"summary_large_image","twitter_misc":{"Est. tempo de leitura":"2 minutos"},"schema":{"@context":"https:\/\/schema.org","@graph":[{"@type":"WebPage","@id":"https:\/\/delta5sim.com\/website\/produto\/familiarizacao\/","url":"https:\/\/delta5sim.com\/website\/produto\/familiarizacao\/","name":"Familiariza\u00e7\u00e3o - Delta 5","isPartOf":{"@id":"https:\/\/delta5sim.com\/website\/#website"},"primaryImageOfPage":{"@id":"https:\/\/delta5sim.com\/website\/produto\/familiarizacao\/#primaryimage"},"image":{"@id":"https:\/\/delta5sim.com\/website\/produto\/familiarizacao\/#primaryimage"},"thumbnailUrl":"https:\/\/delta5sim.com\/website\/wp-content\/uploads\/2023\/09\/Familiarizacao-delta5-simuladores-dest.jpg","datePublished":"2023-09-05T13:44:18+00:00","dateModified":"2026-04-18T15:56:56+00:00","breadcrumb":{"@id":"https:\/\/delta5sim.com\/website\/produto\/familiarizacao\/#breadcrumb"},"inLanguage":"pt-BR","potentialAction":[{"@type":"ReadAction","target":["https:\/\/delta5sim.com\/website\/produto\/familiarizacao\/"]}]},{"@type":"ImageObject","inLanguage":"pt-BR","@id":"https:\/\/delta5sim.com\/website\/produto\/familiarizacao\/#primaryimage","url":"https:\/\/delta5sim.com\/website\/wp-content\/uploads\/2023\/09\/Familiarizacao-delta5-simuladores-dest.jpg","contentUrl":"https:\/\/delta5sim.com\/website\/wp-content\/uploads\/2023\/09\/Familiarizacao-delta5-simuladores-dest.jpg","width":1600,"height":900},{"@type":"BreadcrumbList","@id":"https:\/\/delta5sim.com\/website\/produto\/familiarizacao\/#breadcrumb","itemListElement":[{"@type":"ListItem","position":1,"name":"In\u00edcio","item":"https:\/\/delta5sim.com\/website\/"},{"@type":"ListItem","position":2,"name":"Loja-3","item":"https:\/\/delta5sim.com\/website\/loja3\/"},{"@type":"ListItem","position":3,"name":"Familiariza\u00e7\u00e3o"}]},{"@type":"WebSite","@id":"https:\/\/delta5sim.com\/website\/#website","url":"https:\/\/delta5sim.com\/website\/","name":"Delta 5","description":"&quot;Treine antes de voar&quot;","publisher":{"@id":"https:\/\/delta5sim.com\/website\/#organization"},"potentialAction":[{"@type":"SearchAction","target":{"@type":"EntryPoint","urlTemplate":"https:\/\/delta5sim.com\/website\/?s={search_term_string}"},"query-input":{"@type":"PropertyValueSpecification","valueRequired":true,"valueName":"search_term_string"}}],"inLanguage":"pt-BR"},{"@type":"Organization","@id":"https:\/\/delta5sim.com\/website\/#organization","name":"Delta 5","url":"https:\/\/delta5sim.com\/website\/","logo":{"@type":"ImageObject","inLanguage":"pt-BR","@id":"https:\/\/delta5sim.com\/website\/#\/schema\/logo\/image\/","url":"https:\/\/delta5sim.com\/website\/wp-content\/uploads\/2023\/09\/Delta5_CIAC.png","contentUrl":"https:\/\/delta5sim.com\/website\/wp-content\/uploads\/2023\/09\/Delta5_CIAC.png","width":2463,"height":783,"caption":"Delta 5"},"image":{"@id":"https:\/\/delta5sim.com\/website\/#\/schema\/logo\/image\/"}}]}},"_links":{"self":[{"href":"https:\/\/delta5sim.com\/website\/wp-json\/wp\/v2\/product\/26","targetHints":{"allow":["GET"]}}],"collection":[{"href":"https:\/\/delta5sim.com\/website\/wp-json\/wp\/v2\/product"}],"about":[{"href":"https:\/\/delta5sim.com\/website\/wp-json\/wp\/v2\/types\/product"}],"version-history":[{"count":15,"href":"https:\/\/delta5sim.com\/website\/wp-json\/wp\/v2\/product\/26\/revisions"}],"predecessor-version":[{"id":471599,"href":"https:\/\/delta5sim.com\/website\/wp-json\/wp\/v2\/product\/26\/revisions\/471599"}],"wp:featuredmedia":[{"embeddable":true,"href":"https:\/\/delta5sim.com\/website\/wp-json\/wp\/v2\/media\/2417"}],"wp:attachment":[{"href":"https:\/\/delta5sim.com\/website\/wp-json\/wp\/v2\/media?parent=26"}],"wp:term":[{"taxonomy":"product_brand","embeddable":true,"href":"https:\/\/delta5sim.com\/website\/wp-json\/wp\/v2\/product_brand?post=26"},{"taxonomy":"product_cat","embeddable":true,"href":"https:\/\/delta5sim.com\/website\/wp-json\/wp\/v2\/product_cat?post=26"},{"taxonomy":"product_tag","embeddable":true,"href":"https:\/\/delta5sim.com\/website\/wp-json\/wp\/v2\/product_tag?post=26"}],"curies":[{"name":"wp","href":"https:\/\/api.w.org\/{rel}","templated":true}]}}