{"id":2349,"date":"2023-09-13T15:23:57","date_gmt":"2023-09-13T15:23:57","guid":{"rendered":"https:\/\/delta5sim.com\/website\/?page_id=2349"},"modified":"2023-09-20T14:57:04","modified_gmt":"2023-09-20T14:57:04","slug":"covid-19","status":"publish","type":"page","link":"https:\/\/delta5sim.com\/website\/covid-19\/","title":{"rendered":"COVID-19"},"content":{"rendered":"\t\t<div data-elementor-type=\"wp-page\" data-elementor-id=\"2349\" class=\"elementor elementor-2349\" data-elementor-post-type=\"page\">\n\t\t\t\t\t\t<\/div>\n\t\t","protected":false},"excerpt":{"rendered":"<p>COVID-19 | Procedimentos Especiais Seguindo as normas e orienta\u00e7\u00f5es da Organiza\u00e7\u00e3o Mundial de Sa\u00fade e a legisla\u00e7\u00e3o em vigor, a Delta5 Simuladores de Voo est\u00e1 adotando medidas de higiene, sa\u00fade e prote\u00e7\u00e3o aos colaboradores e clientes. Estamos trabalhando com um grande espa\u00e7amento de hor\u00e1rios para evitar aglomera\u00e7\u00e3o em nossa recep\u00e7\u00e3o. N\u00e3o estamos recebendo visitantes sem [&hellip;]<\/p>\n","protected":false},"author":3,"featured_media":0,"parent":0,"menu_order":0,"comment_status":"closed","ping_status":"closed","template":"elementor_header_footer","meta":{"footnotes":""},"class_list":["post-2349","page","type-page","status-publish","hentry"],"yoast_head":"<!-- This site is optimized with the Yoast SEO plugin v27.2 - https:\/\/yoast.com\/product\/yoast-seo-wordpress\/ -->\n<title>COVID-19 - Delta 5<\/title>\n<meta name=\"robots\" content=\"index, follow, max-snippet:-1, max-image-preview:large, max-video-preview:-1\" \/>\n<link rel=\"canonical\" href=\"https:\/\/delta5sim.com\/website\/covid-19\/\" \/>\n<meta property=\"og:locale\" content=\"pt_BR\" \/>\n<meta property=\"og:type\" content=\"article\" \/>\n<meta property=\"og:title\" content=\"COVID-19 - Delta 5\" \/>\n<meta property=\"og:description\" content=\"COVID-19 | Procedimentos Especiais Seguindo as normas e orienta\u00e7\u00f5es da Organiza\u00e7\u00e3o Mundial de Sa\u00fade e a legisla\u00e7\u00e3o em vigor, a Delta5 Simuladores de Voo est\u00e1 adotando medidas de higiene, sa\u00fade e prote\u00e7\u00e3o aos colaboradores e clientes. Estamos trabalhando com um grande espa\u00e7amento de hor\u00e1rios para evitar aglomera\u00e7\u00e3o em nossa recep\u00e7\u00e3o. N\u00e3o estamos recebendo visitantes sem [&hellip;]\" \/>\n<meta property=\"og:url\" content=\"https:\/\/delta5sim.com\/website\/covid-19\/\" \/>\n<meta property=\"og:site_name\" content=\"Delta 5\" \/>\n<meta property=\"article:modified_time\" content=\"2023-09-20T14:57:04+00:00\" \/>\n<meta name=\"twitter:card\" content=\"summary_large_image\" \/>\n<meta name=\"twitter:label1\" content=\"Est. tempo de leitura\" \/>\n\t<meta name=\"twitter:data1\" content=\"2 minutos\" \/>\n<script type=\"application\/ld+json\" class=\"yoast-schema-graph\">{\"@context\":\"https:\/\/schema.org\",\"@graph\":[{\"@type\":\"WebPage\",\"@id\":\"https:\/\/delta5sim.com\/website\/covid-19\/\",\"url\":\"https:\/\/delta5sim.com\/website\/covid-19\/\",\"name\":\"COVID-19 - Delta 5\",\"isPartOf\":{\"@id\":\"https:\/\/delta5sim.com\/website\/#website\"},\"datePublished\":\"2023-09-13T15:23:57+00:00\",\"dateModified\":\"2023-09-20T14:57:04+00:00\",\"breadcrumb\":{\"@id\":\"https:\/\/delta5sim.com\/website\/covid-19\/#breadcrumb\"},\"inLanguage\":\"pt-BR\",\"potentialAction\":[{\"@type\":\"ReadAction\",\"target\":[\"https:\/\/delta5sim.com\/website\/covid-19\/\"]}]},{\"@type\":\"BreadcrumbList\",\"@id\":\"https:\/\/delta5sim.com\/website\/covid-19\/#breadcrumb\",\"itemListElement\":[{\"@type\":\"ListItem\",\"position\":1,\"name\":\"In\u00edcio\",\"item\":\"https:\/\/delta5sim.com\/website\/\"},{\"@type\":\"ListItem\",\"position\":2,\"name\":\"COVID-19\"}]},{\"@type\":\"WebSite\",\"@id\":\"https:\/\/delta5sim.com\/website\/#website\",\"url\":\"https:\/\/delta5sim.com\/website\/\",\"name\":\"Delta 5\",\"description\":\"&quot;Treine antes de voar&quot;\",\"publisher\":{\"@id\":\"https:\/\/delta5sim.com\/website\/#organization\"},\"potentialAction\":[{\"@type\":\"SearchAction\",\"target\":{\"@type\":\"EntryPoint\",\"urlTemplate\":\"https:\/\/delta5sim.com\/website\/?s={search_term_string}\"},\"query-input\":{\"@type\":\"PropertyValueSpecification\",\"valueRequired\":true,\"valueName\":\"search_term_string\"}}],\"inLanguage\":\"pt-BR\"},{\"@type\":\"Organization\",\"@id\":\"https:\/\/delta5sim.com\/website\/#organization\",\"name\":\"Delta 5\",\"url\":\"https:\/\/delta5sim.com\/website\/\",\"logo\":{\"@type\":\"ImageObject\",\"inLanguage\":\"pt-BR\",\"@id\":\"https:\/\/delta5sim.com\/website\/#\/schema\/logo\/image\/\",\"url\":\"https:\/\/delta5sim.com\/website\/wp-content\/uploads\/2023\/09\/Delta5_CIAC.png\",\"contentUrl\":\"https:\/\/delta5sim.com\/website\/wp-content\/uploads\/2023\/09\/Delta5_CIAC.png\",\"width\":2463,\"height\":783,\"caption\":\"Delta 5\"},\"image\":{\"@id\":\"https:\/\/delta5sim.com\/website\/#\/schema\/logo\/image\/\"}}]}<\/script>\n<!-- \/ Yoast SEO plugin. -->","yoast_head_json":{"title":"COVID-19 - Delta 5","robots":{"index":"index","follow":"follow","max-snippet":"max-snippet:-1","max-image-preview":"max-image-preview:large","max-video-preview":"max-video-preview:-1"},"canonical":"https:\/\/delta5sim.com\/website\/covid-19\/","og_locale":"pt_BR","og_type":"article","og_title":"COVID-19 - Delta 5","og_description":"COVID-19 | Procedimentos Especiais Seguindo as normas e orienta\u00e7\u00f5es da Organiza\u00e7\u00e3o Mundial de Sa\u00fade e a legisla\u00e7\u00e3o em vigor, a Delta5 Simuladores de Voo est\u00e1 adotando medidas de higiene, sa\u00fade e prote\u00e7\u00e3o aos colaboradores e clientes. Estamos trabalhando com um grande espa\u00e7amento de hor\u00e1rios para evitar aglomera\u00e7\u00e3o em nossa recep\u00e7\u00e3o. N\u00e3o estamos recebendo visitantes sem [&hellip;]","og_url":"https:\/\/delta5sim.com\/website\/covid-19\/","og_site_name":"Delta 5","article_modified_time":"2023-09-20T14:57:04+00:00","twitter_card":"summary_large_image","twitter_misc":{"Est. tempo de leitura":"2 minutos"},"schema":{"@context":"https:\/\/schema.org","@graph":[{"@type":"WebPage","@id":"https:\/\/delta5sim.com\/website\/covid-19\/","url":"https:\/\/delta5sim.com\/website\/covid-19\/","name":"COVID-19 - Delta 5","isPartOf":{"@id":"https:\/\/delta5sim.com\/website\/#website"},"datePublished":"2023-09-13T15:23:57+00:00","dateModified":"2023-09-20T14:57:04+00:00","breadcrumb":{"@id":"https:\/\/delta5sim.com\/website\/covid-19\/#breadcrumb"},"inLanguage":"pt-BR","potentialAction":[{"@type":"ReadAction","target":["https:\/\/delta5sim.com\/website\/covid-19\/"]}]},{"@type":"BreadcrumbList","@id":"https:\/\/delta5sim.com\/website\/covid-19\/#breadcrumb","itemListElement":[{"@type":"ListItem","position":1,"name":"In\u00edcio","item":"https:\/\/delta5sim.com\/website\/"},{"@type":"ListItem","position":2,"name":"COVID-19"}]},{"@type":"WebSite","@id":"https:\/\/delta5sim.com\/website\/#website","url":"https:\/\/delta5sim.com\/website\/","name":"Delta 5","description":"&quot;Treine antes de voar&quot;","publisher":{"@id":"https:\/\/delta5sim.com\/website\/#organization"},"potentialAction":[{"@type":"SearchAction","target":{"@type":"EntryPoint","urlTemplate":"https:\/\/delta5sim.com\/website\/?s={search_term_string}"},"query-input":{"@type":"PropertyValueSpecification","valueRequired":true,"valueName":"search_term_string"}}],"inLanguage":"pt-BR"},{"@type":"Organization","@id":"https:\/\/delta5sim.com\/website\/#organization","name":"Delta 5","url":"https:\/\/delta5sim.com\/website\/","logo":{"@type":"ImageObject","inLanguage":"pt-BR","@id":"https:\/\/delta5sim.com\/website\/#\/schema\/logo\/image\/","url":"https:\/\/delta5sim.com\/website\/wp-content\/uploads\/2023\/09\/Delta5_CIAC.png","contentUrl":"https:\/\/delta5sim.com\/website\/wp-content\/uploads\/2023\/09\/Delta5_CIAC.png","width":2463,"height":783,"caption":"Delta 5"},"image":{"@id":"https:\/\/delta5sim.com\/website\/#\/schema\/logo\/image\/"}}]}},"_links":{"self":[{"href":"https:\/\/delta5sim.com\/website\/wp-json\/wp\/v2\/pages\/2349","targetHints":{"allow":["GET"]}}],"collection":[{"href":"https:\/\/delta5sim.com\/website\/wp-json\/wp\/v2\/pages"}],"about":[{"href":"https:\/\/delta5sim.com\/website\/wp-json\/wp\/v2\/types\/page"}],"author":[{"embeddable":true,"href":"https:\/\/delta5sim.com\/website\/wp-json\/wp\/v2\/users\/3"}],"replies":[{"embeddable":true,"href":"https:\/\/delta5sim.com\/website\/wp-json\/wp\/v2\/comments?post=2349"}],"version-history":[{"count":29,"href":"https:\/\/delta5sim.com\/website\/wp-json\/wp\/v2\/pages\/2349\/revisions"}],"predecessor-version":[{"id":2879,"href":"https:\/\/delta5sim.com\/website\/wp-json\/wp\/v2\/pages\/2349\/revisions\/2879"}],"wp:attachment":[{"href":"https:\/\/delta5sim.com\/website\/wp-json\/wp\/v2\/media?parent=2349"}],"curies":[{"name":"wp","href":"https:\/\/api.w.org\/{rel}","templated":true}]}}