{"id":150,"date":"2023-09-05T13:52:56","date_gmt":"2023-09-05T13:52:56","guid":{"rendered":"https:\/\/delta5sim.com\/website\/?page_id=150"},"modified":"2024-10-29T11:44:18","modified_gmt":"2024-10-29T14:44:18","slug":"blog","status":"publish","type":"page","link":"https:\/\/delta5sim.com\/website\/blog\/","title":{"rendered":"Blog"},"content":{"rendered":"\t\t<div data-elementor-type=\"wp-page\" data-elementor-id=\"150\" class=\"elementor elementor-150\" data-elementor-post-type=\"page\">\n\t\t\t\t\t\t<section class=\"elementor-section elementor-top-section elementor-element elementor-element-30c059d elementor-section-full_width elementor-section-stretched elementor-section-content-top elementor-section-height-default elementor-section-height-default\" data-id=\"30c059d\" data-element_type=\"section\" data-e-type=\"section\" data-settings=\"{&quot;stretch_section&quot;:&quot;section-stretched&quot;,&quot;background_background&quot;:&quot;classic&quot;}\">\n\t\t\t\t\t\t<div class=\"elementor-container elementor-column-gap-default\">\n\t\t\t\t\t<div class=\"elementor-column elementor-col-100 elementor-top-column elementor-element elementor-element-bb5dae9\" data-id=\"bb5dae9\" data-element_type=\"column\" data-e-type=\"column\">\n\t\t\t<div class=\"elementor-widget-wrap elementor-element-populated\">\n\t\t\t\t\t\t<div class=\"elementor-element elementor-element-8305441 elementor-widget elementor-widget-text-editor\" data-id=\"8305441\" data-element_type=\"widget\" data-e-type=\"widget\" data-widget_type=\"text-editor.default\">\n\t\t\t\t<div class=\"elementor-widget-container\">\n\t\t\t\t\t\t\t\t\t<p>Blog<\/p>\t\t\t\t\t\t\t\t<\/div>\n\t\t\t\t<\/div>\n\t\t\t\t\t<\/div>\n\t\t<\/div>\n\t\t\t\t\t<\/div>\n\t\t<\/section>\n\t\t\t\t<section class=\"elementor-section elementor-top-section elementor-element elementor-element-05702f0 elementor-section-boxed elementor-section-height-default elementor-section-height-default\" data-id=\"05702f0\" data-element_type=\"section\" data-e-type=\"section\">\n\t\t\t\t\t\t<div class=\"elementor-container elementor-column-gap-default\">\n\t\t\t\t\t<div class=\"elementor-column elementor-col-100 elementor-top-column elementor-element elementor-element-87a0086\" data-id=\"87a0086\" data-element_type=\"column\" data-e-type=\"column\">\n\t\t\t<div class=\"elementor-widget-wrap elementor-element-populated\">\n\t\t\t\t\t\t<div class=\"elementor-element elementor-element-76ea29d elementor-grid-3 elementor-grid-tablet-2 elementor-grid-mobile-1 elementor-widget elementor-widget-loop-grid\" data-id=\"76ea29d\" data-element_type=\"widget\" data-e-type=\"widget\" data-settings=\"{&quot;template_id&quot;:468752,&quot;pagination_type&quot;:&quot;numbers&quot;,&quot;_skin&quot;:&quot;post&quot;,&quot;columns&quot;:&quot;3&quot;,&quot;columns_tablet&quot;:&quot;2&quot;,&quot;columns_mobile&quot;:&quot;1&quot;,&quot;edit_handle_selector&quot;:&quot;[data-elementor-type=\\&quot;loop-item\\&quot;]&quot;,&quot;pagination_load_type&quot;:&quot;page_reload&quot;,&quot;row_gap&quot;:{&quot;unit&quot;:&quot;px&quot;,&quot;size&quot;:&quot;&quot;,&quot;sizes&quot;:[]},&quot;row_gap_tablet&quot;:{&quot;unit&quot;:&quot;px&quot;,&quot;size&quot;:&quot;&quot;,&quot;sizes&quot;:[]},&quot;row_gap_mobile&quot;:{&quot;unit&quot;:&quot;px&quot;,&quot;size&quot;:&quot;&quot;,&quot;sizes&quot;:[]}}\" data-widget_type=\"loop-grid.post\">\n\t\t\t\t<div class=\"elementor-widget-container\">\n\t\t\t\t\t\t\t<div class=\"elementor-loop-container elementor-grid\" role=\"list\">\n\t\t<style id=\"loop-468752\">.elementor-468752 .elementor-element.elementor-element-bcc75be .elementor-heading-title{line-height:1.2em;}<\/style>\t\t<div data-elementor-type=\"loop-item\" data-elementor-id=\"468752\" class=\"elementor elementor-468752 e-loop-item e-loop-item-170 post-170 post type-post status-publish format-standard has-post-thumbnail hentry category-blog tag-flight-director tag-fma-status-box tag-glass-cockpit tag-piloto-automatico tag-plataformas-de-avionicos\" data-elementor-post-type=\"elementor_library\" data-custom-edit-handle=\"1\">\n\t\t\t\t\t<section class=\"elementor-section elementor-top-section elementor-element elementor-element-9ee30dc elementor-section-boxed elementor-section-height-default elementor-section-height-default\" data-id=\"9ee30dc\" data-element_type=\"section\" data-e-type=\"section\">\n\t\t\t\t\t\t<div class=\"elementor-container elementor-column-gap-default\">\n\t\t\t\t\t<div class=\"elementor-column elementor-col-100 elementor-top-column elementor-element elementor-element-d992939\" data-id=\"d992939\" data-element_type=\"column\" data-e-type=\"column\">\n\t\t\t<div class=\"elementor-widget-wrap elementor-element-populated\">\n\t\t\t\t\t\t<div class=\"elementor-element elementor-element-519cda9 elementor-widget elementor-widget-theme-post-featured-image elementor-widget-image\" data-id=\"519cda9\" data-element_type=\"widget\" data-e-type=\"widget\" data-widget_type=\"theme-post-featured-image.default\">\n\t\t\t\t<div class=\"elementor-widget-container\">\n\t\t\t\t\t\t\t\t\t\t\t\t\t\t\t\t<a href=\"https:\/\/delta5sim.com\/website\/blog\/familiarizacao-g1000\/\">\n\t\t\t\t\t\t\t<img fetchpriority=\"high\" decoding=\"async\" width=\"800\" height=\"450\" src=\"https:\/\/delta5sim.com\/website\/wp-content\/uploads\/2023\/09\/delta5-3-de-1024x576.jpg\" class=\"attachment-large size-large wp-image-935\" alt=\"\" srcset=\"https:\/\/delta5sim.com\/website\/wp-content\/uploads\/2023\/09\/delta5-3-de-1024x576.jpg 1024w, https:\/\/delta5sim.com\/website\/wp-content\/uploads\/2023\/09\/delta5-3-de-600x338.jpg 600w, https:\/\/delta5sim.com\/website\/wp-content\/uploads\/2023\/09\/delta5-3-de-400x225.jpg 400w, https:\/\/delta5sim.com\/website\/wp-content\/uploads\/2023\/09\/delta5-3-de-768x432.jpg 768w, https:\/\/delta5sim.com\/website\/wp-content\/uploads\/2023\/09\/delta5-3-de.jpg 1350w\" sizes=\"(max-width: 800px) 100vw, 800px\" \/>\t\t\t\t\t\t\t\t<\/a>\n\t\t\t\t\t\t\t\t\t\t\t\t\t\t\t<\/div>\n\t\t\t\t<\/div>\n\t\t\t\t<div class=\"elementor-element elementor-element-bcc75be elementor-widget elementor-widget-theme-post-title elementor-page-title elementor-widget-heading\" data-id=\"bcc75be\" data-element_type=\"widget\" data-e-type=\"widget\" data-widget_type=\"theme-post-title.default\">\n\t\t\t\t<div class=\"elementor-widget-container\">\n\t\t\t\t\t<h2 class=\"elementor-heading-title elementor-size-default\"><a href=\"https:\/\/delta5sim.com\/website\/blog\/familiarizacao-g1000\/\">Familiariza\u00e7\u00e3o G1000<\/a><\/h2>\t\t\t\t<\/div>\n\t\t\t\t<\/div>\n\t\t\t\t\t<\/div>\n\t\t<\/div>\n\t\t\t\t\t<\/div>\n\t\t<\/section>\n\t\t\t\t<\/div>\n\t\t\t\t<div data-elementor-type=\"loop-item\" data-elementor-id=\"468752\" class=\"elementor elementor-468752 e-loop-item e-loop-item-169 post-169 post type-post status-publish format-standard has-post-thumbnail hentry category-blog tag-airbus-a320 tag-boeing-737 tag-treinamento\" data-elementor-post-type=\"elementor_library\" data-custom-edit-handle=\"1\">\n\t\t\t\t\t<section class=\"elementor-section elementor-top-section elementor-element elementor-element-9ee30dc elementor-section-boxed elementor-section-height-default elementor-section-height-default\" data-id=\"9ee30dc\" data-element_type=\"section\" data-e-type=\"section\">\n\t\t\t\t\t\t<div class=\"elementor-container elementor-column-gap-default\">\n\t\t\t\t\t<div class=\"elementor-column elementor-col-100 elementor-top-column elementor-element elementor-element-d992939\" data-id=\"d992939\" data-element_type=\"column\" data-e-type=\"column\">\n\t\t\t<div class=\"elementor-widget-wrap elementor-element-populated\">\n\t\t\t\t\t\t<div class=\"elementor-element elementor-element-519cda9 elementor-widget elementor-widget-theme-post-featured-image elementor-widget-image\" data-id=\"519cda9\" data-element_type=\"widget\" data-e-type=\"widget\" data-widget_type=\"theme-post-featured-image.default\">\n\t\t\t\t<div class=\"elementor-widget-container\">\n\t\t\t\t\t\t\t\t\t\t\t\t\t\t\t\t<a href=\"https:\/\/delta5sim.com\/website\/blog\/familiarizacao-basica-com-boeing-737-e-airbus-a320\/\">\n\t\t\t\t\t\t\t<img decoding=\"async\" width=\"800\" height=\"450\" src=\"https:\/\/delta5sim.com\/website\/wp-content\/uploads\/2023\/09\/delta5-4-d-1024x576.jpg\" class=\"attachment-large size-large wp-image-190\" alt=\"\" srcset=\"https:\/\/delta5sim.com\/website\/wp-content\/uploads\/2023\/09\/delta5-4-d-1024x576.jpg 1024w, https:\/\/delta5sim.com\/website\/wp-content\/uploads\/2023\/09\/delta5-4-d-600x337.jpg 600w, https:\/\/delta5sim.com\/website\/wp-content\/uploads\/2023\/09\/delta5-4-d-400x225.jpg 400w, https:\/\/delta5sim.com\/website\/wp-content\/uploads\/2023\/09\/delta5-4-d-768x432.jpg 768w, https:\/\/delta5sim.com\/website\/wp-content\/uploads\/2023\/09\/delta5-4-d.jpg 1355w\" sizes=\"(max-width: 800px) 100vw, 800px\" \/>\t\t\t\t\t\t\t\t<\/a>\n\t\t\t\t\t\t\t\t\t\t\t\t\t\t\t<\/div>\n\t\t\t\t<\/div>\n\t\t\t\t<div class=\"elementor-element elementor-element-bcc75be elementor-widget elementor-widget-theme-post-title elementor-page-title elementor-widget-heading\" data-id=\"bcc75be\" data-element_type=\"widget\" data-e-type=\"widget\" data-widget_type=\"theme-post-title.default\">\n\t\t\t\t<div class=\"elementor-widget-container\">\n\t\t\t\t\t<h2 class=\"elementor-heading-title elementor-size-default\"><a href=\"https:\/\/delta5sim.com\/website\/blog\/familiarizacao-basica-com-boeing-737-e-airbus-a320\/\">Familiariza\u00e7\u00e3o B\u00e1sica com Boeing 737 e Airbus A320<\/a><\/h2>\t\t\t\t<\/div>\n\t\t\t\t<\/div>\n\t\t\t\t\t<\/div>\n\t\t<\/div>\n\t\t\t\t\t<\/div>\n\t\t<\/section>\n\t\t\t\t<\/div>\n\t\t\t\t<div data-elementor-type=\"loop-item\" data-elementor-id=\"468752\" class=\"elementor elementor-468752 e-loop-item e-loop-item-174 post-174 post type-post status-publish format-standard has-post-thumbnail hentry category-blog tag-boeing-737-ng tag-copiloto tag-gol-linhas-aereas tag-processo-de-selecao tag-simulador\" data-elementor-post-type=\"elementor_library\" data-custom-edit-handle=\"1\">\n\t\t\t\t\t<section class=\"elementor-section elementor-top-section elementor-element elementor-element-9ee30dc elementor-section-boxed elementor-section-height-default elementor-section-height-default\" data-id=\"9ee30dc\" data-element_type=\"section\" data-e-type=\"section\">\n\t\t\t\t\t\t<div class=\"elementor-container elementor-column-gap-default\">\n\t\t\t\t\t<div class=\"elementor-column elementor-col-100 elementor-top-column elementor-element elementor-element-d992939\" data-id=\"d992939\" data-element_type=\"column\" data-e-type=\"column\">\n\t\t\t<div class=\"elementor-widget-wrap elementor-element-populated\">\n\t\t\t\t\t\t<div class=\"elementor-element elementor-element-519cda9 elementor-widget elementor-widget-theme-post-featured-image elementor-widget-image\" data-id=\"519cda9\" data-element_type=\"widget\" data-e-type=\"widget\" data-widget_type=\"theme-post-featured-image.default\">\n\t\t\t\t<div class=\"elementor-widget-container\">\n\t\t\t\t\t\t\t\t\t\t\t\t\t\t\t\t<a href=\"https:\/\/delta5sim.com\/website\/blog\/curso-preparatorio-selecao-gol-linhas-aereas\/\">\n\t\t\t\t\t\t\t<img decoding=\"async\" width=\"800\" height=\"450\" src=\"https:\/\/delta5sim.com\/website\/wp-content\/uploads\/2019\/02\/delta5-2-1024x576.jpg\" class=\"attachment-large size-large wp-image-178\" alt=\"\" srcset=\"https:\/\/delta5sim.com\/website\/wp-content\/uploads\/2019\/02\/delta5-2-1024x576.jpg 1024w, https:\/\/delta5sim.com\/website\/wp-content\/uploads\/2019\/02\/delta5-2-600x338.jpg 600w, https:\/\/delta5sim.com\/website\/wp-content\/uploads\/2019\/02\/delta5-2-400x225.jpg 400w, https:\/\/delta5sim.com\/website\/wp-content\/uploads\/2019\/02\/delta5-2-768x432.jpg 768w, https:\/\/delta5sim.com\/website\/wp-content\/uploads\/2019\/02\/delta5-2.jpg 1421w\" sizes=\"(max-width: 800px) 100vw, 800px\" \/>\t\t\t\t\t\t\t\t<\/a>\n\t\t\t\t\t\t\t\t\t\t\t\t\t\t\t<\/div>\n\t\t\t\t<\/div>\n\t\t\t\t<div class=\"elementor-element elementor-element-bcc75be elementor-widget elementor-widget-theme-post-title elementor-page-title elementor-widget-heading\" data-id=\"bcc75be\" data-element_type=\"widget\" data-e-type=\"widget\" data-widget_type=\"theme-post-title.default\">\n\t\t\t\t<div class=\"elementor-widget-container\">\n\t\t\t\t\t<h2 class=\"elementor-heading-title elementor-size-default\"><a href=\"https:\/\/delta5sim.com\/website\/blog\/curso-preparatorio-selecao-gol-linhas-aereas\/\">Curso Preparat\u00f3rio | Sele\u00e7\u00e3o GOL Linhas A\u00e9reas<\/a><\/h2>\t\t\t\t<\/div>\n\t\t\t\t<\/div>\n\t\t\t\t\t<\/div>\n\t\t<\/div>\n\t\t\t\t\t<\/div>\n\t\t<\/section>\n\t\t\t\t<\/div>\n\t\t\t\t<div data-elementor-type=\"loop-item\" data-elementor-id=\"468752\" class=\"elementor elementor-468752 e-loop-item e-loop-item-168 post-168 post type-post status-publish format-standard has-post-thumbnail hentry category-blog tag-avionicos tag-baron-g1000 tag-garmin-g1000 tag-sessoes-praticas tag-simulador tag-workshop\" data-elementor-post-type=\"elementor_library\" data-custom-edit-handle=\"1\">\n\t\t\t\t\t<section class=\"elementor-section elementor-top-section elementor-element elementor-element-9ee30dc elementor-section-boxed elementor-section-height-default elementor-section-height-default\" data-id=\"9ee30dc\" data-element_type=\"section\" data-e-type=\"section\">\n\t\t\t\t\t\t<div class=\"elementor-container elementor-column-gap-default\">\n\t\t\t\t\t<div class=\"elementor-column elementor-col-100 elementor-top-column elementor-element elementor-element-d992939\" data-id=\"d992939\" data-element_type=\"column\" data-e-type=\"column\">\n\t\t\t<div class=\"elementor-widget-wrap elementor-element-populated\">\n\t\t\t\t\t\t<div class=\"elementor-element elementor-element-519cda9 elementor-widget elementor-widget-theme-post-featured-image elementor-widget-image\" data-id=\"519cda9\" data-element_type=\"widget\" data-e-type=\"widget\" data-widget_type=\"theme-post-featured-image.default\">\n\t\t\t\t<div class=\"elementor-widget-container\">\n\t\t\t\t\t\t\t\t\t\t\t\t\t\t\t\t<a href=\"https:\/\/delta5sim.com\/website\/blog\/workshop-g1000\/\">\n\t\t\t\t\t\t\t<img loading=\"lazy\" decoding=\"async\" width=\"800\" height=\"450\" src=\"https:\/\/delta5sim.com\/website\/wp-content\/uploads\/2023\/09\/delta5-1-1024x576.jpg\" class=\"attachment-large size-large wp-image-172\" alt=\"\" srcset=\"https:\/\/delta5sim.com\/website\/wp-content\/uploads\/2023\/09\/delta5-1-1024x576.jpg 1024w, https:\/\/delta5sim.com\/website\/wp-content\/uploads\/2023\/09\/delta5-1-600x338.jpg 600w, https:\/\/delta5sim.com\/website\/wp-content\/uploads\/2023\/09\/delta5-1-400x225.jpg 400w, https:\/\/delta5sim.com\/website\/wp-content\/uploads\/2023\/09\/delta5-1-768x432.jpg 768w, https:\/\/delta5sim.com\/website\/wp-content\/uploads\/2023\/09\/delta5-1-1536x864.jpg 1536w, https:\/\/delta5sim.com\/website\/wp-content\/uploads\/2023\/09\/delta5-1.jpg 1600w\" sizes=\"(max-width: 800px) 100vw, 800px\" \/>\t\t\t\t\t\t\t\t<\/a>\n\t\t\t\t\t\t\t\t\t\t\t\t\t\t\t<\/div>\n\t\t\t\t<\/div>\n\t\t\t\t<div class=\"elementor-element elementor-element-bcc75be elementor-widget elementor-widget-theme-post-title elementor-page-title elementor-widget-heading\" data-id=\"bcc75be\" data-element_type=\"widget\" data-e-type=\"widget\" data-widget_type=\"theme-post-title.default\">\n\t\t\t\t<div class=\"elementor-widget-container\">\n\t\t\t\t\t<h2 class=\"elementor-heading-title elementor-size-default\"><a href=\"https:\/\/delta5sim.com\/website\/blog\/workshop-g1000\/\">Workshop G1000<\/a><\/h2>\t\t\t\t<\/div>\n\t\t\t\t<\/div>\n\t\t\t\t\t<\/div>\n\t\t<\/div>\n\t\t\t\t\t<\/div>\n\t\t<\/section>\n\t\t\t\t<\/div>\n\t\t\t\t<\/div>\n\t\t\n\t\t\t\t\t\t<\/div>\n\t\t\t\t<\/div>\n\t\t\t\t\t<\/div>\n\t\t<\/div>\n\t\t\t\t\t<\/div>\n\t\t<\/section>\n\t\t\t\t<section class=\"elementor-section elementor-top-section elementor-element elementor-element-7cc0f36 elementor-section-boxed elementor-section-height-default elementor-section-height-default\" data-id=\"7cc0f36\" data-element_type=\"section\" data-e-type=\"section\">\n\t\t\t\t\t\t<div class=\"elementor-container elementor-column-gap-default\">\n\t\t\t\t\t<div class=\"elementor-column elementor-col-100 elementor-top-column elementor-element elementor-element-4054ba9\" data-id=\"4054ba9\" data-element_type=\"column\" data-e-type=\"column\">\n\t\t\t<div class=\"elementor-widget-wrap elementor-element-populated\">\n\t\t\t\t\t\t<div class=\"elementor-element elementor-element-46773bb elementor-share-buttons--view-icon elementor-share-buttons--skin-gradient elementor-share-buttons--shape-square elementor-grid-0 elementor-share-buttons--color-official elementor-widget elementor-widget-share-buttons\" data-id=\"46773bb\" data-element_type=\"widget\" data-e-type=\"widget\" data-widget_type=\"share-buttons.default\">\n\t\t\t\t<div class=\"elementor-widget-container\">\n\t\t\t\t\t\t\t<div class=\"elementor-grid\" role=\"list\">\n\t\t\t\t\t\t\t\t<div class=\"elementor-grid-item\" role=\"listitem\">\n\t\t\t\t\t\t<div class=\"elementor-share-btn elementor-share-btn_facebook\" role=\"button\" tabindex=\"0\" aria-label=\"Compartilhar no facebook\">\n\t\t\t\t\t\t\t\t\t\t\t\t\t\t\t<span class=\"elementor-share-btn__icon\">\n\t\t\t\t\t\t\t\t<i class=\"fab fa-facebook\" aria-hidden=\"true\"><\/i>\t\t\t\t\t\t\t<\/span>\n\t\t\t\t\t\t\t\t\t\t\t\t\t\t\t\t\t\t\t\t<\/div>\n\t\t\t\t\t<\/div>\n\t\t\t\t\t\t\t\t\t<div class=\"elementor-grid-item\" role=\"listitem\">\n\t\t\t\t\t\t<div class=\"elementor-share-btn elementor-share-btn_linkedin\" role=\"button\" tabindex=\"0\" aria-label=\"Compartilhar no linkedin\">\n\t\t\t\t\t\t\t\t\t\t\t\t\t\t\t<span class=\"elementor-share-btn__icon\">\n\t\t\t\t\t\t\t\t<i class=\"fab fa-linkedin\" aria-hidden=\"true\"><\/i>\t\t\t\t\t\t\t<\/span>\n\t\t\t\t\t\t\t\t\t\t\t\t\t\t\t\t\t\t\t\t<\/div>\n\t\t\t\t\t<\/div>\n\t\t\t\t\t\t\t\t\t<div class=\"elementor-grid-item\" role=\"listitem\">\n\t\t\t\t\t\t<div class=\"elementor-share-btn elementor-share-btn_whatsapp\" role=\"button\" tabindex=\"0\" aria-label=\"Compartilhar no whatsapp\">\n\t\t\t\t\t\t\t\t\t\t\t\t\t\t\t<span class=\"elementor-share-btn__icon\">\n\t\t\t\t\t\t\t\t<i class=\"fab fa-whatsapp\" aria-hidden=\"true\"><\/i>\t\t\t\t\t\t\t<\/span>\n\t\t\t\t\t\t\t\t\t\t\t\t\t\t\t\t\t\t\t\t<\/div>\n\t\t\t\t\t<\/div>\n\t\t\t\t\t\t\t\t\t<div class=\"elementor-grid-item\" role=\"listitem\">\n\t\t\t\t\t\t<div class=\"elementor-share-btn elementor-share-btn_email\" role=\"button\" tabindex=\"0\" aria-label=\"Compartilhar no email\">\n\t\t\t\t\t\t\t\t\t\t\t\t\t\t\t<span class=\"elementor-share-btn__icon\">\n\t\t\t\t\t\t\t\t<i class=\"fas fa-envelope\" aria-hidden=\"true\"><\/i>\t\t\t\t\t\t\t<\/span>\n\t\t\t\t\t\t\t\t\t\t\t\t\t\t\t\t\t\t\t\t<\/div>\n\t\t\t\t\t<\/div>\n\t\t\t\t\t\t<\/div>\n\t\t\t\t\t\t<\/div>\n\t\t\t\t<\/div>\n\t\t\t\t\t<\/div>\n\t\t<\/div>\n\t\t\t\t\t<\/div>\n\t\t<\/section>\n\t\t\t\t<\/div>\n\t\t","protected":false},"excerpt":{"rendered":"<p>Blog<\/p>\n","protected":false},"author":1,"featured_media":1688,"parent":0,"menu_order":0,"comment_status":"closed","ping_status":"closed","template":"","meta":{"footnotes":""},"class_list":["post-150","page","type-page","status-publish","has-post-thumbnail","hentry"],"yoast_head":"<!-- This site is optimized with the Yoast SEO plugin v27.2 - https:\/\/yoast.com\/product\/yoast-seo-wordpress\/ -->\n<title>Blog - Delta 5<\/title>\n<meta name=\"robots\" content=\"index, follow, max-snippet:-1, max-image-preview:large, max-video-preview:-1\" \/>\n<link rel=\"canonical\" href=\"https:\/\/delta5sim.com\/website\/blog\/\" \/>\n<meta property=\"og:locale\" content=\"pt_BR\" \/>\n<meta property=\"og:type\" content=\"article\" \/>\n<meta property=\"og:title\" content=\"Blog - Delta 5\" \/>\n<meta property=\"og:description\" content=\"Blog\" \/>\n<meta property=\"og:url\" content=\"https:\/\/delta5sim.com\/website\/blog\/\" \/>\n<meta property=\"og:site_name\" content=\"Delta 5\" \/>\n<meta property=\"article:modified_time\" content=\"2024-10-29T14:44:18+00:00\" \/>\n<meta property=\"og:image\" content=\"https:\/\/delta5sim.com\/website\/wp-content\/uploads\/2023\/09\/blog-delta5-2.jpg\" \/>\n\t<meta property=\"og:image:width\" content=\"1421\" \/>\n\t<meta property=\"og:image:height\" content=\"800\" \/>\n\t<meta property=\"og:image:type\" content=\"image\/jpeg\" \/>\n<meta name=\"twitter:card\" content=\"summary_large_image\" \/>\n<meta name=\"twitter:label1\" content=\"Est. tempo de leitura\" \/>\n\t<meta name=\"twitter:data1\" content=\"2 minutos\" \/>\n<script type=\"application\/ld+json\" class=\"yoast-schema-graph\">{\"@context\":\"https:\/\/schema.org\",\"@graph\":[{\"@type\":\"WebPage\",\"@id\":\"https:\/\/delta5sim.com\/website\/blog\/\",\"url\":\"https:\/\/delta5sim.com\/website\/blog\/\",\"name\":\"Blog - Delta 5\",\"isPartOf\":{\"@id\":\"https:\/\/delta5sim.com\/website\/#website\"},\"primaryImageOfPage\":{\"@id\":\"https:\/\/delta5sim.com\/website\/blog\/#primaryimage\"},\"image\":{\"@id\":\"https:\/\/delta5sim.com\/website\/blog\/#primaryimage\"},\"thumbnailUrl\":\"https:\/\/delta5sim.com\/website\/wp-content\/uploads\/2023\/09\/blog-delta5-2.jpg\",\"datePublished\":\"2023-09-05T13:52:56+00:00\",\"dateModified\":\"2024-10-29T14:44:18+00:00\",\"breadcrumb\":{\"@id\":\"https:\/\/delta5sim.com\/website\/blog\/#breadcrumb\"},\"inLanguage\":\"pt-BR\",\"potentialAction\":[{\"@type\":\"ReadAction\",\"target\":[\"https:\/\/delta5sim.com\/website\/blog\/\"]}]},{\"@type\":\"ImageObject\",\"inLanguage\":\"pt-BR\",\"@id\":\"https:\/\/delta5sim.com\/website\/blog\/#primaryimage\",\"url\":\"https:\/\/delta5sim.com\/website\/wp-content\/uploads\/2023\/09\/blog-delta5-2.jpg\",\"contentUrl\":\"https:\/\/delta5sim.com\/website\/wp-content\/uploads\/2023\/09\/blog-delta5-2.jpg\",\"width\":1421,\"height\":800},{\"@type\":\"BreadcrumbList\",\"@id\":\"https:\/\/delta5sim.com\/website\/blog\/#breadcrumb\",\"itemListElement\":[{\"@type\":\"ListItem\",\"position\":1,\"name\":\"In\u00edcio\",\"item\":\"https:\/\/delta5sim.com\/website\/\"},{\"@type\":\"ListItem\",\"position\":2,\"name\":\"Blog\"}]},{\"@type\":\"WebSite\",\"@id\":\"https:\/\/delta5sim.com\/website\/#website\",\"url\":\"https:\/\/delta5sim.com\/website\/\",\"name\":\"Delta 5\",\"description\":\"&quot;Treine antes de voar&quot;\",\"publisher\":{\"@id\":\"https:\/\/delta5sim.com\/website\/#organization\"},\"potentialAction\":[{\"@type\":\"SearchAction\",\"target\":{\"@type\":\"EntryPoint\",\"urlTemplate\":\"https:\/\/delta5sim.com\/website\/?s={search_term_string}\"},\"query-input\":{\"@type\":\"PropertyValueSpecification\",\"valueRequired\":true,\"valueName\":\"search_term_string\"}}],\"inLanguage\":\"pt-BR\"},{\"@type\":\"Organization\",\"@id\":\"https:\/\/delta5sim.com\/website\/#organization\",\"name\":\"Delta 5\",\"url\":\"https:\/\/delta5sim.com\/website\/\",\"logo\":{\"@type\":\"ImageObject\",\"inLanguage\":\"pt-BR\",\"@id\":\"https:\/\/delta5sim.com\/website\/#\/schema\/logo\/image\/\",\"url\":\"https:\/\/delta5sim.com\/website\/wp-content\/uploads\/2023\/09\/Delta5_CIAC.png\",\"contentUrl\":\"https:\/\/delta5sim.com\/website\/wp-content\/uploads\/2023\/09\/Delta5_CIAC.png\",\"width\":2463,\"height\":783,\"caption\":\"Delta 5\"},\"image\":{\"@id\":\"https:\/\/delta5sim.com\/website\/#\/schema\/logo\/image\/\"}}]}<\/script>\n<!-- \/ Yoast SEO plugin. -->","yoast_head_json":{"title":"Blog - Delta 5","robots":{"index":"index","follow":"follow","max-snippet":"max-snippet:-1","max-image-preview":"max-image-preview:large","max-video-preview":"max-video-preview:-1"},"canonical":"https:\/\/delta5sim.com\/website\/blog\/","og_locale":"pt_BR","og_type":"article","og_title":"Blog - Delta 5","og_description":"Blog","og_url":"https:\/\/delta5sim.com\/website\/blog\/","og_site_name":"Delta 5","article_modified_time":"2024-10-29T14:44:18+00:00","og_image":[{"width":1421,"height":800,"url":"https:\/\/delta5sim.com\/website\/wp-content\/uploads\/2023\/09\/blog-delta5-2.jpg","type":"image\/jpeg"}],"twitter_card":"summary_large_image","twitter_misc":{"Est. tempo de leitura":"2 minutos"},"schema":{"@context":"https:\/\/schema.org","@graph":[{"@type":"WebPage","@id":"https:\/\/delta5sim.com\/website\/blog\/","url":"https:\/\/delta5sim.com\/website\/blog\/","name":"Blog - Delta 5","isPartOf":{"@id":"https:\/\/delta5sim.com\/website\/#website"},"primaryImageOfPage":{"@id":"https:\/\/delta5sim.com\/website\/blog\/#primaryimage"},"image":{"@id":"https:\/\/delta5sim.com\/website\/blog\/#primaryimage"},"thumbnailUrl":"https:\/\/delta5sim.com\/website\/wp-content\/uploads\/2023\/09\/blog-delta5-2.jpg","datePublished":"2023-09-05T13:52:56+00:00","dateModified":"2024-10-29T14:44:18+00:00","breadcrumb":{"@id":"https:\/\/delta5sim.com\/website\/blog\/#breadcrumb"},"inLanguage":"pt-BR","potentialAction":[{"@type":"ReadAction","target":["https:\/\/delta5sim.com\/website\/blog\/"]}]},{"@type":"ImageObject","inLanguage":"pt-BR","@id":"https:\/\/delta5sim.com\/website\/blog\/#primaryimage","url":"https:\/\/delta5sim.com\/website\/wp-content\/uploads\/2023\/09\/blog-delta5-2.jpg","contentUrl":"https:\/\/delta5sim.com\/website\/wp-content\/uploads\/2023\/09\/blog-delta5-2.jpg","width":1421,"height":800},{"@type":"BreadcrumbList","@id":"https:\/\/delta5sim.com\/website\/blog\/#breadcrumb","itemListElement":[{"@type":"ListItem","position":1,"name":"In\u00edcio","item":"https:\/\/delta5sim.com\/website\/"},{"@type":"ListItem","position":2,"name":"Blog"}]},{"@type":"WebSite","@id":"https:\/\/delta5sim.com\/website\/#website","url":"https:\/\/delta5sim.com\/website\/","name":"Delta 5","description":"&quot;Treine antes de voar&quot;","publisher":{"@id":"https:\/\/delta5sim.com\/website\/#organization"},"potentialAction":[{"@type":"SearchAction","target":{"@type":"EntryPoint","urlTemplate":"https:\/\/delta5sim.com\/website\/?s={search_term_string}"},"query-input":{"@type":"PropertyValueSpecification","valueRequired":true,"valueName":"search_term_string"}}],"inLanguage":"pt-BR"},{"@type":"Organization","@id":"https:\/\/delta5sim.com\/website\/#organization","name":"Delta 5","url":"https:\/\/delta5sim.com\/website\/","logo":{"@type":"ImageObject","inLanguage":"pt-BR","@id":"https:\/\/delta5sim.com\/website\/#\/schema\/logo\/image\/","url":"https:\/\/delta5sim.com\/website\/wp-content\/uploads\/2023\/09\/Delta5_CIAC.png","contentUrl":"https:\/\/delta5sim.com\/website\/wp-content\/uploads\/2023\/09\/Delta5_CIAC.png","width":2463,"height":783,"caption":"Delta 5"},"image":{"@id":"https:\/\/delta5sim.com\/website\/#\/schema\/logo\/image\/"}}]}},"_links":{"self":[{"href":"https:\/\/delta5sim.com\/website\/wp-json\/wp\/v2\/pages\/150","targetHints":{"allow":["GET"]}}],"collection":[{"href":"https:\/\/delta5sim.com\/website\/wp-json\/wp\/v2\/pages"}],"about":[{"href":"https:\/\/delta5sim.com\/website\/wp-json\/wp\/v2\/types\/page"}],"author":[{"embeddable":true,"href":"https:\/\/delta5sim.com\/website\/wp-json\/wp\/v2\/users\/1"}],"replies":[{"embeddable":true,"href":"https:\/\/delta5sim.com\/website\/wp-json\/wp\/v2\/comments?post=150"}],"version-history":[{"count":44,"href":"https:\/\/delta5sim.com\/website\/wp-json\/wp\/v2\/pages\/150\/revisions"}],"predecessor-version":[{"id":468767,"href":"https:\/\/delta5sim.com\/website\/wp-json\/wp\/v2\/pages\/150\/revisions\/468767"}],"wp:featuredmedia":[{"embeddable":true,"href":"https:\/\/delta5sim.com\/website\/wp-json\/wp\/v2\/media\/1688"}],"wp:attachment":[{"href":"https:\/\/delta5sim.com\/website\/wp-json\/wp\/v2\/media?parent=150"}],"curies":[{"name":"wp","href":"https:\/\/api.w.org\/{rel}","templated":true}]}}