{"id":136,"date":"2023-09-05T13:51:34","date_gmt":"2023-09-05T13:51:34","guid":{"rendered":"https:\/\/delta5sim.com\/website\/?page_id=136"},"modified":"2023-12-08T14:40:58","modified_gmt":"2023-12-08T17:40:58","slug":"treinamentos","status":"publish","type":"page","link":"https:\/\/delta5sim.com\/website\/treinamentos\/","title":{"rendered":"Treinamentos"},"content":{"rendered":"\t\t<div data-elementor-type=\"wp-page\" data-elementor-id=\"136\" class=\"elementor elementor-136\" data-elementor-post-type=\"page\">\n\t\t\t\t\t\t<section class=\"elementor-section elementor-top-section elementor-element elementor-element-2ce469c elementor-section-full_width elementor-section-stretched elementor-section-content-top elementor-section-height-default elementor-section-height-default\" data-id=\"2ce469c\" data-element_type=\"section\" data-e-type=\"section\" data-settings=\"{&quot;stretch_section&quot;:&quot;section-stretched&quot;,&quot;background_background&quot;:&quot;video&quot;,&quot;background_video_link&quot;:&quot;https:\\\/\\\/delta5sim.com\\\/website\\\/wp-content\\\/uploads\\\/2023\\\/11\\\/treinamentos-delta5.mp4&quot;,&quot;background_video_start&quot;:0,&quot;background_play_on_mobile&quot;:&quot;yes&quot;}\">\n\t\t\t\t\t\t\t\t<div class=\"elementor-background-video-container\">\n\t\t\t\t\t\t\t\t\t\t\t\t\t<video class=\"elementor-background-video-hosted\" role=\"presentation\" autoplay muted playsinline loop><\/video>\n\t\t\t\t\t\t\t\t\t\t\t<\/div>\n\t\t\t\t\t\t\t\t<div class=\"elementor-container elementor-column-gap-default\">\n\t\t\t\t\t<div class=\"elementor-column elementor-col-33 elementor-top-column elementor-element elementor-element-81421af\" data-id=\"81421af\" data-element_type=\"column\" data-e-type=\"column\">\n\t\t\t<div class=\"elementor-widget-wrap\">\n\t\t\t\t\t\t\t<\/div>\n\t\t<\/div>\n\t\t\t\t<div class=\"elementor-column elementor-col-33 elementor-top-column elementor-element elementor-element-e1fcd59\" data-id=\"e1fcd59\" data-element_type=\"column\" data-e-type=\"column\" data-settings=\"{&quot;background_background&quot;:&quot;classic&quot;}\">\n\t\t\t<div class=\"elementor-widget-wrap elementor-element-populated\">\n\t\t\t\t\t\t<div class=\"elementor-element elementor-element-7f5d818 elementor-widget elementor-widget-heading\" data-id=\"7f5d818\" data-element_type=\"widget\" data-e-type=\"widget\" data-widget_type=\"heading.default\">\n\t\t\t\t<div class=\"elementor-widget-container\">\n\t\t\t\t\t<h1 class=\"elementor-heading-title elementor-size-default\">Treinamentos<\/h1>\t\t\t\t<\/div>\n\t\t\t\t<\/div>\n\t\t\t\t\t<\/div>\n\t\t<\/div>\n\t\t\t\t<div class=\"elementor-column elementor-col-33 elementor-top-column elementor-element elementor-element-aa35a52\" data-id=\"aa35a52\" data-element_type=\"column\" data-e-type=\"column\">\n\t\t\t<div class=\"elementor-widget-wrap\">\n\t\t\t\t\t\t\t<\/div>\n\t\t<\/div>\n\t\t\t\t\t<\/div>\n\t\t<\/section>\n\t\t\t\t<section class=\"elementor-section elementor-top-section elementor-element elementor-element-5aa5cda elementor-section-boxed elementor-section-height-default elementor-section-height-default\" data-id=\"5aa5cda\" data-element_type=\"section\" data-e-type=\"section\">\n\t\t\t\t\t\t<div class=\"elementor-container elementor-column-gap-default\">\n\t\t\t\t\t<div class=\"elementor-column elementor-col-100 elementor-top-column elementor-element elementor-element-39b6342\" data-id=\"39b6342\" data-element_type=\"column\" data-e-type=\"column\">\n\t\t\t<div class=\"elementor-widget-wrap elementor-element-populated\">\n\t\t\t\t\t\t<div class=\"elementor-element elementor-element-ad5eb19 elementor-widget elementor-widget-text-editor\" data-id=\"ad5eb19\" data-element_type=\"widget\" data-e-type=\"widget\" data-widget_type=\"text-editor.default\">\n\t\t\t\t<div class=\"elementor-widget-container\">\n\t\t\t\t\t\t\t\t\tA Delta5 \u00e9 uma escola direcionada ao aperfei\u00e7oamento de pilotos.\t\t\t\t\t\t\t\t<\/div>\n\t\t\t\t<\/div>\n\t\t\t\t\t<\/div>\n\t\t<\/div>\n\t\t\t\t\t<\/div>\n\t\t<\/section>\n\t\t\t\t<section class=\"elementor-section elementor-top-section elementor-element elementor-element-4b28547 elementor-section-boxed elementor-section-height-default elementor-section-height-default\" data-id=\"4b28547\" data-element_type=\"section\" data-e-type=\"section\">\n\t\t\t\t\t\t<div class=\"elementor-container elementor-column-gap-default\">\n\t\t\t\t\t<div class=\"elementor-column elementor-col-100 elementor-top-column elementor-element elementor-element-bf8798d\" data-id=\"bf8798d\" data-element_type=\"column\" data-e-type=\"column\">\n\t\t\t<div class=\"elementor-widget-wrap elementor-element-populated\">\n\t\t\t\t\t\t<div class=\"elementor-element elementor-element-3e69268 elementor-widget elementor-widget-text-editor\" data-id=\"3e69268\" data-element_type=\"widget\" data-e-type=\"widget\" data-widget_type=\"text-editor.default\">\n\t\t\t\t<div class=\"elementor-widget-container\">\n\t\t\t\t\t\t\t\t\tOferecemos treinamentos que permitem evoluir e se preparar para processos de sele\u00e7\u00e3o no Brasil ou no exterior.\t\t\t\t\t\t\t\t<\/div>\n\t\t\t\t<\/div>\n\t\t\t\t<div class=\"elementor-element elementor-element-6816284 elementor-grid-mobile-1 elementor-grid-4 elementor-grid-tablet-3 elementor-products-grid elementor-wc-products elementor-widget elementor-widget-woocommerce-products\" data-id=\"6816284\" data-element_type=\"widget\" data-e-type=\"widget\" data-widget_type=\"woocommerce-products.default\">\n\t\t\t\t<div class=\"elementor-widget-container\">\n\t\t\t\t\t<div class=\"woocommerce columns-4 \"><ul class=\"products elementor-grid columns-4\">\n<li class=\"product type-product post-26 status-publish first instock product_cat-familiarizacao product_cat-treinamentos product_tag-737ng product_tag-a320 product_tag-airbus-a320 product_tag-b737 product_tag-boeing-737 has-post-thumbnail virtual product-type-simple\">\n\t<a href=\"https:\/\/delta5sim.com\/website\/produto\/familiarizacao\/\" class=\"woocommerce-LoopProduct-link woocommerce-loop-product__link\"><img fetchpriority=\"high\" decoding=\"async\" width=\"300\" height=\"200\" src=\"https:\/\/delta5sim.com\/website\/wp-content\/uploads\/2023\/09\/Familiarizacao-delta5-simuladores-dest-300x200.jpg\" class=\"attachment-woocommerce_thumbnail size-woocommerce_thumbnail\" alt=\"Familiariza\u00e7\u00e3o\" \/><h2 class=\"woocommerce-loop-product__title\">Familiariza\u00e7\u00e3o<\/h2>\n<\/a><a href=\"https:\/\/delta5sim.com\/website\/produto\/familiarizacao\/\" aria-describedby=\"woocommerce_loop_add_to_cart_link_describedby_26\" data-quantity=\"1\" class=\"button product_type_simple\" data-product_id=\"26\" data-product_sku=\"\" aria-label=\"Leia mais sobre &ldquo;Familiariza\u00e7\u00e3o&rdquo;\" rel=\"nofollow\" data-success_message=\"\">Leia mais<\/a>\t<span id=\"woocommerce_loop_add_to_cart_link_describedby_26\" class=\"screen-reader-text\">\n\t\t\t<\/span>\n<\/li>\n<li class=\"product type-product post-31 status-publish instock product_cat-refresh-ifr product_cat-treinamentos product_tag-ifr product_tag-refresh product_tag-voo-por-instrumentos has-post-thumbnail shipping-taxable purchasable product-type-variable\">\n\t<a href=\"https:\/\/delta5sim.com\/website\/produto\/ifr-refreshment\/\" class=\"woocommerce-LoopProduct-link woocommerce-loop-product__link\"><img decoding=\"async\" width=\"300\" height=\"200\" src=\"https:\/\/delta5sim.com\/website\/wp-content\/uploads\/2023\/09\/delta-5-IFR-Refreshment-dest-300x200.jpg\" class=\"attachment-woocommerce_thumbnail size-woocommerce_thumbnail\" alt=\"IFR Refreshment\" \/><h2 class=\"woocommerce-loop-product__title\">IFR Refreshment<\/h2>\n\t<span class=\"price\"><span class=\"woocommerce-Price-amount amount\" aria-hidden=\"true\"><bdi><span class=\"woocommerce-Price-currencySymbol\">&#82;&#36;<\/span>503,00<\/bdi><\/span> <span aria-hidden=\"true\">&ndash;<\/span> <span class=\"woocommerce-Price-amount amount\" aria-hidden=\"true\"><bdi><span class=\"woocommerce-Price-currencySymbol\">&#82;&#36;<\/span>547,00<\/bdi><\/span><span class=\"screen-reader-text\">Price range: &#82;&#36;503,00 through &#82;&#36;547,00<\/span><\/span>\n<\/a><a href=\"https:\/\/delta5sim.com\/website\/produto\/ifr-refreshment\/\" aria-describedby=\"woocommerce_loop_add_to_cart_link_describedby_31\" data-quantity=\"1\" class=\"button product_type_variable add_to_cart_button\" data-product_id=\"31\" data-product_sku=\"\" aria-label=\"Selecione as op\u00e7\u00f5es para &ldquo;IFR Refreshment&rdquo;\" rel=\"nofollow\">Ver op\u00e7\u00f5es<\/a>\t<span id=\"woocommerce_loop_add_to_cart_link_describedby_31\" class=\"screen-reader-text\">\n\t\tEste produto tem v\u00e1rias variantes. As op\u00e7\u00f5es podem ser escolhidas na p\u00e1gina do produto\t<\/span>\n<\/li>\n<li class=\"product type-product post-27 status-publish instock product_cat-selecao-nacional product_cat-treinamentos product_tag-selecao-avianca product_tag-selecao-azul product_tag-selecao-gol product_tag-selecao-latam has-post-thumbnail sale shipping-taxable product-type-external\">\n\t<a href=\"https:\/\/delta5sim.com\/website\/produto\/preparatorio-para-selecao\/\" class=\"woocommerce-LoopProduct-link woocommerce-loop-product__link\">\n\t<span class=\"onsale\">Oferta!<\/span>\n\t<img decoding=\"async\" width=\"300\" height=\"200\" src=\"https:\/\/delta5sim.com\/website\/wp-content\/uploads\/2023\/09\/a320_1-1-300x200.jpg\" class=\"attachment-woocommerce_thumbnail size-woocommerce_thumbnail\" alt=\"Preparat\u00f3rio para Sele\u00e7\u00e3o\" \/><h2 class=\"woocommerce-loop-product__title\">Preparat\u00f3rio para Sele\u00e7\u00e3o<\/h2>\n\t<span class=\"price\"><del aria-hidden=\"true\"><span class=\"woocommerce-Price-amount amount\"><bdi><span class=\"woocommerce-Price-currencySymbol\">&#82;&#36;<\/span>1.010,00<\/bdi><\/span><\/del> <span class=\"screen-reader-text\">O pre\u00e7o original era: &#082;&#036;1.010,00.<\/span><ins aria-hidden=\"true\"><span class=\"woocommerce-Price-amount amount\"><bdi><span class=\"woocommerce-Price-currencySymbol\">&#82;&#36;<\/span>955,00<\/bdi><\/span><\/ins><span class=\"screen-reader-text\">O pre\u00e7o atual \u00e9: &#082;&#036;955,00.<\/span><\/span>\n<\/a><a href=\"https:\/\/delta5sim.com\/website\/agendamento-delta-5\/\" aria-describedby=\"woocommerce_loop_add_to_cart_link_describedby_27\" data-quantity=\"1\" class=\"button product_type_external\" data-product_id=\"27\" data-product_sku=\"\" aria-label=\"Comprar &ldquo;Preparat\u00f3rio para Sele\u00e7\u00e3o&rdquo;\" rel=\"nofollow\">Comprar produto<\/a>\t<span id=\"woocommerce_loop_add_to_cart_link_describedby_27\" class=\"screen-reader-text\">\n\t\t\t<\/span>\n<\/li>\n<li class=\"product type-product post-29 status-publish last instock product_cat-treinamentos product_cat-treinamentos-livres product_tag-airbus-a320 product_tag-aluguel-de-simulador product_tag-boeing-737 product_tag-ftd product_tag-simulador-de-voo has-post-thumbnail shipping-taxable product-type-external\">\n\t<a href=\"https:\/\/delta5sim.com\/website\/produto\/treinamento-livre\/\" class=\"woocommerce-LoopProduct-link woocommerce-loop-product__link\"><img loading=\"lazy\" decoding=\"async\" width=\"300\" height=\"200\" src=\"https:\/\/delta5sim.com\/website\/wp-content\/uploads\/2023\/09\/Boeing-737-NG-delta5-300x200.jpg\" class=\"attachment-woocommerce_thumbnail size-woocommerce_thumbnail\" alt=\"Treinamento Livre\" \/><h2 class=\"woocommerce-loop-product__title\">Treinamento Livre<\/h2>\n\t<span class=\"price\"><span class=\"woocommerce-Price-amount amount\"><bdi><span class=\"woocommerce-Price-currencySymbol\">&#82;&#36;<\/span>505,00<\/bdi><\/span><\/span>\n<\/a><a href=\"https:\/\/delta5sim.com\/website\/agendamento-delta-5\/\" aria-describedby=\"woocommerce_loop_add_to_cart_link_describedby_29\" data-quantity=\"1\" class=\"button product_type_external\" data-product_id=\"29\" data-product_sku=\"\" aria-label=\"Comprar &ldquo;Treinamento Livre&rdquo;\" rel=\"nofollow\">Comprar produto<\/a>\t<span id=\"woocommerce_loop_add_to_cart_link_describedby_29\" class=\"screen-reader-text\">\n\t\t\t<\/span>\n<\/li>\n<\/ul>\n<\/div>\t\t\t\t<\/div>\n\t\t\t\t<\/div>\n\t\t\t\t\t<\/div>\n\t\t<\/div>\n\t\t\t\t\t<\/div>\n\t\t<\/section>\n\t\t\t\t<\/div>\n\t\t","protected":false},"excerpt":{"rendered":"<p>Treinamentos A Delta5 \u00e9 uma escola direcionada ao aperfei\u00e7oamento de pilotos.Oferecemos treinamentos que permitem evoluir e se preparar para processos de sele\u00e7\u00e3o no Brasil ou no exterior.<\/p>\n","protected":false},"author":1,"featured_media":1307,"parent":0,"menu_order":0,"comment_status":"closed","ping_status":"closed","template":"","meta":{"footnotes":""},"class_list":["post-136","page","type-page","status-publish","has-post-thumbnail","hentry"],"yoast_head":"<!-- This site is optimized with the Yoast SEO plugin v27.2 - https:\/\/yoast.com\/product\/yoast-seo-wordpress\/ -->\n<title>Treinamentos - Delta 5<\/title>\n<meta name=\"robots\" content=\"index, follow, max-snippet:-1, max-image-preview:large, max-video-preview:-1\" \/>\n<link rel=\"canonical\" href=\"https:\/\/delta5sim.com\/website\/treinamentos\/\" \/>\n<meta property=\"og:locale\" content=\"pt_BR\" \/>\n<meta property=\"og:type\" content=\"article\" \/>\n<meta property=\"og:title\" content=\"Treinamentos - Delta 5\" \/>\n<meta property=\"og:description\" content=\"Treinamentos A Delta5 \u00e9 uma escola direcionada ao aperfei\u00e7oamento de pilotos.Oferecemos treinamentos que permitem evoluir e se preparar para processos de sele\u00e7\u00e3o no Brasil ou no exterior.\" \/>\n<meta property=\"og:url\" content=\"https:\/\/delta5sim.com\/website\/treinamentos\/\" \/>\n<meta property=\"og:site_name\" content=\"Delta 5\" \/>\n<meta property=\"article:modified_time\" content=\"2023-12-08T17:40:58+00:00\" \/>\n<meta property=\"og:image\" content=\"https:\/\/delta5sim.com\/website\/wp-content\/uploads\/2023\/09\/BOEING-737-NG-delta5-1.jpg\" \/>\n\t<meta property=\"og:image:width\" content=\"1422\" \/>\n\t<meta property=\"og:image:height\" content=\"800\" \/>\n\t<meta property=\"og:image:type\" content=\"image\/jpeg\" \/>\n<meta name=\"twitter:card\" content=\"summary_large_image\" \/>\n<meta name=\"twitter:label1\" content=\"Est. tempo de leitura\" \/>\n\t<meta name=\"twitter:data1\" content=\"2 minutos\" \/>\n<script type=\"application\/ld+json\" class=\"yoast-schema-graph\">{\"@context\":\"https:\/\/schema.org\",\"@graph\":[{\"@type\":\"WebPage\",\"@id\":\"https:\/\/delta5sim.com\/website\/treinamentos\/\",\"url\":\"https:\/\/delta5sim.com\/website\/treinamentos\/\",\"name\":\"Treinamentos - Delta 5\",\"isPartOf\":{\"@id\":\"https:\/\/delta5sim.com\/website\/#website\"},\"primaryImageOfPage\":{\"@id\":\"https:\/\/delta5sim.com\/website\/treinamentos\/#primaryimage\"},\"image\":{\"@id\":\"https:\/\/delta5sim.com\/website\/treinamentos\/#primaryimage\"},\"thumbnailUrl\":\"https:\/\/delta5sim.com\/website\/wp-content\/uploads\/2023\/09\/BOEING-737-NG-delta5-1.jpg\",\"datePublished\":\"2023-09-05T13:51:34+00:00\",\"dateModified\":\"2023-12-08T17:40:58+00:00\",\"breadcrumb\":{\"@id\":\"https:\/\/delta5sim.com\/website\/treinamentos\/#breadcrumb\"},\"inLanguage\":\"pt-BR\",\"potentialAction\":[{\"@type\":\"ReadAction\",\"target\":[\"https:\/\/delta5sim.com\/website\/treinamentos\/\"]}]},{\"@type\":\"ImageObject\",\"inLanguage\":\"pt-BR\",\"@id\":\"https:\/\/delta5sim.com\/website\/treinamentos\/#primaryimage\",\"url\":\"https:\/\/delta5sim.com\/website\/wp-content\/uploads\/2023\/09\/BOEING-737-NG-delta5-1.jpg\",\"contentUrl\":\"https:\/\/delta5sim.com\/website\/wp-content\/uploads\/2023\/09\/BOEING-737-NG-delta5-1.jpg\",\"width\":1422,\"height\":800},{\"@type\":\"BreadcrumbList\",\"@id\":\"https:\/\/delta5sim.com\/website\/treinamentos\/#breadcrumb\",\"itemListElement\":[{\"@type\":\"ListItem\",\"position\":1,\"name\":\"In\u00edcio\",\"item\":\"https:\/\/delta5sim.com\/website\/\"},{\"@type\":\"ListItem\",\"position\":2,\"name\":\"Treinamentos\"}]},{\"@type\":\"WebSite\",\"@id\":\"https:\/\/delta5sim.com\/website\/#website\",\"url\":\"https:\/\/delta5sim.com\/website\/\",\"name\":\"Delta 5\",\"description\":\"&quot;Treine antes de voar&quot;\",\"publisher\":{\"@id\":\"https:\/\/delta5sim.com\/website\/#organization\"},\"potentialAction\":[{\"@type\":\"SearchAction\",\"target\":{\"@type\":\"EntryPoint\",\"urlTemplate\":\"https:\/\/delta5sim.com\/website\/?s={search_term_string}\"},\"query-input\":{\"@type\":\"PropertyValueSpecification\",\"valueRequired\":true,\"valueName\":\"search_term_string\"}}],\"inLanguage\":\"pt-BR\"},{\"@type\":\"Organization\",\"@id\":\"https:\/\/delta5sim.com\/website\/#organization\",\"name\":\"Delta 5\",\"url\":\"https:\/\/delta5sim.com\/website\/\",\"logo\":{\"@type\":\"ImageObject\",\"inLanguage\":\"pt-BR\",\"@id\":\"https:\/\/delta5sim.com\/website\/#\/schema\/logo\/image\/\",\"url\":\"https:\/\/delta5sim.com\/website\/wp-content\/uploads\/2023\/09\/Delta5_CIAC.png\",\"contentUrl\":\"https:\/\/delta5sim.com\/website\/wp-content\/uploads\/2023\/09\/Delta5_CIAC.png\",\"width\":2463,\"height\":783,\"caption\":\"Delta 5\"},\"image\":{\"@id\":\"https:\/\/delta5sim.com\/website\/#\/schema\/logo\/image\/\"}}]}<\/script>\n<!-- \/ Yoast SEO plugin. -->","yoast_head_json":{"title":"Treinamentos - Delta 5","robots":{"index":"index","follow":"follow","max-snippet":"max-snippet:-1","max-image-preview":"max-image-preview:large","max-video-preview":"max-video-preview:-1"},"canonical":"https:\/\/delta5sim.com\/website\/treinamentos\/","og_locale":"pt_BR","og_type":"article","og_title":"Treinamentos - Delta 5","og_description":"Treinamentos A Delta5 \u00e9 uma escola direcionada ao aperfei\u00e7oamento de pilotos.Oferecemos treinamentos que permitem evoluir e se preparar para processos de sele\u00e7\u00e3o no Brasil ou no exterior.","og_url":"https:\/\/delta5sim.com\/website\/treinamentos\/","og_site_name":"Delta 5","article_modified_time":"2023-12-08T17:40:58+00:00","og_image":[{"width":1422,"height":800,"url":"https:\/\/delta5sim.com\/website\/wp-content\/uploads\/2023\/09\/BOEING-737-NG-delta5-1.jpg","type":"image\/jpeg"}],"twitter_card":"summary_large_image","twitter_misc":{"Est. tempo de leitura":"2 minutos"},"schema":{"@context":"https:\/\/schema.org","@graph":[{"@type":"WebPage","@id":"https:\/\/delta5sim.com\/website\/treinamentos\/","url":"https:\/\/delta5sim.com\/website\/treinamentos\/","name":"Treinamentos - Delta 5","isPartOf":{"@id":"https:\/\/delta5sim.com\/website\/#website"},"primaryImageOfPage":{"@id":"https:\/\/delta5sim.com\/website\/treinamentos\/#primaryimage"},"image":{"@id":"https:\/\/delta5sim.com\/website\/treinamentos\/#primaryimage"},"thumbnailUrl":"https:\/\/delta5sim.com\/website\/wp-content\/uploads\/2023\/09\/BOEING-737-NG-delta5-1.jpg","datePublished":"2023-09-05T13:51:34+00:00","dateModified":"2023-12-08T17:40:58+00:00","breadcrumb":{"@id":"https:\/\/delta5sim.com\/website\/treinamentos\/#breadcrumb"},"inLanguage":"pt-BR","potentialAction":[{"@type":"ReadAction","target":["https:\/\/delta5sim.com\/website\/treinamentos\/"]}]},{"@type":"ImageObject","inLanguage":"pt-BR","@id":"https:\/\/delta5sim.com\/website\/treinamentos\/#primaryimage","url":"https:\/\/delta5sim.com\/website\/wp-content\/uploads\/2023\/09\/BOEING-737-NG-delta5-1.jpg","contentUrl":"https:\/\/delta5sim.com\/website\/wp-content\/uploads\/2023\/09\/BOEING-737-NG-delta5-1.jpg","width":1422,"height":800},{"@type":"BreadcrumbList","@id":"https:\/\/delta5sim.com\/website\/treinamentos\/#breadcrumb","itemListElement":[{"@type":"ListItem","position":1,"name":"In\u00edcio","item":"https:\/\/delta5sim.com\/website\/"},{"@type":"ListItem","position":2,"name":"Treinamentos"}]},{"@type":"WebSite","@id":"https:\/\/delta5sim.com\/website\/#website","url":"https:\/\/delta5sim.com\/website\/","name":"Delta 5","description":"&quot;Treine antes de voar&quot;","publisher":{"@id":"https:\/\/delta5sim.com\/website\/#organization"},"potentialAction":[{"@type":"SearchAction","target":{"@type":"EntryPoint","urlTemplate":"https:\/\/delta5sim.com\/website\/?s={search_term_string}"},"query-input":{"@type":"PropertyValueSpecification","valueRequired":true,"valueName":"search_term_string"}}],"inLanguage":"pt-BR"},{"@type":"Organization","@id":"https:\/\/delta5sim.com\/website\/#organization","name":"Delta 5","url":"https:\/\/delta5sim.com\/website\/","logo":{"@type":"ImageObject","inLanguage":"pt-BR","@id":"https:\/\/delta5sim.com\/website\/#\/schema\/logo\/image\/","url":"https:\/\/delta5sim.com\/website\/wp-content\/uploads\/2023\/09\/Delta5_CIAC.png","contentUrl":"https:\/\/delta5sim.com\/website\/wp-content\/uploads\/2023\/09\/Delta5_CIAC.png","width":2463,"height":783,"caption":"Delta 5"},"image":{"@id":"https:\/\/delta5sim.com\/website\/#\/schema\/logo\/image\/"}}]}},"_links":{"self":[{"href":"https:\/\/delta5sim.com\/website\/wp-json\/wp\/v2\/pages\/136","targetHints":{"allow":["GET"]}}],"collection":[{"href":"https:\/\/delta5sim.com\/website\/wp-json\/wp\/v2\/pages"}],"about":[{"href":"https:\/\/delta5sim.com\/website\/wp-json\/wp\/v2\/types\/page"}],"author":[{"embeddable":true,"href":"https:\/\/delta5sim.com\/website\/wp-json\/wp\/v2\/users\/1"}],"replies":[{"embeddable":true,"href":"https:\/\/delta5sim.com\/website\/wp-json\/wp\/v2\/comments?post=136"}],"version-history":[{"count":35,"href":"https:\/\/delta5sim.com\/website\/wp-json\/wp\/v2\/pages\/136\/revisions"}],"predecessor-version":[{"id":3774,"href":"https:\/\/delta5sim.com\/website\/wp-json\/wp\/v2\/pages\/136\/revisions\/3774"}],"wp:featuredmedia":[{"embeddable":true,"href":"https:\/\/delta5sim.com\/website\/wp-json\/wp\/v2\/media\/1307"}],"wp:attachment":[{"href":"https:\/\/delta5sim.com\/website\/wp-json\/wp\/v2\/media?parent=136"}],"curies":[{"name":"wp","href":"https:\/\/api.w.org\/{rel}","templated":true}]}}