{"id":1355,"date":"2023-09-06T17:48:26","date_gmt":"2023-09-06T17:48:26","guid":{"rendered":"https:\/\/delta5sim.com\/website\/?page_id=1355"},"modified":"2026-04-20T13:01:46","modified_gmt":"2026-04-20T16:01:46","slug":"cessna-caravan","status":"publish","type":"page","link":"https:\/\/delta5sim.com\/website\/cessna-caravan\/","title":{"rendered":"Cessna Caravan"},"content":{"rendered":"\t\t<div data-elementor-type=\"wp-page\" data-elementor-id=\"1355\" class=\"elementor elementor-1355\" data-elementor-post-type=\"page\">\n\t\t\t\t\t\t<section class=\"elementor-section elementor-top-section elementor-element elementor-element-422027e elementor-section-full_width elementor-section-stretched elementor-section-content-middle elementor-section-height-default elementor-section-height-default\" data-id=\"422027e\" data-element_type=\"section\" data-e-type=\"section\" data-settings=\"{&quot;stretch_section&quot;:&quot;section-stretched&quot;,&quot;background_background&quot;:&quot;classic&quot;}\">\n\t\t\t\t\t\t<div class=\"elementor-container elementor-column-gap-default\">\n\t\t\t\t\t<div class=\"elementor-column elementor-col-100 elementor-top-column elementor-element elementor-element-1f0378e\" data-id=\"1f0378e\" data-element_type=\"column\" data-e-type=\"column\">\n\t\t\t<div class=\"elementor-widget-wrap\">\n\t\t\t\t\t\t\t<\/div>\n\t\t<\/div>\n\t\t\t\t\t<\/div>\n\t\t<\/section>\n\t\t\t\t<section class=\"elementor-section elementor-top-section elementor-element elementor-element-61a0202 elementor-section-boxed elementor-section-height-default elementor-section-height-default\" data-id=\"61a0202\" data-element_type=\"section\" data-e-type=\"section\">\n\t\t\t\t\t\t<div class=\"elementor-container elementor-column-gap-default\">\n\t\t\t\t\t<div class=\"elementor-column elementor-col-100 elementor-top-column elementor-element elementor-element-00dc8e7\" data-id=\"00dc8e7\" data-element_type=\"column\" data-e-type=\"column\">\n\t\t\t<div class=\"elementor-widget-wrap elementor-element-populated\">\n\t\t\t\t\t\t<div class=\"elementor-element elementor-element-0d1a76d elementor-widget elementor-widget-text-editor\" data-id=\"0d1a76d\" data-element_type=\"widget\" data-e-type=\"widget\" data-widget_type=\"text-editor.default\">\n\t\t\t\t<div class=\"elementor-widget-container\">\n\t\t\t\t\t\t\t\t\t<p style=\"text-align: left;\">Cessna Caravan<\/p>\t\t\t\t\t\t\t\t<\/div>\n\t\t\t\t<\/div>\n\t\t\t\t<div class=\"elementor-element elementor-element-1335c63 elementor-widget elementor-widget-text-editor\" data-id=\"1335c63\" data-element_type=\"widget\" data-e-type=\"widget\" data-widget_type=\"text-editor.default\">\n\t\t\t\t<div class=\"elementor-widget-container\">\n\t\t\t\t\t\t\t\t\t<p>Simulador qualificado ANAC FTD-BE20-001 n\u00edvel 4, da aeronave King Air em escala real e controles precisos.<\/p><p>Os manches e pedais s\u00e3o equipados com sistema de retorno para centraliza\u00e7\u00e3o, utilizando molas e sistema hidr\u00e1ulico, ajustado para as condi\u00e7\u00f5es de fric\u00e7\u00e3o e sensibilidade existentes na aeronave real.<\/p>\t\t\t\t\t\t\t\t<\/div>\n\t\t\t\t<\/div>\n\t\t\t\t\t<\/div>\n\t\t<\/div>\n\t\t\t\t\t<\/div>\n\t\t<\/section>\n\t\t\t\t<section class=\"elementor-section elementor-top-section elementor-element elementor-element-16b154d elementor-section-boxed elementor-section-height-default elementor-section-height-default\" data-id=\"16b154d\" data-element_type=\"section\" data-e-type=\"section\">\n\t\t\t\t\t\t<div class=\"elementor-container elementor-column-gap-default\">\n\t\t\t\t\t<div class=\"elementor-column elementor-col-100 elementor-top-column elementor-element elementor-element-2e4b03a\" data-id=\"2e4b03a\" data-element_type=\"column\" data-e-type=\"column\">\n\t\t\t<div class=\"elementor-widget-wrap elementor-element-populated\">\n\t\t\t\t\t\t<div class=\"elementor-element elementor-element-44837cf elementor-widget elementor-widget-gallery\" data-id=\"44837cf\" data-element_type=\"widget\" data-e-type=\"widget\" data-settings=\"{&quot;gallery_layout&quot;:&quot;justified&quot;,&quot;ideal_row_height&quot;:{&quot;unit&quot;:&quot;px&quot;,&quot;size&quot;:298,&quot;sizes&quot;:[]},&quot;lazyload&quot;:&quot;yes&quot;,&quot;ideal_row_height_tablet&quot;:{&quot;unit&quot;:&quot;px&quot;,&quot;size&quot;:150,&quot;sizes&quot;:[]},&quot;ideal_row_height_mobile&quot;:{&quot;unit&quot;:&quot;px&quot;,&quot;size&quot;:150,&quot;sizes&quot;:[]},&quot;gap&quot;:{&quot;unit&quot;:&quot;px&quot;,&quot;size&quot;:10,&quot;sizes&quot;:[]},&quot;gap_tablet&quot;:{&quot;unit&quot;:&quot;px&quot;,&quot;size&quot;:10,&quot;sizes&quot;:[]},&quot;gap_mobile&quot;:{&quot;unit&quot;:&quot;px&quot;,&quot;size&quot;:10,&quot;sizes&quot;:[]},&quot;link_to&quot;:&quot;file&quot;,&quot;overlay_background&quot;:&quot;yes&quot;,&quot;content_hover_animation&quot;:&quot;fade-in&quot;}\" data-widget_type=\"gallery.default\">\n\t\t\t\t<div class=\"elementor-widget-container\">\n\t\t\t\t\t\t\t<div class=\"elementor-gallery__container\">\n\t\t\t\t\t\t\t<a class=\"e-gallery-item elementor-gallery-item elementor-animated-content\" href=\"https:\/\/delta5sim.com\/website\/wp-content\/uploads\/2025\/02\/20250211_182011-scaled.jpg\" data-elementor-open-lightbox=\"yes\" data-elementor-lightbox-slideshow=\"44837cf\" data-e-action-hash=\"#elementor-action%3Aaction%3Dlightbox%26settings%3DeyJpZCI6NDY5MzA4LCJ1cmwiOiJodHRwczpcL1wvZGVsdGE1c2ltLmNvbVwvd2Vic2l0ZVwvd3AtY29udGVudFwvdXBsb2Fkc1wvMjAyNVwvMDJcLzIwMjUwMjExXzE4MjAxMS1zY2FsZWQuanBnIiwic2xpZGVzaG93IjoiNDQ4MzdjZiJ9\">\n\t\t\t\t\t<div class=\"e-gallery-image elementor-gallery-item__image\" data-thumbnail=\"https:\/\/delta5sim.com\/website\/wp-content\/uploads\/2025\/02\/20250211_182011-1024x768.jpg\" data-width=\"800\" data-height=\"600\" aria-label=\"\" role=\"img\" ><\/div>\n\t\t\t\t\t\t\t\t\t\t\t<div class=\"elementor-gallery-item__overlay\"><\/div>\n\t\t\t\t\t\t\t\t\t\t\t\t\t\t<\/a>\n\t\t\t\t\t\t\t<a class=\"e-gallery-item elementor-gallery-item elementor-animated-content\" href=\"https:\/\/delta5sim.com\/website\/wp-content\/uploads\/2025\/02\/20250211_181954-scaled.jpg\" data-elementor-open-lightbox=\"yes\" data-elementor-lightbox-slideshow=\"44837cf\" data-e-action-hash=\"#elementor-action%3Aaction%3Dlightbox%26settings%3DeyJpZCI6NDY5MzA3LCJ1cmwiOiJodHRwczpcL1wvZGVsdGE1c2ltLmNvbVwvd2Vic2l0ZVwvd3AtY29udGVudFwvdXBsb2Fkc1wvMjAyNVwvMDJcLzIwMjUwMjExXzE4MTk1NC1zY2FsZWQuanBnIiwic2xpZGVzaG93IjoiNDQ4MzdjZiJ9\">\n\t\t\t\t\t<div class=\"e-gallery-image elementor-gallery-item__image\" data-thumbnail=\"https:\/\/delta5sim.com\/website\/wp-content\/uploads\/2025\/02\/20250211_181954-1024x768.jpg\" data-width=\"800\" data-height=\"600\" aria-label=\"\" role=\"img\" ><\/div>\n\t\t\t\t\t\t\t\t\t\t\t<div class=\"elementor-gallery-item__overlay\"><\/div>\n\t\t\t\t\t\t\t\t\t\t\t\t\t\t<\/a>\n\t\t\t\t\t\t\t<a class=\"e-gallery-item elementor-gallery-item elementor-animated-content\" href=\"https:\/\/delta5sim.com\/website\/wp-content\/uploads\/2025\/02\/20250211_182138-scaled.jpg\" data-elementor-open-lightbox=\"yes\" data-elementor-lightbox-slideshow=\"44837cf\" data-e-action-hash=\"#elementor-action%3Aaction%3Dlightbox%26settings%3DeyJpZCI6NDY5MzEzLCJ1cmwiOiJodHRwczpcL1wvZGVsdGE1c2ltLmNvbVwvd2Vic2l0ZVwvd3AtY29udGVudFwvdXBsb2Fkc1wvMjAyNVwvMDJcLzIwMjUwMjExXzE4MjEzOC1zY2FsZWQuanBnIiwic2xpZGVzaG93IjoiNDQ4MzdjZiJ9\">\n\t\t\t\t\t<div class=\"e-gallery-image elementor-gallery-item__image\" data-thumbnail=\"https:\/\/delta5sim.com\/website\/wp-content\/uploads\/2025\/02\/20250211_182138-1024x768.jpg\" data-width=\"800\" data-height=\"600\" aria-label=\"\" role=\"img\" ><\/div>\n\t\t\t\t\t\t\t\t\t\t\t<div class=\"elementor-gallery-item__overlay\"><\/div>\n\t\t\t\t\t\t\t\t\t\t\t\t\t\t<\/a>\n\t\t\t\t\t<\/div>\n\t\t\t\t\t<\/div>\n\t\t\t\t<\/div>\n\t\t\t\t\t<\/div>\n\t\t<\/div>\n\t\t\t\t\t<\/div>\n\t\t<\/section>\n\t\t\t\t<section class=\"elementor-section elementor-top-section elementor-element elementor-element-d7684a4 elementor-section-boxed elementor-section-height-default elementor-section-height-default\" data-id=\"d7684a4\" data-element_type=\"section\" data-e-type=\"section\">\n\t\t\t\t\t\t<div class=\"elementor-container elementor-column-gap-default\">\n\t\t\t\t\t<div class=\"elementor-column elementor-col-100 elementor-top-column elementor-element elementor-element-91b7c31\" data-id=\"91b7c31\" data-element_type=\"column\" data-e-type=\"column\">\n\t\t\t<div class=\"elementor-widget-wrap elementor-element-populated\">\n\t\t\t\t\t\t<div class=\"elementor-element elementor-element-aa0433d elementor-widget elementor-widget-text-editor\" data-id=\"aa0433d\" data-element_type=\"widget\" data-e-type=\"widget\" data-widget_type=\"text-editor.default\">\n\t\t\t\t<div class=\"elementor-widget-container\">\n\t\t\t\t\t\t\t\t\t<p style=\"text-align: left;\">Simulador projetado especialmente para:<\/p>\t\t\t\t\t\t\t\t<\/div>\n\t\t\t\t<\/div>\n\t\t\t\t<div class=\"elementor-element elementor-element-4e1892e elementor-widget elementor-widget-text-editor\" data-id=\"4e1892e\" data-element_type=\"widget\" data-e-type=\"widget\" data-widget_type=\"text-editor.default\">\n\t\t\t\t<div class=\"elementor-widget-container\">\n\t\t\t\t\t\t\t\t\t<p>\u2022 Desenvolvimento das t\u00e9cnicas b\u00e1sicas de pilotagem<br \/>\u2022 Aprimoramento e corre\u00e7\u00e3o das t\u00e9cnicas de pilotagem<br \/>\u2022 Treinamento das manobras exigidas para habilita\u00e7\u00e3o de PP e PC<br \/>\u2022 Treinamento de navega\u00e7\u00e3o IFR<br \/>\u2022 Treinamento de voo visual normal e em corredores<\/p>\t\t\t\t\t\t\t\t<\/div>\n\t\t\t\t<\/div>\n\t\t\t\t\t<\/div>\n\t\t<\/div>\n\t\t\t\t\t<\/div>\n\t\t<\/section>\n\t\t\t\t<section class=\"elementor-section elementor-top-section elementor-element elementor-element-ac4f061 elementor-section-content-middle elementor-section-stretched elementor-section-boxed elementor-section-height-default elementor-section-height-default\" data-id=\"ac4f061\" data-element_type=\"section\" data-e-type=\"section\" data-settings=\"{&quot;stretch_section&quot;:&quot;section-stretched&quot;,&quot;background_background&quot;:&quot;classic&quot;}\">\n\t\t\t\t\t\t\t<div class=\"elementor-background-overlay\"><\/div>\n\t\t\t\t\t\t\t<div class=\"elementor-container elementor-column-gap-default\">\n\t\t\t\t\t<div class=\"elementor-column elementor-col-100 elementor-top-column elementor-element elementor-element-a808638\" data-id=\"a808638\" data-element_type=\"column\" data-e-type=\"column\">\n\t\t\t<div class=\"elementor-widget-wrap elementor-element-populated\">\n\t\t\t\t\t\t<div class=\"elementor-element elementor-element-9c6af53 elementor-widget elementor-widget-text-editor\" data-id=\"9c6af53\" data-element_type=\"widget\" data-e-type=\"widget\" data-widget_type=\"text-editor.default\">\n\t\t\t\t<div class=\"elementor-widget-container\">\n\t\t\t\t\t\t\t\t\t<p>Simulador homologado ANAC FTD N\u00edvel 4\u00a0<br \/>(Flight Training Device)<\/p>\t\t\t\t\t\t\t\t<\/div>\n\t\t\t\t<\/div>\n\t\t\t\t\t<\/div>\n\t\t<\/div>\n\t\t\t\t\t<\/div>\n\t\t<\/section>\n\t\t\t\t<\/div>\n\t\t","protected":false},"excerpt":{"rendered":"<p>Cessna Caravan Simulador qualificado ANAC FTD-BE20-001 n\u00edvel 4, da aeronave King Air em escala real e controles precisos. Os manches e pedais s\u00e3o equipados com sistema de retorno para centraliza\u00e7\u00e3o, utilizando molas e sistema hidr\u00e1ulico, ajustado para as condi\u00e7\u00f5es de fric\u00e7\u00e3o e sensibilidade existentes na aeronave real. Simulador projetado especialmente para: \u2022 Desenvolvimento das t\u00e9cnicas [&hellip;]<\/p>\n","protected":false},"author":3,"featured_media":469303,"parent":0,"menu_order":0,"comment_status":"closed","ping_status":"closed","template":"","meta":{"footnotes":""},"class_list":["post-1355","page","type-page","status-publish","has-post-thumbnail","hentry"],"yoast_head":"<!-- This site is optimized with the Yoast SEO plugin v27.2 - https:\/\/yoast.com\/product\/yoast-seo-wordpress\/ -->\n<title>Cessna Caravan - Delta 5<\/title>\n<meta name=\"robots\" content=\"index, follow, max-snippet:-1, max-image-preview:large, max-video-preview:-1\" \/>\n<link rel=\"canonical\" href=\"https:\/\/delta5sim.com\/website\/cessna-caravan\/\" \/>\n<meta property=\"og:locale\" content=\"pt_BR\" \/>\n<meta property=\"og:type\" content=\"article\" \/>\n<meta property=\"og:title\" content=\"Cessna Caravan - Delta 5\" \/>\n<meta property=\"og:description\" content=\"Cessna Caravan Simulador qualificado ANAC FTD-BE20-001 n\u00edvel 4, da aeronave King Air em escala real e controles precisos. Os manches e pedais s\u00e3o equipados com sistema de retorno para centraliza\u00e7\u00e3o, utilizando molas e sistema hidr\u00e1ulico, ajustado para as condi\u00e7\u00f5es de fric\u00e7\u00e3o e sensibilidade existentes na aeronave real. Simulador projetado especialmente para: \u2022 Desenvolvimento das t\u00e9cnicas [&hellip;]\" \/>\n<meta property=\"og:url\" content=\"https:\/\/delta5sim.com\/website\/cessna-caravan\/\" \/>\n<meta property=\"og:site_name\" content=\"Delta 5\" \/>\n<meta property=\"article:modified_time\" content=\"2026-04-20T16:01:46+00:00\" \/>\n<meta property=\"og:image\" content=\"https:\/\/delta5sim.com\/website\/wp-content\/uploads\/2025\/02\/20250211_181903-scaled.jpg\" \/>\n\t<meta property=\"og:image:width\" content=\"2560\" \/>\n\t<meta property=\"og:image:height\" content=\"1920\" \/>\n\t<meta property=\"og:image:type\" content=\"image\/jpeg\" \/>\n<meta name=\"twitter:card\" content=\"summary_large_image\" \/>\n<meta name=\"twitter:label1\" content=\"Est. tempo de leitura\" \/>\n\t<meta name=\"twitter:data1\" content=\"1 minuto\" \/>\n<script type=\"application\/ld+json\" class=\"yoast-schema-graph\">{\"@context\":\"https:\/\/schema.org\",\"@graph\":[{\"@type\":\"WebPage\",\"@id\":\"https:\/\/delta5sim.com\/website\/cessna-caravan\/\",\"url\":\"https:\/\/delta5sim.com\/website\/cessna-caravan\/\",\"name\":\"Cessna Caravan - Delta 5\",\"isPartOf\":{\"@id\":\"https:\/\/delta5sim.com\/website\/#website\"},\"primaryImageOfPage\":{\"@id\":\"https:\/\/delta5sim.com\/website\/cessna-caravan\/#primaryimage\"},\"image\":{\"@id\":\"https:\/\/delta5sim.com\/website\/cessna-caravan\/#primaryimage\"},\"thumbnailUrl\":\"https:\/\/delta5sim.com\/website\/wp-content\/uploads\/2025\/02\/20250211_181903-scaled.jpg\",\"datePublished\":\"2023-09-06T17:48:26+00:00\",\"dateModified\":\"2026-04-20T16:01:46+00:00\",\"breadcrumb\":{\"@id\":\"https:\/\/delta5sim.com\/website\/cessna-caravan\/#breadcrumb\"},\"inLanguage\":\"pt-BR\",\"potentialAction\":[{\"@type\":\"ReadAction\",\"target\":[\"https:\/\/delta5sim.com\/website\/cessna-caravan\/\"]}]},{\"@type\":\"ImageObject\",\"inLanguage\":\"pt-BR\",\"@id\":\"https:\/\/delta5sim.com\/website\/cessna-caravan\/#primaryimage\",\"url\":\"https:\/\/delta5sim.com\/website\/wp-content\/uploads\/2025\/02\/20250211_181903-scaled.jpg\",\"contentUrl\":\"https:\/\/delta5sim.com\/website\/wp-content\/uploads\/2025\/02\/20250211_181903-scaled.jpg\",\"width\":2560,\"height\":1920},{\"@type\":\"BreadcrumbList\",\"@id\":\"https:\/\/delta5sim.com\/website\/cessna-caravan\/#breadcrumb\",\"itemListElement\":[{\"@type\":\"ListItem\",\"position\":1,\"name\":\"In\u00edcio\",\"item\":\"https:\/\/delta5sim.com\/website\/\"},{\"@type\":\"ListItem\",\"position\":2,\"name\":\"Cessna Caravan\"}]},{\"@type\":\"WebSite\",\"@id\":\"https:\/\/delta5sim.com\/website\/#website\",\"url\":\"https:\/\/delta5sim.com\/website\/\",\"name\":\"Delta 5\",\"description\":\"&quot;Treine antes de voar&quot;\",\"publisher\":{\"@id\":\"https:\/\/delta5sim.com\/website\/#organization\"},\"potentialAction\":[{\"@type\":\"SearchAction\",\"target\":{\"@type\":\"EntryPoint\",\"urlTemplate\":\"https:\/\/delta5sim.com\/website\/?s={search_term_string}\"},\"query-input\":{\"@type\":\"PropertyValueSpecification\",\"valueRequired\":true,\"valueName\":\"search_term_string\"}}],\"inLanguage\":\"pt-BR\"},{\"@type\":\"Organization\",\"@id\":\"https:\/\/delta5sim.com\/website\/#organization\",\"name\":\"Delta 5\",\"url\":\"https:\/\/delta5sim.com\/website\/\",\"logo\":{\"@type\":\"ImageObject\",\"inLanguage\":\"pt-BR\",\"@id\":\"https:\/\/delta5sim.com\/website\/#\/schema\/logo\/image\/\",\"url\":\"https:\/\/delta5sim.com\/website\/wp-content\/uploads\/2023\/09\/Delta5_CIAC.png\",\"contentUrl\":\"https:\/\/delta5sim.com\/website\/wp-content\/uploads\/2023\/09\/Delta5_CIAC.png\",\"width\":2463,\"height\":783,\"caption\":\"Delta 5\"},\"image\":{\"@id\":\"https:\/\/delta5sim.com\/website\/#\/schema\/logo\/image\/\"}}]}<\/script>\n<!-- \/ Yoast SEO plugin. -->","yoast_head_json":{"title":"Cessna Caravan - Delta 5","robots":{"index":"index","follow":"follow","max-snippet":"max-snippet:-1","max-image-preview":"max-image-preview:large","max-video-preview":"max-video-preview:-1"},"canonical":"https:\/\/delta5sim.com\/website\/cessna-caravan\/","og_locale":"pt_BR","og_type":"article","og_title":"Cessna Caravan - Delta 5","og_description":"Cessna Caravan Simulador qualificado ANAC FTD-BE20-001 n\u00edvel 4, da aeronave King Air em escala real e controles precisos. Os manches e pedais s\u00e3o equipados com sistema de retorno para centraliza\u00e7\u00e3o, utilizando molas e sistema hidr\u00e1ulico, ajustado para as condi\u00e7\u00f5es de fric\u00e7\u00e3o e sensibilidade existentes na aeronave real. Simulador projetado especialmente para: \u2022 Desenvolvimento das t\u00e9cnicas [&hellip;]","og_url":"https:\/\/delta5sim.com\/website\/cessna-caravan\/","og_site_name":"Delta 5","article_modified_time":"2026-04-20T16:01:46+00:00","og_image":[{"width":2560,"height":1920,"url":"https:\/\/delta5sim.com\/website\/wp-content\/uploads\/2025\/02\/20250211_181903-scaled.jpg","type":"image\/jpeg"}],"twitter_card":"summary_large_image","twitter_misc":{"Est. tempo de leitura":"1 minuto"},"schema":{"@context":"https:\/\/schema.org","@graph":[{"@type":"WebPage","@id":"https:\/\/delta5sim.com\/website\/cessna-caravan\/","url":"https:\/\/delta5sim.com\/website\/cessna-caravan\/","name":"Cessna Caravan - Delta 5","isPartOf":{"@id":"https:\/\/delta5sim.com\/website\/#website"},"primaryImageOfPage":{"@id":"https:\/\/delta5sim.com\/website\/cessna-caravan\/#primaryimage"},"image":{"@id":"https:\/\/delta5sim.com\/website\/cessna-caravan\/#primaryimage"},"thumbnailUrl":"https:\/\/delta5sim.com\/website\/wp-content\/uploads\/2025\/02\/20250211_181903-scaled.jpg","datePublished":"2023-09-06T17:48:26+00:00","dateModified":"2026-04-20T16:01:46+00:00","breadcrumb":{"@id":"https:\/\/delta5sim.com\/website\/cessna-caravan\/#breadcrumb"},"inLanguage":"pt-BR","potentialAction":[{"@type":"ReadAction","target":["https:\/\/delta5sim.com\/website\/cessna-caravan\/"]}]},{"@type":"ImageObject","inLanguage":"pt-BR","@id":"https:\/\/delta5sim.com\/website\/cessna-caravan\/#primaryimage","url":"https:\/\/delta5sim.com\/website\/wp-content\/uploads\/2025\/02\/20250211_181903-scaled.jpg","contentUrl":"https:\/\/delta5sim.com\/website\/wp-content\/uploads\/2025\/02\/20250211_181903-scaled.jpg","width":2560,"height":1920},{"@type":"BreadcrumbList","@id":"https:\/\/delta5sim.com\/website\/cessna-caravan\/#breadcrumb","itemListElement":[{"@type":"ListItem","position":1,"name":"In\u00edcio","item":"https:\/\/delta5sim.com\/website\/"},{"@type":"ListItem","position":2,"name":"Cessna Caravan"}]},{"@type":"WebSite","@id":"https:\/\/delta5sim.com\/website\/#website","url":"https:\/\/delta5sim.com\/website\/","name":"Delta 5","description":"&quot;Treine antes de voar&quot;","publisher":{"@id":"https:\/\/delta5sim.com\/website\/#organization"},"potentialAction":[{"@type":"SearchAction","target":{"@type":"EntryPoint","urlTemplate":"https:\/\/delta5sim.com\/website\/?s={search_term_string}"},"query-input":{"@type":"PropertyValueSpecification","valueRequired":true,"valueName":"search_term_string"}}],"inLanguage":"pt-BR"},{"@type":"Organization","@id":"https:\/\/delta5sim.com\/website\/#organization","name":"Delta 5","url":"https:\/\/delta5sim.com\/website\/","logo":{"@type":"ImageObject","inLanguage":"pt-BR","@id":"https:\/\/delta5sim.com\/website\/#\/schema\/logo\/image\/","url":"https:\/\/delta5sim.com\/website\/wp-content\/uploads\/2023\/09\/Delta5_CIAC.png","contentUrl":"https:\/\/delta5sim.com\/website\/wp-content\/uploads\/2023\/09\/Delta5_CIAC.png","width":2463,"height":783,"caption":"Delta 5"},"image":{"@id":"https:\/\/delta5sim.com\/website\/#\/schema\/logo\/image\/"}}]}},"_links":{"self":[{"href":"https:\/\/delta5sim.com\/website\/wp-json\/wp\/v2\/pages\/1355","targetHints":{"allow":["GET"]}}],"collection":[{"href":"https:\/\/delta5sim.com\/website\/wp-json\/wp\/v2\/pages"}],"about":[{"href":"https:\/\/delta5sim.com\/website\/wp-json\/wp\/v2\/types\/page"}],"author":[{"embeddable":true,"href":"https:\/\/delta5sim.com\/website\/wp-json\/wp\/v2\/users\/3"}],"replies":[{"embeddable":true,"href":"https:\/\/delta5sim.com\/website\/wp-json\/wp\/v2\/comments?post=1355"}],"version-history":[{"count":51,"href":"https:\/\/delta5sim.com\/website\/wp-json\/wp\/v2\/pages\/1355\/revisions"}],"predecessor-version":[{"id":471710,"href":"https:\/\/delta5sim.com\/website\/wp-json\/wp\/v2\/pages\/1355\/revisions\/471710"}],"wp:featuredmedia":[{"embeddable":true,"href":"https:\/\/delta5sim.com\/website\/wp-json\/wp\/v2\/media\/469303"}],"wp:attachment":[{"href":"https:\/\/delta5sim.com\/website\/wp-json\/wp\/v2\/media?parent=1355"}],"curies":[{"name":"wp","href":"https:\/\/api.w.org\/{rel}","templated":true}]}}