{"id":135,"date":"2023-09-05T13:51:27","date_gmt":"2023-09-05T13:51:27","guid":{"rendered":"https:\/\/delta5sim.com\/website\/?page_id=135"},"modified":"2023-12-08T12:51:23","modified_gmt":"2023-12-08T15:51:23","slug":"cursos-profissionais","status":"publish","type":"page","link":"https:\/\/delta5sim.com\/website\/cursos-profissionais\/","title":{"rendered":"Cursos Profissionais"},"content":{"rendered":"\t\t<div data-elementor-type=\"wp-page\" data-elementor-id=\"135\" class=\"elementor elementor-135\" data-elementor-post-type=\"page\">\n\t\t\t\t\t\t<section class=\"elementor-section elementor-top-section elementor-element elementor-element-0708508 elementor-section-full_width elementor-section-stretched elementor-section-content-top elementor-section-height-default elementor-section-height-default\" data-id=\"0708508\" data-element_type=\"section\" data-e-type=\"section\" data-settings=\"{&quot;stretch_section&quot;:&quot;section-stretched&quot;,&quot;background_background&quot;:&quot;video&quot;,&quot;background_video_link&quot;:&quot;https:\\\/\\\/delta5sim.com\\\/website\\\/wp-content\\\/uploads\\\/2023\\\/11\\\/cursos-profissionais-delta5.mp4&quot;,&quot;background_video_start&quot;:0,&quot;background_play_on_mobile&quot;:&quot;yes&quot;}\">\n\t\t\t\t\t\t\t\t<div class=\"elementor-background-video-container\">\n\t\t\t\t\t\t\t\t\t\t\t\t\t<video class=\"elementor-background-video-hosted\" role=\"presentation\" autoplay muted playsinline loop><\/video>\n\t\t\t\t\t\t\t\t\t\t\t<\/div>\n\t\t\t\t\t\t\t\t<div class=\"elementor-container elementor-column-gap-default\">\n\t\t\t\t\t<div class=\"elementor-column elementor-col-33 elementor-top-column elementor-element elementor-element-4814844\" data-id=\"4814844\" data-element_type=\"column\" data-e-type=\"column\">\n\t\t\t<div class=\"elementor-widget-wrap\">\n\t\t\t\t\t\t\t<\/div>\n\t\t<\/div>\n\t\t\t\t<div class=\"elementor-column elementor-col-33 elementor-top-column elementor-element elementor-element-5c754f4\" data-id=\"5c754f4\" data-element_type=\"column\" data-e-type=\"column\" data-settings=\"{&quot;background_background&quot;:&quot;classic&quot;}\">\n\t\t\t<div class=\"elementor-widget-wrap elementor-element-populated\">\n\t\t\t\t\t\t<div class=\"elementor-element elementor-element-ea6860c elementor-widget elementor-widget-heading\" data-id=\"ea6860c\" data-element_type=\"widget\" data-e-type=\"widget\" data-widget_type=\"heading.default\">\n\t\t\t\t<div class=\"elementor-widget-container\">\n\t\t\t\t\t<h1 class=\"elementor-heading-title elementor-size-default\">Cursos Profissionais<\/h1>\t\t\t\t<\/div>\n\t\t\t\t<\/div>\n\t\t\t\t\t<\/div>\n\t\t<\/div>\n\t\t\t\t<div class=\"elementor-column elementor-col-33 elementor-top-column elementor-element elementor-element-c467b5f\" data-id=\"c467b5f\" data-element_type=\"column\" data-e-type=\"column\">\n\t\t\t<div class=\"elementor-widget-wrap\">\n\t\t\t\t\t\t\t<\/div>\n\t\t<\/div>\n\t\t\t\t\t<\/div>\n\t\t<\/section>\n\t\t\t\t<section class=\"elementor-section elementor-top-section elementor-element elementor-element-c6defee elementor-section-boxed elementor-section-height-default elementor-section-height-default\" data-id=\"c6defee\" data-element_type=\"section\" data-e-type=\"section\">\n\t\t\t\t\t\t<div class=\"elementor-container elementor-column-gap-default\">\n\t\t\t\t\t<div class=\"elementor-column elementor-col-100 elementor-top-column elementor-element elementor-element-8bd45de\" data-id=\"8bd45de\" data-element_type=\"column\" data-e-type=\"column\">\n\t\t\t<div class=\"elementor-widget-wrap elementor-element-populated\">\n\t\t\t\t\t\t<div class=\"elementor-element elementor-element-51febe3 elementor-widget elementor-widget-text-editor\" data-id=\"51febe3\" data-element_type=\"widget\" data-e-type=\"widget\" data-widget_type=\"text-editor.default\">\n\t\t\t\t<div class=\"elementor-widget-container\">\n\t\t\t\t\t\t\t\t\tA Delta5 \u00e9 uma escola direcionada ao aperfei\u00e7oamento de pilotos.\t\t\t\t\t\t\t\t<\/div>\n\t\t\t\t<\/div>\n\t\t\t\t\t<\/div>\n\t\t<\/div>\n\t\t\t\t\t<\/div>\n\t\t<\/section>\n\t\t\t\t<section class=\"elementor-section elementor-top-section elementor-element elementor-element-4e5863e elementor-section-content-top elementor-section-boxed elementor-section-height-default elementor-section-height-default\" data-id=\"4e5863e\" data-element_type=\"section\" data-e-type=\"section\">\n\t\t\t\t\t\t<div class=\"elementor-container elementor-column-gap-default\">\n\t\t\t\t\t<div class=\"elementor-column elementor-col-100 elementor-top-column elementor-element elementor-element-3351da9\" data-id=\"3351da9\" data-element_type=\"column\" data-e-type=\"column\">\n\t\t\t<div class=\"elementor-widget-wrap elementor-element-populated\">\n\t\t\t\t\t\t<div class=\"elementor-element elementor-element-3fc386a elementor-widget elementor-widget-text-editor\" data-id=\"3fc386a\" data-element_type=\"widget\" data-e-type=\"widget\" data-widget_type=\"text-editor.default\">\n\t\t\t\t<div class=\"elementor-widget-container\">\n\t\t\t\t\t\t\t\t\t<p><div class=\"entry-content-asset\"><iframe title=\"Sobre nossos cursos...\" width=\"800\" height=\"450\" src=\"https:\/\/www.youtube.com\/embed\/pNdTbFiB1zk?feature=oembed\" frameborder=\"0\" allow=\"accelerometer; autoplay; clipboard-write; encrypted-media; gyroscope; picture-in-picture; web-share\" allowfullscreen><\/iframe><\/div><\/p>\t\t\t\t\t\t\t\t<\/div>\n\t\t\t\t<\/div>\n\t\t\t\t\t<\/div>\n\t\t<\/div>\n\t\t\t\t\t<\/div>\n\t\t<\/section>\n\t\t\t\t<section class=\"elementor-section elementor-top-section elementor-element elementor-element-779d797 elementor-section-boxed elementor-section-height-default elementor-section-height-default\" data-id=\"779d797\" data-element_type=\"section\" data-e-type=\"section\">\n\t\t\t\t\t\t<div class=\"elementor-container elementor-column-gap-default\">\n\t\t\t\t\t<div class=\"elementor-column elementor-col-100 elementor-top-column elementor-element elementor-element-19d7dfd\" data-id=\"19d7dfd\" data-element_type=\"column\" data-e-type=\"column\">\n\t\t\t<div class=\"elementor-widget-wrap elementor-element-populated\">\n\t\t\t\t\t\t<div class=\"elementor-element elementor-element-e469f31 elementor-widget elementor-widget-text-editor\" data-id=\"e469f31\" data-element_type=\"widget\" data-e-type=\"widget\" data-widget_type=\"text-editor.default\">\n\t\t\t\t<div class=\"elementor-widget-container\">\n\t\t\t\t\t\t\t\t\tOferecemos treinamentos que permitem evoluir e se preparar para processos de sele\u00e7\u00e3o no Brasil ou no exterior.\t\t\t\t\t\t\t\t<\/div>\n\t\t\t\t<\/div>\n\t\t\t\t<div class=\"elementor-element elementor-element-b2356a9 elementor-grid-3 elementor-grid-tablet-3 elementor-grid-mobile-2 elementor-products-grid elementor-wc-products elementor-show-pagination-border-yes elementor-widget elementor-widget-woocommerce-products\" data-id=\"b2356a9\" data-element_type=\"widget\" data-e-type=\"widget\" data-widget_type=\"woocommerce-products.default\">\n\t\t\t\t<div class=\"elementor-widget-container\">\n\t\t\t\t\t<div class=\"woocommerce columns-3 \"><div class=\"woocommerce-notices-wrapper\"><\/div><ul class=\"products elementor-grid columns-3\">\n<li class=\"product type-product post-88 status-publish first instock product_cat-curso-g1000 product_cat-curso-refresh-ifr product_cat-ifr product_cat-refresh-ifr has-post-thumbnail shipping-taxable product-type-simple\">\n\t<a href=\"https:\/\/delta5sim.com\/website\/produto\/curso-de-g1000-com-refresh-ifr\/\" class=\"woocommerce-LoopProduct-link woocommerce-loop-product__link\"><img fetchpriority=\"high\" decoding=\"async\" width=\"300\" height=\"200\" src=\"https:\/\/delta5sim.com\/website\/wp-content\/uploads\/2023\/09\/dest-curso-de-g1000-com-refresh-ifr-delta5-1-300x200.jpg\" class=\"attachment-woocommerce_thumbnail size-woocommerce_thumbnail\" alt=\"Curso de G1000 com Refresh IFR\" \/><h2 class=\"woocommerce-loop-product__title\">Curso de G1000 com Refresh IFR<\/h2>\n<\/a><a href=\"https:\/\/delta5sim.com\/website\/produto\/curso-de-g1000-com-refresh-ifr\/\" aria-describedby=\"woocommerce_loop_add_to_cart_link_describedby_88\" data-quantity=\"1\" class=\"button product_type_simple\" data-product_id=\"88\" data-product_sku=\"\" aria-label=\"Leia mais sobre &ldquo;Curso de G1000 com Refresh IFR&rdquo;\" rel=\"nofollow\" data-success_message=\"\">Leia mais<\/a>\t<span id=\"woocommerce_loop_add_to_cart_link_describedby_88\" class=\"screen-reader-text\">\n\t\t\t<\/span>\n<\/li>\n<li class=\"product type-product post-54 status-publish instock product_cat-familiarizacao product_cat-profissionais product_tag-g1000 product_tag-garmin product_tag-glass-cockpit product_tag-ifr product_tag-integrated-flight-deck has-post-thumbnail shipping-taxable product-type-simple\">\n\t<a href=\"https:\/\/delta5sim.com\/website\/produto\/curso-garmin-g1000\/\" class=\"woocommerce-LoopProduct-link woocommerce-loop-product__link\"><img decoding=\"async\" width=\"300\" height=\"200\" src=\"https:\/\/delta5sim.com\/website\/wp-content\/uploads\/2023\/09\/garmin-g-1000-delta5-300x200.jpg\" class=\"attachment-woocommerce_thumbnail size-woocommerce_thumbnail\" alt=\"Curso Garmin G1000\" \/><h2 class=\"woocommerce-loop-product__title\">Curso Garmin G1000<\/h2>\n<\/a><a href=\"https:\/\/delta5sim.com\/website\/produto\/curso-garmin-g1000\/\" aria-describedby=\"woocommerce_loop_add_to_cart_link_describedby_54\" data-quantity=\"1\" class=\"button product_type_simple\" data-product_id=\"54\" data-product_sku=\"\" aria-label=\"Leia mais sobre &ldquo;Curso Garmin G1000&rdquo;\" rel=\"nofollow\" data-success_message=\"\">Leia mais<\/a>\t<span id=\"woocommerce_loop_add_to_cart_link_describedby_54\" class=\"screen-reader-text\">\n\t\t\t<\/span>\n<\/li>\n<li class=\"product type-product post-91 status-publish last instock product_cat-familiarizacao product_cat-produtos-delta-5 product_cat-profissionais product_tag-simulador-de-voo product_tag-treinamento-requerido product_tag-voo-por-instrumentos has-post-thumbnail shipping-taxable product-type-simple\">\n\t<a href=\"https:\/\/delta5sim.com\/website\/produto\/curso-preparatorio-de-pp\/\" class=\"woocommerce-LoopProduct-link woocommerce-loop-product__link\"><img decoding=\"async\" width=\"300\" height=\"200\" src=\"https:\/\/delta5sim.com\/website\/wp-content\/uploads\/2023\/09\/curso-preparatorio-de-pp-delta-5-300x200.jpg\" class=\"attachment-woocommerce_thumbnail size-woocommerce_thumbnail\" alt=\"Curso Preparat\u00f3rio de PP\" \/><h2 class=\"woocommerce-loop-product__title\">Curso Preparat\u00f3rio de PP<\/h2>\n<\/a><a href=\"https:\/\/delta5sim.com\/website\/produto\/curso-preparatorio-de-pp\/\" aria-describedby=\"woocommerce_loop_add_to_cart_link_describedby_91\" data-quantity=\"1\" class=\"button product_type_simple\" data-product_id=\"91\" data-product_sku=\"\" aria-label=\"Leia mais sobre &ldquo;Curso Preparat\u00f3rio de PP&rdquo;\" rel=\"nofollow\" data-success_message=\"\">Leia mais<\/a>\t<span id=\"woocommerce_loop_add_to_cart_link_describedby_91\" class=\"screen-reader-text\">\n\t\t\t<\/span>\n<\/li>\n<li class=\"product type-product post-55 status-publish first instock product_cat-ifr product_cat-refresh-ifr product_tag-g1000 product_tag-garmin product_tag-ifr product_tag-refresh has-post-thumbnail virtual product-type-simple\">\n\t<a href=\"https:\/\/delta5sim.com\/website\/produto\/curso-refresh-ifr-b58-ou-g58\/\" class=\"woocommerce-LoopProduct-link woocommerce-loop-product__link\"><img loading=\"lazy\" decoding=\"async\" width=\"300\" height=\"200\" src=\"https:\/\/delta5sim.com\/website\/wp-content\/uploads\/2023\/09\/curso-refresh-ifr-b58-ou-g58-delta5-dest-300x200.jpg\" class=\"attachment-woocommerce_thumbnail size-woocommerce_thumbnail\" alt=\"Curso Refresh IFR | B58 ou G58\" \/><h2 class=\"woocommerce-loop-product__title\">Curso Refresh IFR | B58 ou G58<\/h2>\n<\/a><a href=\"https:\/\/delta5sim.com\/website\/produto\/curso-refresh-ifr-b58-ou-g58\/\" aria-describedby=\"woocommerce_loop_add_to_cart_link_describedby_55\" data-quantity=\"1\" class=\"button product_type_simple\" data-product_id=\"55\" data-product_sku=\"\" aria-label=\"Leia mais sobre &ldquo;Curso Refresh IFR | B58 ou G58&rdquo;\" rel=\"nofollow\" data-success_message=\"\">Leia mais<\/a>\t<span id=\"woocommerce_loop_add_to_cart_link_describedby_55\" class=\"screen-reader-text\">\n\t\t\t<\/span>\n<\/li>\n<li class=\"product type-product post-90 status-publish instock product_cat-produtos product_cat-profissionais product_tag-b200 product_tag-beechcraft product_tag-c90 product_tag-king-air product_tag-mlte product_tag-multimotor has-post-thumbnail shipping-taxable product-type-simple\">\n\t<a href=\"https:\/\/delta5sim.com\/website\/produto\/diferencas-entre-aeronaves-beech-king-air\/\" class=\"woocommerce-LoopProduct-link woocommerce-loop-product__link\"><img loading=\"lazy\" decoding=\"async\" width=\"300\" height=\"200\" src=\"https:\/\/delta5sim.com\/website\/wp-content\/uploads\/2023\/09\/dest-delta-5-deferenciais-300x200.jpg\" class=\"attachment-woocommerce_thumbnail size-woocommerce_thumbnail\" alt=\"Diferen\u00e7as entre Aeronaves Beech King Air\" \/><h2 class=\"woocommerce-loop-product__title\">Diferen\u00e7as entre Aeronaves Beech King Air<\/h2>\n<\/a><a href=\"https:\/\/delta5sim.com\/website\/produto\/diferencas-entre-aeronaves-beech-king-air\/\" aria-describedby=\"woocommerce_loop_add_to_cart_link_describedby_90\" data-quantity=\"1\" class=\"button product_type_simple\" data-product_id=\"90\" data-product_sku=\"\" aria-label=\"Leia mais sobre &ldquo;Diferen\u00e7as entre Aeronaves Beech King Air&rdquo;\" rel=\"nofollow\" data-success_message=\"\">Leia mais<\/a>\t<span id=\"woocommerce_loop_add_to_cart_link_describedby_90\" class=\"screen-reader-text\">\n\t\t\t<\/span>\n<\/li>\n<li class=\"product type-product post-87 status-publish last instock product_cat-curso-g1000 product_cat-curso-refresh-ifr product_cat-ifr product_cat-refresh-ifr product_cat-selecao-nacional product_tag-baron-com-g1000 product_tag-baron-g58 product_tag-g58 has-post-thumbnail shipping-taxable product-type-simple\">\n\t<a href=\"https:\/\/delta5sim.com\/website\/produto\/ground-school-beech-baron-g1000\/\" class=\"woocommerce-LoopProduct-link woocommerce-loop-product__link\"><img loading=\"lazy\" decoding=\"async\" width=\"300\" height=\"200\" src=\"https:\/\/delta5sim.com\/website\/wp-content\/uploads\/2023\/09\/ground-school-beech-baron-g1000-delta5-dest-300x200.jpg\" class=\"attachment-woocommerce_thumbnail size-woocommerce_thumbnail\" alt=\"Ground School Beech  Baron + G1000\" \/><h2 class=\"woocommerce-loop-product__title\">Ground School Beech  Baron + G1000<\/h2>\n<\/a><a href=\"https:\/\/delta5sim.com\/website\/produto\/ground-school-beech-baron-g1000\/\" aria-describedby=\"woocommerce_loop_add_to_cart_link_describedby_87\" data-quantity=\"1\" class=\"button product_type_simple\" data-product_id=\"87\" data-product_sku=\"\" aria-label=\"Leia mais sobre &ldquo;Ground School Beech  Baron + G1000&rdquo;\" rel=\"nofollow\" data-success_message=\"\">Leia mais<\/a>\t<span id=\"woocommerce_loop_add_to_cart_link_describedby_87\" class=\"screen-reader-text\">\n\t\t\t<\/span>\n<\/li>\n<li class=\"product type-product post-89 status-publish first instock product_cat-familiarizacao product_cat-profissionais product_tag-beechcraft product_tag-g1000 product_tag-selecao-azul product_tag-simulador-de-voo product_tag-treinamento-requerido product_tag-voo-por-instrumentos has-post-thumbnail shipping-taxable product-type-simple\">\n\t<a href=\"https:\/\/delta5sim.com\/website\/produto\/ground-school-beech-baron-b58\/\" class=\"woocommerce-LoopProduct-link woocommerce-loop-product__link\"><img loading=\"lazy\" decoding=\"async\" width=\"300\" height=\"200\" src=\"https:\/\/delta5sim.com\/website\/wp-content\/uploads\/2023\/09\/destacada-delta-5-300x200.jpg\" class=\"attachment-woocommerce_thumbnail size-woocommerce_thumbnail\" alt=\"Ground School Beech  Baron B58\" \/><h2 class=\"woocommerce-loop-product__title\">Ground School Beech  Baron B58<\/h2>\n<\/a><a href=\"https:\/\/delta5sim.com\/website\/produto\/ground-school-beech-baron-b58\/\" aria-describedby=\"woocommerce_loop_add_to_cart_link_describedby_89\" data-quantity=\"1\" class=\"button product_type_simple\" data-product_id=\"89\" data-product_sku=\"\" aria-label=\"Leia mais sobre &ldquo;Ground School Beech  Baron B58&rdquo;\" rel=\"nofollow\" data-success_message=\"\">Leia mais<\/a>\t<span id=\"woocommerce_loop_add_to_cart_link_describedby_89\" class=\"screen-reader-text\">\n\t\t\t<\/span>\n<\/li>\n<li class=\"product type-product post-47 status-publish instock product_cat-produtos product_cat-profissionais product_tag-b200 product_tag-beechcraft product_tag-c90 product_tag-king-air product_tag-mlte product_tag-multimotor has-post-thumbnail shipping-taxable product-type-simple\">\n\t<a href=\"https:\/\/delta5sim.com\/website\/produto\/ground-school-beech-king-air-b200-e-c90\/\" class=\"woocommerce-LoopProduct-link woocommerce-loop-product__link\"><img loading=\"lazy\" decoding=\"async\" width=\"300\" height=\"200\" src=\"https:\/\/delta5sim.com\/website\/wp-content\/uploads\/2023\/09\/delta5-simulador-dest-300x200.jpg\" class=\"attachment-woocommerce_thumbnail size-woocommerce_thumbnail\" alt=\"Ground School Beech King Air B200 e C90\" \/><h2 class=\"woocommerce-loop-product__title\">Ground School Beech King Air B200 e C90<\/h2>\n<\/a><a href=\"https:\/\/delta5sim.com\/website\/produto\/ground-school-beech-king-air-b200-e-c90\/\" aria-describedby=\"woocommerce_loop_add_to_cart_link_describedby_47\" data-quantity=\"1\" class=\"button product_type_simple\" data-product_id=\"47\" data-product_sku=\"\" aria-label=\"Leia mais sobre &ldquo;Ground School Beech King Air B200 e C90&rdquo;\" rel=\"nofollow\" data-success_message=\"\">Leia mais<\/a>\t<span id=\"woocommerce_loop_add_to_cart_link_describedby_47\" class=\"screen-reader-text\">\n\t\t\t<\/span>\n<\/li>\n<li class=\"product type-product post-32 status-publish last instock product_cat-jet-training product_tag-airbus-a320 product_tag-boeing-737 product_tag-crm product_tag-jet-training product_tag-sop product_tag-treinamento-requerido has-post-thumbnail virtual purchasable product-type-simple\">\n\t<a href=\"https:\/\/delta5sim.com\/website\/produto\/jet-training-delta5\/\" class=\"woocommerce-LoopProduct-link woocommerce-loop-product__link\"><img loading=\"lazy\" decoding=\"async\" width=\"300\" height=\"200\" src=\"https:\/\/delta5sim.com\/website\/wp-content\/uploads\/2023\/09\/jet03_banner-delta5-dest-300x200.jpg\" class=\"attachment-woocommerce_thumbnail size-woocommerce_thumbnail\" alt=\"Jet Training Delta5\" \/><h2 class=\"woocommerce-loop-product__title\">Jet Training Delta5<\/h2>\n\t<span class=\"price\"><span class=\"woocommerce-Price-amount amount\"><bdi><span class=\"woocommerce-Price-currencySymbol\">&#82;&#36;<\/span>5.940,00<\/bdi><\/span><\/span>\n<\/a><a href=\"\/website\/wp-json\/wp\/v2\/pages\/135?add-to-cart=32\" aria-describedby=\"woocommerce_loop_add_to_cart_link_describedby_32\" data-quantity=\"1\" class=\"button product_type_simple add_to_cart_button ajax_add_to_cart\" data-product_id=\"32\" data-product_sku=\"\" aria-label=\"Adicione ao carrinho: &ldquo;Jet Training Delta5&rdquo;\" rel=\"nofollow\" data-success_message=\"\u201cJet Training Delta5\u201d foi adicionado ao seu carrinho\" role=\"button\">Adicionar ao carrinho<\/a>\t<span id=\"woocommerce_loop_add_to_cart_link_describedby_32\" class=\"screen-reader-text\">\n\t\t\t<\/span>\n<\/li>\n<\/ul>\n<\/div>\t\t\t\t<\/div>\n\t\t\t\t<\/div>\n\t\t\t\t\t<\/div>\n\t\t<\/div>\n\t\t\t\t\t<\/div>\n\t\t<\/section>\n\t\t\t\t<\/div>\n\t\t","protected":false},"excerpt":{"rendered":"<p>Cursos Profissionais A Delta5 \u00e9 uma escola direcionada ao aperfei\u00e7oamento de pilotos. Oferecemos treinamentos que permitem evoluir e se preparar para processos de sele\u00e7\u00e3o no Brasil ou no exterior.<\/p>\n","protected":false},"author":1,"featured_media":0,"parent":0,"menu_order":0,"comment_status":"closed","ping_status":"closed","template":"","meta":{"footnotes":""},"class_list":["post-135","page","type-page","status-publish","hentry"],"yoast_head":"<!-- This site is optimized with the Yoast SEO plugin v27.2 - https:\/\/yoast.com\/product\/yoast-seo-wordpress\/ -->\n<title>Cursos Profissionais - Delta 5<\/title>\n<meta name=\"robots\" content=\"index, follow, max-snippet:-1, max-image-preview:large, max-video-preview:-1\" \/>\n<link rel=\"canonical\" href=\"https:\/\/delta5sim.com\/website\/cursos-profissionais\/\" \/>\n<meta property=\"og:locale\" content=\"pt_BR\" \/>\n<meta property=\"og:type\" content=\"article\" \/>\n<meta property=\"og:title\" content=\"Cursos Profissionais - Delta 5\" \/>\n<meta property=\"og:description\" content=\"Cursos Profissionais A Delta5 \u00e9 uma escola direcionada ao aperfei\u00e7oamento de pilotos. Oferecemos treinamentos que permitem evoluir e se preparar para processos de sele\u00e7\u00e3o no Brasil ou no exterior.\" \/>\n<meta property=\"og:url\" content=\"https:\/\/delta5sim.com\/website\/cursos-profissionais\/\" \/>\n<meta property=\"og:site_name\" content=\"Delta 5\" \/>\n<meta property=\"article:modified_time\" content=\"2023-12-08T15:51:23+00:00\" \/>\n<meta name=\"twitter:card\" content=\"summary_large_image\" \/>\n<meta name=\"twitter:label1\" content=\"Est. tempo de leitura\" \/>\n\t<meta name=\"twitter:data1\" content=\"3 minutos\" \/>\n<script type=\"application\/ld+json\" class=\"yoast-schema-graph\">{\"@context\":\"https:\/\/schema.org\",\"@graph\":[{\"@type\":\"WebPage\",\"@id\":\"https:\/\/delta5sim.com\/website\/cursos-profissionais\/\",\"url\":\"https:\/\/delta5sim.com\/website\/cursos-profissionais\/\",\"name\":\"Cursos Profissionais - Delta 5\",\"isPartOf\":{\"@id\":\"https:\/\/delta5sim.com\/website\/#website\"},\"datePublished\":\"2023-09-05T13:51:27+00:00\",\"dateModified\":\"2023-12-08T15:51:23+00:00\",\"breadcrumb\":{\"@id\":\"https:\/\/delta5sim.com\/website\/cursos-profissionais\/#breadcrumb\"},\"inLanguage\":\"pt-BR\",\"potentialAction\":[{\"@type\":\"ReadAction\",\"target\":[\"https:\/\/delta5sim.com\/website\/cursos-profissionais\/\"]}]},{\"@type\":\"BreadcrumbList\",\"@id\":\"https:\/\/delta5sim.com\/website\/cursos-profissionais\/#breadcrumb\",\"itemListElement\":[{\"@type\":\"ListItem\",\"position\":1,\"name\":\"In\u00edcio\",\"item\":\"https:\/\/delta5sim.com\/website\/\"},{\"@type\":\"ListItem\",\"position\":2,\"name\":\"Cursos Profissionais\"}]},{\"@type\":\"WebSite\",\"@id\":\"https:\/\/delta5sim.com\/website\/#website\",\"url\":\"https:\/\/delta5sim.com\/website\/\",\"name\":\"Delta 5\",\"description\":\"&quot;Treine antes de voar&quot;\",\"publisher\":{\"@id\":\"https:\/\/delta5sim.com\/website\/#organization\"},\"potentialAction\":[{\"@type\":\"SearchAction\",\"target\":{\"@type\":\"EntryPoint\",\"urlTemplate\":\"https:\/\/delta5sim.com\/website\/?s={search_term_string}\"},\"query-input\":{\"@type\":\"PropertyValueSpecification\",\"valueRequired\":true,\"valueName\":\"search_term_string\"}}],\"inLanguage\":\"pt-BR\"},{\"@type\":\"Organization\",\"@id\":\"https:\/\/delta5sim.com\/website\/#organization\",\"name\":\"Delta 5\",\"url\":\"https:\/\/delta5sim.com\/website\/\",\"logo\":{\"@type\":\"ImageObject\",\"inLanguage\":\"pt-BR\",\"@id\":\"https:\/\/delta5sim.com\/website\/#\/schema\/logo\/image\/\",\"url\":\"https:\/\/delta5sim.com\/website\/wp-content\/uploads\/2023\/09\/Delta5_CIAC.png\",\"contentUrl\":\"https:\/\/delta5sim.com\/website\/wp-content\/uploads\/2023\/09\/Delta5_CIAC.png\",\"width\":2463,\"height\":783,\"caption\":\"Delta 5\"},\"image\":{\"@id\":\"https:\/\/delta5sim.com\/website\/#\/schema\/logo\/image\/\"}}]}<\/script>\n<!-- \/ Yoast SEO plugin. -->","yoast_head_json":{"title":"Cursos Profissionais - Delta 5","robots":{"index":"index","follow":"follow","max-snippet":"max-snippet:-1","max-image-preview":"max-image-preview:large","max-video-preview":"max-video-preview:-1"},"canonical":"https:\/\/delta5sim.com\/website\/cursos-profissionais\/","og_locale":"pt_BR","og_type":"article","og_title":"Cursos Profissionais - Delta 5","og_description":"Cursos Profissionais A Delta5 \u00e9 uma escola direcionada ao aperfei\u00e7oamento de pilotos. Oferecemos treinamentos que permitem evoluir e se preparar para processos de sele\u00e7\u00e3o no Brasil ou no exterior.","og_url":"https:\/\/delta5sim.com\/website\/cursos-profissionais\/","og_site_name":"Delta 5","article_modified_time":"2023-12-08T15:51:23+00:00","twitter_card":"summary_large_image","twitter_misc":{"Est. tempo de leitura":"3 minutos"},"schema":{"@context":"https:\/\/schema.org","@graph":[{"@type":"WebPage","@id":"https:\/\/delta5sim.com\/website\/cursos-profissionais\/","url":"https:\/\/delta5sim.com\/website\/cursos-profissionais\/","name":"Cursos Profissionais - Delta 5","isPartOf":{"@id":"https:\/\/delta5sim.com\/website\/#website"},"datePublished":"2023-09-05T13:51:27+00:00","dateModified":"2023-12-08T15:51:23+00:00","breadcrumb":{"@id":"https:\/\/delta5sim.com\/website\/cursos-profissionais\/#breadcrumb"},"inLanguage":"pt-BR","potentialAction":[{"@type":"ReadAction","target":["https:\/\/delta5sim.com\/website\/cursos-profissionais\/"]}]},{"@type":"BreadcrumbList","@id":"https:\/\/delta5sim.com\/website\/cursos-profissionais\/#breadcrumb","itemListElement":[{"@type":"ListItem","position":1,"name":"In\u00edcio","item":"https:\/\/delta5sim.com\/website\/"},{"@type":"ListItem","position":2,"name":"Cursos Profissionais"}]},{"@type":"WebSite","@id":"https:\/\/delta5sim.com\/website\/#website","url":"https:\/\/delta5sim.com\/website\/","name":"Delta 5","description":"&quot;Treine antes de voar&quot;","publisher":{"@id":"https:\/\/delta5sim.com\/website\/#organization"},"potentialAction":[{"@type":"SearchAction","target":{"@type":"EntryPoint","urlTemplate":"https:\/\/delta5sim.com\/website\/?s={search_term_string}"},"query-input":{"@type":"PropertyValueSpecification","valueRequired":true,"valueName":"search_term_string"}}],"inLanguage":"pt-BR"},{"@type":"Organization","@id":"https:\/\/delta5sim.com\/website\/#organization","name":"Delta 5","url":"https:\/\/delta5sim.com\/website\/","logo":{"@type":"ImageObject","inLanguage":"pt-BR","@id":"https:\/\/delta5sim.com\/website\/#\/schema\/logo\/image\/","url":"https:\/\/delta5sim.com\/website\/wp-content\/uploads\/2023\/09\/Delta5_CIAC.png","contentUrl":"https:\/\/delta5sim.com\/website\/wp-content\/uploads\/2023\/09\/Delta5_CIAC.png","width":2463,"height":783,"caption":"Delta 5"},"image":{"@id":"https:\/\/delta5sim.com\/website\/#\/schema\/logo\/image\/"}}]}},"_links":{"self":[{"href":"https:\/\/delta5sim.com\/website\/wp-json\/wp\/v2\/pages\/135","targetHints":{"allow":["GET"]}}],"collection":[{"href":"https:\/\/delta5sim.com\/website\/wp-json\/wp\/v2\/pages"}],"about":[{"href":"https:\/\/delta5sim.com\/website\/wp-json\/wp\/v2\/types\/page"}],"author":[{"embeddable":true,"href":"https:\/\/delta5sim.com\/website\/wp-json\/wp\/v2\/users\/1"}],"replies":[{"embeddable":true,"href":"https:\/\/delta5sim.com\/website\/wp-json\/wp\/v2\/comments?post=135"}],"version-history":[{"count":82,"href":"https:\/\/delta5sim.com\/website\/wp-json\/wp\/v2\/pages\/135\/revisions"}],"predecessor-version":[{"id":3730,"href":"https:\/\/delta5sim.com\/website\/wp-json\/wp\/v2\/pages\/135\/revisions\/3730"}],"wp:attachment":[{"href":"https:\/\/delta5sim.com\/website\/wp-json\/wp\/v2\/media?parent=135"}],"curies":[{"name":"wp","href":"https:\/\/api.w.org\/{rel}","templated":true}]}}