{"id":1232,"date":"2023-09-06T15:34:00","date_gmt":"2023-09-06T15:34:00","guid":{"rendered":"https:\/\/delta5sim.com\/website\/?page_id=1232"},"modified":"2026-04-20T12:29:01","modified_gmt":"2026-04-20T15:29:01","slug":"beech-baron-58","status":"publish","type":"page","link":"https:\/\/delta5sim.com\/website\/beech-baron-58\/","title":{"rendered":"Beech Baron 58"},"content":{"rendered":"\t\t<div data-elementor-type=\"wp-page\" data-elementor-id=\"1232\" class=\"elementor elementor-1232\" data-elementor-post-type=\"page\">\n\t\t\t\t\t\t<section class=\"elementor-section elementor-top-section elementor-element elementor-element-9b76dfb elementor-section-full_width elementor-section-stretched elementor-section-content-middle elementor-section-height-default elementor-section-height-default\" data-id=\"9b76dfb\" data-element_type=\"section\" data-e-type=\"section\" data-settings=\"{&quot;stretch_section&quot;:&quot;section-stretched&quot;,&quot;background_background&quot;:&quot;video&quot;,&quot;background_video_start&quot;:0,&quot;background_play_on_mobile&quot;:&quot;yes&quot;,&quot;background_video_link&quot;:&quot;https:\\\/\\\/delta5sim.com\\\/website\\\/wp-content\\\/uploads\\\/2023\\\/11\\\/classic-be-58-be-56-delta-5.mp4&quot;}\">\n\t\t\t\t\t\t\t\t<div class=\"elementor-background-video-container\">\n\t\t\t\t\t\t\t\t\t\t\t\t\t<video class=\"elementor-background-video-hosted\" role=\"presentation\" autoplay muted playsinline loop><\/video>\n\t\t\t\t\t\t\t\t\t\t\t<\/div>\n\t\t\t\t\t\t\t\t<div class=\"elementor-container elementor-column-gap-default\">\n\t\t\t\t\t<div class=\"elementor-column elementor-col-100 elementor-top-column elementor-element elementor-element-cae4c23\" data-id=\"cae4c23\" data-element_type=\"column\" data-e-type=\"column\">\n\t\t\t<div class=\"elementor-widget-wrap\">\n\t\t\t\t\t\t\t<\/div>\n\t\t<\/div>\n\t\t\t\t\t<\/div>\n\t\t<\/section>\n\t\t\t\t<section class=\"elementor-section elementor-top-section elementor-element elementor-element-4094a40 elementor-section-boxed elementor-section-height-default elementor-section-height-default\" data-id=\"4094a40\" data-element_type=\"section\" data-e-type=\"section\">\n\t\t\t\t\t\t<div class=\"elementor-container elementor-column-gap-default\">\n\t\t\t\t\t<div class=\"elementor-column elementor-col-100 elementor-top-column elementor-element elementor-element-59a9f90\" data-id=\"59a9f90\" data-element_type=\"column\" data-e-type=\"column\">\n\t\t\t<div class=\"elementor-widget-wrap elementor-element-populated\">\n\t\t\t\t\t\t<div class=\"elementor-element elementor-element-272b107 elementor-widget elementor-widget-text-editor\" data-id=\"272b107\" data-element_type=\"widget\" data-e-type=\"widget\" data-widget_type=\"text-editor.default\">\n\t\t\t\t<div class=\"elementor-widget-container\">\n\t\t\t\t\t\t\t\t\t<p style=\"text-align: left;\">Beech Baron 58<\/p>\t\t\t\t\t\t\t\t<\/div>\n\t\t\t\t<\/div>\n\t\t\t\t<div class=\"elementor-element elementor-element-573fc85 elementor-widget elementor-widget-text-editor\" data-id=\"573fc85\" data-element_type=\"widget\" data-e-type=\"widget\" data-widget_type=\"text-editor.default\">\n\t\t\t\t<div class=\"elementor-widget-container\">\n\t\t\t\t\t\t\t\t\t<p>Simulador Homologado AATD pela ANAC e FAA da aeronave Beechcraft Baron B58 em escala real e controles precisos.<\/p><p>Os manches e pedais s\u00e3o equipados com sistema de retorno para centraliza\u00e7\u00e3o, utilizando molas e sistema hidr\u00e1ulico, ajustado para as condi\u00e7\u00f5es de fric\u00e7\u00e3o e sensibilidade existentes na aeronave real.<\/p>\t\t\t\t\t\t\t\t<\/div>\n\t\t\t\t<\/div>\n\t\t\t\t\t<\/div>\n\t\t<\/div>\n\t\t\t\t\t<\/div>\n\t\t<\/section>\n\t\t\t\t<section class=\"elementor-section elementor-top-section elementor-element elementor-element-7e753a9 elementor-section-boxed elementor-section-height-default elementor-section-height-default\" data-id=\"7e753a9\" data-element_type=\"section\" data-e-type=\"section\">\n\t\t\t\t\t\t<div class=\"elementor-container elementor-column-gap-default\">\n\t\t\t\t\t<div class=\"elementor-column elementor-col-100 elementor-top-column elementor-element elementor-element-06f39d8\" data-id=\"06f39d8\" data-element_type=\"column\" data-e-type=\"column\">\n\t\t\t<div class=\"elementor-widget-wrap elementor-element-populated\">\n\t\t\t\t\t\t<div class=\"elementor-element elementor-element-f8f7a30 elementor-widget elementor-widget-gallery\" data-id=\"f8f7a30\" data-element_type=\"widget\" data-e-type=\"widget\" data-settings=\"{&quot;gallery_layout&quot;:&quot;justified&quot;,&quot;ideal_row_height&quot;:{&quot;unit&quot;:&quot;px&quot;,&quot;size&quot;:258,&quot;sizes&quot;:[]},&quot;lazyload&quot;:&quot;yes&quot;,&quot;ideal_row_height_tablet&quot;:{&quot;unit&quot;:&quot;px&quot;,&quot;size&quot;:150,&quot;sizes&quot;:[]},&quot;ideal_row_height_mobile&quot;:{&quot;unit&quot;:&quot;px&quot;,&quot;size&quot;:150,&quot;sizes&quot;:[]},&quot;gap&quot;:{&quot;unit&quot;:&quot;px&quot;,&quot;size&quot;:10,&quot;sizes&quot;:[]},&quot;gap_tablet&quot;:{&quot;unit&quot;:&quot;px&quot;,&quot;size&quot;:10,&quot;sizes&quot;:[]},&quot;gap_mobile&quot;:{&quot;unit&quot;:&quot;px&quot;,&quot;size&quot;:10,&quot;sizes&quot;:[]},&quot;link_to&quot;:&quot;file&quot;,&quot;overlay_background&quot;:&quot;yes&quot;,&quot;content_hover_animation&quot;:&quot;fade-in&quot;}\" data-widget_type=\"gallery.default\">\n\t\t\t\t<div class=\"elementor-widget-container\">\n\t\t\t\t\t\t\t<div class=\"elementor-gallery__container\">\n\t\t\t\t\t\t\t<a class=\"e-gallery-item elementor-gallery-item elementor-animated-content\" href=\"https:\/\/delta5sim.com\/website\/wp-content\/uploads\/2023\/11\/classic-be-58-1.jpg\" data-elementor-open-lightbox=\"yes\" data-elementor-lightbox-slideshow=\"f8f7a30\" data-e-action-hash=\"#elementor-action%3Aaction%3Dlightbox%26settings%3DeyJpZCI6MzA0NSwidXJsIjoiaHR0cHM6XC9cL2RlbHRhNXNpbS5jb21cL3dlYnNpdGVcL3dwLWNvbnRlbnRcL3VwbG9hZHNcLzIwMjNcLzExXC9jbGFzc2ljLWJlLTU4LTEuanBnIiwic2xpZGVzaG93IjoiZjhmN2EzMCJ9\">\n\t\t\t\t\t<div class=\"e-gallery-image elementor-gallery-item__image\" data-thumbnail=\"https:\/\/delta5sim.com\/website\/wp-content\/uploads\/2023\/11\/classic-be-58-1-1024x576.jpg\" data-width=\"800\" data-height=\"450\" aria-label=\"\" role=\"img\" ><\/div>\n\t\t\t\t\t\t\t\t\t\t\t<div class=\"elementor-gallery-item__overlay\"><\/div>\n\t\t\t\t\t\t\t\t\t\t\t\t\t\t<\/a>\n\t\t\t\t\t\t\t<a class=\"e-gallery-item elementor-gallery-item elementor-animated-content\" href=\"https:\/\/delta5sim.com\/website\/wp-content\/uploads\/2023\/11\/classic-be-58-5.jpg\" data-elementor-open-lightbox=\"yes\" data-elementor-lightbox-slideshow=\"f8f7a30\" data-e-action-hash=\"#elementor-action%3Aaction%3Dlightbox%26settings%3DeyJpZCI6MzA0OSwidXJsIjoiaHR0cHM6XC9cL2RlbHRhNXNpbS5jb21cL3dlYnNpdGVcL3dwLWNvbnRlbnRcL3VwbG9hZHNcLzIwMjNcLzExXC9jbGFzc2ljLWJlLTU4LTUuanBnIiwic2xpZGVzaG93IjoiZjhmN2EzMCJ9\">\n\t\t\t\t\t<div class=\"e-gallery-image elementor-gallery-item__image\" data-thumbnail=\"https:\/\/delta5sim.com\/website\/wp-content\/uploads\/2023\/11\/classic-be-58-5-1024x683.jpg\" data-width=\"800\" data-height=\"534\" aria-label=\"\" role=\"img\" ><\/div>\n\t\t\t\t\t\t\t\t\t\t\t<div class=\"elementor-gallery-item__overlay\"><\/div>\n\t\t\t\t\t\t\t\t\t\t\t\t\t\t<\/a>\n\t\t\t\t\t\t\t<a class=\"e-gallery-item elementor-gallery-item elementor-animated-content\" href=\"https:\/\/delta5sim.com\/website\/wp-content\/uploads\/2023\/11\/classic-be-58-2.jpg\" data-elementor-open-lightbox=\"yes\" data-elementor-lightbox-slideshow=\"f8f7a30\" data-e-action-hash=\"#elementor-action%3Aaction%3Dlightbox%26settings%3DeyJpZCI6MzA0NiwidXJsIjoiaHR0cHM6XC9cL2RlbHRhNXNpbS5jb21cL3dlYnNpdGVcL3dwLWNvbnRlbnRcL3VwbG9hZHNcLzIwMjNcLzExXC9jbGFzc2ljLWJlLTU4LTIuanBnIiwic2xpZGVzaG93IjoiZjhmN2EzMCJ9\">\n\t\t\t\t\t<div class=\"e-gallery-image elementor-gallery-item__image\" data-thumbnail=\"https:\/\/delta5sim.com\/website\/wp-content\/uploads\/2023\/11\/classic-be-58-2-1024x683.jpg\" data-width=\"800\" data-height=\"534\" aria-label=\"\" role=\"img\" ><\/div>\n\t\t\t\t\t\t\t\t\t\t\t<div class=\"elementor-gallery-item__overlay\"><\/div>\n\t\t\t\t\t\t\t\t\t\t\t\t\t\t<\/a>\n\t\t\t\t\t\t\t<a class=\"e-gallery-item elementor-gallery-item elementor-animated-content\" href=\"https:\/\/delta5sim.com\/website\/wp-content\/uploads\/2023\/11\/classic-be-58-3.jpg\" data-elementor-open-lightbox=\"yes\" data-elementor-lightbox-slideshow=\"f8f7a30\" data-e-action-hash=\"#elementor-action%3Aaction%3Dlightbox%26settings%3DeyJpZCI6MzA0NywidXJsIjoiaHR0cHM6XC9cL2RlbHRhNXNpbS5jb21cL3dlYnNpdGVcL3dwLWNvbnRlbnRcL3VwbG9hZHNcLzIwMjNcLzExXC9jbGFzc2ljLWJlLTU4LTMuanBnIiwic2xpZGVzaG93IjoiZjhmN2EzMCJ9\">\n\t\t\t\t\t<div class=\"e-gallery-image elementor-gallery-item__image\" data-thumbnail=\"https:\/\/delta5sim.com\/website\/wp-content\/uploads\/2023\/11\/classic-be-58-3-1024x576.jpg\" data-width=\"800\" data-height=\"450\" aria-label=\"\" role=\"img\" ><\/div>\n\t\t\t\t\t\t\t\t\t\t\t<div class=\"elementor-gallery-item__overlay\"><\/div>\n\t\t\t\t\t\t\t\t\t\t\t\t\t\t<\/a>\n\t\t\t\t\t\t\t<a class=\"e-gallery-item elementor-gallery-item elementor-animated-content\" href=\"https:\/\/delta5sim.com\/website\/wp-content\/uploads\/2023\/09\/mono-bimotor-convencional-delta5-5.jpg\" data-elementor-open-lightbox=\"yes\" data-elementor-lightbox-slideshow=\"f8f7a30\" data-e-action-hash=\"#elementor-action%3Aaction%3Dlightbox%26settings%3DeyJpZCI6MTEwMCwidXJsIjoiaHR0cHM6XC9cL2RlbHRhNXNpbS5jb21cL3dlYnNpdGVcL3dwLWNvbnRlbnRcL3VwbG9hZHNcLzIwMjNcLzA5XC9tb25vLWJpbW90b3ItY29udmVuY2lvbmFsLWRlbHRhNS01LmpwZyIsInNsaWRlc2hvdyI6ImY4ZjdhMzAifQ%3D%3D\">\n\t\t\t\t\t<div class=\"e-gallery-image elementor-gallery-item__image\" data-thumbnail=\"https:\/\/delta5sim.com\/website\/wp-content\/uploads\/2023\/09\/mono-bimotor-convencional-delta5-5-1024x827.jpg\" data-width=\"800\" data-height=\"646\" aria-label=\"\" role=\"img\" ><\/div>\n\t\t\t\t\t\t\t\t\t\t\t<div class=\"elementor-gallery-item__overlay\"><\/div>\n\t\t\t\t\t\t\t\t\t\t\t\t\t\t<\/a>\n\t\t\t\t\t\t\t<a class=\"e-gallery-item elementor-gallery-item elementor-animated-content\" href=\"https:\/\/delta5sim.com\/website\/wp-content\/uploads\/2023\/09\/delta5-3-de.jpg\" data-elementor-open-lightbox=\"yes\" data-elementor-lightbox-slideshow=\"f8f7a30\" data-e-action-hash=\"#elementor-action%3Aaction%3Dlightbox%26settings%3DeyJpZCI6OTM1LCJ1cmwiOiJodHRwczpcL1wvZGVsdGE1c2ltLmNvbVwvd2Vic2l0ZVwvd3AtY29udGVudFwvdXBsb2Fkc1wvMjAyM1wvMDlcL2RlbHRhNS0zLWRlLmpwZyIsInNsaWRlc2hvdyI6ImY4ZjdhMzAifQ%3D%3D\">\n\t\t\t\t\t<div class=\"e-gallery-image elementor-gallery-item__image\" data-thumbnail=\"https:\/\/delta5sim.com\/website\/wp-content\/uploads\/2023\/09\/delta5-3-de-1024x576.jpg\" data-width=\"800\" data-height=\"450\" aria-label=\"\" role=\"img\" ><\/div>\n\t\t\t\t\t\t\t\t\t\t\t<div class=\"elementor-gallery-item__overlay\"><\/div>\n\t\t\t\t\t\t\t\t\t\t\t\t\t\t<\/a>\n\t\t\t\t\t<\/div>\n\t\t\t\t\t<\/div>\n\t\t\t\t<\/div>\n\t\t\t\t\t<\/div>\n\t\t<\/div>\n\t\t\t\t\t<\/div>\n\t\t<\/section>\n\t\t\t\t<section class=\"elementor-section elementor-top-section elementor-element elementor-element-c1c31fb elementor-section-boxed elementor-section-height-default elementor-section-height-default\" data-id=\"c1c31fb\" data-element_type=\"section\" data-e-type=\"section\">\n\t\t\t\t\t\t<div class=\"elementor-container elementor-column-gap-default\">\n\t\t\t\t\t<div class=\"elementor-column elementor-col-100 elementor-top-column elementor-element elementor-element-669a21f\" data-id=\"669a21f\" data-element_type=\"column\" data-e-type=\"column\">\n\t\t\t<div class=\"elementor-widget-wrap elementor-element-populated\">\n\t\t\t\t\t\t<div class=\"elementor-element elementor-element-8192173 elementor-widget elementor-widget-text-editor\" data-id=\"8192173\" data-element_type=\"widget\" data-e-type=\"widget\" data-widget_type=\"text-editor.default\">\n\t\t\t\t<div class=\"elementor-widget-container\">\n\t\t\t\t\t\t\t\t\t<p style=\"text-align: left;\">Simulador projetado especialmente para:<\/p>\t\t\t\t\t\t\t\t<\/div>\n\t\t\t\t<\/div>\n\t\t\t\t<div class=\"elementor-element elementor-element-e197ef9 elementor-widget elementor-widget-text-editor\" data-id=\"e197ef9\" data-element_type=\"widget\" data-e-type=\"widget\" data-widget_type=\"text-editor.default\">\n\t\t\t\t<div class=\"elementor-widget-container\">\n\t\t\t\t\t\t\t\t\t<p>\u2022 Desenvolvimento das t\u00e9cnicas b\u00e1sicas de pilotagem<br \/>\u2022 Aprimoramento e corre\u00e7\u00e3o das t\u00e9cnicas de pilotagem<br \/>\u2022 Treinamento das manobras exigidas para habilita\u00e7\u00e3o de PP e PC<br \/>\u2022 Treinamento de navega\u00e7\u00e3o IFR<br \/>\u2022 Treinamento de voo visual normal e em corredores<\/p>\t\t\t\t\t\t\t\t<\/div>\n\t\t\t\t<\/div>\n\t\t\t\t\t<\/div>\n\t\t<\/div>\n\t\t\t\t\t<\/div>\n\t\t<\/section>\n\t\t\t\t<section class=\"elementor-section elementor-top-section elementor-element elementor-element-48e6b3a elementor-section-content-middle elementor-section-stretched elementor-section-boxed elementor-section-height-default elementor-section-height-default\" data-id=\"48e6b3a\" data-element_type=\"section\" data-e-type=\"section\" data-settings=\"{&quot;stretch_section&quot;:&quot;section-stretched&quot;,&quot;background_background&quot;:&quot;classic&quot;}\">\n\t\t\t\t\t\t\t<div class=\"elementor-background-overlay\"><\/div>\n\t\t\t\t\t\t\t<div class=\"elementor-container elementor-column-gap-default\">\n\t\t\t\t\t<div class=\"elementor-column elementor-col-100 elementor-top-column elementor-element elementor-element-1a77060\" data-id=\"1a77060\" data-element_type=\"column\" data-e-type=\"column\">\n\t\t\t<div class=\"elementor-widget-wrap elementor-element-populated\">\n\t\t\t\t\t\t<div class=\"elementor-element elementor-element-264fb2e elementor-widget elementor-widget-text-editor\" data-id=\"264fb2e\" data-element_type=\"widget\" data-e-type=\"widget\" data-widget_type=\"text-editor.default\">\n\t\t\t\t<div class=\"elementor-widget-container\">\n\t\t\t\t\t\t\t\t\t<p>Simulador homologado n\u00edvel AATD <br \/>(Advanced Aviation Training Device)<\/p>\t\t\t\t\t\t\t\t<\/div>\n\t\t\t\t<\/div>\n\t\t\t\t\t<\/div>\n\t\t<\/div>\n\t\t\t\t\t<\/div>\n\t\t<\/section>\n\t\t\t\t<\/div>\n\t\t","protected":false},"excerpt":{"rendered":"<p>Beech Baron 58 Simulador Homologado AATD pela ANAC e FAA da aeronave Beechcraft Baron B58 em escala real e controles precisos. Os manches e pedais s\u00e3o equipados com sistema de retorno para centraliza\u00e7\u00e3o, utilizando molas e sistema hidr\u00e1ulico, ajustado para as condi\u00e7\u00f5es de fric\u00e7\u00e3o e sensibilidade existentes na aeronave real. Simulador projetado especialmente para: \u2022 [&hellip;]<\/p>\n","protected":false},"author":3,"featured_media":3040,"parent":0,"menu_order":0,"comment_status":"closed","ping_status":"closed","template":"","meta":{"footnotes":""},"class_list":["post-1232","page","type-page","status-publish","has-post-thumbnail","hentry"],"yoast_head":"<!-- This site is optimized with the Yoast SEO plugin v27.2 - https:\/\/yoast.com\/product\/yoast-seo-wordpress\/ -->\n<title>Beech Baron 58 - Delta 5<\/title>\n<meta name=\"robots\" content=\"index, follow, max-snippet:-1, max-image-preview:large, max-video-preview:-1\" \/>\n<link rel=\"canonical\" href=\"https:\/\/delta5sim.com\/website\/beech-baron-58\/\" \/>\n<meta property=\"og:locale\" content=\"pt_BR\" \/>\n<meta property=\"og:type\" content=\"article\" \/>\n<meta property=\"og:title\" content=\"Beech Baron 58 - Delta 5\" \/>\n<meta property=\"og:description\" content=\"Beech Baron 58 Simulador Homologado AATD pela ANAC e FAA da aeronave Beechcraft Baron B58 em escala real e controles precisos. Os manches e pedais s\u00e3o equipados com sistema de retorno para centraliza\u00e7\u00e3o, utilizando molas e sistema hidr\u00e1ulico, ajustado para as condi\u00e7\u00f5es de fric\u00e7\u00e3o e sensibilidade existentes na aeronave real. Simulador projetado especialmente para: \u2022 [&hellip;]\" \/>\n<meta property=\"og:url\" content=\"https:\/\/delta5sim.com\/website\/beech-baron-58\/\" \/>\n<meta property=\"og:site_name\" content=\"Delta 5\" \/>\n<meta property=\"article:modified_time\" content=\"2026-04-20T15:29:01+00:00\" \/>\n<meta property=\"og:image\" content=\"https:\/\/delta5sim.com\/website\/wp-content\/uploads\/2023\/11\/classic-be-58-be-56-delta-5-2.jpg\" \/>\n\t<meta property=\"og:image:width\" content=\"1600\" \/>\n\t<meta property=\"og:image:height\" content=\"900\" \/>\n\t<meta property=\"og:image:type\" content=\"image\/jpeg\" \/>\n<meta name=\"twitter:card\" content=\"summary_large_image\" \/>\n<meta name=\"twitter:label1\" content=\"Est. tempo de leitura\" \/>\n\t<meta name=\"twitter:data1\" content=\"1 minuto\" \/>\n<script type=\"application\/ld+json\" class=\"yoast-schema-graph\">{\"@context\":\"https:\/\/schema.org\",\"@graph\":[{\"@type\":\"WebPage\",\"@id\":\"https:\/\/delta5sim.com\/website\/beech-baron-58\/\",\"url\":\"https:\/\/delta5sim.com\/website\/beech-baron-58\/\",\"name\":\"Beech Baron 58 - Delta 5\",\"isPartOf\":{\"@id\":\"https:\/\/delta5sim.com\/website\/#website\"},\"primaryImageOfPage\":{\"@id\":\"https:\/\/delta5sim.com\/website\/beech-baron-58\/#primaryimage\"},\"image\":{\"@id\":\"https:\/\/delta5sim.com\/website\/beech-baron-58\/#primaryimage\"},\"thumbnailUrl\":\"https:\/\/delta5sim.com\/website\/wp-content\/uploads\/2023\/11\/classic-be-58-be-56-delta-5-2.jpg\",\"datePublished\":\"2023-09-06T15:34:00+00:00\",\"dateModified\":\"2026-04-20T15:29:01+00:00\",\"breadcrumb\":{\"@id\":\"https:\/\/delta5sim.com\/website\/beech-baron-58\/#breadcrumb\"},\"inLanguage\":\"pt-BR\",\"potentialAction\":[{\"@type\":\"ReadAction\",\"target\":[\"https:\/\/delta5sim.com\/website\/beech-baron-58\/\"]}]},{\"@type\":\"ImageObject\",\"inLanguage\":\"pt-BR\",\"@id\":\"https:\/\/delta5sim.com\/website\/beech-baron-58\/#primaryimage\",\"url\":\"https:\/\/delta5sim.com\/website\/wp-content\/uploads\/2023\/11\/classic-be-58-be-56-delta-5-2.jpg\",\"contentUrl\":\"https:\/\/delta5sim.com\/website\/wp-content\/uploads\/2023\/11\/classic-be-58-be-56-delta-5-2.jpg\",\"width\":1600,\"height\":900},{\"@type\":\"BreadcrumbList\",\"@id\":\"https:\/\/delta5sim.com\/website\/beech-baron-58\/#breadcrumb\",\"itemListElement\":[{\"@type\":\"ListItem\",\"position\":1,\"name\":\"In\u00edcio\",\"item\":\"https:\/\/delta5sim.com\/website\/\"},{\"@type\":\"ListItem\",\"position\":2,\"name\":\"Beech Baron 58\"}]},{\"@type\":\"WebSite\",\"@id\":\"https:\/\/delta5sim.com\/website\/#website\",\"url\":\"https:\/\/delta5sim.com\/website\/\",\"name\":\"Delta 5\",\"description\":\"&quot;Treine antes de voar&quot;\",\"publisher\":{\"@id\":\"https:\/\/delta5sim.com\/website\/#organization\"},\"potentialAction\":[{\"@type\":\"SearchAction\",\"target\":{\"@type\":\"EntryPoint\",\"urlTemplate\":\"https:\/\/delta5sim.com\/website\/?s={search_term_string}\"},\"query-input\":{\"@type\":\"PropertyValueSpecification\",\"valueRequired\":true,\"valueName\":\"search_term_string\"}}],\"inLanguage\":\"pt-BR\"},{\"@type\":\"Organization\",\"@id\":\"https:\/\/delta5sim.com\/website\/#organization\",\"name\":\"Delta 5\",\"url\":\"https:\/\/delta5sim.com\/website\/\",\"logo\":{\"@type\":\"ImageObject\",\"inLanguage\":\"pt-BR\",\"@id\":\"https:\/\/delta5sim.com\/website\/#\/schema\/logo\/image\/\",\"url\":\"https:\/\/delta5sim.com\/website\/wp-content\/uploads\/2023\/09\/Delta5_CIAC.png\",\"contentUrl\":\"https:\/\/delta5sim.com\/website\/wp-content\/uploads\/2023\/09\/Delta5_CIAC.png\",\"width\":2463,\"height\":783,\"caption\":\"Delta 5\"},\"image\":{\"@id\":\"https:\/\/delta5sim.com\/website\/#\/schema\/logo\/image\/\"}}]}<\/script>\n<!-- \/ Yoast SEO plugin. -->","yoast_head_json":{"title":"Beech Baron 58 - Delta 5","robots":{"index":"index","follow":"follow","max-snippet":"max-snippet:-1","max-image-preview":"max-image-preview:large","max-video-preview":"max-video-preview:-1"},"canonical":"https:\/\/delta5sim.com\/website\/beech-baron-58\/","og_locale":"pt_BR","og_type":"article","og_title":"Beech Baron 58 - Delta 5","og_description":"Beech Baron 58 Simulador Homologado AATD pela ANAC e FAA da aeronave Beechcraft Baron B58 em escala real e controles precisos. Os manches e pedais s\u00e3o equipados com sistema de retorno para centraliza\u00e7\u00e3o, utilizando molas e sistema hidr\u00e1ulico, ajustado para as condi\u00e7\u00f5es de fric\u00e7\u00e3o e sensibilidade existentes na aeronave real. Simulador projetado especialmente para: \u2022 [&hellip;]","og_url":"https:\/\/delta5sim.com\/website\/beech-baron-58\/","og_site_name":"Delta 5","article_modified_time":"2026-04-20T15:29:01+00:00","og_image":[{"width":1600,"height":900,"url":"https:\/\/delta5sim.com\/website\/wp-content\/uploads\/2023\/11\/classic-be-58-be-56-delta-5-2.jpg","type":"image\/jpeg"}],"twitter_card":"summary_large_image","twitter_misc":{"Est. tempo de leitura":"1 minuto"},"schema":{"@context":"https:\/\/schema.org","@graph":[{"@type":"WebPage","@id":"https:\/\/delta5sim.com\/website\/beech-baron-58\/","url":"https:\/\/delta5sim.com\/website\/beech-baron-58\/","name":"Beech Baron 58 - Delta 5","isPartOf":{"@id":"https:\/\/delta5sim.com\/website\/#website"},"primaryImageOfPage":{"@id":"https:\/\/delta5sim.com\/website\/beech-baron-58\/#primaryimage"},"image":{"@id":"https:\/\/delta5sim.com\/website\/beech-baron-58\/#primaryimage"},"thumbnailUrl":"https:\/\/delta5sim.com\/website\/wp-content\/uploads\/2023\/11\/classic-be-58-be-56-delta-5-2.jpg","datePublished":"2023-09-06T15:34:00+00:00","dateModified":"2026-04-20T15:29:01+00:00","breadcrumb":{"@id":"https:\/\/delta5sim.com\/website\/beech-baron-58\/#breadcrumb"},"inLanguage":"pt-BR","potentialAction":[{"@type":"ReadAction","target":["https:\/\/delta5sim.com\/website\/beech-baron-58\/"]}]},{"@type":"ImageObject","inLanguage":"pt-BR","@id":"https:\/\/delta5sim.com\/website\/beech-baron-58\/#primaryimage","url":"https:\/\/delta5sim.com\/website\/wp-content\/uploads\/2023\/11\/classic-be-58-be-56-delta-5-2.jpg","contentUrl":"https:\/\/delta5sim.com\/website\/wp-content\/uploads\/2023\/11\/classic-be-58-be-56-delta-5-2.jpg","width":1600,"height":900},{"@type":"BreadcrumbList","@id":"https:\/\/delta5sim.com\/website\/beech-baron-58\/#breadcrumb","itemListElement":[{"@type":"ListItem","position":1,"name":"In\u00edcio","item":"https:\/\/delta5sim.com\/website\/"},{"@type":"ListItem","position":2,"name":"Beech Baron 58"}]},{"@type":"WebSite","@id":"https:\/\/delta5sim.com\/website\/#website","url":"https:\/\/delta5sim.com\/website\/","name":"Delta 5","description":"&quot;Treine antes de voar&quot;","publisher":{"@id":"https:\/\/delta5sim.com\/website\/#organization"},"potentialAction":[{"@type":"SearchAction","target":{"@type":"EntryPoint","urlTemplate":"https:\/\/delta5sim.com\/website\/?s={search_term_string}"},"query-input":{"@type":"PropertyValueSpecification","valueRequired":true,"valueName":"search_term_string"}}],"inLanguage":"pt-BR"},{"@type":"Organization","@id":"https:\/\/delta5sim.com\/website\/#organization","name":"Delta 5","url":"https:\/\/delta5sim.com\/website\/","logo":{"@type":"ImageObject","inLanguage":"pt-BR","@id":"https:\/\/delta5sim.com\/website\/#\/schema\/logo\/image\/","url":"https:\/\/delta5sim.com\/website\/wp-content\/uploads\/2023\/09\/Delta5_CIAC.png","contentUrl":"https:\/\/delta5sim.com\/website\/wp-content\/uploads\/2023\/09\/Delta5_CIAC.png","width":2463,"height":783,"caption":"Delta 5"},"image":{"@id":"https:\/\/delta5sim.com\/website\/#\/schema\/logo\/image\/"}}]}},"_links":{"self":[{"href":"https:\/\/delta5sim.com\/website\/wp-json\/wp\/v2\/pages\/1232","targetHints":{"allow":["GET"]}}],"collection":[{"href":"https:\/\/delta5sim.com\/website\/wp-json\/wp\/v2\/pages"}],"about":[{"href":"https:\/\/delta5sim.com\/website\/wp-json\/wp\/v2\/types\/page"}],"author":[{"embeddable":true,"href":"https:\/\/delta5sim.com\/website\/wp-json\/wp\/v2\/users\/3"}],"replies":[{"embeddable":true,"href":"https:\/\/delta5sim.com\/website\/wp-json\/wp\/v2\/comments?post=1232"}],"version-history":[{"count":57,"href":"https:\/\/delta5sim.com\/website\/wp-json\/wp\/v2\/pages\/1232\/revisions"}],"predecessor-version":[{"id":471677,"href":"https:\/\/delta5sim.com\/website\/wp-json\/wp\/v2\/pages\/1232\/revisions\/471677"}],"wp:featuredmedia":[{"embeddable":true,"href":"https:\/\/delta5sim.com\/website\/wp-json\/wp\/v2\/media\/3040"}],"wp:attachment":[{"href":"https:\/\/delta5sim.com\/website\/wp-json\/wp\/v2\/media?parent=1232"}],"curies":[{"name":"wp","href":"https:\/\/api.w.org\/{rel}","templated":true}]}}